{"id":898,"date":"2019-03-05T09:17:58","date_gmt":"2019-03-05T14:17:58","guid":{"rendered":"https:\/\/parachutevoltige.com\/produit\/video-et-photos-en-chute-libre\/"},"modified":"2021-10-21T12:56:18","modified_gmt":"2021-10-21T16:56:18","slug":"freefall-video-and-pictures","status":"publish","type":"product","link":"https:\/\/parachutevoltige.com\/en\/product\/freefall-video-and-pictures\/","title":{"rendered":"Freefall video and pictures"},"content":{"rendered":"","protected":false},"excerpt":{"rendered":"<div class=\"field__child\">\n<div>\n<div>\n<div>\n<div class=\"ql-container ql-bubble ql-disabled\">\n<p>Le coffret souvenir Pro vous permet d&#8217;immortaliser ce moment unique, l&#8217;exp\u00e9rience de votre vie. En choisissant cette option, vous pourrez voir et revoir votre saut en tandem autant de fois que vous le d\u00e9sirez.<\/p>\n<p>Un cameraman exp\u00e9riment\u00e9 vous filmera au sol, dans l&#8217;avion et en chute libre. Il prendra \u00e9galement des photos et des entrevues \u00e0 chacune des \u00e9tapes de votre saut.<\/p>\n<p>Le coffret souvenir Pro comprend une vid\u00e9o de votre film, d&#8217;une dur\u00e9e approximative de 8 minutes, qui est professionnellement mont\u00e9 avec son et musique. Il comprend \u00e9galement quelques photos de grande qualit\u00e9 pendant la chute libre.<\/p>\n<p>Dans le cas d&#8217;une d\u00e9fectuosit\u00e9 reli\u00e9s \u00e0 la vid\u00e9o les frais du coffret souvenir seront rembours\u00e9 cependant, les frais associ\u00e9s au saut tandem ne sont pas remboursables).<\/p>\n<p>Avant votre d\u00e9part, vous pourrez visionner votre vid\u00e9o et vos photos en groupe, un endroit est pr\u00e9vu \u00e0 cet effet.<\/p>\n<div class=\"ql-clipboard\" tabindex=\"-1\" contenteditable=\"true\"><\/div>\n<div class=\"ql-multi-cursor\"><\/div>\n<div class=\"ql-conversation\"><\/div>\n<div class=\"ql-add-conversation\"><\/div>\n<\/div>\n<\/div>\n<\/div>\n<\/div>\n<\/div>\n","protected":false},"featured_media":3079,"template":"","meta":{"_acf_changed":false,"_exactmetrics_skip_tracking":false,"_exactmetrics_sitenote_active":false,"_exactmetrics_sitenote_note":"","_exactmetrics_sitenote_category":0,"ngg_post_thumbnail":0},"product_brand":[],"product_cat":[83,145],"product_tag":[],"class_list":{"0":"post-898","1":"product","2":"type-product","3":"status-publish","4":"has-post-thumbnail","6":"product_cat-options","7":"product_cat-promotions-jumps","9":"first","10":"instock","11":"taxable","12":"shipping-taxable","13":"purchasable","14":"product-type-variable","15":"has-default-attributes"},"exclude_global_add_ons":false,"addons":[{"name":"Type d'achat","type":"multiple_choice","position":0,"required":true,"title_format":"hide","default":"","description_enable":false,"description":"","placeholder_enable":false,"placeholder":"","display":"select","restrictions_type":"any_text","adjust_price":false,"price":"","price_type":"flat_fee","restrictions":false,"min":"0","max":"0","options":[{"label":"I'm buying this jump for myself","price":"","price_type":"flat_fee","image":0,"visibility":true},{"label":"I'm offering this jump to someone else","price":"","price_type":"flat_fee","image":0,"visibility":true}],"id":1697018937},{"name":"Offrir \u00e0","type":"custom_text","position":1,"required":false,"title_format":"hide","default":"","description_enable":false,"description":"","placeholder_enable":false,"placeholder":"","display":"select","restrictions_type":"any_text","adjust_price":false,"price":"","price_type":"flat_fee","restrictions":false,"min":"0","max":"0","options":[],"id":1697018938}],"acf":[],"yoast_head":"<!-- This site is optimized with the Yoast SEO plugin v26.8 - https:\/\/yoast.com\/product\/yoast-seo-wordpress\/ -->\n<title>Freefall video and pictures - Parachute Voltige<\/title>\n<meta name=\"robots\" content=\"index, follow, max-snippet:-1, max-image-preview:large, max-video-preview:-1\" \/>\n<link rel=\"canonical\" href=\"https:\/\/parachutevoltige.com\/en\/product\/freefall-video-and-pictures\/\" \/>\n<meta property=\"og:locale\" content=\"en_US\" \/>\n<meta property=\"og:type\" content=\"article\" \/>\n<meta property=\"og:title\" content=\"Freefall video and pictures - Parachute Voltige\" \/>\n<meta property=\"og:description\" content=\"Le coffret souvenir Pro vous permet d&#039;immortaliser ce moment unique, l&#039;exp\u00e9rience de votre vie. En choisissant cette option, vous pourrez voir et revoir votre saut en tandem autant de fois que vous le d\u00e9sirez.  Un cameraman exp\u00e9riment\u00e9 vous filmera au sol, dans l&#039;avion et en chute libre. Il prendra \u00e9galement des photos et des entrevues \u00e0 chacune des \u00e9tapes de votre saut.  Le coffret souvenir Pro comprend une vid\u00e9o de votre film, d&#039;une dur\u00e9e approximative de 8 minutes, qui est professionnellement mont\u00e9 avec son et musique. Il comprend \u00e9galement quelques photos de grande qualit\u00e9 pendant la chute libre.  Dans le cas d&#039;une d\u00e9fectuosit\u00e9 reli\u00e9s \u00e0 la vid\u00e9o les frais du coffret souvenir seront rembours\u00e9 cependant, les frais associ\u00e9s au saut tandem ne sont pas remboursables).  Avant votre d\u00e9part, vous pourrez visionner votre vid\u00e9o et vos photos en groupe, un endroit est pr\u00e9vu \u00e0 cet effet.\" \/>\n<meta property=\"og:url\" content=\"https:\/\/parachutevoltige.com\/en\/product\/freefall-video-and-pictures\/\" \/>\n<meta property=\"og:site_name\" content=\"Parachute Voltige\" \/>\n<meta property=\"article:publisher\" content=\"https:\/\/www.facebook.com\/ParachuteVoltige\/\" \/>\n<meta property=\"article:modified_time\" content=\"2021-10-21T16:56:18+00:00\" \/>\n<meta property=\"og:image\" content=\"https:\/\/parachutevoltige.com\/wp-content\/uploads\/2019\/03\/Cameraman.jpg\" \/>\n\t<meta property=\"og:image:width\" content=\"1240\" \/>\n\t<meta property=\"og:image:height\" content=\"1240\" \/>\n\t<meta property=\"og:image:type\" content=\"image\/jpeg\" \/>\n<meta name=\"twitter:card\" content=\"summary_large_image\" \/>\n<script type=\"application\/ld+json\" class=\"yoast-schema-graph\">{\"@context\":\"https:\/\/schema.org\",\"@graph\":[{\"@type\":\"WebPage\",\"@id\":\"https:\/\/parachutevoltige.com\/en\/product\/freefall-video-and-pictures\/\",\"url\":\"https:\/\/parachutevoltige.com\/en\/product\/freefall-video-and-pictures\/\",\"name\":\"Freefall video and pictures - Parachute Voltige\",\"isPartOf\":{\"@id\":\"https:\/\/parachutevoltige.com\/en\/#website\"},\"primaryImageOfPage\":{\"@id\":\"https:\/\/parachutevoltige.com\/en\/product\/freefall-video-and-pictures\/#primaryimage\"},\"image\":{\"@id\":\"https:\/\/parachutevoltige.com\/en\/product\/freefall-video-and-pictures\/#primaryimage\"},\"thumbnailUrl\":\"https:\/\/parachutevoltige.com\/wp-content\/uploads\/2019\/03\/Cameraman.jpg\",\"datePublished\":\"2019-03-05T14:17:58+00:00\",\"dateModified\":\"2021-10-21T16:56:18+00:00\",\"breadcrumb\":{\"@id\":\"https:\/\/parachutevoltige.com\/en\/product\/freefall-video-and-pictures\/#breadcrumb\"},\"inLanguage\":\"en-CA\",\"potentialAction\":[{\"@type\":\"ReadAction\",\"target\":[\"https:\/\/parachutevoltige.com\/en\/product\/freefall-video-and-pictures\/\"]}]},{\"@type\":\"ImageObject\",\"inLanguage\":\"en-CA\",\"@id\":\"https:\/\/parachutevoltige.com\/en\/product\/freefall-video-and-pictures\/#primaryimage\",\"url\":\"https:\/\/parachutevoltige.com\/wp-content\/uploads\/2019\/03\/Cameraman.jpg\",\"contentUrl\":\"https:\/\/parachutevoltige.com\/wp-content\/uploads\/2019\/03\/Cameraman.jpg\",\"width\":1240,\"height\":1240},{\"@type\":\"BreadcrumbList\",\"@id\":\"https:\/\/parachutevoltige.com\/en\/product\/freefall-video-and-pictures\/#breadcrumb\",\"itemListElement\":[{\"@type\":\"ListItem\",\"position\":1,\"name\":\"Home\",\"item\":\"https:\/\/parachutevoltige.com\/en\/\"},{\"@type\":\"ListItem\",\"position\":2,\"name\":\"Shop\",\"item\":\"https:\/\/parachutevoltige.com\/en\/shop\/\"},{\"@type\":\"ListItem\",\"position\":3,\"name\":\"Freefall video and pictures\"}]},{\"@type\":\"WebSite\",\"@id\":\"https:\/\/parachutevoltige.com\/en\/#website\",\"url\":\"https:\/\/parachutevoltige.com\/en\/\",\"name\":\"Parachute Voltige\",\"description\":\"\",\"publisher\":{\"@id\":\"https:\/\/parachutevoltige.com\/en\/#organization\"},\"potentialAction\":[{\"@type\":\"SearchAction\",\"target\":{\"@type\":\"EntryPoint\",\"urlTemplate\":\"https:\/\/parachutevoltige.com\/en\/?s={search_term_string}\"},\"query-input\":{\"@type\":\"PropertyValueSpecification\",\"valueRequired\":true,\"valueName\":\"search_term_string\"}}],\"inLanguage\":\"en-CA\"},{\"@type\":\"Organization\",\"@id\":\"https:\/\/parachutevoltige.com\/en\/#organization\",\"name\":\"Voltige | \u00c9cole de parachutisme\",\"url\":\"https:\/\/parachutevoltige.com\/en\/\",\"logo\":{\"@type\":\"ImageObject\",\"inLanguage\":\"en-CA\",\"@id\":\"https:\/\/parachutevoltige.com\/en\/#\/schema\/logo\/image\/\",\"url\":\"https:\/\/parachutevoltige.com\/wp-content\/uploads\/2019\/05\/Voltige_logo.png\",\"contentUrl\":\"https:\/\/parachutevoltige.com\/wp-content\/uploads\/2019\/05\/Voltige_logo.png\",\"width\":462,\"height\":132,\"caption\":\"Voltige | \u00c9cole de parachutisme\"},\"image\":{\"@id\":\"https:\/\/parachutevoltige.com\/en\/#\/schema\/logo\/image\/\"},\"sameAs\":[\"https:\/\/www.facebook.com\/ParachuteVoltige\/\"]}]}<\/script>\n<!-- \/ Yoast SEO plugin. -->","yoast_head_json":{"title":"Freefall video and pictures - Parachute Voltige","robots":{"index":"index","follow":"follow","max-snippet":"max-snippet:-1","max-image-preview":"max-image-preview:large","max-video-preview":"max-video-preview:-1"},"canonical":"https:\/\/parachutevoltige.com\/en\/product\/freefall-video-and-pictures\/","og_locale":"en_US","og_type":"article","og_title":"Freefall video and pictures - Parachute Voltige","og_description":"Le coffret souvenir Pro vous permet d'immortaliser ce moment unique, l'exp\u00e9rience de votre vie. En choisissant cette option, vous pourrez voir et revoir votre saut en tandem autant de fois que vous le d\u00e9sirez.  Un cameraman exp\u00e9riment\u00e9 vous filmera au sol, dans l'avion et en chute libre. Il prendra \u00e9galement des photos et des entrevues \u00e0 chacune des \u00e9tapes de votre saut.  Le coffret souvenir Pro comprend une vid\u00e9o de votre film, d'une dur\u00e9e approximative de 8 minutes, qui est professionnellement mont\u00e9 avec son et musique. Il comprend \u00e9galement quelques photos de grande qualit\u00e9 pendant la chute libre.  Dans le cas d'une d\u00e9fectuosit\u00e9 reli\u00e9s \u00e0 la vid\u00e9o les frais du coffret souvenir seront rembours\u00e9 cependant, les frais associ\u00e9s au saut tandem ne sont pas remboursables).  Avant votre d\u00e9part, vous pourrez visionner votre vid\u00e9o et vos photos en groupe, un endroit est pr\u00e9vu \u00e0 cet effet.","og_url":"https:\/\/parachutevoltige.com\/en\/product\/freefall-video-and-pictures\/","og_site_name":"Parachute Voltige","article_publisher":"https:\/\/www.facebook.com\/ParachuteVoltige\/","article_modified_time":"2021-10-21T16:56:18+00:00","og_image":[{"width":1240,"height":1240,"url":"https:\/\/parachutevoltige.com\/wp-content\/uploads\/2019\/03\/Cameraman.jpg","type":"image\/jpeg"}],"twitter_card":"summary_large_image","schema":{"@context":"https:\/\/schema.org","@graph":[{"@type":"WebPage","@id":"https:\/\/parachutevoltige.com\/en\/product\/freefall-video-and-pictures\/","url":"https:\/\/parachutevoltige.com\/en\/product\/freefall-video-and-pictures\/","name":"Freefall video and pictures - Parachute Voltige","isPartOf":{"@id":"https:\/\/parachutevoltige.com\/en\/#website"},"primaryImageOfPage":{"@id":"https:\/\/parachutevoltige.com\/en\/product\/freefall-video-and-pictures\/#primaryimage"},"image":{"@id":"https:\/\/parachutevoltige.com\/en\/product\/freefall-video-and-pictures\/#primaryimage"},"thumbnailUrl":"https:\/\/parachutevoltige.com\/wp-content\/uploads\/2019\/03\/Cameraman.jpg","datePublished":"2019-03-05T14:17:58+00:00","dateModified":"2021-10-21T16:56:18+00:00","breadcrumb":{"@id":"https:\/\/parachutevoltige.com\/en\/product\/freefall-video-and-pictures\/#breadcrumb"},"inLanguage":"en-CA","potentialAction":[{"@type":"ReadAction","target":["https:\/\/parachutevoltige.com\/en\/product\/freefall-video-and-pictures\/"]}]},{"@type":"ImageObject","inLanguage":"en-CA","@id":"https:\/\/parachutevoltige.com\/en\/product\/freefall-video-and-pictures\/#primaryimage","url":"https:\/\/parachutevoltige.com\/wp-content\/uploads\/2019\/03\/Cameraman.jpg","contentUrl":"https:\/\/parachutevoltige.com\/wp-content\/uploads\/2019\/03\/Cameraman.jpg","width":1240,"height":1240},{"@type":"BreadcrumbList","@id":"https:\/\/parachutevoltige.com\/en\/product\/freefall-video-and-pictures\/#breadcrumb","itemListElement":[{"@type":"ListItem","position":1,"name":"Home","item":"https:\/\/parachutevoltige.com\/en\/"},{"@type":"ListItem","position":2,"name":"Shop","item":"https:\/\/parachutevoltige.com\/en\/shop\/"},{"@type":"ListItem","position":3,"name":"Freefall video and pictures"}]},{"@type":"WebSite","@id":"https:\/\/parachutevoltige.com\/en\/#website","url":"https:\/\/parachutevoltige.com\/en\/","name":"Parachute Voltige","description":"","publisher":{"@id":"https:\/\/parachutevoltige.com\/en\/#organization"},"potentialAction":[{"@type":"SearchAction","target":{"@type":"EntryPoint","urlTemplate":"https:\/\/parachutevoltige.com\/en\/?s={search_term_string}"},"query-input":{"@type":"PropertyValueSpecification","valueRequired":true,"valueName":"search_term_string"}}],"inLanguage":"en-CA"},{"@type":"Organization","@id":"https:\/\/parachutevoltige.com\/en\/#organization","name":"Voltige | \u00c9cole de parachutisme","url":"https:\/\/parachutevoltige.com\/en\/","logo":{"@type":"ImageObject","inLanguage":"en-CA","@id":"https:\/\/parachutevoltige.com\/en\/#\/schema\/logo\/image\/","url":"https:\/\/parachutevoltige.com\/wp-content\/uploads\/2019\/05\/Voltige_logo.png","contentUrl":"https:\/\/parachutevoltige.com\/wp-content\/uploads\/2019\/05\/Voltige_logo.png","width":462,"height":132,"caption":"Voltige | \u00c9cole de parachutisme"},"image":{"@id":"https:\/\/parachutevoltige.com\/en\/#\/schema\/logo\/image\/"},"sameAs":["https:\/\/www.facebook.com\/ParachuteVoltige\/"]}]}},"_links":{"self":[{"href":"https:\/\/parachutevoltige.com\/en\/wp-json\/wp\/v2\/product\/898","targetHints":{"allow":["GET"]}}],"collection":[{"href":"https:\/\/parachutevoltige.com\/en\/wp-json\/wp\/v2\/product"}],"about":[{"href":"https:\/\/parachutevoltige.com\/en\/wp-json\/wp\/v2\/types\/product"}],"wp:featuredmedia":[{"embeddable":true,"href":"https:\/\/parachutevoltige.com\/en\/wp-json\/wp\/v2\/media\/3079"}],"wp:attachment":[{"href":"https:\/\/parachutevoltige.com\/en\/wp-json\/wp\/v2\/media?parent=898"}],"wp:term":[{"taxonomy":"product_brand","embeddable":true,"href":"https:\/\/parachutevoltige.com\/en\/wp-json\/wp\/v2\/product_brand?post=898"},{"taxonomy":"product_cat","embeddable":true,"href":"https:\/\/parachutevoltige.com\/en\/wp-json\/wp\/v2\/product_cat?post=898"},{"taxonomy":"product_tag","embeddable":true,"href":"https:\/\/parachutevoltige.com\/en\/wp-json\/wp\/v2\/product_tag?post=898"}],"curies":[{"name":"wp","href":"https:\/\/api.w.org\/{rel}","templated":true}]}}