{"id":127,"date":"2019-03-06T15:53:42","date_gmt":"2019-03-06T20:53:42","guid":{"rendered":"https:\/\/parachutevoltige.com\/?page_id=127"},"modified":"2024-03-19T10:35:44","modified_gmt":"2024-03-19T14:35:44","slug":"deroulement-de-la-journee","status":"publish","type":"page","link":"https:\/\/parachutevoltige.com\/fr\/saut-en-tandem\/deroulement-de-la-journee\/","title":{"rendered":"D\u00e9roulement de la journ\u00e9e"},"content":{"rendered":"","protected":false},"excerpt":{"rendered":"","protected":false},"author":1,"featured_media":13361,"parent":80,"menu_order":0,"comment_status":"closed","ping_status":"closed","template":"template-dayschedule.blade.php","meta":{"_acf_changed":false,"_exactmetrics_skip_tracking":false,"_exactmetrics_sitenote_active":false,"_exactmetrics_sitenote_note":"","_exactmetrics_sitenote_category":0,"ngg_post_thumbnail":0,"footnotes":""},"class_list":["post-127","page","type-page","status-publish","has-post-thumbnail","hentry"],"acf":[],"yoast_head":"<!-- This site is optimized with the Yoast SEO plugin v26.8 - https:\/\/yoast.com\/product\/yoast-seo-wordpress\/ -->\n<title>D\u00e9roulement d&#039;une journ\u00e9e de parachute chez Voltige<\/title>\n<meta name=\"description\" content=\"Quoi faire avant votre saut? Quoi manger? Quoi mettre comme v\u00eatement? D\u00e9couvrez le d\u00e9roulement de votre journ\u00e9e de parachutisme chez Voltige!\" \/>\n<meta name=\"robots\" content=\"index, follow, max-snippet:-1, max-image-preview:large, max-video-preview:-1\" \/>\n<link rel=\"canonical\" href=\"https:\/\/parachutevoltige.com\/fr\/saut-en-tandem\/deroulement-de-la-journee\/\" \/>\n<meta property=\"og:locale\" content=\"fr_CA\" \/>\n<meta property=\"og:type\" content=\"article\" \/>\n<meta property=\"og:title\" content=\"D\u00e9roulement d&#039;une journ\u00e9e de parachute chez Voltige\" \/>\n<meta property=\"og:description\" content=\"Quoi faire avant votre saut? Quoi manger? Quoi mettre comme v\u00eatement? D\u00e9couvrez le d\u00e9roulement de votre journ\u00e9e de parachutisme chez Voltige!\" \/>\n<meta property=\"og:url\" content=\"https:\/\/parachutevoltige.com\/fr\/saut-en-tandem\/deroulement-de-la-journee\/\" \/>\n<meta property=\"og:site_name\" content=\"Parachute Voltige\" \/>\n<meta property=\"article:publisher\" content=\"https:\/\/www.facebook.com\/ParachuteVoltige\/\" \/>\n<meta property=\"article:modified_time\" content=\"2024-03-19T14:35:44+00:00\" \/>\n<meta property=\"og:image\" content=\"https:\/\/parachutevoltige.com\/wp-content\/uploads\/2020\/03\/parachute-voltige-avioo-01.jpg\" \/>\n\t<meta property=\"og:image:width\" content=\"1030\" \/>\n\t<meta property=\"og:image:height\" content=\"1030\" \/>\n\t<meta property=\"og:image:type\" content=\"image\/jpeg\" \/>\n<meta name=\"twitter:card\" content=\"summary_large_image\" \/>\n<meta name=\"twitter:label1\" content=\"Estimation du temps de lecture\" \/>\n\t<meta name=\"twitter:data1\" content=\"1 minute\" \/>\n<script type=\"application\/ld+json\" class=\"yoast-schema-graph\">{\"@context\":\"https:\/\/schema.org\",\"@graph\":[{\"@type\":\"WebPage\",\"@id\":\"https:\/\/parachutevoltige.com\/fr\/saut-en-tandem\/deroulement-de-la-journee\/\",\"url\":\"https:\/\/parachutevoltige.com\/fr\/saut-en-tandem\/deroulement-de-la-journee\/\",\"name\":\"D\u00e9roulement d'une journ\u00e9e de parachute chez Voltige\",\"isPartOf\":{\"@id\":\"https:\/\/parachutevoltige.com\/fr\/#website\"},\"primaryImageOfPage\":{\"@id\":\"https:\/\/parachutevoltige.com\/fr\/saut-en-tandem\/deroulement-de-la-journee\/#primaryimage\"},\"image\":{\"@id\":\"https:\/\/parachutevoltige.com\/fr\/saut-en-tandem\/deroulement-de-la-journee\/#primaryimage\"},\"thumbnailUrl\":\"https:\/\/parachutevoltige.com\/wp-content\/uploads\/2020\/03\/parachute-voltige-avioo-01.jpg\",\"datePublished\":\"2019-03-06T20:53:42+00:00\",\"dateModified\":\"2024-03-19T14:35:44+00:00\",\"description\":\"Quoi faire avant votre saut? Quoi manger? Quoi mettre comme v\u00eatement? D\u00e9couvrez le d\u00e9roulement de votre journ\u00e9e de parachutisme chez Voltige!\",\"breadcrumb\":{\"@id\":\"https:\/\/parachutevoltige.com\/fr\/saut-en-tandem\/deroulement-de-la-journee\/#breadcrumb\"},\"inLanguage\":\"fr-CA\",\"potentialAction\":[{\"@type\":\"ReadAction\",\"target\":[\"https:\/\/parachutevoltige.com\/fr\/saut-en-tandem\/deroulement-de-la-journee\/\"]}]},{\"@type\":\"ImageObject\",\"inLanguage\":\"fr-CA\",\"@id\":\"https:\/\/parachutevoltige.com\/fr\/saut-en-tandem\/deroulement-de-la-journee\/#primaryimage\",\"url\":\"https:\/\/parachutevoltige.com\/wp-content\/uploads\/2020\/03\/parachute-voltige-avioo-01.jpg\",\"contentUrl\":\"https:\/\/parachutevoltige.com\/wp-content\/uploads\/2020\/03\/parachute-voltige-avioo-01.jpg\",\"width\":1030,\"height\":1030},{\"@type\":\"BreadcrumbList\",\"@id\":\"https:\/\/parachutevoltige.com\/fr\/saut-en-tandem\/deroulement-de-la-journee\/#breadcrumb\",\"itemListElement\":[{\"@type\":\"ListItem\",\"position\":1,\"name\":\"Home\",\"item\":\"https:\/\/parachutevoltige.com\/fr\/\"},{\"@type\":\"ListItem\",\"position\":2,\"name\":\"Saut en tandem\",\"item\":\"https:\/\/parachutevoltige.com\/fr\/saut-en-tandem\/\"},{\"@type\":\"ListItem\",\"position\":3,\"name\":\"D\u00e9roulement de la journ\u00e9e\"}]},{\"@type\":\"WebSite\",\"@id\":\"https:\/\/parachutevoltige.com\/fr\/#website\",\"url\":\"https:\/\/parachutevoltige.com\/fr\/\",\"name\":\"Parachute Voltige\",\"description\":\"\",\"publisher\":{\"@id\":\"https:\/\/parachutevoltige.com\/fr\/#organization\"},\"potentialAction\":[{\"@type\":\"SearchAction\",\"target\":{\"@type\":\"EntryPoint\",\"urlTemplate\":\"https:\/\/parachutevoltige.com\/fr\/?s={search_term_string}\"},\"query-input\":{\"@type\":\"PropertyValueSpecification\",\"valueRequired\":true,\"valueName\":\"search_term_string\"}}],\"inLanguage\":\"fr-CA\"},{\"@type\":\"Organization\",\"@id\":\"https:\/\/parachutevoltige.com\/fr\/#organization\",\"name\":\"Voltige | \u00c9cole de parachutisme\",\"url\":\"https:\/\/parachutevoltige.com\/fr\/\",\"logo\":{\"@type\":\"ImageObject\",\"inLanguage\":\"fr-CA\",\"@id\":\"https:\/\/parachutevoltige.com\/fr\/#\/schema\/logo\/image\/\",\"url\":\"https:\/\/parachutevoltige.com\/wp-content\/uploads\/2019\/05\/Voltige_logo.png\",\"contentUrl\":\"https:\/\/parachutevoltige.com\/wp-content\/uploads\/2019\/05\/Voltige_logo.png\",\"width\":462,\"height\":132,\"caption\":\"Voltige | \u00c9cole de parachutisme\"},\"image\":{\"@id\":\"https:\/\/parachutevoltige.com\/fr\/#\/schema\/logo\/image\/\"},\"sameAs\":[\"https:\/\/www.facebook.com\/ParachuteVoltige\/\"]}]}<\/script>\n<!-- \/ Yoast SEO plugin. -->","yoast_head_json":{"title":"D\u00e9roulement d'une journ\u00e9e de parachute chez Voltige","description":"Quoi faire avant votre saut? Quoi manger? Quoi mettre comme v\u00eatement? D\u00e9couvrez le d\u00e9roulement de votre journ\u00e9e de parachutisme chez Voltige!","robots":{"index":"index","follow":"follow","max-snippet":"max-snippet:-1","max-image-preview":"max-image-preview:large","max-video-preview":"max-video-preview:-1"},"canonical":"https:\/\/parachutevoltige.com\/fr\/saut-en-tandem\/deroulement-de-la-journee\/","og_locale":"fr_CA","og_type":"article","og_title":"D\u00e9roulement d'une journ\u00e9e de parachute chez Voltige","og_description":"Quoi faire avant votre saut? Quoi manger? Quoi mettre comme v\u00eatement? D\u00e9couvrez le d\u00e9roulement de votre journ\u00e9e de parachutisme chez Voltige!","og_url":"https:\/\/parachutevoltige.com\/fr\/saut-en-tandem\/deroulement-de-la-journee\/","og_site_name":"Parachute Voltige","article_publisher":"https:\/\/www.facebook.com\/ParachuteVoltige\/","article_modified_time":"2024-03-19T14:35:44+00:00","og_image":[{"width":1030,"height":1030,"url":"https:\/\/parachutevoltige.com\/wp-content\/uploads\/2020\/03\/parachute-voltige-avioo-01.jpg","type":"image\/jpeg"}],"twitter_card":"summary_large_image","twitter_misc":{"Estimation du temps de lecture":"1 minute"},"schema":{"@context":"https:\/\/schema.org","@graph":[{"@type":"WebPage","@id":"https:\/\/parachutevoltige.com\/fr\/saut-en-tandem\/deroulement-de-la-journee\/","url":"https:\/\/parachutevoltige.com\/fr\/saut-en-tandem\/deroulement-de-la-journee\/","name":"D\u00e9roulement d'une journ\u00e9e de parachute chez Voltige","isPartOf":{"@id":"https:\/\/parachutevoltige.com\/fr\/#website"},"primaryImageOfPage":{"@id":"https:\/\/parachutevoltige.com\/fr\/saut-en-tandem\/deroulement-de-la-journee\/#primaryimage"},"image":{"@id":"https:\/\/parachutevoltige.com\/fr\/saut-en-tandem\/deroulement-de-la-journee\/#primaryimage"},"thumbnailUrl":"https:\/\/parachutevoltige.com\/wp-content\/uploads\/2020\/03\/parachute-voltige-avioo-01.jpg","datePublished":"2019-03-06T20:53:42+00:00","dateModified":"2024-03-19T14:35:44+00:00","description":"Quoi faire avant votre saut? Quoi manger? Quoi mettre comme v\u00eatement? D\u00e9couvrez le d\u00e9roulement de votre journ\u00e9e de parachutisme chez Voltige!","breadcrumb":{"@id":"https:\/\/parachutevoltige.com\/fr\/saut-en-tandem\/deroulement-de-la-journee\/#breadcrumb"},"inLanguage":"fr-CA","potentialAction":[{"@type":"ReadAction","target":["https:\/\/parachutevoltige.com\/fr\/saut-en-tandem\/deroulement-de-la-journee\/"]}]},{"@type":"ImageObject","inLanguage":"fr-CA","@id":"https:\/\/parachutevoltige.com\/fr\/saut-en-tandem\/deroulement-de-la-journee\/#primaryimage","url":"https:\/\/parachutevoltige.com\/wp-content\/uploads\/2020\/03\/parachute-voltige-avioo-01.jpg","contentUrl":"https:\/\/parachutevoltige.com\/wp-content\/uploads\/2020\/03\/parachute-voltige-avioo-01.jpg","width":1030,"height":1030},{"@type":"BreadcrumbList","@id":"https:\/\/parachutevoltige.com\/fr\/saut-en-tandem\/deroulement-de-la-journee\/#breadcrumb","itemListElement":[{"@type":"ListItem","position":1,"name":"Home","item":"https:\/\/parachutevoltige.com\/fr\/"},{"@type":"ListItem","position":2,"name":"Saut en tandem","item":"https:\/\/parachutevoltige.com\/fr\/saut-en-tandem\/"},{"@type":"ListItem","position":3,"name":"D\u00e9roulement de la journ\u00e9e"}]},{"@type":"WebSite","@id":"https:\/\/parachutevoltige.com\/fr\/#website","url":"https:\/\/parachutevoltige.com\/fr\/","name":"Parachute Voltige","description":"","publisher":{"@id":"https:\/\/parachutevoltige.com\/fr\/#organization"},"potentialAction":[{"@type":"SearchAction","target":{"@type":"EntryPoint","urlTemplate":"https:\/\/parachutevoltige.com\/fr\/?s={search_term_string}"},"query-input":{"@type":"PropertyValueSpecification","valueRequired":true,"valueName":"search_term_string"}}],"inLanguage":"fr-CA"},{"@type":"Organization","@id":"https:\/\/parachutevoltige.com\/fr\/#organization","name":"Voltige | \u00c9cole de parachutisme","url":"https:\/\/parachutevoltige.com\/fr\/","logo":{"@type":"ImageObject","inLanguage":"fr-CA","@id":"https:\/\/parachutevoltige.com\/fr\/#\/schema\/logo\/image\/","url":"https:\/\/parachutevoltige.com\/wp-content\/uploads\/2019\/05\/Voltige_logo.png","contentUrl":"https:\/\/parachutevoltige.com\/wp-content\/uploads\/2019\/05\/Voltige_logo.png","width":462,"height":132,"caption":"Voltige | \u00c9cole de parachutisme"},"image":{"@id":"https:\/\/parachutevoltige.com\/fr\/#\/schema\/logo\/image\/"},"sameAs":["https:\/\/www.facebook.com\/ParachuteVoltige\/"]}]}},"_links":{"self":[{"href":"https:\/\/parachutevoltige.com\/fr\/wp-json\/wp\/v2\/pages\/127","targetHints":{"allow":["GET"]}}],"collection":[{"href":"https:\/\/parachutevoltige.com\/fr\/wp-json\/wp\/v2\/pages"}],"about":[{"href":"https:\/\/parachutevoltige.com\/fr\/wp-json\/wp\/v2\/types\/page"}],"author":[{"embeddable":true,"href":"https:\/\/parachutevoltige.com\/fr\/wp-json\/wp\/v2\/users\/1"}],"replies":[{"embeddable":true,"href":"https:\/\/parachutevoltige.com\/fr\/wp-json\/wp\/v2\/comments?post=127"}],"version-history":[{"count":73,"href":"https:\/\/parachutevoltige.com\/fr\/wp-json\/wp\/v2\/pages\/127\/revisions"}],"predecessor-version":[{"id":149853,"href":"https:\/\/parachutevoltige.com\/fr\/wp-json\/wp\/v2\/pages\/127\/revisions\/149853"}],"up":[{"embeddable":true,"href":"https:\/\/parachutevoltige.com\/fr\/wp-json\/wp\/v2\/pages\/80"}],"wp:featuredmedia":[{"embeddable":true,"href":"https:\/\/parachutevoltige.com\/fr\/wp-json\/wp\/v2\/media\/13361"}],"wp:attachment":[{"href":"https:\/\/parachutevoltige.com\/fr\/wp-json\/wp\/v2\/media?parent=127"}],"curies":[{"name":"wp","href":"https:\/\/api.w.org\/{rel}","templated":true}]}}