{"id":129,"date":"2019-03-04T11:56:29","date_gmt":"2019-03-06T21:32:00","guid":{"rendered":"https:\/\/parachutevoltige.com\/?page_id=129"},"modified":"2021-11-05T09:27:14","modified_gmt":"2021-11-05T13:27:14","slug":"conditions-dadmission","status":"publish","type":"page","link":"https:\/\/parachutevoltige.com\/fr\/saut-en-tandem\/conditions-dadmission\/","title":{"rendered":"Conditions d&rsquo;admission"},"content":{"rendered":"<p>Il faut avoir un poids maximal de 113 kg (250 lbs). Pour un poids exc\u00e9dant 230 lbs, vous serez \u00e9valu\u00e9 et des frais suppl\u00e9mentaires de 50$ s\u2019appliqueront sur le saut. \u00c0 l\u2019inscription, tous les participants sont syst\u00e9matiquement pes\u00e9s avec leurs v\u00eatements et chaussures.<\/p>\n<p>Un \u00e9tat de sant\u00e9 \u00ab normal \u00bb est requis pour la pratique du parachutisme. Rassurez-vous, pas besoin d&rsquo;\u00eatre un athl\u00e8te olympique pour sauter en tandem. Ceci dit, si vous avez une maladie connue ou si vous avez d\u00e9j\u00e0 eu des blessures, ou encore si vous avez des doutes sur votre \u00e9tat de sant\u00e9, ou votre condition physique, il est pr\u00e9f\u00e9rable de consulter un m\u00e9decin. Dans de tels cas, un billet m\u00e9dical attestant que vous n&rsquo;avez aucune contre-indication pour la pratique du parachutisme serait n\u00e9cessaire.<\/p>\n<p>Pour les mineurs, un des deux parent doit \u00eatre pr\u00e9sent lors du saut en parachute.<\/p>\n<p>Pour les r\u00e9servations vous devez pr\u00e9voir un d\u00e9p\u00f4t de 50,00$ par personne afin de valider la r\u00e9servation.<\/p>\n<p>N&rsquo;h\u00e9sitez pas \u00e0 visiter notre foire aux questions (FAQ) si vous avez des questions additionnelles sur la pratique du <a href=\"https:\/\/parachutevoltige.com\/foire-aux-questions\/\">parachutisme<\/a> ou sur le d\u00e9roulement d&rsquo;un saut en tandem!<\/p>\n","protected":false},"excerpt":{"rendered":"<p>Il faut avoir un poids maximal de 113 kg (250 lbs). Pour un poids exc\u00e9dant 230 lbs, vous serez \u00e9valu\u00e9 et des frais suppl\u00e9mentaires de 50$ s\u2019appliqueront sur le saut. \u00c0 l\u2019inscription, tous les participants sont syst\u00e9matiquement pes\u00e9s avec leurs v\u00eatements et chaussures. Un \u00e9tat de sant\u00e9 \u00ab normal \u00bb est requis pour la pratique [&hellip;]<\/p>\n","protected":false},"author":1,"featured_media":1299,"parent":80,"menu_order":2,"comment_status":"closed","ping_status":"closed","template":"template-sectioncontent.blade.php","meta":{"_acf_changed":false,"_exactmetrics_skip_tracking":false,"_exactmetrics_sitenote_active":false,"_exactmetrics_sitenote_note":"","_exactmetrics_sitenote_category":0,"ngg_post_thumbnail":0,"footnotes":""},"class_list":["post-129","page","type-page","status-publish","has-post-thumbnail","hentry"],"acf":[],"yoast_head":"<!-- This site is optimized with the Yoast SEO plugin v27.4 - https:\/\/yoast.com\/product\/yoast-seo-wordpress\/ -->\n<title>Conditions pour faire un saut en parachute chez Voltige<\/title>\n<meta name=\"description\" content=\"Avant de r\u00e9server votre saut en parachute, il y a quelques conditions \u00e0 conna\u00eetre pour votre s\u00e9curit\u00e9. Prenez-en conscience maintenant!\" \/>\n<meta name=\"robots\" content=\"index, follow, max-snippet:-1, max-image-preview:large, max-video-preview:-1\" \/>\n<link rel=\"canonical\" href=\"https:\/\/parachutevoltige.com\/fr\/saut-en-tandem\/conditions-dadmission\/\" \/>\n<meta property=\"og:locale\" content=\"fr_CA\" \/>\n<meta property=\"og:type\" content=\"article\" \/>\n<meta property=\"og:title\" content=\"Conditions pour faire un saut en parachute chez Voltige\" \/>\n<meta property=\"og:description\" content=\"Avant de r\u00e9server votre saut en parachute, il y a quelques conditions \u00e0 conna\u00eetre pour votre s\u00e9curit\u00e9. Prenez-en conscience maintenant!\" \/>\n<meta property=\"og:url\" content=\"https:\/\/parachutevoltige.com\/fr\/saut-en-tandem\/conditions-dadmission\/\" \/>\n<meta property=\"og:site_name\" content=\"Parachute Voltige\" \/>\n<meta property=\"article:publisher\" content=\"https:\/\/www.facebook.com\/ParachuteVoltige\/\" \/>\n<meta property=\"article:modified_time\" content=\"2021-11-05T13:27:14+00:00\" \/>\n<meta property=\"og:image\" content=\"https:\/\/parachutevoltige.com\/wp-content\/uploads\/2019\/04\/bloc_redirection-02-MB.jpg\" \/>\n\t<meta property=\"og:image:width\" content=\"515\" \/>\n\t<meta property=\"og:image:height\" content=\"515\" \/>\n\t<meta property=\"og:image:type\" content=\"image\/jpeg\" \/>\n<meta name=\"twitter:card\" content=\"summary_large_image\" \/>\n<meta name=\"twitter:label1\" content=\"Estimation du temps de lecture\" \/>\n\t<meta name=\"twitter:data1\" content=\"1 minute\" \/>\n<script type=\"application\/ld+json\" class=\"yoast-schema-graph\">{\"@context\":\"https:\\\/\\\/schema.org\",\"@graph\":[{\"@type\":\"WebPage\",\"@id\":\"https:\\\/\\\/parachutevoltige.com\\\/fr\\\/saut-en-tandem\\\/conditions-dadmission\\\/\",\"url\":\"https:\\\/\\\/parachutevoltige.com\\\/fr\\\/saut-en-tandem\\\/conditions-dadmission\\\/\",\"name\":\"Conditions pour faire un saut en parachute chez Voltige\",\"isPartOf\":{\"@id\":\"https:\\\/\\\/parachutevoltige.com\\\/fr\\\/#website\"},\"primaryImageOfPage\":{\"@id\":\"https:\\\/\\\/parachutevoltige.com\\\/fr\\\/saut-en-tandem\\\/conditions-dadmission\\\/#primaryimage\"},\"image\":{\"@id\":\"https:\\\/\\\/parachutevoltige.com\\\/fr\\\/saut-en-tandem\\\/conditions-dadmission\\\/#primaryimage\"},\"thumbnailUrl\":\"https:\\\/\\\/parachutevoltige.com\\\/wp-content\\\/uploads\\\/2019\\\/04\\\/bloc_redirection-02-MB.jpg\",\"datePublished\":\"2019-03-06T21:32:00+00:00\",\"dateModified\":\"2021-11-05T13:27:14+00:00\",\"description\":\"Avant de r\u00e9server votre saut en parachute, il y a quelques conditions \u00e0 conna\u00eetre pour votre s\u00e9curit\u00e9. Prenez-en conscience maintenant!\",\"breadcrumb\":{\"@id\":\"https:\\\/\\\/parachutevoltige.com\\\/fr\\\/saut-en-tandem\\\/conditions-dadmission\\\/#breadcrumb\"},\"inLanguage\":\"fr-CA\",\"potentialAction\":[{\"@type\":\"ReadAction\",\"target\":[\"https:\\\/\\\/parachutevoltige.com\\\/fr\\\/saut-en-tandem\\\/conditions-dadmission\\\/\"]}]},{\"@type\":\"ImageObject\",\"inLanguage\":\"fr-CA\",\"@id\":\"https:\\\/\\\/parachutevoltige.com\\\/fr\\\/saut-en-tandem\\\/conditions-dadmission\\\/#primaryimage\",\"url\":\"https:\\\/\\\/parachutevoltige.com\\\/wp-content\\\/uploads\\\/2019\\\/04\\\/bloc_redirection-02-MB.jpg\",\"contentUrl\":\"https:\\\/\\\/parachutevoltige.com\\\/wp-content\\\/uploads\\\/2019\\\/04\\\/bloc_redirection-02-MB.jpg\",\"width\":515,\"height\":515},{\"@type\":\"BreadcrumbList\",\"@id\":\"https:\\\/\\\/parachutevoltige.com\\\/fr\\\/saut-en-tandem\\\/conditions-dadmission\\\/#breadcrumb\",\"itemListElement\":[{\"@type\":\"ListItem\",\"position\":1,\"name\":\"Home\",\"item\":\"https:\\\/\\\/parachutevoltige.com\\\/fr\\\/\"},{\"@type\":\"ListItem\",\"position\":2,\"name\":\"Saut en tandem\",\"item\":\"https:\\\/\\\/parachutevoltige.com\\\/fr\\\/saut-en-tandem\\\/\"},{\"@type\":\"ListItem\",\"position\":3,\"name\":\"Conditions d&rsquo;admission\"}]},{\"@type\":\"WebSite\",\"@id\":\"https:\\\/\\\/parachutevoltige.com\\\/fr\\\/#website\",\"url\":\"https:\\\/\\\/parachutevoltige.com\\\/fr\\\/\",\"name\":\"Parachute Voltige\",\"description\":\"\",\"publisher\":{\"@id\":\"https:\\\/\\\/parachutevoltige.com\\\/fr\\\/#organization\"},\"potentialAction\":[{\"@type\":\"SearchAction\",\"target\":{\"@type\":\"EntryPoint\",\"urlTemplate\":\"https:\\\/\\\/parachutevoltige.com\\\/fr\\\/?s={search_term_string}\"},\"query-input\":{\"@type\":\"PropertyValueSpecification\",\"valueRequired\":true,\"valueName\":\"search_term_string\"}}],\"inLanguage\":\"fr-CA\"},{\"@type\":\"Organization\",\"@id\":\"https:\\\/\\\/parachutevoltige.com\\\/fr\\\/#organization\",\"name\":\"Voltige | \u00c9cole de parachutisme\",\"url\":\"https:\\\/\\\/parachutevoltige.com\\\/fr\\\/\",\"logo\":{\"@type\":\"ImageObject\",\"inLanguage\":\"fr-CA\",\"@id\":\"https:\\\/\\\/parachutevoltige.com\\\/fr\\\/#\\\/schema\\\/logo\\\/image\\\/\",\"url\":\"https:\\\/\\\/parachutevoltige.com\\\/wp-content\\\/uploads\\\/2019\\\/05\\\/Voltige_logo.png\",\"contentUrl\":\"https:\\\/\\\/parachutevoltige.com\\\/wp-content\\\/uploads\\\/2019\\\/05\\\/Voltige_logo.png\",\"width\":462,\"height\":132,\"caption\":\"Voltige | \u00c9cole de parachutisme\"},\"image\":{\"@id\":\"https:\\\/\\\/parachutevoltige.com\\\/fr\\\/#\\\/schema\\\/logo\\\/image\\\/\"},\"sameAs\":[\"https:\\\/\\\/www.facebook.com\\\/ParachuteVoltige\\\/\"]}]}<\/script>\n<!-- \/ Yoast SEO plugin. -->","yoast_head_json":{"title":"Conditions pour faire un saut en parachute chez Voltige","description":"Avant de r\u00e9server votre saut en parachute, il y a quelques conditions \u00e0 conna\u00eetre pour votre s\u00e9curit\u00e9. Prenez-en conscience maintenant!","robots":{"index":"index","follow":"follow","max-snippet":"max-snippet:-1","max-image-preview":"max-image-preview:large","max-video-preview":"max-video-preview:-1"},"canonical":"https:\/\/parachutevoltige.com\/fr\/saut-en-tandem\/conditions-dadmission\/","og_locale":"fr_CA","og_type":"article","og_title":"Conditions pour faire un saut en parachute chez Voltige","og_description":"Avant de r\u00e9server votre saut en parachute, il y a quelques conditions \u00e0 conna\u00eetre pour votre s\u00e9curit\u00e9. Prenez-en conscience maintenant!","og_url":"https:\/\/parachutevoltige.com\/fr\/saut-en-tandem\/conditions-dadmission\/","og_site_name":"Parachute Voltige","article_publisher":"https:\/\/www.facebook.com\/ParachuteVoltige\/","article_modified_time":"2021-11-05T13:27:14+00:00","og_image":[{"width":515,"height":515,"url":"https:\/\/parachutevoltige.com\/wp-content\/uploads\/2019\/04\/bloc_redirection-02-MB.jpg","type":"image\/jpeg"}],"twitter_card":"summary_large_image","twitter_misc":{"Estimation du temps de lecture":"1 minute"},"schema":{"@context":"https:\/\/schema.org","@graph":[{"@type":"WebPage","@id":"https:\/\/parachutevoltige.com\/fr\/saut-en-tandem\/conditions-dadmission\/","url":"https:\/\/parachutevoltige.com\/fr\/saut-en-tandem\/conditions-dadmission\/","name":"Conditions pour faire un saut en parachute chez Voltige","isPartOf":{"@id":"https:\/\/parachutevoltige.com\/fr\/#website"},"primaryImageOfPage":{"@id":"https:\/\/parachutevoltige.com\/fr\/saut-en-tandem\/conditions-dadmission\/#primaryimage"},"image":{"@id":"https:\/\/parachutevoltige.com\/fr\/saut-en-tandem\/conditions-dadmission\/#primaryimage"},"thumbnailUrl":"https:\/\/parachutevoltige.com\/wp-content\/uploads\/2019\/04\/bloc_redirection-02-MB.jpg","datePublished":"2019-03-06T21:32:00+00:00","dateModified":"2021-11-05T13:27:14+00:00","description":"Avant de r\u00e9server votre saut en parachute, il y a quelques conditions \u00e0 conna\u00eetre pour votre s\u00e9curit\u00e9. Prenez-en conscience maintenant!","breadcrumb":{"@id":"https:\/\/parachutevoltige.com\/fr\/saut-en-tandem\/conditions-dadmission\/#breadcrumb"},"inLanguage":"fr-CA","potentialAction":[{"@type":"ReadAction","target":["https:\/\/parachutevoltige.com\/fr\/saut-en-tandem\/conditions-dadmission\/"]}]},{"@type":"ImageObject","inLanguage":"fr-CA","@id":"https:\/\/parachutevoltige.com\/fr\/saut-en-tandem\/conditions-dadmission\/#primaryimage","url":"https:\/\/parachutevoltige.com\/wp-content\/uploads\/2019\/04\/bloc_redirection-02-MB.jpg","contentUrl":"https:\/\/parachutevoltige.com\/wp-content\/uploads\/2019\/04\/bloc_redirection-02-MB.jpg","width":515,"height":515},{"@type":"BreadcrumbList","@id":"https:\/\/parachutevoltige.com\/fr\/saut-en-tandem\/conditions-dadmission\/#breadcrumb","itemListElement":[{"@type":"ListItem","position":1,"name":"Home","item":"https:\/\/parachutevoltige.com\/fr\/"},{"@type":"ListItem","position":2,"name":"Saut en tandem","item":"https:\/\/parachutevoltige.com\/fr\/saut-en-tandem\/"},{"@type":"ListItem","position":3,"name":"Conditions d&rsquo;admission"}]},{"@type":"WebSite","@id":"https:\/\/parachutevoltige.com\/fr\/#website","url":"https:\/\/parachutevoltige.com\/fr\/","name":"Parachute Voltige","description":"","publisher":{"@id":"https:\/\/parachutevoltige.com\/fr\/#organization"},"potentialAction":[{"@type":"SearchAction","target":{"@type":"EntryPoint","urlTemplate":"https:\/\/parachutevoltige.com\/fr\/?s={search_term_string}"},"query-input":{"@type":"PropertyValueSpecification","valueRequired":true,"valueName":"search_term_string"}}],"inLanguage":"fr-CA"},{"@type":"Organization","@id":"https:\/\/parachutevoltige.com\/fr\/#organization","name":"Voltige | \u00c9cole de parachutisme","url":"https:\/\/parachutevoltige.com\/fr\/","logo":{"@type":"ImageObject","inLanguage":"fr-CA","@id":"https:\/\/parachutevoltige.com\/fr\/#\/schema\/logo\/image\/","url":"https:\/\/parachutevoltige.com\/wp-content\/uploads\/2019\/05\/Voltige_logo.png","contentUrl":"https:\/\/parachutevoltige.com\/wp-content\/uploads\/2019\/05\/Voltige_logo.png","width":462,"height":132,"caption":"Voltige | \u00c9cole de parachutisme"},"image":{"@id":"https:\/\/parachutevoltige.com\/fr\/#\/schema\/logo\/image\/"},"sameAs":["https:\/\/www.facebook.com\/ParachuteVoltige\/"]}]}},"_hostinger_reach_plugin_has_subscription_block":false,"_hostinger_reach_plugin_is_elementor":false,"_links":{"self":[{"href":"https:\/\/parachutevoltige.com\/fr\/wp-json\/wp\/v2\/pages\/129","targetHints":{"allow":["GET"]}}],"collection":[{"href":"https:\/\/parachutevoltige.com\/fr\/wp-json\/wp\/v2\/pages"}],"about":[{"href":"https:\/\/parachutevoltige.com\/fr\/wp-json\/wp\/v2\/types\/page"}],"author":[{"embeddable":true,"href":"https:\/\/parachutevoltige.com\/fr\/wp-json\/wp\/v2\/users\/1"}],"replies":[{"embeddable":true,"href":"https:\/\/parachutevoltige.com\/fr\/wp-json\/wp\/v2\/comments?post=129"}],"version-history":[{"count":24,"href":"https:\/\/parachutevoltige.com\/fr\/wp-json\/wp\/v2\/pages\/129\/revisions"}],"predecessor-version":[{"id":95199,"href":"https:\/\/parachutevoltige.com\/fr\/wp-json\/wp\/v2\/pages\/129\/revisions\/95199"}],"up":[{"embeddable":true,"href":"https:\/\/parachutevoltige.com\/fr\/wp-json\/wp\/v2\/pages\/80"}],"wp:featuredmedia":[{"embeddable":true,"href":"https:\/\/parachutevoltige.com\/fr\/wp-json\/wp\/v2\/media\/1299"}],"wp:attachment":[{"href":"https:\/\/parachutevoltige.com\/fr\/wp-json\/wp\/v2\/media?parent=129"}],"curies":[{"name":"wp","href":"https:\/\/api.w.org\/{rel}","templated":true}]}}