{"id":147003,"date":"2023-10-13T14:14:17","date_gmt":"2023-10-13T18:14:17","guid":{"rendered":"https:\/\/parachutevoltige.com\/?page_id=147003"},"modified":"2025-10-17T13:45:54","modified_gmt":"2025-10-17T17:45:54","slug":"reglements-du-concours","status":"publish","type":"page","link":"https:\/\/parachutevoltige.com\/fr\/reglements-du-concours\/","title":{"rendered":"R\u00e8glements du concours 2025"},"content":{"rendered":"<p><strong>CONCOURS: Gagnez un saut en tandem &#8211; Organis\u00e9 par Parachute Voltige<\/strong><\/p>\n<p>Conditions et r\u00e8glements<\/p>\n<p>Ce concours se d\u00e9roule sur Facebook et Instagram. Tous les participants<br \/>\nqui s\u2019inscrivent au concours acceptent de se soumettre aux conditions et<br \/>\nr\u00e8glements du concours.<\/p>\n<p>P\u00c9RIODE DU CONCOURS<br \/>\n&#8211; Le concours d\u00e9bute le 20 oct. 2025 \u00e0 9h Am (heure de l\u2019Est) et se<br \/>\ntermine le 31 oct. \u00e0 minuit (heure de l\u2019Est).<\/p>\n<p>ADMISSIBILIT\u00c9<br \/>\n&#8211; Pour participer, les personnes doivent \u00eatre \u00e2g\u00e9es de 18 ans et plus et<br \/>\nr\u00e9sider au Canada.<br \/>\n&#8211; Les gagnants doivent consentir \u00e0 ce que leur nom et leur photo soient<br \/>\nutilis\u00e9s par Parachute Voltige \u00e0 des fins publicitaires, et ce, sans<br \/>\nr\u00e9mun\u00e9ration.<\/p>\n<p>COMMENT PARTICIPER<br \/>\n&#8211; Les participants doivent obligatoirement poss\u00e9der un compte Facebook<br \/>\nou Instagram.<br \/>\n&#8211; La participation se fait par Internet (www.facebook.com\/ParachuteVoltige\/ et<br \/>\nwww.instagram.com\/parachutevoltige\/ ainsi que par la campagne de<br \/>\npublicit\u00e9 FB et IG .)<br \/>\nPour participer :<br \/>\n+ Vous devez avoir un compte sur Facebook ou Instagram;<br \/>\n+ Aller \u00e0 la publication du 20 oct. 2025;<br \/>\n+ Vous inscrire au concours<br \/>\n&#8211; Limite d\u2019une (1) inscription par personne, pour la dur\u00e9e du concours.<\/p>\n<p>TIRAGE<br \/>\n&#8211; Le tirage se tiendra le 3 nov. 2025 , parmi toutes les inscriptions re\u00e7ues<br \/>\nsur la page Facebook (www.facebook.com\/ParachuteVoltige\/) et<br \/>\nwww.instagram.com\/parachutevoltige\/ ainsi que par la campagne de<br \/>\npublicit\u00e9 FB et IG .) Les chances de gagner sont tributaires du nombre<br \/>\ntotal de participations.<br \/>\n&#8211; Un repr\u00e9sentant de Parachute Voltige communiquera avec le ou la<br \/>\ngagnant.e au cours des vingt-quatre (24) heures suivant le tirage.<br \/>\n&#8211; Si un gagnant ne peut \u00eatre joint dans les vingt-quatre (24) heures suivant<br \/>\nla date du tirage, un repr\u00e9sentant de Parachute Voltige proc\u00e9dera \u00e0 un<br \/>\nautre tirage.<br \/>\n&#8211; Le ou la gagnant.e sera contact\u00e9 par message priv\u00e9 par un repr\u00e9sentant<br \/>\nde Parachute Voltige. La marche \u00e0 suivre afin de r\u00e9clamer le prix sera<br \/>\nalors indiqu\u00e9.<\/p>\n<p>LE PRIX<br \/>\nUn SAUT en parachute en TANDEM d\u2019une valeur de 370$.<\/p>\n<p>Comprend:<\/p>\n<ul>\n<li>Une chute libre de plus de 50 secondes<\/li>\n<li>Une formation avant le saut<\/li>\n<li>Le pr\u00eat d&rsquo;une combinaison de saut et de lunette<\/li>\n<li>Un certificat de saut num\u00e9rique<\/li>\n<\/ul>\n<p>* Cette promotion n\u2019est ni g\u00e9r\u00e9e ni parrain\u00e9e par Meta. Les informations<br \/>\npartag\u00e9es seront fournies \u00e0 Parachute Voltige et non \u00e0 Meta.<br \/>\n* Ce concours est assujetti aux lois du Qu\u00e9bec.<br \/>\n* Le prix sera envoy\u00e9 par la poste dans la semaine suivant le tirage.<\/p>\n<p><b data-olk-copy-source=\"MessageBody\">ENTENTE DE CONFIDENTIALIT\u00c9 \u2013 COLLECTE D\u2019ADRESSES COURRIEL<\/b><\/p>\n<div>\n<div class=\"x_gmail_quote\">\n<div><b>Entre :<\/b><br \/>\n<b>Parachute Voltige<\/b><br \/>\n<a title=\"https:\/\/www.google.com\/maps\/search\/4680+rue+Principale,+Lourdes-de-Joliette+(QC)+J0K+1K0?entry=gmail&amp;source=g\" href=\"https:\/\/www.google.com\/maps\/search\/4680+rue+Principale,+Lourdes-de-Joliette+(QC)+J0K+1K0?entry=gmail&amp;source=g\" data-auth=\"NotApplicable\" data-linkindex=\"10\">4680 rue Principale, Lourdes-de-Joliette (QC) J0K 1K0<\/a><br \/>\n(ci-apr\u00e8s d\u00e9sign\u00e9e \u00ab l\u2019Entreprise \u00bb)<\/div>\n<div><b>Et :<\/b><br \/>\nToute personne participant \u00e0 un concours ou s\u2019inscrivant via un formulaire ou une page d\u2019inscription de l\u2019Entreprise<br \/>\n(ci-apr\u00e8s d\u00e9sign\u00e9e \u00ab le Participant \u00bb).<\/div>\n<div>&nbsp;<\/div>\n<p><b>1. Objet de l\u2019entente<\/b><\/p>\n<div>La pr\u00e9sente entente a pour objet d\u2019\u00e9tablir les conditions selon lesquelles l\u2019Entreprise recueille, conserve et utilise les renseignements personnels, notamment l\u2019adresse courriel du Participant, obtenus par l\u2019entremise de concours, formulaires d\u2019inscription, ou campagnes promotionnelles en ligne&nbsp;<\/div>\n<div>&nbsp;<\/div>\n<p><b>2. Renseignements recueillis<\/b><\/p>\n<div>L\u2019Entreprise peut recueillir les renseignements suivants :<\/div>\n<ul>\n<li>Pr\u00e9nom et nom<\/li>\n<li>Adresse courriel<\/li>\n<li>Num\u00e9ro de t\u00e9l\u00e9phone (le cas \u00e9ch\u00e9ant)<\/li>\n<li>Informations relatives \u00e0 la participation au concours ou \u00e0 l\u2019offre (date, canal, source)<\/li>\n<\/ul>\n<div>Ces informations sont recueillies uniquement dans le but de communiquer avec le Participant et de lui transmettre des offres, nouvelles ou contenus pertinents.<\/div>\n<div>&nbsp;<\/div>\n<p><b>3. Utilisation des renseignements<\/b><\/p>\n<div>Les renseignements personnels recueillis pourront \u00eatre utilis\u00e9s pour :<\/div>\n<ul>\n<li>Communiquer les r\u00e9sultats d\u2019un concours ou une offre promotionnelle ;<\/li>\n<li>Envoyer des infolettres, offres ou contenus exclusifs ;<\/li>\n<li>Mieux comprendre les int\u00e9r\u00eats et besoins des participants afin d\u2019am\u00e9liorer les services.<\/li>\n<\/ul>\n<div>Le Participant peut&nbsp;<b>retirer son consentement en tout temps<\/b>&nbsp;en se d\u00e9sabonnant via le lien pr\u00e9vu \u00e0 cet effet au bas des communications.<\/div>\n<div>&nbsp;<\/div>\n<p><b>4. Confidentialit\u00e9 et s\u00e9curit\u00e9<\/b><\/p>\n<div>L\u2019Entreprise s\u2019engage \u00e0 :<\/div>\n<ul>\n<li>Prot\u00e9ger la confidentialit\u00e9 des donn\u00e9es recueillies ;<\/li>\n<li>Ne jamais vendre, louer ni c\u00e9der ces renseignements \u00e0 des tiers ;<\/li>\n<li>Restreindre l\u2019acc\u00e8s \u00e0 ces renseignements aux seules personnes autoris\u00e9es au sein de l\u2019Entreprise ;<\/li>\n<li>Utiliser des outils conformes aux normes de s\u00e9curit\u00e9 (tels que Syst\u00e8me.io, WordPress et autres plateformes partenaires certifi\u00e9es).<\/li>\n<\/ul>\n<div>&nbsp;<\/div>\n<p><b>5. Dur\u00e9e de conservation<\/b><\/p>\n<div>Les renseignements seront conserv\u00e9s uniquement pour la dur\u00e9e n\u00e9cessaire aux fins pour lesquelles ils ont \u00e9t\u00e9 recueillis, sauf si le Participant retire son consentement avant ce d\u00e9lai.<\/div>\n<div>&nbsp;<\/div>\n<p><b>6. Droit d\u2019acc\u00e8s, de rectification et de retrait<\/b><\/p>\n<div>Conform\u00e9ment \u00e0 la&nbsp;<b>Loi 25 (Qu\u00e9bec)<\/b>&nbsp;et au&nbsp;<b>R\u00e8glement g\u00e9n\u00e9ral sur la protection des donn\u00e9es (RGPD)<\/b>, le Participant peut :<\/div>\n<ul>\n<li>Consulter les renseignements d\u00e9tenus \u00e0 son sujet ;<\/li>\n<li>Demander leur rectification ou suppression ;<\/li>\n<li>Retirer son consentement \u00e0 tout moment.<\/li>\n<\/ul>\n<div>Toute demande doit \u00eatre adress\u00e9e \u00e0 :<br \/>\n\ud83d\udce7&nbsp;<a title=\"mailto:info@parachutevoltige.com\" href=\"mailto:info@parachutevoltige.com\" data-linkindex=\"11\"><b>info@parachutevoltige.com<\/b><b><\/b><\/a><\/div>\n<div>&nbsp;<\/div>\n<p><b>7. Acceptation<\/b><\/p>\n<div>En participant \u00e0 un concours, en remplissant un formulaire d\u2019inscription ou en t\u00e9l\u00e9chargeant un contenu offert par l\u2019Entreprise, le Participant reconna\u00eet avoir lu, compris et accept\u00e9 les modalit\u00e9s de la pr\u00e9sente entente de confidentialit\u00e9.<\/div>\n<div>&nbsp;<\/div>\n<div><b>Derni\u00e8re mise \u00e0 jour 2025<\/b><\/div>\n<\/div>\n<\/div>\n<p>PARACHUTE VOLTIGE<br \/>\nCommunications<br \/>\n<a href=\"mailto:info@parachutevoltige.com\">info@parachutevoltige.com<\/a><\/p>\n","protected":false},"excerpt":{"rendered":"<p>CONCOURS: Gagnez un saut en tandem &#8211; Organis\u00e9 par Parachute Voltige Conditions et r\u00e8glements Ce concours se d\u00e9roule sur Facebook et Instagram. Tous les participants qui s\u2019inscrivent au concours acceptent de se soumettre aux conditions et r\u00e8glements du concours. P\u00c9RIODE DU CONCOURS &#8211; Le concours d\u00e9bute le 20 oct. 2025 \u00e0 9h Am (heure de [&hellip;]<\/p>\n","protected":false},"author":12,"featured_media":0,"parent":0,"menu_order":9,"comment_status":"closed","ping_status":"closed","template":"","meta":{"_acf_changed":false,"_exactmetrics_skip_tracking":false,"_exactmetrics_sitenote_active":false,"_exactmetrics_sitenote_note":"","_exactmetrics_sitenote_category":0,"ngg_post_thumbnail":0,"footnotes":""},"class_list":["post-147003","page","type-page","status-publish","hentry"],"acf":[],"yoast_head":"<!-- This site is optimized with the Yoast SEO plugin v26.8 - https:\/\/yoast.com\/product\/yoast-seo-wordpress\/ -->\n<title>R\u00e8glements du concours 2025 - Parachute Voltige<\/title>\n<meta name=\"robots\" content=\"index, follow, max-snippet:-1, max-image-preview:large, max-video-preview:-1\" \/>\n<link rel=\"canonical\" href=\"https:\/\/parachutevoltige.com\/fr\/reglements-du-concours\/\" \/>\n<meta property=\"og:locale\" content=\"fr_CA\" \/>\n<meta property=\"og:type\" content=\"article\" \/>\n<meta property=\"og:title\" content=\"R\u00e8glements du concours 2025 - Parachute Voltige\" \/>\n<meta property=\"og:description\" content=\"CONCOURS: Gagnez un saut en tandem &#8211; Organis\u00e9 par Parachute Voltige Conditions et r\u00e8glements Ce concours se d\u00e9roule sur Facebook et Instagram. Tous les participants qui s\u2019inscrivent au concours acceptent de se soumettre aux conditions et r\u00e8glements du concours. P\u00c9RIODE DU CONCOURS &#8211; Le concours d\u00e9bute le 20 oct. 2025 \u00e0 9h Am (heure de [&hellip;]\" \/>\n<meta property=\"og:url\" content=\"https:\/\/parachutevoltige.com\/fr\/reglements-du-concours\/\" \/>\n<meta property=\"og:site_name\" content=\"Parachute Voltige\" \/>\n<meta property=\"article:publisher\" content=\"https:\/\/www.facebook.com\/ParachuteVoltige\/\" \/>\n<meta property=\"article:modified_time\" content=\"2025-10-17T17:45:54+00:00\" \/>\n<meta name=\"twitter:card\" content=\"summary_large_image\" \/>\n<meta name=\"twitter:label1\" content=\"Estimation du temps de lecture\" \/>\n\t<meta name=\"twitter:data1\" content=\"4 minutes\" \/>\n<script type=\"application\/ld+json\" class=\"yoast-schema-graph\">{\"@context\":\"https:\/\/schema.org\",\"@graph\":[{\"@type\":\"WebPage\",\"@id\":\"https:\/\/parachutevoltige.com\/fr\/reglements-du-concours\/\",\"url\":\"https:\/\/parachutevoltige.com\/fr\/reglements-du-concours\/\",\"name\":\"R\u00e8glements du concours 2025 - Parachute Voltige\",\"isPartOf\":{\"@id\":\"https:\/\/parachutevoltige.com\/fr\/#website\"},\"datePublished\":\"2023-10-13T18:14:17+00:00\",\"dateModified\":\"2025-10-17T17:45:54+00:00\",\"breadcrumb\":{\"@id\":\"https:\/\/parachutevoltige.com\/fr\/reglements-du-concours\/#breadcrumb\"},\"inLanguage\":\"fr-CA\",\"potentialAction\":[{\"@type\":\"ReadAction\",\"target\":[\"https:\/\/parachutevoltige.com\/fr\/reglements-du-concours\/\"]}]},{\"@type\":\"BreadcrumbList\",\"@id\":\"https:\/\/parachutevoltige.com\/fr\/reglements-du-concours\/#breadcrumb\",\"itemListElement\":[{\"@type\":\"ListItem\",\"position\":1,\"name\":\"Home\",\"item\":\"https:\/\/parachutevoltige.com\/fr\/\"},{\"@type\":\"ListItem\",\"position\":2,\"name\":\"R\u00e8glements du concours 2025\"}]},{\"@type\":\"WebSite\",\"@id\":\"https:\/\/parachutevoltige.com\/fr\/#website\",\"url\":\"https:\/\/parachutevoltige.com\/fr\/\",\"name\":\"Parachute Voltige\",\"description\":\"\",\"publisher\":{\"@id\":\"https:\/\/parachutevoltige.com\/fr\/#organization\"},\"potentialAction\":[{\"@type\":\"SearchAction\",\"target\":{\"@type\":\"EntryPoint\",\"urlTemplate\":\"https:\/\/parachutevoltige.com\/fr\/?s={search_term_string}\"},\"query-input\":{\"@type\":\"PropertyValueSpecification\",\"valueRequired\":true,\"valueName\":\"search_term_string\"}}],\"inLanguage\":\"fr-CA\"},{\"@type\":\"Organization\",\"@id\":\"https:\/\/parachutevoltige.com\/fr\/#organization\",\"name\":\"Voltige | \u00c9cole de parachutisme\",\"url\":\"https:\/\/parachutevoltige.com\/fr\/\",\"logo\":{\"@type\":\"ImageObject\",\"inLanguage\":\"fr-CA\",\"@id\":\"https:\/\/parachutevoltige.com\/fr\/#\/schema\/logo\/image\/\",\"url\":\"https:\/\/parachutevoltige.com\/wp-content\/uploads\/2019\/05\/Voltige_logo.png\",\"contentUrl\":\"https:\/\/parachutevoltige.com\/wp-content\/uploads\/2019\/05\/Voltige_logo.png\",\"width\":462,\"height\":132,\"caption\":\"Voltige | \u00c9cole de parachutisme\"},\"image\":{\"@id\":\"https:\/\/parachutevoltige.com\/fr\/#\/schema\/logo\/image\/\"},\"sameAs\":[\"https:\/\/www.facebook.com\/ParachuteVoltige\/\"]}]}<\/script>\n<!-- \/ Yoast SEO plugin. -->","yoast_head_json":{"title":"R\u00e8glements du concours 2025 - Parachute Voltige","robots":{"index":"index","follow":"follow","max-snippet":"max-snippet:-1","max-image-preview":"max-image-preview:large","max-video-preview":"max-video-preview:-1"},"canonical":"https:\/\/parachutevoltige.com\/fr\/reglements-du-concours\/","og_locale":"fr_CA","og_type":"article","og_title":"R\u00e8glements du concours 2025 - Parachute Voltige","og_description":"CONCOURS: Gagnez un saut en tandem &#8211; Organis\u00e9 par Parachute Voltige Conditions et r\u00e8glements Ce concours se d\u00e9roule sur Facebook et Instagram. Tous les participants qui s\u2019inscrivent au concours acceptent de se soumettre aux conditions et r\u00e8glements du concours. P\u00c9RIODE DU CONCOURS &#8211; Le concours d\u00e9bute le 20 oct. 2025 \u00e0 9h Am (heure de [&hellip;]","og_url":"https:\/\/parachutevoltige.com\/fr\/reglements-du-concours\/","og_site_name":"Parachute Voltige","article_publisher":"https:\/\/www.facebook.com\/ParachuteVoltige\/","article_modified_time":"2025-10-17T17:45:54+00:00","twitter_card":"summary_large_image","twitter_misc":{"Estimation du temps de lecture":"4 minutes"},"schema":{"@context":"https:\/\/schema.org","@graph":[{"@type":"WebPage","@id":"https:\/\/parachutevoltige.com\/fr\/reglements-du-concours\/","url":"https:\/\/parachutevoltige.com\/fr\/reglements-du-concours\/","name":"R\u00e8glements du concours 2025 - Parachute Voltige","isPartOf":{"@id":"https:\/\/parachutevoltige.com\/fr\/#website"},"datePublished":"2023-10-13T18:14:17+00:00","dateModified":"2025-10-17T17:45:54+00:00","breadcrumb":{"@id":"https:\/\/parachutevoltige.com\/fr\/reglements-du-concours\/#breadcrumb"},"inLanguage":"fr-CA","potentialAction":[{"@type":"ReadAction","target":["https:\/\/parachutevoltige.com\/fr\/reglements-du-concours\/"]}]},{"@type":"BreadcrumbList","@id":"https:\/\/parachutevoltige.com\/fr\/reglements-du-concours\/#breadcrumb","itemListElement":[{"@type":"ListItem","position":1,"name":"Home","item":"https:\/\/parachutevoltige.com\/fr\/"},{"@type":"ListItem","position":2,"name":"R\u00e8glements du concours 2025"}]},{"@type":"WebSite","@id":"https:\/\/parachutevoltige.com\/fr\/#website","url":"https:\/\/parachutevoltige.com\/fr\/","name":"Parachute Voltige","description":"","publisher":{"@id":"https:\/\/parachutevoltige.com\/fr\/#organization"},"potentialAction":[{"@type":"SearchAction","target":{"@type":"EntryPoint","urlTemplate":"https:\/\/parachutevoltige.com\/fr\/?s={search_term_string}"},"query-input":{"@type":"PropertyValueSpecification","valueRequired":true,"valueName":"search_term_string"}}],"inLanguage":"fr-CA"},{"@type":"Organization","@id":"https:\/\/parachutevoltige.com\/fr\/#organization","name":"Voltige | \u00c9cole de parachutisme","url":"https:\/\/parachutevoltige.com\/fr\/","logo":{"@type":"ImageObject","inLanguage":"fr-CA","@id":"https:\/\/parachutevoltige.com\/fr\/#\/schema\/logo\/image\/","url":"https:\/\/parachutevoltige.com\/wp-content\/uploads\/2019\/05\/Voltige_logo.png","contentUrl":"https:\/\/parachutevoltige.com\/wp-content\/uploads\/2019\/05\/Voltige_logo.png","width":462,"height":132,"caption":"Voltige | \u00c9cole de parachutisme"},"image":{"@id":"https:\/\/parachutevoltige.com\/fr\/#\/schema\/logo\/image\/"},"sameAs":["https:\/\/www.facebook.com\/ParachuteVoltige\/"]}]}},"_links":{"self":[{"href":"https:\/\/parachutevoltige.com\/fr\/wp-json\/wp\/v2\/pages\/147003","targetHints":{"allow":["GET"]}}],"collection":[{"href":"https:\/\/parachutevoltige.com\/fr\/wp-json\/wp\/v2\/pages"}],"about":[{"href":"https:\/\/parachutevoltige.com\/fr\/wp-json\/wp\/v2\/types\/page"}],"author":[{"embeddable":true,"href":"https:\/\/parachutevoltige.com\/fr\/wp-json\/wp\/v2\/users\/12"}],"replies":[{"embeddable":true,"href":"https:\/\/parachutevoltige.com\/fr\/wp-json\/wp\/v2\/comments?post=147003"}],"version-history":[{"count":17,"href":"https:\/\/parachutevoltige.com\/fr\/wp-json\/wp\/v2\/pages\/147003\/revisions"}],"predecessor-version":[{"id":196796,"href":"https:\/\/parachutevoltige.com\/fr\/wp-json\/wp\/v2\/pages\/147003\/revisions\/196796"}],"wp:attachment":[{"href":"https:\/\/parachutevoltige.com\/fr\/wp-json\/wp\/v2\/media?parent=147003"}],"curies":[{"name":"wp","href":"https:\/\/api.w.org\/{rel}","templated":true}]}}