{"id":1897,"date":"2019-05-21T13:58:40","date_gmt":"2019-05-21T17:58:40","guid":{"rendered":"https:\/\/parachutevoltige.com\/?page_id=1897"},"modified":"2024-12-04T16:27:44","modified_gmt":"2024-12-04T21:27:44","slug":"coffret-souvenir","status":"publish","type":"page","link":"https:\/\/parachutevoltige.com\/fr\/saut-en-tandem\/coffret-souvenir\/","title":{"rendered":"Vid\u00e9o et photos"},"content":{"rendered":"<h2>3 options s&rsquo;offrent \u00e0 vous<\/h2>\n<p>Option A: Photos selfie sous-voilure | 85$+tx<br \/>\nOption B: Vid\u00e9o + photos film\u00e9 par un cam\u00e9raman externe en chute libre | 145$+tx<br \/>\nOption C: (l&rsquo;option A + B jumel\u00e9e) | 195$+tx<\/p>\n<h2><a href=\"https:\/\/parachutevoltige.com\/produit\/photos-en-vol-selfie\/\">A-Photos selfie sous-voilure<\/a><\/h2>\n<div>Les photos en vol offrent de magnifiques photos de vous et du paysage qui vous entourent. Ces photos sont prises une fois le <strong>parachute ouvert<\/strong> par l\u2019instructeur tandem.<\/div>\n<div>\n<h2><img decoding=\"async\" class=\"alignnone wp-image-2139\" src=\"https:\/\/parachutevoltige.com\/wp-content\/uploads\/2019\/03\/galerie_image_visiteurs-selfie-300x209.jpg\" alt=\"Exemple de photo en vol prise par l'instructeur tandem sous le parachute ouvert repr\u00e9sentant une cliente heureuse qui fait un thumb up.\" width=\"220\" height=\"153\" srcset=\"https:\/\/parachutevoltige.com\/wp-content\/uploads\/2019\/03\/galerie_image_visiteurs-selfie-300x209.jpg 300w, https:\/\/parachutevoltige.com\/wp-content\/uploads\/2019\/03\/galerie_image_visiteurs-selfie-768x534.jpg 768w, https:\/\/parachutevoltige.com\/wp-content\/uploads\/2019\/03\/galerie_image_visiteurs-selfie-600x417.jpg 600w, https:\/\/parachutevoltige.com\/wp-content\/uploads\/2019\/03\/galerie_image_visiteurs-selfie.jpg 860w\" sizes=\"(max-width: 220px) 100vw, 220px\" \/><img decoding=\"async\" class=\"alignnone wp-image-2167\" style=\"font-size: 16px;\" src=\"https:\/\/parachutevoltige.com\/wp-content\/uploads\/2019\/07\/G0034620-300x225.jpg\" alt=\"Exemple de photo selfie en vol prise pendant qu'un client pilote le parachute. \" width=\"205\" height=\"153\" srcset=\"https:\/\/parachutevoltige.com\/wp-content\/uploads\/2019\/07\/G0034620-300x225.jpg 300w, https:\/\/parachutevoltige.com\/wp-content\/uploads\/2019\/07\/G0034620-768x576.jpg 768w, https:\/\/parachutevoltige.com\/wp-content\/uploads\/2019\/07\/G0034620-1024x768.jpg 1024w, https:\/\/parachutevoltige.com\/wp-content\/uploads\/2019\/07\/G0034620-600x450.jpg 600w\" sizes=\"(max-width: 205px) 100vw, 205px\" \/><\/h2>\n<\/div>\n<p>&nbsp;<\/p>\n<h2><a href=\"https:\/\/parachutevoltige.com\/produit\/video-et-photos-en-chute-libre\/\">B-Vid\u00e9o et photos film\u00e9 par un cam\u00e9raman externe<\/a><\/h2>\n<div>\n<p>Le coffret souvenir Pro vous permet d&rsquo;immortaliser ce moment unique, l&rsquo;<strong>exp\u00e9rience d&rsquo;une vie<\/strong>! En choisissant cette option, vous pourrez <strong>voir et revoir votre saut en tandem<\/strong> autant de fois que vous le d\u00e9sirez. Un cameraman exp\u00e9riment\u00e9 vous filmera au sol, dans l&rsquo;avion et en chute libre. Il prendra \u00e9galement des photos et des entrevues \u00e0 chacune des \u00e9tapes de votre saut.<\/p>\n<\/div>\n<div>\n<p>Le coffret souvenir Pro comprend une<strong> vid\u00e9o compl\u00e8te de votre saut en parachute<\/strong> qui est professionnellement mont\u00e9e avec des musiques libres de droits. Il comprend \u00e9galement plusieurs photos de grande qualit\u00e9 au sol et pendant la chute libre. Le tout vous sera envoy\u00e9 directement par courriel, pr\u00eat \u00e0 \u00eatre t\u00e9l\u00e9charg\u00e9 et partag\u00e9 sur les r\u00e9seaux sociaux. Nous vous garantissons que vous revivrez imm\u00e9diatement toute l\u2019intensit\u00e9 et l\u2019<strong>adr\u00e9naline<\/strong> de votre exp\u00e9rience du parachutisme!<\/p>\n<\/div>\n<p>Dans le cas d&rsquo;une d\u00e9fectuosit\u00e9 reli\u00e9e \u00e0 la vid\u00e9o, les frais du coffret souvenir seront rembours\u00e9s. Cependant, les frais associ\u00e9s au saut tandem ne sont pas remboursables.<\/p>\n<p><img decoding=\"async\" class=\"alignnone wp-image-2799 size-medium\" src=\"https:\/\/parachutevoltige.com\/wp-content\/uploads\/2019\/08\/Cameraman-dans-texte-300x300.jpg\" alt=\"Exemple de coffret souvenir vid\u00e9o chez Parachute Voltige pr\u00e9sentant un cam\u00e9raman suivant un client tandem en chute libre. \" width=\"300\" height=\"300\" srcset=\"https:\/\/parachutevoltige.com\/wp-content\/uploads\/2019\/08\/Cameraman-dans-texte-300x300.jpg 300w, https:\/\/parachutevoltige.com\/wp-content\/uploads\/2019\/08\/Cameraman-dans-texte-150x150.jpg 150w, https:\/\/parachutevoltige.com\/wp-content\/uploads\/2019\/08\/Cameraman-dans-texte-768x768.jpg 768w, https:\/\/parachutevoltige.com\/wp-content\/uploads\/2019\/08\/Cameraman-dans-texte-1024x1024.jpg 1024w, https:\/\/parachutevoltige.com\/wp-content\/uploads\/2019\/08\/Cameraman-dans-texte-600x600.jpg 600w, https:\/\/parachutevoltige.com\/wp-content\/uploads\/2019\/08\/Cameraman-dans-texte-100x100.jpg 100w, https:\/\/parachutevoltige.com\/wp-content\/uploads\/2019\/08\/Cameraman-dans-texte.jpg 1240w\" sizes=\"(max-width: 300px) 100vw, 300px\" \/>&nbsp;<\/p>\n<h2>&nbsp;<\/h2>\n<h2><a href=\"https:\/\/parachutevoltige.com\/produit\/coffret-souvenir-pro-plus\/\">C- L&rsquo;option A + B Jumel\u00e9e<\/a><\/h2>\n<p>Cette option est id\u00e9ale pour un <strong>souvenir complet de votre saut en parachute!<\/strong>&nbsp;Un cameraman professionnel vous suivra \u00e0 chacune des \u00e9tapes du saut pour capter des vid\u00e9os et photos. De plus, une fois le parachute ouvert, votre instructeur tandem prendra des photos de vous pendant que le cameraman se pr\u00e9pare au sol pour filmer votre atterrissage. Ce service est en fait le combin\u00e9 du coffret souvenir Pro et des photos en vols.<\/p>\n","protected":false},"excerpt":{"rendered":"<p>3 options s&rsquo;offrent \u00e0 vous Option A: Photos selfie sous-voilure | 85$+tx Option B: Vid\u00e9o + photos film\u00e9 par un cam\u00e9raman externe en chute libre | 145$+tx Option C: (l&rsquo;option A + B jumel\u00e9e) | 195$+tx A-Photos selfie sous-voilure Les photos en vol offrent de magnifiques photos de vous et du paysage qui vous entourent. [&hellip;]<\/p>\n","protected":false},"author":12,"featured_media":2075,"parent":80,"menu_order":1,"comment_status":"closed","ping_status":"closed","template":"","meta":{"_acf_changed":false,"_exactmetrics_skip_tracking":false,"_exactmetrics_sitenote_active":false,"_exactmetrics_sitenote_note":"","_exactmetrics_sitenote_category":0,"ngg_post_thumbnail":0,"footnotes":""},"class_list":["post-1897","page","type-page","status-publish","has-post-thumbnail","hentry"],"acf":[],"yoast_head":"<!-- This site is optimized with the Yoast SEO plugin v26.8 - https:\/\/yoast.com\/product\/yoast-seo-wordpress\/ -->\n<title>Vid\u00e9o et photos - Parachute Voltige<\/title>\n<meta name=\"robots\" content=\"index, follow, max-snippet:-1, max-image-preview:large, max-video-preview:-1\" \/>\n<link rel=\"canonical\" href=\"https:\/\/parachutevoltige.com\/fr\/saut-en-tandem\/coffret-souvenir\/\" \/>\n<meta property=\"og:locale\" content=\"fr_CA\" \/>\n<meta property=\"og:type\" content=\"article\" \/>\n<meta property=\"og:title\" content=\"Vid\u00e9o et photos - Parachute Voltige\" \/>\n<meta property=\"og:description\" content=\"3 options s&rsquo;offrent \u00e0 vous Option A: Photos selfie sous-voilure | 85$+tx Option B: Vid\u00e9o + photos film\u00e9 par un cam\u00e9raman externe en chute libre | 145$+tx Option C: (l&rsquo;option A + B jumel\u00e9e) | 195$+tx A-Photos selfie sous-voilure Les photos en vol offrent de magnifiques photos de vous et du paysage qui vous entourent. [&hellip;]\" \/>\n<meta property=\"og:url\" content=\"https:\/\/parachutevoltige.com\/fr\/saut-en-tandem\/coffret-souvenir\/\" \/>\n<meta property=\"og:site_name\" content=\"Parachute Voltige\" \/>\n<meta property=\"article:publisher\" content=\"https:\/\/www.facebook.com\/ParachuteVoltige\/\" \/>\n<meta property=\"article:modified_time\" content=\"2024-12-04T21:27:44+00:00\" \/>\n<meta property=\"og:image\" content=\"https:\/\/parachutevoltige.com\/wp-content\/uploads\/2019\/07\/img_deroulement_journee-cameraman.jpg\" \/>\n\t<meta property=\"og:image:width\" content=\"620\" \/>\n\t<meta property=\"og:image:height\" content=\"620\" \/>\n\t<meta property=\"og:image:type\" content=\"image\/jpeg\" \/>\n<meta name=\"twitter:card\" content=\"summary_large_image\" \/>\n<meta name=\"twitter:label1\" content=\"Estimation du temps de lecture\" \/>\n\t<meta name=\"twitter:data1\" content=\"3 minutes\" \/>\n<script type=\"application\/ld+json\" class=\"yoast-schema-graph\">{\"@context\":\"https:\/\/schema.org\",\"@graph\":[{\"@type\":\"WebPage\",\"@id\":\"https:\/\/parachutevoltige.com\/fr\/saut-en-tandem\/coffret-souvenir\/\",\"url\":\"https:\/\/parachutevoltige.com\/fr\/saut-en-tandem\/coffret-souvenir\/\",\"name\":\"Vid\u00e9o et photos - Parachute Voltige\",\"isPartOf\":{\"@id\":\"https:\/\/parachutevoltige.com\/fr\/#website\"},\"primaryImageOfPage\":{\"@id\":\"https:\/\/parachutevoltige.com\/fr\/saut-en-tandem\/coffret-souvenir\/#primaryimage\"},\"image\":{\"@id\":\"https:\/\/parachutevoltige.com\/fr\/saut-en-tandem\/coffret-souvenir\/#primaryimage\"},\"thumbnailUrl\":\"https:\/\/parachutevoltige.com\/wp-content\/uploads\/2019\/07\/img_deroulement_journee-cameraman.jpg\",\"datePublished\":\"2019-05-21T17:58:40+00:00\",\"dateModified\":\"2024-12-04T21:27:44+00:00\",\"breadcrumb\":{\"@id\":\"https:\/\/parachutevoltige.com\/fr\/saut-en-tandem\/coffret-souvenir\/#breadcrumb\"},\"inLanguage\":\"fr-CA\",\"potentialAction\":[{\"@type\":\"ReadAction\",\"target\":[\"https:\/\/parachutevoltige.com\/fr\/saut-en-tandem\/coffret-souvenir\/\"]}]},{\"@type\":\"ImageObject\",\"inLanguage\":\"fr-CA\",\"@id\":\"https:\/\/parachutevoltige.com\/fr\/saut-en-tandem\/coffret-souvenir\/#primaryimage\",\"url\":\"https:\/\/parachutevoltige.com\/wp-content\/uploads\/2019\/07\/img_deroulement_journee-cameraman.jpg\",\"contentUrl\":\"https:\/\/parachutevoltige.com\/wp-content\/uploads\/2019\/07\/img_deroulement_journee-cameraman.jpg\",\"width\":620,\"height\":620,\"caption\":\"Vid\u00e9aste a\u00e9rien tenant la main d'un client tandem en chute libre.\"},{\"@type\":\"BreadcrumbList\",\"@id\":\"https:\/\/parachutevoltige.com\/fr\/saut-en-tandem\/coffret-souvenir\/#breadcrumb\",\"itemListElement\":[{\"@type\":\"ListItem\",\"position\":1,\"name\":\"Home\",\"item\":\"https:\/\/parachutevoltige.com\/fr\/\"},{\"@type\":\"ListItem\",\"position\":2,\"name\":\"Saut en tandem\",\"item\":\"https:\/\/parachutevoltige.com\/fr\/saut-en-tandem\/\"},{\"@type\":\"ListItem\",\"position\":3,\"name\":\"Vid\u00e9o et photos\"}]},{\"@type\":\"WebSite\",\"@id\":\"https:\/\/parachutevoltige.com\/fr\/#website\",\"url\":\"https:\/\/parachutevoltige.com\/fr\/\",\"name\":\"Parachute Voltige\",\"description\":\"\",\"publisher\":{\"@id\":\"https:\/\/parachutevoltige.com\/fr\/#organization\"},\"potentialAction\":[{\"@type\":\"SearchAction\",\"target\":{\"@type\":\"EntryPoint\",\"urlTemplate\":\"https:\/\/parachutevoltige.com\/fr\/?s={search_term_string}\"},\"query-input\":{\"@type\":\"PropertyValueSpecification\",\"valueRequired\":true,\"valueName\":\"search_term_string\"}}],\"inLanguage\":\"fr-CA\"},{\"@type\":\"Organization\",\"@id\":\"https:\/\/parachutevoltige.com\/fr\/#organization\",\"name\":\"Voltige | \u00c9cole de parachutisme\",\"url\":\"https:\/\/parachutevoltige.com\/fr\/\",\"logo\":{\"@type\":\"ImageObject\",\"inLanguage\":\"fr-CA\",\"@id\":\"https:\/\/parachutevoltige.com\/fr\/#\/schema\/logo\/image\/\",\"url\":\"https:\/\/parachutevoltige.com\/wp-content\/uploads\/2019\/05\/Voltige_logo.png\",\"contentUrl\":\"https:\/\/parachutevoltige.com\/wp-content\/uploads\/2019\/05\/Voltige_logo.png\",\"width\":462,\"height\":132,\"caption\":\"Voltige | \u00c9cole de parachutisme\"},\"image\":{\"@id\":\"https:\/\/parachutevoltige.com\/fr\/#\/schema\/logo\/image\/\"},\"sameAs\":[\"https:\/\/www.facebook.com\/ParachuteVoltige\/\"]}]}<\/script>\n<!-- \/ Yoast SEO plugin. -->","yoast_head_json":{"title":"Vid\u00e9o et photos - Parachute Voltige","robots":{"index":"index","follow":"follow","max-snippet":"max-snippet:-1","max-image-preview":"max-image-preview:large","max-video-preview":"max-video-preview:-1"},"canonical":"https:\/\/parachutevoltige.com\/fr\/saut-en-tandem\/coffret-souvenir\/","og_locale":"fr_CA","og_type":"article","og_title":"Vid\u00e9o et photos - Parachute Voltige","og_description":"3 options s&rsquo;offrent \u00e0 vous Option A: Photos selfie sous-voilure | 85$+tx Option B: Vid\u00e9o + photos film\u00e9 par un cam\u00e9raman externe en chute libre | 145$+tx Option C: (l&rsquo;option A + B jumel\u00e9e) | 195$+tx A-Photos selfie sous-voilure Les photos en vol offrent de magnifiques photos de vous et du paysage qui vous entourent. [&hellip;]","og_url":"https:\/\/parachutevoltige.com\/fr\/saut-en-tandem\/coffret-souvenir\/","og_site_name":"Parachute Voltige","article_publisher":"https:\/\/www.facebook.com\/ParachuteVoltige\/","article_modified_time":"2024-12-04T21:27:44+00:00","og_image":[{"width":620,"height":620,"url":"https:\/\/parachutevoltige.com\/wp-content\/uploads\/2019\/07\/img_deroulement_journee-cameraman.jpg","type":"image\/jpeg"}],"twitter_card":"summary_large_image","twitter_misc":{"Estimation du temps de lecture":"3 minutes"},"schema":{"@context":"https:\/\/schema.org","@graph":[{"@type":"WebPage","@id":"https:\/\/parachutevoltige.com\/fr\/saut-en-tandem\/coffret-souvenir\/","url":"https:\/\/parachutevoltige.com\/fr\/saut-en-tandem\/coffret-souvenir\/","name":"Vid\u00e9o et photos - Parachute Voltige","isPartOf":{"@id":"https:\/\/parachutevoltige.com\/fr\/#website"},"primaryImageOfPage":{"@id":"https:\/\/parachutevoltige.com\/fr\/saut-en-tandem\/coffret-souvenir\/#primaryimage"},"image":{"@id":"https:\/\/parachutevoltige.com\/fr\/saut-en-tandem\/coffret-souvenir\/#primaryimage"},"thumbnailUrl":"https:\/\/parachutevoltige.com\/wp-content\/uploads\/2019\/07\/img_deroulement_journee-cameraman.jpg","datePublished":"2019-05-21T17:58:40+00:00","dateModified":"2024-12-04T21:27:44+00:00","breadcrumb":{"@id":"https:\/\/parachutevoltige.com\/fr\/saut-en-tandem\/coffret-souvenir\/#breadcrumb"},"inLanguage":"fr-CA","potentialAction":[{"@type":"ReadAction","target":["https:\/\/parachutevoltige.com\/fr\/saut-en-tandem\/coffret-souvenir\/"]}]},{"@type":"ImageObject","inLanguage":"fr-CA","@id":"https:\/\/parachutevoltige.com\/fr\/saut-en-tandem\/coffret-souvenir\/#primaryimage","url":"https:\/\/parachutevoltige.com\/wp-content\/uploads\/2019\/07\/img_deroulement_journee-cameraman.jpg","contentUrl":"https:\/\/parachutevoltige.com\/wp-content\/uploads\/2019\/07\/img_deroulement_journee-cameraman.jpg","width":620,"height":620,"caption":"Vid\u00e9aste a\u00e9rien tenant la main d'un client tandem en chute libre."},{"@type":"BreadcrumbList","@id":"https:\/\/parachutevoltige.com\/fr\/saut-en-tandem\/coffret-souvenir\/#breadcrumb","itemListElement":[{"@type":"ListItem","position":1,"name":"Home","item":"https:\/\/parachutevoltige.com\/fr\/"},{"@type":"ListItem","position":2,"name":"Saut en tandem","item":"https:\/\/parachutevoltige.com\/fr\/saut-en-tandem\/"},{"@type":"ListItem","position":3,"name":"Vid\u00e9o et photos"}]},{"@type":"WebSite","@id":"https:\/\/parachutevoltige.com\/fr\/#website","url":"https:\/\/parachutevoltige.com\/fr\/","name":"Parachute Voltige","description":"","publisher":{"@id":"https:\/\/parachutevoltige.com\/fr\/#organization"},"potentialAction":[{"@type":"SearchAction","target":{"@type":"EntryPoint","urlTemplate":"https:\/\/parachutevoltige.com\/fr\/?s={search_term_string}"},"query-input":{"@type":"PropertyValueSpecification","valueRequired":true,"valueName":"search_term_string"}}],"inLanguage":"fr-CA"},{"@type":"Organization","@id":"https:\/\/parachutevoltige.com\/fr\/#organization","name":"Voltige | \u00c9cole de parachutisme","url":"https:\/\/parachutevoltige.com\/fr\/","logo":{"@type":"ImageObject","inLanguage":"fr-CA","@id":"https:\/\/parachutevoltige.com\/fr\/#\/schema\/logo\/image\/","url":"https:\/\/parachutevoltige.com\/wp-content\/uploads\/2019\/05\/Voltige_logo.png","contentUrl":"https:\/\/parachutevoltige.com\/wp-content\/uploads\/2019\/05\/Voltige_logo.png","width":462,"height":132,"caption":"Voltige | \u00c9cole de parachutisme"},"image":{"@id":"https:\/\/parachutevoltige.com\/fr\/#\/schema\/logo\/image\/"},"sameAs":["https:\/\/www.facebook.com\/ParachuteVoltige\/"]}]}},"_links":{"self":[{"href":"https:\/\/parachutevoltige.com\/fr\/wp-json\/wp\/v2\/pages\/1897","targetHints":{"allow":["GET"]}}],"collection":[{"href":"https:\/\/parachutevoltige.com\/fr\/wp-json\/wp\/v2\/pages"}],"about":[{"href":"https:\/\/parachutevoltige.com\/fr\/wp-json\/wp\/v2\/types\/page"}],"author":[{"embeddable":true,"href":"https:\/\/parachutevoltige.com\/fr\/wp-json\/wp\/v2\/users\/12"}],"replies":[{"embeddable":true,"href":"https:\/\/parachutevoltige.com\/fr\/wp-json\/wp\/v2\/comments?post=1897"}],"version-history":[{"count":44,"href":"https:\/\/parachutevoltige.com\/fr\/wp-json\/wp\/v2\/pages\/1897\/revisions"}],"predecessor-version":[{"id":172784,"href":"https:\/\/parachutevoltige.com\/fr\/wp-json\/wp\/v2\/pages\/1897\/revisions\/172784"}],"up":[{"embeddable":true,"href":"https:\/\/parachutevoltige.com\/fr\/wp-json\/wp\/v2\/pages\/80"}],"wp:featuredmedia":[{"embeddable":true,"href":"https:\/\/parachutevoltige.com\/fr\/wp-json\/wp\/v2\/media\/2075"}],"wp:attachment":[{"href":"https:\/\/parachutevoltige.com\/fr\/wp-json\/wp\/v2\/media?parent=1897"}],"curies":[{"name":"wp","href":"https:\/\/api.w.org\/{rel}","templated":true}]}}