{"id":196632,"date":"2025-10-15T14:29:21","date_gmt":"2025-10-15T18:29:21","guid":{"rendered":"https:\/\/parachutevoltige.com\/concours-contest-2024-2\/"},"modified":"2025-10-15T14:29:21","modified_gmt":"2025-10-15T18:29:21","slug":"concours-contest-2024-2","status":"publish","type":"page","link":"https:\/\/parachutevoltige.com\/fr\/concours-contest-2024-2\/","title":{"rendered":"Concours 2024 | Contest 2024"},"content":{"rendered":"<p>C&rsquo;est avec une profonde gratitude que nous vous adressons nos plus sinc\u00e8res remerciements pour votre confiance continue.<\/p>\n<p>Chaque interaction avec vous a \u00e9t\u00e9 une source d&rsquo;inspiration pour notre \u00e9quipe, nous motivant \u00e0 nous surpasser constamment pour vous offrir le meilleur.<\/p>\n<p>Pour clore la saison de sauts 2024 nous vous invitons \u00e0 participer \u00e0 notre fameux <strong>concours annuel&nbsp; <em>\u00ab\u00a0Gagne un saut en parachute chez Parachute Voltige<\/em>\u00a0\u00bb <\/strong>. C&rsquo;est notre fa\u00e7on de vous remercier personnellement pour votre fid\u00e9lit\u00e9.&nbsp;<\/p>\n<p><strong>\u00c0 GAGNER:<\/strong><\/p>\n<p>Notre saut tandem coup de c\u0153ur \u00e0 13&nbsp;500 pieds incluant&nbsp;:<\/p>\n<ul>\n<li>La formation<\/li>\n<li>Une chute libre de plus de 50 secondes<\/li>\n<li>Le pilotage du parachute<\/li>\n<li>La location d&rsquo;une combinaison de saut et des lunettes<\/li>\n<li>Un certificat de premi\u00e8re chute libre<\/li>\n<\/ul>\n<p>***Le gagnant sera s\u00e9lectionn\u00e9 lors d\u2019un tirage au hasard le 5 novembre 2024. Bonne chance!!<\/p>\n<p><a href=\"https:\/\/parachutevoltige.com\/reglements-du-concours\/\">** Certaines conditions s&rsquo;appliquent.<\/a><\/p>\n<p>******<\/p>\n<p>It is with deep gratitude that we extend our deepest thanks to you for your continued trust.<\/p>\n<p>Every interaction with you has been a source of inspiration for our team, motivating us to constantly surpass ourselves to offer you the best.<\/p>\n<p>To close the 2024 jumping season we invite you to participate in our famous annual contest<em><strong> \u00ab\u00a0Win a tandem jump at Parachute Voltige\u00a0\u00bb<\/strong>.<\/em> This is our way of personally thanking you for your loyalty.&nbsp;<\/p>\n<p class=\"tw-data-text tw-text-large XcVN5d tw-ta\" dir=\"ltr\" data-placeholder=\"Traduction\"><span lang=\"en\">THE PRICE: <\/span><\/p>\n<p class=\"tw-data-text tw-text-large XcVN5d tw-ta\" dir=\"ltr\" data-placeholder=\"Traduction\"><span lang=\"en\">The exalting experience of a tandem jump at 13 500 feet, including:<\/span><\/p>\n<ul>\n<li class=\"tw-data-text tw-text-large XcVN5d tw-ta\" dir=\"ltr\" data-placeholder=\"Traduction\"><span lang=\"en\">The training <\/span><\/li>\n<li class=\"tw-data-text tw-text-large XcVN5d tw-ta\" dir=\"ltr\" data-placeholder=\"Traduction\"><span lang=\"en\">A free fall of more than 50 seconds <\/span><\/li>\n<li class=\"tw-data-text tw-text-large XcVN5d tw-ta\" dir=\"ltr\" data-placeholder=\"Traduction\"><span lang=\"en\">The canopy piloting <\/span><\/li>\n<li class=\"tw-data-text tw-text-large XcVN5d tw-ta\" dir=\"ltr\" data-placeholder=\"Traduction\"><span lang=\"en\">The jumpsuit and the goggles rental<\/span><\/li>\n<li class=\"tw-data-text tw-text-large XcVN5d tw-ta\" dir=\"ltr\" data-placeholder=\"Traduction\"><span lang=\"en\">A first jump certificate<\/span><\/li>\n<\/ul>\n<p>*** The winner will be selected in a random draw on November 5th, 2024. Good luck !!<\/p>\n<p><a href=\"https:\/\/parachutevoltige.com\/reglements-du-concours\/\"><span lang=\"en\">** Some conditions apply.<\/span><\/a><\/p>\n<noscript class=\"ninja-forms-noscript-message\">\n\tNotice: JavaScript is required for this content.<\/noscript>\n<div id=\"nf-form-44-cont\" class=\"nf-form-cont\" aria-live=\"polite\" aria-labelledby=\"nf-form-title-44\" aria-describedby=\"nf-form-errors-44\" role=\"form\">\n\n    <div class=\"nf-loading-spinner\"><\/div>\n\n<\/div>\n        <!-- That data is being printed as a workaround to page builders reordering the order of the scripts loaded-->\n        <script>var formDisplay=1;var nfForms=nfForms||[];var form=[];form.id='44';form.settings={\"objectType\":\"Form Setting\",\"editActive\":true,\"title\":\"Concours fin de saison 2024 | 2024 End season contest\",\"created_at\":\"2024-10-30 13:13:02\",\"default_label_pos\":\"above\",\"show_title\":\"1\",\"clear_complete\":\"1\",\"hide_complete\":\"1\",\"logged_in\":\"\",\"wrapper_class\":\"\",\"element_class\":\"\",\"key\":\"\",\"add_submit\":\"1\",\"changeEmailErrorMsg\":\"Please enter a valid email address!\",\"changeDateErrorMsg\":\"Please enter a valid date!\",\"confirmFieldErrorMsg\":\"These fields must match!\",\"fieldNumberNumMinError\":\"Number Min Error\",\"fieldNumberNumMaxError\":\"Number Max Error\",\"fieldNumberIncrementBy\":\"Please increment by \",\"formErrorsCorrectErrors\":\"Please correct errors before submitting this form.\",\"validateRequiredField\":\"This is a required field.\",\"honeypotHoneypotError\":\"Honeypot Error\",\"fieldsMarkedRequired\":\"Fields marked with an <span class=\\\"ninja-forms-req-symbol\\\">*<\\\/span> are required\",\"currency\":\"\",\"unique_field_error\":\"A form with this value has already been submitted.\",\"not_logged_in_msg\":\"\",\"sub_limit_msg\":\"The form has reached its submission limit.\",\"calculations\":[],\"formContentData\":[\"nom_complet_or_name_1602523856080\",\"courriel_or_email_1602523862968\",\"telephone_cellulaire_cell_phone_1730309091243\",\"je_souhaite_recevoir_des_offres_et_promotions_uniques_par_textos_or_i_would_like_to_receive_unique_offers_and_promotions_by_text_message_1730309060608\",\"je_souhaite_m_abonner_a_l_infolettre_afin_de_recevoir_les_promotions_qui_sont_exclusives_a_l_infolettre_moins_de_5_courriels_par_an_or_i_wish_to_subscribe_to_the_newsletter_in_order_to_receive_promotions_that_are_exclusive_to_the_newsletter_less_than_5_emails_per_year_1730308597681\",\"soumettre_submit_1697202995180\"],\"drawerDisabled\":false,\"form_title_heading_level\":\"3\",\"allow_public_link\":0,\"embed_form\":\"\",\"objectDomain\":\"display\",\"ninjaForms\":\"Ninja Forms\",\"fieldTextareaRTEInsertLink\":\"Insert Link\",\"fieldTextareaRTEInsertMedia\":\"Insert Media\",\"fieldTextareaRTESelectAFile\":\"Select a file\",\"formHoneypot\":\"If you are a human seeing this field, please leave it empty.\",\"fileUploadOldCodeFileUploadInProgress\":\"File Upload in Progress.\",\"fileUploadOldCodeFileUpload\":\"FILE UPLOAD\",\"currencySymbol\":\"&#36;\",\"thousands_sep\":\"&nbsp;\",\"decimal_point\":\",\",\"siteLocale\":\"fr_CA\",\"dateFormat\":\"m\\\/d\\\/Y\",\"startOfWeek\":\"1\",\"of\":\"of\",\"previousMonth\":\"Previous Month\",\"nextMonth\":\"Next Month\",\"months\":[\"January\",\"February\",\"March\",\"April\",\"May\",\"June\",\"July\",\"August\",\"September\",\"October\",\"November\",\"December\"],\"monthsShort\":[\"Jan\",\"Feb\",\"Mar\",\"Apr\",\"May\",\"Jun\",\"Jul\",\"Aug\",\"Sep\",\"Oct\",\"Nov\",\"Dec\"],\"weekdays\":[\"Sunday\",\"Monday\",\"Tuesday\",\"Wednesday\",\"Thursday\",\"Friday\",\"Saturday\"],\"weekdaysShort\":[\"Sun\",\"Mon\",\"Tue\",\"Wed\",\"Thu\",\"Fri\",\"Sat\"],\"weekdaysMin\":[\"Su\",\"Mo\",\"Tu\",\"We\",\"Th\",\"Fr\",\"Sa\"],\"recaptchaConsentMissing\":\"reCaptcha validation couldn&#039;t load.\",\"recaptchaMissingCookie\":\"reCaptcha v3 validation couldn&#039;t load the cookie needed to submit the form.\",\"recaptchaConsentEvent\":\"Accept reCaptcha cookies before sending the form.\",\"currency_symbol\":\"\",\"beforeForm\":\"\",\"beforeFields\":\"\",\"afterFields\":\"\",\"afterForm\":\"\"};form.fields=[{\"objectType\":\"Field\",\"objectDomain\":\"fields\",\"editActive\":false,\"order\":1,\"idAttribute\":\"id\",\"type\":\"lastname\",\"label\":\"Nom complet | Name\",\"key\":\"nom_complet_or_name_1602523856080\",\"label_pos\":\"above\",\"required\":1,\"default\":\"\",\"placeholder\":\"\",\"container_class\":\"\",\"element_class\":\"\",\"admin_label\":\"\",\"help_text\":\"\",\"custom_name_attribute\":\"lname\",\"personally_identifiable\":1,\"value\":\"\",\"drawerDisabled\":\"\",\"field_label\":\"Nom complet | Name\",\"field_key\":\"nom_complet_or_name_1602523856080\",\"id\":532,\"beforeField\":\"\",\"afterField\":\"\",\"parentType\":\"lastname\",\"element_templates\":[\"lastname\",\"input\"],\"old_classname\":\"\",\"wrap_template\":\"wrap\"},{\"objectType\":\"Field\",\"objectDomain\":\"fields\",\"editActive\":false,\"order\":2,\"idAttribute\":\"id\",\"type\":\"email\",\"label\":\"Courriel | Email\",\"key\":\"courriel_or_email_1602523862968\",\"label_pos\":\"above\",\"required\":1,\"default\":\"\",\"placeholder\":\"\",\"container_class\":\"\",\"element_class\":\"\",\"admin_label\":\"\",\"help_text\":\"\",\"custom_name_attribute\":\"email\",\"personally_identifiable\":1,\"value\":\"\",\"drawerDisabled\":\"\",\"field_label\":\"Courriel | Email\",\"field_key\":\"courriel_or_email_1602523862968\",\"id\":533,\"beforeField\":\"\",\"afterField\":\"\",\"parentType\":\"email\",\"element_templates\":[\"email\",\"input\"],\"old_classname\":\"\",\"wrap_template\":\"wrap\"},{\"objectType\":\"Field\",\"objectDomain\":\"fields\",\"editActive\":false,\"order\":3,\"idAttribute\":\"id\",\"type\":\"phone\",\"label\":\"T\\u00e9l\\u00e9phone cellulaire\\\/Cell Phone#\",\"key\":\"telephone_cellulaire_cell_phone_1730309091243\",\"label_pos\":\"above\",\"required\":1,\"default\":\"\",\"placeholder\":\"\",\"container_class\":\"\",\"element_class\":\"\",\"input_limit\":\"\",\"input_limit_type\":\"characters\",\"input_limit_msg\":\"Character(s) left\",\"manual_key\":\"\",\"admin_label\":\"\",\"help_text\":\"\",\"mask\":\"\",\"custom_mask\":\"\",\"custom_name_attribute\":\"phone\",\"personally_identifiable\":1,\"value\":\"\",\"drawerDisabled\":false,\"field_label\":\"T\\u00e9l\\u00e9phone\\\/Phone\",\"field_key\":\"telephone_phone_1697202981858\",\"id\":535,\"beforeField\":\"\",\"afterField\":\"\",\"parentType\":\"textbox\",\"element_templates\":[\"tel\",\"textbox\",\"input\"],\"old_classname\":\"\",\"wrap_template\":\"wrap\"},{\"objectType\":\"Field\",\"objectDomain\":\"fields\",\"editActive\":false,\"order\":4,\"idAttribute\":\"id\",\"type\":\"checkbox\",\"label\":\" Je souhaite recevoir des offres et promotions uniques par textos. | I would like to receive unique offers and promotions by text message. \",\"key\":\"je_souhaite_recevoir_des_offres_et_promotions_uniques_par_textos_or_i_would_like_to_receive_unique_offers_and_promotions_by_text_message_1730309060608\",\"label_pos\":\"right\",\"required\":false,\"container_class\":\"\",\"element_class\":\"\",\"manual_key\":false,\"admin_label\":\"\",\"help_text\":\"\",\"default_value\":\"unchecked\",\"checked_value\":\"Checked\",\"unchecked_value\":\"Unchecked\",\"checked_calc_value\":\"\",\"unchecked_calc_value\":\"\",\"drawerDisabled\":false,\"id\":536,\"beforeField\":\"\",\"afterField\":\"\",\"value\":\"\",\"parentType\":\"checkbox\",\"element_templates\":[\"checkbox\",\"input\"],\"old_classname\":\"\",\"wrap_template\":\"wrap\"},{\"objectType\":\"Field\",\"objectDomain\":\"fields\",\"editActive\":false,\"order\":5,\"idAttribute\":\"id\",\"type\":\"checkbox\",\"label\":\"Je souhaite m\\u2019abonner \\u00e0 l\\u2019infolettre afin de recevoir les promotions qui sont exclusives \\u00e0 l\\u2019infolettre (moins de 5 courriels par an).  | I wish to subscribe to the newsletter in order to receive promotions that are exclusive to the newsletter (less than 5 emails per year). \",\"key\":\"je_souhaite_m_abonner_a_l_infolettre_afin_de_recevoir_les_promotions_qui_sont_exclusives_a_l_infolettre_moins_de_5_courriels_par_an_or_i_wish_to_subscribe_to_the_newsletter_in_order_to_receive_promotions_that_are_exclusive_to_the_newsletter_less_than_5_emails_per_year_1730308597681\",\"label_pos\":\"right\",\"required\":false,\"container_class\":\"\",\"element_class\":\"\",\"manual_key\":false,\"admin_label\":\"\",\"help_text\":\"\",\"default_value\":\"unchecked\",\"checked_value\":\"Checked\",\"unchecked_value\":\"Unchecked\",\"checked_calc_value\":\"\",\"unchecked_calc_value\":\"\",\"drawerDisabled\":false,\"id\":537,\"beforeField\":\"\",\"afterField\":\"\",\"value\":\"\",\"parentType\":\"checkbox\",\"element_templates\":[\"checkbox\",\"input\"],\"old_classname\":\"\",\"wrap_template\":\"wrap\"},{\"objectType\":\"Field\",\"objectDomain\":\"fields\",\"editActive\":false,\"order\":6,\"idAttribute\":\"id\",\"type\":\"submit\",\"label\":\"Soumettre\\\/Submit\",\"processing_label\":\"Processing\",\"container_class\":\"\",\"element_class\":\"\",\"key\":\"soumettre_submit_1697202995180\",\"drawerDisabled\":false,\"field_label\":\"Soumettre\\\/Submit\",\"field_key\":\"soumettre_submit_1697202995180\",\"admin_label\":\"\",\"id\":534,\"beforeField\":\"\",\"afterField\":\"\",\"value\":\"\",\"label_pos\":\"above\",\"parentType\":\"textbox\",\"element_templates\":[\"submit\",\"button\",\"input\"],\"old_classname\":\"\",\"wrap_template\":\"wrap-no-label\"}];nfForms.push(form);<\/script>\n        \n<p>&nbsp;<\/p>\n","protected":false},"excerpt":{"rendered":"<p>C&rsquo;est avec une profonde gratitude que nous vous adressons nos plus sinc\u00e8res remerciements pour votre confiance continue. Chaque interaction avec vous a \u00e9t\u00e9 une source d&rsquo;inspiration pour notre \u00e9quipe, nous motivant \u00e0 nous surpasser constamment pour vous offrir le meilleur. Pour clore la saison de sauts 2024 nous vous invitons \u00e0 participer \u00e0 notre fameux [&hellip;]<\/p>\n","protected":false},"author":2391,"featured_media":0,"parent":0,"menu_order":68,"comment_status":"closed","ping_status":"closed","template":"","meta":{"_acf_changed":false,"_exactmetrics_skip_tracking":false,"_exactmetrics_sitenote_active":false,"_exactmetrics_sitenote_note":"","_exactmetrics_sitenote_category":0,"ngg_post_thumbnail":0,"footnotes":""},"class_list":["post-196632","page","type-page","status-publish","hentry"],"acf":[],"yoast_head":"<!-- This site is optimized with the Yoast SEO plugin v26.8 - https:\/\/yoast.com\/product\/yoast-seo-wordpress\/ -->\n<title>Concours 2024 | Contest 2024 - Parachute Voltige<\/title>\n<meta name=\"robots\" content=\"index, follow, max-snippet:-1, max-image-preview:large, max-video-preview:-1\" \/>\n<link rel=\"canonical\" href=\"https:\/\/parachutevoltige.com\/fr\/concours-contest-2024-2\/\" \/>\n<meta property=\"og:locale\" content=\"fr_CA\" \/>\n<meta property=\"og:type\" content=\"article\" \/>\n<meta property=\"og:title\" content=\"Concours 2024 | Contest 2024 - Parachute Voltige\" \/>\n<meta property=\"og:description\" content=\"C&rsquo;est avec une profonde gratitude que nous vous adressons nos plus sinc\u00e8res remerciements pour votre confiance continue. Chaque interaction avec vous a \u00e9t\u00e9 une source d&rsquo;inspiration pour notre \u00e9quipe, nous motivant \u00e0 nous surpasser constamment pour vous offrir le meilleur. Pour clore la saison de sauts 2024 nous vous invitons \u00e0 participer \u00e0 notre fameux [&hellip;]\" \/>\n<meta property=\"og:url\" content=\"https:\/\/parachutevoltige.com\/fr\/concours-contest-2024-2\/\" \/>\n<meta property=\"og:site_name\" content=\"Parachute Voltige\" \/>\n<meta property=\"article:publisher\" content=\"https:\/\/www.facebook.com\/ParachuteVoltige\/\" \/>\n<meta name=\"twitter:card\" content=\"summary_large_image\" \/>\n<meta name=\"twitter:label1\" content=\"Estimation du temps de lecture\" \/>\n\t<meta name=\"twitter:data1\" content=\"2 minutes\" \/>\n<script type=\"application\/ld+json\" class=\"yoast-schema-graph\">{\"@context\":\"https:\/\/schema.org\",\"@graph\":[{\"@type\":\"WebPage\",\"@id\":\"https:\/\/parachutevoltige.com\/fr\/concours-contest-2024-2\/\",\"url\":\"https:\/\/parachutevoltige.com\/fr\/concours-contest-2024-2\/\",\"name\":\"Concours 2024 | Contest 2024 - Parachute Voltige\",\"isPartOf\":{\"@id\":\"https:\/\/parachutevoltige.com\/fr\/#website\"},\"datePublished\":\"2025-10-15T18:29:21+00:00\",\"breadcrumb\":{\"@id\":\"https:\/\/parachutevoltige.com\/fr\/concours-contest-2024-2\/#breadcrumb\"},\"inLanguage\":\"fr-CA\",\"potentialAction\":[{\"@type\":\"ReadAction\",\"target\":[\"https:\/\/parachutevoltige.com\/fr\/concours-contest-2024-2\/\"]}]},{\"@type\":\"BreadcrumbList\",\"@id\":\"https:\/\/parachutevoltige.com\/fr\/concours-contest-2024-2\/#breadcrumb\",\"itemListElement\":[{\"@type\":\"ListItem\",\"position\":1,\"name\":\"Home\",\"item\":\"https:\/\/parachutevoltige.com\/fr\/\"},{\"@type\":\"ListItem\",\"position\":2,\"name\":\"Concours 2024 | Contest 2024\"}]},{\"@type\":\"WebSite\",\"@id\":\"https:\/\/parachutevoltige.com\/fr\/#website\",\"url\":\"https:\/\/parachutevoltige.com\/fr\/\",\"name\":\"Parachute Voltige\",\"description\":\"\",\"publisher\":{\"@id\":\"https:\/\/parachutevoltige.com\/fr\/#organization\"},\"potentialAction\":[{\"@type\":\"SearchAction\",\"target\":{\"@type\":\"EntryPoint\",\"urlTemplate\":\"https:\/\/parachutevoltige.com\/fr\/?s={search_term_string}\"},\"query-input\":{\"@type\":\"PropertyValueSpecification\",\"valueRequired\":true,\"valueName\":\"search_term_string\"}}],\"inLanguage\":\"fr-CA\"},{\"@type\":\"Organization\",\"@id\":\"https:\/\/parachutevoltige.com\/fr\/#organization\",\"name\":\"Voltige | \u00c9cole de parachutisme\",\"url\":\"https:\/\/parachutevoltige.com\/fr\/\",\"logo\":{\"@type\":\"ImageObject\",\"inLanguage\":\"fr-CA\",\"@id\":\"https:\/\/parachutevoltige.com\/fr\/#\/schema\/logo\/image\/\",\"url\":\"https:\/\/parachutevoltige.com\/wp-content\/uploads\/2019\/05\/Voltige_logo.png\",\"contentUrl\":\"https:\/\/parachutevoltige.com\/wp-content\/uploads\/2019\/05\/Voltige_logo.png\",\"width\":462,\"height\":132,\"caption\":\"Voltige | \u00c9cole de parachutisme\"},\"image\":{\"@id\":\"https:\/\/parachutevoltige.com\/fr\/#\/schema\/logo\/image\/\"},\"sameAs\":[\"https:\/\/www.facebook.com\/ParachuteVoltige\/\"]}]}<\/script>\n<!-- \/ Yoast SEO plugin. -->","yoast_head_json":{"title":"Concours 2024 | Contest 2024 - Parachute Voltige","robots":{"index":"index","follow":"follow","max-snippet":"max-snippet:-1","max-image-preview":"max-image-preview:large","max-video-preview":"max-video-preview:-1"},"canonical":"https:\/\/parachutevoltige.com\/fr\/concours-contest-2024-2\/","og_locale":"fr_CA","og_type":"article","og_title":"Concours 2024 | Contest 2024 - Parachute Voltige","og_description":"C&rsquo;est avec une profonde gratitude que nous vous adressons nos plus sinc\u00e8res remerciements pour votre confiance continue. Chaque interaction avec vous a \u00e9t\u00e9 une source d&rsquo;inspiration pour notre \u00e9quipe, nous motivant \u00e0 nous surpasser constamment pour vous offrir le meilleur. Pour clore la saison de sauts 2024 nous vous invitons \u00e0 participer \u00e0 notre fameux [&hellip;]","og_url":"https:\/\/parachutevoltige.com\/fr\/concours-contest-2024-2\/","og_site_name":"Parachute Voltige","article_publisher":"https:\/\/www.facebook.com\/ParachuteVoltige\/","twitter_card":"summary_large_image","twitter_misc":{"Estimation du temps de lecture":"2 minutes"},"schema":{"@context":"https:\/\/schema.org","@graph":[{"@type":"WebPage","@id":"https:\/\/parachutevoltige.com\/fr\/concours-contest-2024-2\/","url":"https:\/\/parachutevoltige.com\/fr\/concours-contest-2024-2\/","name":"Concours 2024 | Contest 2024 - Parachute Voltige","isPartOf":{"@id":"https:\/\/parachutevoltige.com\/fr\/#website"},"datePublished":"2025-10-15T18:29:21+00:00","breadcrumb":{"@id":"https:\/\/parachutevoltige.com\/fr\/concours-contest-2024-2\/#breadcrumb"},"inLanguage":"fr-CA","potentialAction":[{"@type":"ReadAction","target":["https:\/\/parachutevoltige.com\/fr\/concours-contest-2024-2\/"]}]},{"@type":"BreadcrumbList","@id":"https:\/\/parachutevoltige.com\/fr\/concours-contest-2024-2\/#breadcrumb","itemListElement":[{"@type":"ListItem","position":1,"name":"Home","item":"https:\/\/parachutevoltige.com\/fr\/"},{"@type":"ListItem","position":2,"name":"Concours 2024 | Contest 2024"}]},{"@type":"WebSite","@id":"https:\/\/parachutevoltige.com\/fr\/#website","url":"https:\/\/parachutevoltige.com\/fr\/","name":"Parachute Voltige","description":"","publisher":{"@id":"https:\/\/parachutevoltige.com\/fr\/#organization"},"potentialAction":[{"@type":"SearchAction","target":{"@type":"EntryPoint","urlTemplate":"https:\/\/parachutevoltige.com\/fr\/?s={search_term_string}"},"query-input":{"@type":"PropertyValueSpecification","valueRequired":true,"valueName":"search_term_string"}}],"inLanguage":"fr-CA"},{"@type":"Organization","@id":"https:\/\/parachutevoltige.com\/fr\/#organization","name":"Voltige | \u00c9cole de parachutisme","url":"https:\/\/parachutevoltige.com\/fr\/","logo":{"@type":"ImageObject","inLanguage":"fr-CA","@id":"https:\/\/parachutevoltige.com\/fr\/#\/schema\/logo\/image\/","url":"https:\/\/parachutevoltige.com\/wp-content\/uploads\/2019\/05\/Voltige_logo.png","contentUrl":"https:\/\/parachutevoltige.com\/wp-content\/uploads\/2019\/05\/Voltige_logo.png","width":462,"height":132,"caption":"Voltige | \u00c9cole de parachutisme"},"image":{"@id":"https:\/\/parachutevoltige.com\/fr\/#\/schema\/logo\/image\/"},"sameAs":["https:\/\/www.facebook.com\/ParachuteVoltige\/"]}]}},"_links":{"self":[{"href":"https:\/\/parachutevoltige.com\/fr\/wp-json\/wp\/v2\/pages\/196632","targetHints":{"allow":["GET"]}}],"collection":[{"href":"https:\/\/parachutevoltige.com\/fr\/wp-json\/wp\/v2\/pages"}],"about":[{"href":"https:\/\/parachutevoltige.com\/fr\/wp-json\/wp\/v2\/types\/page"}],"author":[{"embeddable":true,"href":"https:\/\/parachutevoltige.com\/fr\/wp-json\/wp\/v2\/users\/2391"}],"replies":[{"embeddable":true,"href":"https:\/\/parachutevoltige.com\/fr\/wp-json\/wp\/v2\/comments?post=196632"}],"version-history":[{"count":0,"href":"https:\/\/parachutevoltige.com\/fr\/wp-json\/wp\/v2\/pages\/196632\/revisions"}],"wp:attachment":[{"href":"https:\/\/parachutevoltige.com\/fr\/wp-json\/wp\/v2\/media?parent=196632"}],"curies":[{"name":"wp","href":"https:\/\/api.w.org\/{rel}","templated":true}]}}