{"id":198311,"date":"2025-10-27T12:29:10","date_gmt":"2025-10-27T16:29:10","guid":{"rendered":"https:\/\/parachutevoltige.com\/reglements-du-concours-2-2\/"},"modified":"2025-10-27T12:29:10","modified_gmt":"2025-10-27T16:29:10","slug":"reglements-du-concours-2-2","status":"publish","type":"page","link":"https:\/\/parachutevoltige.com\/fr\/reglements-du-concours-2-2\/","title":{"rendered":"R\u00e9glements du concours"},"content":{"rendered":"<p><strong>Organis\u00e9 par Parachute Voltige<\/strong><\/p>\n<p><strong>1. MODALIT\u00c9S DE PARTICIPATION<\/strong><br \/>\nAucun achat requis. Pour participer au Concours, il suffit de visiter la zone Concour se du site Internet de ParachuteVoltige.com (le \u00ab Site Internet \u00bb), remplir le formulaire officiel de participation disponible sur le Site Internet.&nbsp; Les participants doivent par la suite cliquer sur le bouton pour soumettre le formulaire de participation.&nbsp; En soumettant une participation, vous reconnaissez avoir lu le r\u00e8glement officiel du Concours et acceptez de vous y conformer. Les cases du formulaire comportant un ast\u00e9risque ou autrement indiqu\u00e9es comme obligatoires doivent \u00eatre remplies pour participer au Concours. Les autres renseignements demand\u00e9s sont utiles, mais il n\u2019est pas obligatoire de les fournir pour participer au Concours.&nbsp; Pour \u00eatre valides, les participations doivent \u00eatre re\u00e7ues au plus tard le 22 octobre 2023 \u00e0 23h59, heure de l\u2019Est. Limite d\u2019une participation par personne pour toute la dur\u00e9e du Concours. Toute personne qui participe ou tente de participer plus d\u2019une fois ou qui utilise une m\u00e9thode de duplication robotis\u00e9e, automatique, m\u00e9canique, \u00e9lectronique ou autre non autoris\u00e9e aux termes du pr\u00e9sent r\u00e8glement sera consid\u00e9r\u00e9e comme ayant fait une tentative de falsification ou de manipulation, ce qui entra\u00eenera automatiquement sa disqualification.&nbsp; Aucune participation ne sera accept\u00e9e apr\u00e8s l\u2019\u00e9ch\u00e9ance pour quelque raison que ce soit. Les participations re\u00e7ues apr\u00e8s une \u00e9ch\u00e9ance fix\u00e9e seront rejet\u00e9es.<\/p>\n<p><strong>CONDITIONS D\u2019ADMISSIBILIT\u00c9<\/strong><br \/>\nLes participants doivent r\u00e9sider au Qu\u00e9bec et \u00eatre \u00e2g\u00e9 de 18 ans et plus en date du d\u00e9but du Concours.&nbsp;&nbsp; Les membres du Jury, les employ\u00e9s de Parachute Voltige, ainsi que les membres de leur famille imm\u00e9diate (p\u00e8re\/m\u00e8re, fr\u00e8re\/s\u0153ur, (incluant beau-fr\u00e8re\/belle-s\u0153ur, demi-fr\u00e8re\/demi-s\u0153ur, etc.) fils\/fille) et les personnes vivant sous leur toit ne sont pas admissibles au Concours.<\/p>\n<p><strong>MODE D\u2019ATTRIBUTION DES PRIX<\/strong><br \/>\nUn tirage au sort sera effectu\u00e9 apr\u00e8s la cl\u00f4ture du Concours par les repr\u00e9sentants de Parachute Voltige parmi toutes les participations admissibles re\u00e7ues pendant la Dur\u00e9e du Concours.&nbsp; Un (1) participant tir\u00e9 au sort sera d\u00e9clar\u00e9 gagnant du prix, sous r\u00e9serve de remplir toutes les conditions d\u00e9crites au pr\u00e9sent r\u00e8glement. Chaque gagnant potentiel sera contact\u00e9 par t\u00e9l\u00e9phone, courriel ou compte de m\u00e9dia social au num\u00e9ro ou information indiqu\u00e9(e) sur le formulaire de participation ou utilis\u00e9(e) pour participer et devra r\u00e9clamer son prix selon les instructions de Parachute Voltige dans un d\u00e9lai maximum de trois (3) jours \u00e0 partir de la date et de l\u2019heure \u00e0 laquelle il aura \u00e9t\u00e9 contact\u00e9 pour la premi\u00e8re fois. Dans l\u2019\u00e9ventualit\u00e9 o\u00f9 il serait impossible de joindre un gagnant potentiel dans ce d\u00e9lai ou refuse le prix ou est d\u00e9clar\u00e9 inadmissible, le prix sera automatiquement annul\u00e9 et Parachute Voltige pourra, \u00e0 son enti\u00e8re discr\u00e9tion, d\u00e9signer un autre gagnant potentiel.<\/p>\n<p>4. <strong>DESCRIPTION DU PRIX<\/strong><\/p>\n<p>Notre saut tandem coup de c\u0153ur \u00e0 13&nbsp;500 pieds incluant&nbsp;:<\/p>\n<ul>\n<li>La formation<\/li>\n<li>Une chute libre de plus de 50 secondes<\/li>\n<li>Le pilotage du parachute<\/li>\n<li>La location d\u2019une combinaison de saut et des lunettes<\/li>\n<li>Un certificat de premi\u00e8re chute libre<\/li>\n<\/ul>\n<p><strong>CONDITIONS G\u00c9N\u00c9RALES<\/strong><br \/>\n5.1. Pour \u00eatre d\u00e9clar\u00e9 gagnant, le participant s\u00e9lectionn\u00e9 lors d\u2019un tirage au sort doit r\u00e9pondre correctement \u00e0 une question d\u2019habilet\u00e9 math\u00e9matique.<br \/>\n5.2. En participant au Concours vous :<\/p>\n<p>a. reconnaissez avoir lu et accept\u00e9 le r\u00e8glement du Concours et vous y conformer<\/p>\n<p>b. Confirmez satisfaire tous les crit\u00e8res d\u2019admissibilit\u00e9 au Concours et acceptez le prix et y prendre part (si vous l\u2019emportez);<\/p>\n<p>c. sous r\u00e9serve de r\u00e9pondre correctement \u00e0 la question d\u2019habilet\u00e9 math\u00e9matique, acceptez tel quel le prix offert par Parachute Voltige;<\/p>\n<p>d. consentez \u00e0 ce que votre nom, le nom de votre ville et province de r\u00e9sidence, votre image, vos d\u00e9clarations et\/ou votre voix de m\u00eame que votre Contenu soient communiqu\u00e9s et utilis\u00e9s sans compensation par Parachute Voltige&nbsp; \u00e0 des fins de promotion et autres fins en lien avec le Concours;<\/p>\n<p>e. vos h\u00e9ritiers, vos successeurs et vos ayants droit d\u00e9gagez Parachute Voltige et tout Commanditaire\/Fournisseur de prix de m\u00eame que ses\/leurs soci\u00e9t\u00e9s affili\u00e9es, filiales, administrateurs, dirigeants, agents, consultants, b\u00e9n\u00e9voles et employ\u00e9s respectifs (les \u00ab Organisateurs du Concours \u00bb) de toute responsabilit\u00e9 \u00e0 l\u2019\u00e9gard de dommages, compensatoire, direct, indirect, cons\u00e9cutif ou autre pouvant d\u00e9couler de votre participation au Concours, de l\u2019utilisation de Votre Contenu et de l\u2019attribution, l\u2019acceptation et l\u2019utilisation du prix d\u00e9cern\u00e9 (si vous l\u2019emportez).<\/p>\n<p>5.3. Si le prix permet au gagnant d\u2019\u00eatre accompagn\u00e9 par une ou plusieurs personnes sur le site de Parachute Voltige, toute personne accompagnant le gagnant en lien avec le prix doit signer un formulaire d\u2019attestation et quittance dans lequel elle consent \u00e0 ce que son nom, son image et\/ou sa voix soit utilis\u00e9\/soient utilis\u00e9s sans aucune compensation pour la promotion du Concours, et d\u00e9gage les Organisateurs du Concours de toute responsabilit\u00e9 \u00e0 l\u2019\u00e9gard des dommages ou pertes pouvant d\u00e9couler de l\u2019utilisation du prix d\u00e9cern\u00e9 au gagnant.<\/p>\n<p>5.4. Le prix devra \u00eatre accept\u00e9 comme tel et ne pourra \u00eatre ni \u00e9chang\u00e9, ni rembours\u00e9, ni vendu, ni transf\u00e9r\u00e9. Aucune substitution ne sera accord\u00e9e. Toute portion inutilis\u00e9e d\u2019un prix attribu\u00e9, pour quelque raison que ce soit, sera annul\u00e9e.<\/p>\n<p>5.5. En cas d\u2019impossibilit\u00e9 de fournir le prix exactement comme il est d\u00e9crit dans le pr\u00e9sent r\u00e8glement, les Organisateurs du Concours se r\u00e9servent le droit de lui substituer un prix ou un \u00e9l\u00e9ment d\u2019une valeur approximativement \u00e9quivalente, \u00e0 leur enti\u00e8re discr\u00e9tion.<\/p>\n<p>5.6. Le refus d\u2019accepter le prix ou une partie du prix d\u00e9gage les Organisateurs du Concours de toute obligation \u00e0 l\u2019\u00e9gard du gagnant concernant le prix ou la partie du prix en cause.<\/p>\n<p>5.7. Toute fausse d\u00e9claration de la part d\u2019un participant entra\u00eene automatiquement sa disqualification du Concours.<\/p>\n<p>5.8 Parachute Voltige pourra, \u00e0 son enti\u00e8re discr\u00e9tion, exiger une preuve d\u2019identit\u00e9 ou d\u2019\u00e2ge d\u2019un participant. Le refus de fournir la preuve demand\u00e9e entra\u00eenera automatiquement la disqualification du participant.<\/p>\n<p>5.9. Lorsque le prix est attribu\u00e9 par vote, Parachute Voltige se r\u00e9serve le droit d\u2019annuler tout vote jug\u00e9 ill\u00e9gal ou ill\u00e9gitime et de faire les ajustements en cons\u00e9quence dans le calcul du nombre de votes re\u00e7us par le participant concern\u00e9.<\/p>\n<p>5.10. Les Organisateurs du Concours d\u00e9clinent toute responsabilit\u00e9 pour les pertes, dommages ou pr\u00e9judice corporel de toute sorte, y compris sans toutefois s\u2019y limiter : i) les participations perdues, vol\u00e9es, livr\u00e9es en retard, ab\u00eem\u00e9es, mal achemin\u00e9es, d\u00e9truites, illisibles ou incompl\u00e8tes; ii) la perte, le vol ou la perte d\u2019int\u00e9grit\u00e9 de logiciels ou de donn\u00e9es informatiques ou t\u00e9l\u00e9phoniques, y compris les atteintes \u00e0 la vie priv\u00e9e; iii) les appels frauduleux; iv)l\u2019incapacit\u00e9 de toute personne de participer au Concours pour quelque raison que ce soit, y compris, mais sans s\u2019y limiter, des erreurs d\u2019adresses postales ou de messagerie \u00e9lectronique, des d\u00e9faillances informatiques ou t\u00e9l\u00e9phoniques ou tout autre probl\u00e8me de fonctionnement des syst\u00e8mes informatiques en ligne, des serveurs, des fournisseurs d\u2019acc\u00e8s, de l\u2019\u00e9quipement informatique ou des logiciels; des participations perdues, livr\u00e9es en retard, incompl\u00e8tes, illisibles ou mal achemin\u00e9es; des bogues, des pannes de services, des \u00e9checs ou pertes de transmission d\u2019origine mat\u00e9rielle ou logicielle, des retards de transmission ou le compromissions des donn\u00e9es transmises; des probl\u00e8mes de congestion sur Internet ou un tout autre site web, ou de toute combinaison des facteurs qui pr\u00e9c\u00e8dent; v) des dommages caus\u00e9s au mat\u00e9riel informatique de toute personne, y compris ceux r\u00e9sultant de l\u2019utilisation ou du t\u00e9l\u00e9chargement de tout contenu li\u00e9 au Concours; vi) de tout retard ou de toute incapacit\u00e9 d\u2019agir en raison d\u2019un \u00e9v\u00e9nement ou d\u2019une situation \u00e9chappant \u00e0 leur contr\u00f4le, y compris une gr\u00e8ve, un lock-out ou tout autre conflit de travail \u00e0 leur \u00e9tablissement ou aux \u00e9tablissements des organisations ou entreprises dont les services sont utilis\u00e9s pour la tenue du Concours; vii) la perte, le bris ou le mauvais acheminement des prix lors de la livraison ou (viii) la perte, les dommages, les d\u00e9fectuosit\u00e9s ou l\u2019incapacit\u00e9 d\u2019utiliser le prix une fois qu\u2019il a \u00e9t\u00e9 d\u00e9cern\u00e9 au gagnant pour quelque raison que ce soit.<\/p>\n<p>5.11. Les m\u00e9dias sociaux ou autres plateformes utilis\u00e9es pour ce Concours, ainsi que leurs soci\u00e9t\u00e9s m\u00e8res, soci\u00e9t\u00e9s affili\u00e9es, administrateurs, dirigeants, agents, consultants, b\u00e9n\u00e9voles et employ\u00e9s respectifs se d\u00e9gagent de toute responsabilit\u00e9 ayant trait aux dommages, dommages compensatoires, directs, indirects, cons\u00e9cutifs ou autres, pouvant \u00eatre caus\u00e9s par la participation au Concours ou le t\u00e9l\u00e9chargement de toute information relative au Concours ou pouvant en d\u00e9couler de quelque fa\u00e7on que ce soit.<\/p>\n<p>5.12. Vous acceptez que dans votre utilisation des m\u00e9dias sociaux ou d\u2019autres plateformes pour ce Concours \u2013 y compris, sans s\u2019y limiter, dans les zones de clavardage et \u00e0 l\u2019inscription et dans l\u2019utilisation de comptes de m\u00e9dias sociaux, de noms d\u2019utilisateurs ou de noms de groupes \u2013 de ne pas employer de langage obsc\u00e8ne, diffamatoire ou injurieux, qui porte atteinte \u00e0 la marque de commerce ou \u00e0 la d\u00e9nomination commerciale d\u2019un tiers, ou qui viole tout autre droit de propri\u00e9t\u00e9 intellectuelle ou de droit \u00e0 la vie priv\u00e9e.<\/p>\n<p>5.13. S\u2019il est d\u00e9termin\u00e9 par Parachute Voltige que des personnes alt\u00e8rent ou utilisent \u00e0 mauvais escient tout aspect du Concours, notamment, mais sans s\u2019y limiter, en contrevenant \u00e0 son r\u00e8glement, en tentant de participer au Concours plus que le nombre maximum de fois permis, en agissant de mani\u00e8re \u00e0 nuire au d\u00e9roulement normal du Concours, ces personnes seront disqualifi\u00e9es. Toute personne qui participe ou tente de participer au Concours en utilisant des m\u00e9thodes de duplication robotis\u00e9es, automatis\u00e9es, macro, ou programm\u00e9es, de tiers ou toute autre m\u00e9thode semblable, se verra annuler ces tentatives et cette personne sera disqualifi\u00e9e \u00e0 la seule et enti\u00e8re discr\u00e9tion de Parachute Voltige.<\/p>\n<p>5.14. Lorsque le r\u00e8glement du Concours permet l\u2019utilisation d\u2019un m\u00e9dia social tel Facebook, Instagram, Tik Tok, Twitter ou tout autre r\u00e9seau social pour y participer, les participants sont inform\u00e9s que le m\u00e9dia social et chacun de ses responsables et agents n\u2019assument aucune responsabilit\u00e9, quelle qu\u2019elle soit, en rapport avec la tenue du Concours. Toutefois, en participant via un m\u00e9dia social, toutes les r\u00e8gles r\u00e9gissant l\u2019utilisation de celui-ci s\u2019appliquent.<\/p>\n<p>5.15. Parachute Voltige se r\u00e9serve le droit d\u2019annuler ou de suspendre le Concours \u00e0 sa seule discr\u00e9tion, pour quelque raison que ce soit, y compris sans toutefois s\u2019y limiter, si un virus, un bogue ou un autre facteur \u00e9chappant \u00e0 son contr\u00f4le contrevient \u00e0 la s\u00e9curit\u00e9 ou \u00e0 la bonne administration du Concours. Toute tentative de causer intentionnellement des dommages \u00e0 tout site web ou de nuire au d\u00e9roulement l\u00e9gitime de ce Concours constitue une violation des lois criminelles et civiles. Le cas \u00e9ch\u00e9ant, Parachute Voltige se r\u00e9serve le droit de chercher r\u00e9paration par tout moyen l\u00e9gal \u00e0 sa disposition, dont un recours en dommages-int\u00e9r\u00eats, y compris des poursuites criminelles.<\/p>\n<p>5.16. Les renseignements personnels demand\u00e9s sur le formulaire de participation, tels que les nom(s) et pr\u00e9nom(s), la date de naissance (le cas \u00e9ch\u00e9ant) et les coordonn\u00e9es, sont recueillis par Parachute Voltige et utilis\u00e9s par Radio-Canada et le Commanditaire\/Fournisseur de prix exclusivement pour les fins du Concours et ne serviront \u00e0 aucune autre fin sans le consentement expr\u00e8s du participant. En fournissant ces renseignements, les participants consentent \u00e0 leur utilisation aux fins indiqu\u00e9es.<\/p>\n<p>5.17. En cas de litige quant \u00e0 l\u2019identit\u00e9 d\u2019un participant, le titulaire autoris\u00e9 du compte de courriel au moment o\u00f9 la participation a \u00e9t\u00e9 soumise sera r\u00e9put\u00e9 \u00eatre le participant. La personne ayant re\u00e7u l&rsquo;adresse \u00e9lectronique pour le domaine associ\u00e9 \u00e0 l&rsquo;adresse \u00e9lectronique pr\u00e9sent\u00e9e est consid\u00e9r\u00e9e comme \u00e9tant le titulaire autoris\u00e9 du compte. Un participant tir\u00e9 au sort pourrait avoir \u00e0 fournir la preuve qu\u2019il est le titulaire autoris\u00e9 du compte de courriel associ\u00e9 \u00e0 la participation. Toutes les participations doivent \u00eatre soumises \u00e0 partir d\u2019un compte de courriel valide pouvant \u00eatre identifi\u00e9 par une recherche inverse du nom de domaine. L&rsquo;heure et la date de l&rsquo;envoi d&rsquo;une participation dans le cadre du Concours, en vue d\u2019\u00e9tablir la validit\u00e9 de cet envoi, seront d\u00e9termin\u00e9es uniquement par le serveur du Concours.<\/p>\n<p>5.18. Les chances de gagner d\u00e9pendent du nombre de participations admissibles re\u00e7ues. Parachute Voltige se r\u00e9serve le droit de disqualifier toutes les participations incompl\u00e8tes, illisibles,endommag\u00e9es, irr\u00e9guli\u00e8res, soumises par des moyens illicites, envoy\u00e9es par des m\u00e9thodes d\u2019envoi automatis\u00e9es ou robotis\u00e9es qui ont pour effet d\u2019accro\u00eetre de mani\u00e8re artificielle les chances de gagner ou qui ne sont pas strictement conformes au r\u00e8glement du Concours. Parachute Voltige d\u00e9cline toute responsabilit\u00e9 \u00e0 l\u2019\u00e9gard des erreurs ou omissions dans l\u2019impression du mat\u00e9riel ou la publicit\u00e9 li\u00e9s au Concours.<\/p>\n<p>5.19. Parachute Voltige se r\u00e9serve le droit de modifier le r\u00e8glement du Concours ou de mettre fin au Concours en tout temps sans engager sa responsabilit\u00e9 de quelque mani\u00e8re que ce soit \u00e0 l\u2019\u00e9gard d\u2019un participant. Les changements apport\u00e9s au r\u00e8glement du Concours seront publi\u00e9s<br \/>\nsur le Site Web.<\/p>\n<p>5.20. En participant au Concours, les participants acceptent de se conformer au pr\u00e9sent r\u00e8glement et aux d\u00e9cisions prises par Parachute Voltige, le Commanditaire\/Fournisseur de prix et\/ou le Jury, qui sont finales et ex\u00e9cutoires.<\/p>\n<p>5.21. La participation au Concours, de m\u00eame que le consentement des participants \u00e0 participer et \u00e0 se conformer au r\u00e8glement du Concours. En soumettant leur formulaire de participation, les participants acceptent de se soumettre \u00e0 la comp\u00e9tence exclusive des tribunaux du Qu\u00e9bec. Si vous avez des exigences en mati\u00e8re d\u2019accessibilit\u00e9 ou des besoins sp\u00e9ciaux, veuillez contacter le coordonnateur du Concours mentionn\u00e9 ci-dessous.<\/p>\n<p>PARACHUTE VOLTIGE<br \/>\nCommunications<br \/>\n<a href=\"mailto:info@parachutevoltige.com\">info@parachutevoltige.com<\/a><\/p>\n<p>&nbsp;<\/p>\n","protected":false},"excerpt":{"rendered":"<p>Organis\u00e9 par Parachute Voltige 1. MODALIT\u00c9S DE PARTICIPATION Aucun achat requis. Pour participer au Concours, il suffit de visiter la zone Concour se du site Internet de ParachuteVoltige.com (le \u00ab Site Internet \u00bb), remplir le formulaire officiel de participation disponible sur le Site Internet.&nbsp; Les participants doivent par la suite cliquer sur le bouton pour [&hellip;]<\/p>\n","protected":false},"author":2391,"featured_media":0,"parent":0,"menu_order":8,"comment_status":"closed","ping_status":"closed","template":"","meta":{"_acf_changed":false,"_exactmetrics_skip_tracking":false,"_exactmetrics_sitenote_active":false,"_exactmetrics_sitenote_note":"","_exactmetrics_sitenote_category":0,"ngg_post_thumbnail":0,"footnotes":""},"class_list":["post-198311","page","type-page","status-publish","hentry"],"acf":[],"yoast_head":"<!-- This site is optimized with the Yoast SEO plugin v27.4 - https:\/\/yoast.com\/product\/yoast-seo-wordpress\/ -->\n<title>R\u00e9glements du concours - Parachute Voltige<\/title>\n<meta name=\"robots\" content=\"index, follow, max-snippet:-1, max-image-preview:large, max-video-preview:-1\" \/>\n<link rel=\"canonical\" href=\"https:\/\/parachutevoltige.com\/fr\/reglements-du-concours-2-2\/\" \/>\n<meta property=\"og:locale\" content=\"fr_CA\" \/>\n<meta property=\"og:type\" content=\"article\" \/>\n<meta property=\"og:title\" content=\"R\u00e9glements du concours - Parachute Voltige\" \/>\n<meta property=\"og:description\" content=\"Organis\u00e9 par Parachute Voltige 1. MODALIT\u00c9S DE PARTICIPATION Aucun achat requis. Pour participer au Concours, il suffit de visiter la zone Concour se du site Internet de ParachuteVoltige.com (le \u00ab Site Internet \u00bb), remplir le formulaire officiel de participation disponible sur le Site Internet.&nbsp; Les participants doivent par la suite cliquer sur le bouton pour [&hellip;]\" \/>\n<meta property=\"og:url\" content=\"https:\/\/parachutevoltige.com\/fr\/reglements-du-concours-2-2\/\" \/>\n<meta property=\"og:site_name\" content=\"Parachute Voltige\" \/>\n<meta property=\"article:publisher\" content=\"https:\/\/www.facebook.com\/ParachuteVoltige\/\" \/>\n<meta name=\"twitter:card\" content=\"summary_large_image\" \/>\n<meta name=\"twitter:label1\" content=\"Estimation du temps de lecture\" \/>\n\t<meta name=\"twitter:data1\" content=\"11 minutes\" \/>\n<script type=\"application\/ld+json\" class=\"yoast-schema-graph\">{\"@context\":\"https:\\\/\\\/schema.org\",\"@graph\":[{\"@type\":\"WebPage\",\"@id\":\"https:\\\/\\\/parachutevoltige.com\\\/fr\\\/reglements-du-concours-2-2\\\/\",\"url\":\"https:\\\/\\\/parachutevoltige.com\\\/fr\\\/reglements-du-concours-2-2\\\/\",\"name\":\"R\u00e9glements du concours - Parachute Voltige\",\"isPartOf\":{\"@id\":\"https:\\\/\\\/parachutevoltige.com\\\/fr\\\/#website\"},\"datePublished\":\"2025-10-27T16:29:10+00:00\",\"breadcrumb\":{\"@id\":\"https:\\\/\\\/parachutevoltige.com\\\/fr\\\/reglements-du-concours-2-2\\\/#breadcrumb\"},\"inLanguage\":\"fr-CA\",\"potentialAction\":[{\"@type\":\"ReadAction\",\"target\":[\"https:\\\/\\\/parachutevoltige.com\\\/fr\\\/reglements-du-concours-2-2\\\/\"]}]},{\"@type\":\"BreadcrumbList\",\"@id\":\"https:\\\/\\\/parachutevoltige.com\\\/fr\\\/reglements-du-concours-2-2\\\/#breadcrumb\",\"itemListElement\":[{\"@type\":\"ListItem\",\"position\":1,\"name\":\"Home\",\"item\":\"https:\\\/\\\/parachutevoltige.com\\\/fr\\\/\"},{\"@type\":\"ListItem\",\"position\":2,\"name\":\"R\u00e9glements du concours\"}]},{\"@type\":\"WebSite\",\"@id\":\"https:\\\/\\\/parachutevoltige.com\\\/fr\\\/#website\",\"url\":\"https:\\\/\\\/parachutevoltige.com\\\/fr\\\/\",\"name\":\"Parachute Voltige\",\"description\":\"\",\"publisher\":{\"@id\":\"https:\\\/\\\/parachutevoltige.com\\\/fr\\\/#organization\"},\"potentialAction\":[{\"@type\":\"SearchAction\",\"target\":{\"@type\":\"EntryPoint\",\"urlTemplate\":\"https:\\\/\\\/parachutevoltige.com\\\/fr\\\/?s={search_term_string}\"},\"query-input\":{\"@type\":\"PropertyValueSpecification\",\"valueRequired\":true,\"valueName\":\"search_term_string\"}}],\"inLanguage\":\"fr-CA\"},{\"@type\":\"Organization\",\"@id\":\"https:\\\/\\\/parachutevoltige.com\\\/fr\\\/#organization\",\"name\":\"Voltige | \u00c9cole de parachutisme\",\"url\":\"https:\\\/\\\/parachutevoltige.com\\\/fr\\\/\",\"logo\":{\"@type\":\"ImageObject\",\"inLanguage\":\"fr-CA\",\"@id\":\"https:\\\/\\\/parachutevoltige.com\\\/fr\\\/#\\\/schema\\\/logo\\\/image\\\/\",\"url\":\"https:\\\/\\\/parachutevoltige.com\\\/wp-content\\\/uploads\\\/2019\\\/05\\\/Voltige_logo.png\",\"contentUrl\":\"https:\\\/\\\/parachutevoltige.com\\\/wp-content\\\/uploads\\\/2019\\\/05\\\/Voltige_logo.png\",\"width\":462,\"height\":132,\"caption\":\"Voltige | \u00c9cole de parachutisme\"},\"image\":{\"@id\":\"https:\\\/\\\/parachutevoltige.com\\\/fr\\\/#\\\/schema\\\/logo\\\/image\\\/\"},\"sameAs\":[\"https:\\\/\\\/www.facebook.com\\\/ParachuteVoltige\\\/\"]}]}<\/script>\n<!-- \/ Yoast SEO plugin. -->","yoast_head_json":{"title":"R\u00e9glements du concours - Parachute Voltige","robots":{"index":"index","follow":"follow","max-snippet":"max-snippet:-1","max-image-preview":"max-image-preview:large","max-video-preview":"max-video-preview:-1"},"canonical":"https:\/\/parachutevoltige.com\/fr\/reglements-du-concours-2-2\/","og_locale":"fr_CA","og_type":"article","og_title":"R\u00e9glements du concours - Parachute Voltige","og_description":"Organis\u00e9 par Parachute Voltige 1. MODALIT\u00c9S DE PARTICIPATION Aucun achat requis. Pour participer au Concours, il suffit de visiter la zone Concour se du site Internet de ParachuteVoltige.com (le \u00ab Site Internet \u00bb), remplir le formulaire officiel de participation disponible sur le Site Internet.&nbsp; Les participants doivent par la suite cliquer sur le bouton pour [&hellip;]","og_url":"https:\/\/parachutevoltige.com\/fr\/reglements-du-concours-2-2\/","og_site_name":"Parachute Voltige","article_publisher":"https:\/\/www.facebook.com\/ParachuteVoltige\/","twitter_card":"summary_large_image","twitter_misc":{"Estimation du temps de lecture":"11 minutes"},"schema":{"@context":"https:\/\/schema.org","@graph":[{"@type":"WebPage","@id":"https:\/\/parachutevoltige.com\/fr\/reglements-du-concours-2-2\/","url":"https:\/\/parachutevoltige.com\/fr\/reglements-du-concours-2-2\/","name":"R\u00e9glements du concours - Parachute Voltige","isPartOf":{"@id":"https:\/\/parachutevoltige.com\/fr\/#website"},"datePublished":"2025-10-27T16:29:10+00:00","breadcrumb":{"@id":"https:\/\/parachutevoltige.com\/fr\/reglements-du-concours-2-2\/#breadcrumb"},"inLanguage":"fr-CA","potentialAction":[{"@type":"ReadAction","target":["https:\/\/parachutevoltige.com\/fr\/reglements-du-concours-2-2\/"]}]},{"@type":"BreadcrumbList","@id":"https:\/\/parachutevoltige.com\/fr\/reglements-du-concours-2-2\/#breadcrumb","itemListElement":[{"@type":"ListItem","position":1,"name":"Home","item":"https:\/\/parachutevoltige.com\/fr\/"},{"@type":"ListItem","position":2,"name":"R\u00e9glements du concours"}]},{"@type":"WebSite","@id":"https:\/\/parachutevoltige.com\/fr\/#website","url":"https:\/\/parachutevoltige.com\/fr\/","name":"Parachute Voltige","description":"","publisher":{"@id":"https:\/\/parachutevoltige.com\/fr\/#organization"},"potentialAction":[{"@type":"SearchAction","target":{"@type":"EntryPoint","urlTemplate":"https:\/\/parachutevoltige.com\/fr\/?s={search_term_string}"},"query-input":{"@type":"PropertyValueSpecification","valueRequired":true,"valueName":"search_term_string"}}],"inLanguage":"fr-CA"},{"@type":"Organization","@id":"https:\/\/parachutevoltige.com\/fr\/#organization","name":"Voltige | \u00c9cole de parachutisme","url":"https:\/\/parachutevoltige.com\/fr\/","logo":{"@type":"ImageObject","inLanguage":"fr-CA","@id":"https:\/\/parachutevoltige.com\/fr\/#\/schema\/logo\/image\/","url":"https:\/\/parachutevoltige.com\/wp-content\/uploads\/2019\/05\/Voltige_logo.png","contentUrl":"https:\/\/parachutevoltige.com\/wp-content\/uploads\/2019\/05\/Voltige_logo.png","width":462,"height":132,"caption":"Voltige | \u00c9cole de parachutisme"},"image":{"@id":"https:\/\/parachutevoltige.com\/fr\/#\/schema\/logo\/image\/"},"sameAs":["https:\/\/www.facebook.com\/ParachuteVoltige\/"]}]}},"_hostinger_reach_plugin_has_subscription_block":false,"_hostinger_reach_plugin_is_elementor":false,"_links":{"self":[{"href":"https:\/\/parachutevoltige.com\/fr\/wp-json\/wp\/v2\/pages\/198311","targetHints":{"allow":["GET"]}}],"collection":[{"href":"https:\/\/parachutevoltige.com\/fr\/wp-json\/wp\/v2\/pages"}],"about":[{"href":"https:\/\/parachutevoltige.com\/fr\/wp-json\/wp\/v2\/types\/page"}],"author":[{"embeddable":true,"href":"https:\/\/parachutevoltige.com\/fr\/wp-json\/wp\/v2\/users\/2391"}],"replies":[{"embeddable":true,"href":"https:\/\/parachutevoltige.com\/fr\/wp-json\/wp\/v2\/comments?post=198311"}],"version-history":[{"count":0,"href":"https:\/\/parachutevoltige.com\/fr\/wp-json\/wp\/v2\/pages\/198311\/revisions"}],"wp:attachment":[{"href":"https:\/\/parachutevoltige.com\/fr\/wp-json\/wp\/v2\/media?parent=198311"}],"curies":[{"name":"wp","href":"https:\/\/api.w.org\/{rel}","templated":true}]}}