{"id":255,"date":"2019-03-03T11:56:29","date_gmt":"2019-03-03T16:56:29","guid":{"rendered":"https:\/\/parachutevoltige.com\/?page_id=255"},"modified":"2026-03-12T10:47:26","modified_gmt":"2026-03-12T14:47:26","slug":"formation-pac","status":"publish","type":"page","link":"https:\/\/parachutevoltige.com\/fr\/ecole-de-chute-libre\/formation-pac\/","title":{"rendered":"Devenir parachutiste, PAC"},"content":{"rendered":"<p>Formation de 9 sauts, vous permettra d&rsquo;acc\u00e9der de mani\u00e8re autonome \u00e0 la chute libre et d&rsquo;obtenir le brevet Solo. L&rsquo;acronyme PAC signifie \u00ab\u00a0Progression Assist\u00e9e en Chute Libre<\/p>\n<p><strong>Pr\u00e9alables:<\/strong><br \/>\nPour \u00eatre \u00e9ligible au cours PAC vous devez:<\/p>\n<ul>\n<li>Avoir d\u00e9j\u00e0 fait un <strong>saut en tandem.<\/strong><\/li>\n<li>Avoir une bonne condition physique.<\/li>\n<li>*Compl\u00e9ter avec succ\u00e8s le pr\u00e9-examen des comp\u00e9tences.<\/li>\n<li>Avoir une bonne disponibilit\u00e9 pour la formation\n<p class=\"p1\">*Nous tenons \u00e0 vous informer sur le pr\u00e9-examen obligatoire portant sur vos comp\u00e9tences physiques et intellectuelles qui doit \u00eatre r\u00e9ussi avec succ\u00e8s avant le d\u00e9but officiel de la formation.<\/p>\n<p class=\"p1\"><b>1. Pr\u00e9-examen :<\/b><\/p>\n<p class=\"p1\">Le pr\u00e9-examen est une \u00e9tape importante de notre processus de formation, visant \u00e0 \u00e9valuer vos comp\u00e9tences de mani\u00e8re holistique. Ce mini-test se compose de questions portant \u00e0 la fois sur les comp\u00e9tences physiques et intellectuelles n\u00e9cessaires pour r\u00e9ussir dans la formation \u00e0 venir.<\/p>\n<p class=\"p1\"><b>2. R\u00e9ception du manuel d&rsquo;\u00e9tude :<\/b><\/p>\n<\/li>\n<li>\n<p class=\"p1\">Apr\u00e8s votre inscription \u00e0 la formation et suite au premier paiement, que celui-ci soit int\u00e9gral ou partiel, vous recevrez un manuel d&rsquo;\u00e9tude d\u00e9taill\u00e9. Ce manuel renferme des informations essentielles pour r\u00e9pondre aux questions du pr\u00e9-examen. Nous vous encourageons&nbsp; \u00e0 examiner attentivement son contenu, car il constituera une ressource pr\u00e9cieuse lors de l&rsquo;examen. En cas d&rsquo;annulation de votre part ou sur d\u00e9cision de la direction de l&rsquo;\u00c9cole de Parachutisme Voltige, vous aurez la possibilit\u00e9 de vous faire rembourser les niveaux non consomm\u00e9s. Toutefois, des frais administratifs de 20 $ + taxes seront appliqu\u00e9s.<\/p>\n<\/li>\n<li>\n<p class=\"p1\"><strong>Le programme PAC comprend :<\/strong><\/p>\n<ul>\n<li>Une formation th\u00e9orique compl\u00e8te sur <strong>les bases du parachutisme<\/strong> (5 heures);<\/li>\n<li>15 minutes de soufflerie int\u00e9rieure.<\/li>\n<li>9 sauts en chute libre.\n<ul>\n<li>Niveau 1 et 2 ( avec 2 instructeurs)&nbsp;<\/li>\n<li>Niveau 3, 4, 5 ( avec 1 instructeur )&nbsp;<\/li>\n<li>Niveau 6, 7&nbsp; ( \u00e9l\u00e8ve solo ) ( supervis\u00e9 dans l&rsquo;avion)<\/li>\n<li>Niveau&nbsp; 8 ( \u00e9l\u00e8ve solo simulation de sortie d&rsquo;urgence \u00e0 une altitude de 5000) supervis\u00e9 dans l&rsquo;avion<\/li>\n<li>Niveau 9 ( \u00e9l\u00e8ve solo film\u00e9 par un instructeur ( examen) )&nbsp;<\/li>\n<\/ul>\n<\/li>\n<\/ul>\n<\/li>\n<li>Tarif: 2399,00$ plus taxes&nbsp;<\/li>\n<li>*** moyenne de sauts par jour par \u00e9tudiant 2 \u00e0 3 sauts .<\/li>\n<\/ul>\n<p>Horaire des formations th\u00e9oriques: \u00e0 venir pour la saison 2026<\/p>\n<blockquote>\n<div class=\"\">\n<div class=\"\">3 mai&nbsp;<\/div>\n<div class=\"\">24 mai&nbsp;<\/div>\n<div class=\"\">14 juin<\/div>\n<div class=\"\">5 juillet&nbsp;&nbsp;<\/div>\n<div class=\"\">19&nbsp; juillet<\/div>\n<div class=\"\">2 ao\u00fbt&nbsp;<\/div>\n<div class=\"\">16&nbsp; ao\u00fbt&nbsp;<\/div>\n<div class=\"\">le mois septembre est \u00e0 confirmer selon la m\u00e9t\u00e9o .&nbsp;<\/div>\n<\/div>\n<\/blockquote>\n<p><strong>Des conditions s&rsquo;appliquent<\/strong>. Informez-vous aupr\u00e8s de notre <a href=\"https:\/\/parachutevoltige.com\/nous-joindre\/\">service \u00e0 la client\u00e8le<\/a>.<\/p>\n<p><iframe title=\"PAC Niveau 1\" width=\"500\" height=\"281\" src=\"https:\/\/www.youtube.com\/embed\/Q4f7jg_QLmc?feature=oembed\" frameborder=\"0\" allow=\"accelerometer; autoplay; clipboard-write; encrypted-media; gyroscope; picture-in-picture; web-share\" referrerpolicy=\"strict-origin-when-cross-origin\" allowfullscreen><\/iframe><\/p>\n<p>&nbsp;<\/p>\n<p><strong>Privil\u00e8ges&nbsp;:<\/strong><\/p>\n<ul>\n<li><strong>Sauter seul en parachute<\/strong>&nbsp;partout au Canada.<\/li>\n<li>Vous rend \u00e9ligible au Brevet A vous permettant de sauter \u00e0 2 en chute libre et partout dans le monde.<\/li>\n<\/ul>\n<p><strong>Aussi inclus dans votre PAC&nbsp;:<\/strong><\/p>\n<ul>\n<li>Votre premi\u00e8re paire de lunettes de saut.<\/li>\n<li>Le manuel de cours.<\/li>\n<li>Le carnet de saut \u2018\u2019logbook\u2019\u2019.<\/li>\n<\/ul>\n<p class=\"p1\"><b>Ce qui n\u2019est pas inclus dans la formation PAC<\/b><\/p>\n<ul class=\"ul1\">\n<li class=\"li2\">Les frais d\u2019adh\u00e9sion annuels \u00e0 l\u2019Association canadienne de parachutisme sportif (ACPS).<br \/>\nCette adh\u00e9sion est obligatoire \u00e0 partir du 10<span class=\"s1\">\u1d49<\/span> saut et inclut une assurance responsabilit\u00e9 civile.<\/li>\n<li class=\"li2\">Les frais administratifs pour l\u2019\u00e9mission du brevet Solo par l\u2019ACPS.<\/li>\n<li class=\"li2\">Des sauts de reprise peuvent \u00eatre n\u00e9cessaires si les objectifs d\u2019un niveau ne sont pas atteints lors d\u2019un saut. Ces sauts suppl\u00e9mentaires sont alors aux frais de l\u2019\u00e9tudiant.<\/li>\n<\/ul>\n<p>&nbsp;<\/p>\n","protected":false},"excerpt":{"rendered":"<p>Formation de 9 sauts, vous permettra d&rsquo;acc\u00e9der de mani\u00e8re autonome \u00e0 la chute libre et d&rsquo;obtenir le brevet Solo. L&rsquo;acronyme PAC signifie \u00ab\u00a0Progression Assist\u00e9e en Chute Libre Pr\u00e9alables: Pour \u00eatre \u00e9ligible au cours PAC vous devez: Avoir d\u00e9j\u00e0 fait un saut en tandem. Avoir une bonne condition physique. *Compl\u00e9ter avec succ\u00e8s le pr\u00e9-examen des comp\u00e9tences. [&hellip;]<\/p>\n","protected":false},"author":1,"featured_media":1308,"parent":446,"menu_order":0,"comment_status":"closed","ping_status":"closed","template":"template-sectioncontent.blade.php","meta":{"_acf_changed":false,"_exactmetrics_skip_tracking":false,"_exactmetrics_sitenote_active":false,"_exactmetrics_sitenote_note":"","_exactmetrics_sitenote_category":0,"ngg_post_thumbnail":0,"footnotes":""},"class_list":["post-255","page","type-page","status-publish","has-post-thumbnail","hentry"],"acf":[],"yoast_head":"<!-- This site is optimized with the Yoast SEO plugin v26.8 - https:\/\/yoast.com\/product\/yoast-seo-wordpress\/ -->\n<title>Devenir pour parachutiste - Formation PAC | Voltige<\/title>\n<meta name=\"description\" content=\"La formation PAC s&#039;adresse \u00e0 tous ceux et celles qui aimeraient faire du parachute en chute libre. Vous obtiendrez votre brevet Solo et des heures plaisir!\" \/>\n<meta name=\"robots\" content=\"index, follow, max-snippet:-1, max-image-preview:large, max-video-preview:-1\" \/>\n<link rel=\"canonical\" href=\"https:\/\/parachutevoltige.com\/fr\/ecole-de-chute-libre\/formation-pac\/\" \/>\n<meta property=\"og:locale\" content=\"fr_CA\" \/>\n<meta property=\"og:type\" content=\"article\" \/>\n<meta property=\"og:title\" content=\"Devenir pour parachutiste - Formation PAC | Voltige\" \/>\n<meta property=\"og:description\" content=\"La formation PAC s&#039;adresse \u00e0 tous ceux et celles qui aimeraient faire du parachute en chute libre. Vous obtiendrez votre brevet Solo et des heures plaisir!\" \/>\n<meta property=\"og:url\" content=\"https:\/\/parachutevoltige.com\/fr\/ecole-de-chute-libre\/formation-pac\/\" \/>\n<meta property=\"og:site_name\" content=\"Parachute Voltige\" \/>\n<meta property=\"article:publisher\" content=\"https:\/\/www.facebook.com\/ParachuteVoltige\/\" \/>\n<meta property=\"article:modified_time\" content=\"2026-03-12T14:47:26+00:00\" \/>\n<meta property=\"og:image\" content=\"https:\/\/parachutevoltige.com\/wp-content\/uploads\/2019\/04\/bloc_redirection-03-MB.jpg\" \/>\n\t<meta property=\"og:image:width\" content=\"515\" \/>\n\t<meta property=\"og:image:height\" content=\"515\" \/>\n\t<meta property=\"og:image:type\" content=\"image\/jpeg\" \/>\n<meta name=\"twitter:card\" content=\"summary_large_image\" \/>\n<meta name=\"twitter:label1\" content=\"Estimation du temps de lecture\" \/>\n\t<meta name=\"twitter:data1\" content=\"3 minutes\" \/>\n<script type=\"application\/ld+json\" class=\"yoast-schema-graph\">{\"@context\":\"https:\/\/schema.org\",\"@graph\":[{\"@type\":\"WebPage\",\"@id\":\"https:\/\/parachutevoltige.com\/fr\/ecole-de-chute-libre\/formation-pac\/\",\"url\":\"https:\/\/parachutevoltige.com\/fr\/ecole-de-chute-libre\/formation-pac\/\",\"name\":\"Devenir pour parachutiste - Formation PAC | Voltige\",\"isPartOf\":{\"@id\":\"https:\/\/parachutevoltige.com\/fr\/#website\"},\"primaryImageOfPage\":{\"@id\":\"https:\/\/parachutevoltige.com\/fr\/ecole-de-chute-libre\/formation-pac\/#primaryimage\"},\"image\":{\"@id\":\"https:\/\/parachutevoltige.com\/fr\/ecole-de-chute-libre\/formation-pac\/#primaryimage\"},\"thumbnailUrl\":\"https:\/\/parachutevoltige.com\/wp-content\/uploads\/2019\/04\/bloc_redirection-03-MB.jpg\",\"datePublished\":\"2019-03-03T16:56:29+00:00\",\"dateModified\":\"2026-03-12T14:47:26+00:00\",\"description\":\"La formation PAC s'adresse \u00e0 tous ceux et celles qui aimeraient faire du parachute en chute libre. Vous obtiendrez votre brevet Solo et des heures plaisir!\",\"breadcrumb\":{\"@id\":\"https:\/\/parachutevoltige.com\/fr\/ecole-de-chute-libre\/formation-pac\/#breadcrumb\"},\"inLanguage\":\"fr-CA\",\"potentialAction\":[{\"@type\":\"ReadAction\",\"target\":[\"https:\/\/parachutevoltige.com\/fr\/ecole-de-chute-libre\/formation-pac\/\"]}]},{\"@type\":\"ImageObject\",\"inLanguage\":\"fr-CA\",\"@id\":\"https:\/\/parachutevoltige.com\/fr\/ecole-de-chute-libre\/formation-pac\/#primaryimage\",\"url\":\"https:\/\/parachutevoltige.com\/wp-content\/uploads\/2019\/04\/bloc_redirection-03-MB.jpg\",\"contentUrl\":\"https:\/\/parachutevoltige.com\/wp-content\/uploads\/2019\/04\/bloc_redirection-03-MB.jpg\",\"width\":515,\"height\":515},{\"@type\":\"BreadcrumbList\",\"@id\":\"https:\/\/parachutevoltige.com\/fr\/ecole-de-chute-libre\/formation-pac\/#breadcrumb\",\"itemListElement\":[{\"@type\":\"ListItem\",\"position\":1,\"name\":\"Home\",\"item\":\"https:\/\/parachutevoltige.com\/fr\/\"},{\"@type\":\"ListItem\",\"position\":2,\"name\":\"\u00c9cole de chute libre\",\"item\":\"https:\/\/parachutevoltige.com\/fr\/ecole-de-chute-libre\/\"},{\"@type\":\"ListItem\",\"position\":3,\"name\":\"Devenir parachutiste, PAC\"}]},{\"@type\":\"WebSite\",\"@id\":\"https:\/\/parachutevoltige.com\/fr\/#website\",\"url\":\"https:\/\/parachutevoltige.com\/fr\/\",\"name\":\"Parachute Voltige\",\"description\":\"\",\"publisher\":{\"@id\":\"https:\/\/parachutevoltige.com\/fr\/#organization\"},\"potentialAction\":[{\"@type\":\"SearchAction\",\"target\":{\"@type\":\"EntryPoint\",\"urlTemplate\":\"https:\/\/parachutevoltige.com\/fr\/?s={search_term_string}\"},\"query-input\":{\"@type\":\"PropertyValueSpecification\",\"valueRequired\":true,\"valueName\":\"search_term_string\"}}],\"inLanguage\":\"fr-CA\"},{\"@type\":\"Organization\",\"@id\":\"https:\/\/parachutevoltige.com\/fr\/#organization\",\"name\":\"Voltige | \u00c9cole de parachutisme\",\"url\":\"https:\/\/parachutevoltige.com\/fr\/\",\"logo\":{\"@type\":\"ImageObject\",\"inLanguage\":\"fr-CA\",\"@id\":\"https:\/\/parachutevoltige.com\/fr\/#\/schema\/logo\/image\/\",\"url\":\"https:\/\/parachutevoltige.com\/wp-content\/uploads\/2019\/05\/Voltige_logo.png\",\"contentUrl\":\"https:\/\/parachutevoltige.com\/wp-content\/uploads\/2019\/05\/Voltige_logo.png\",\"width\":462,\"height\":132,\"caption\":\"Voltige | \u00c9cole de parachutisme\"},\"image\":{\"@id\":\"https:\/\/parachutevoltige.com\/fr\/#\/schema\/logo\/image\/\"},\"sameAs\":[\"https:\/\/www.facebook.com\/ParachuteVoltige\/\"]}]}<\/script>\n<!-- \/ Yoast SEO plugin. -->","yoast_head_json":{"title":"Devenir pour parachutiste - Formation PAC | Voltige","description":"La formation PAC s'adresse \u00e0 tous ceux et celles qui aimeraient faire du parachute en chute libre. Vous obtiendrez votre brevet Solo et des heures plaisir!","robots":{"index":"index","follow":"follow","max-snippet":"max-snippet:-1","max-image-preview":"max-image-preview:large","max-video-preview":"max-video-preview:-1"},"canonical":"https:\/\/parachutevoltige.com\/fr\/ecole-de-chute-libre\/formation-pac\/","og_locale":"fr_CA","og_type":"article","og_title":"Devenir pour parachutiste - Formation PAC | Voltige","og_description":"La formation PAC s'adresse \u00e0 tous ceux et celles qui aimeraient faire du parachute en chute libre. Vous obtiendrez votre brevet Solo et des heures plaisir!","og_url":"https:\/\/parachutevoltige.com\/fr\/ecole-de-chute-libre\/formation-pac\/","og_site_name":"Parachute Voltige","article_publisher":"https:\/\/www.facebook.com\/ParachuteVoltige\/","article_modified_time":"2026-03-12T14:47:26+00:00","og_image":[{"width":515,"height":515,"url":"https:\/\/parachutevoltige.com\/wp-content\/uploads\/2019\/04\/bloc_redirection-03-MB.jpg","type":"image\/jpeg"}],"twitter_card":"summary_large_image","twitter_misc":{"Estimation du temps de lecture":"3 minutes"},"schema":{"@context":"https:\/\/schema.org","@graph":[{"@type":"WebPage","@id":"https:\/\/parachutevoltige.com\/fr\/ecole-de-chute-libre\/formation-pac\/","url":"https:\/\/parachutevoltige.com\/fr\/ecole-de-chute-libre\/formation-pac\/","name":"Devenir pour parachutiste - Formation PAC | Voltige","isPartOf":{"@id":"https:\/\/parachutevoltige.com\/fr\/#website"},"primaryImageOfPage":{"@id":"https:\/\/parachutevoltige.com\/fr\/ecole-de-chute-libre\/formation-pac\/#primaryimage"},"image":{"@id":"https:\/\/parachutevoltige.com\/fr\/ecole-de-chute-libre\/formation-pac\/#primaryimage"},"thumbnailUrl":"https:\/\/parachutevoltige.com\/wp-content\/uploads\/2019\/04\/bloc_redirection-03-MB.jpg","datePublished":"2019-03-03T16:56:29+00:00","dateModified":"2026-03-12T14:47:26+00:00","description":"La formation PAC s'adresse \u00e0 tous ceux et celles qui aimeraient faire du parachute en chute libre. Vous obtiendrez votre brevet Solo et des heures plaisir!","breadcrumb":{"@id":"https:\/\/parachutevoltige.com\/fr\/ecole-de-chute-libre\/formation-pac\/#breadcrumb"},"inLanguage":"fr-CA","potentialAction":[{"@type":"ReadAction","target":["https:\/\/parachutevoltige.com\/fr\/ecole-de-chute-libre\/formation-pac\/"]}]},{"@type":"ImageObject","inLanguage":"fr-CA","@id":"https:\/\/parachutevoltige.com\/fr\/ecole-de-chute-libre\/formation-pac\/#primaryimage","url":"https:\/\/parachutevoltige.com\/wp-content\/uploads\/2019\/04\/bloc_redirection-03-MB.jpg","contentUrl":"https:\/\/parachutevoltige.com\/wp-content\/uploads\/2019\/04\/bloc_redirection-03-MB.jpg","width":515,"height":515},{"@type":"BreadcrumbList","@id":"https:\/\/parachutevoltige.com\/fr\/ecole-de-chute-libre\/formation-pac\/#breadcrumb","itemListElement":[{"@type":"ListItem","position":1,"name":"Home","item":"https:\/\/parachutevoltige.com\/fr\/"},{"@type":"ListItem","position":2,"name":"\u00c9cole de chute libre","item":"https:\/\/parachutevoltige.com\/fr\/ecole-de-chute-libre\/"},{"@type":"ListItem","position":3,"name":"Devenir parachutiste, PAC"}]},{"@type":"WebSite","@id":"https:\/\/parachutevoltige.com\/fr\/#website","url":"https:\/\/parachutevoltige.com\/fr\/","name":"Parachute Voltige","description":"","publisher":{"@id":"https:\/\/parachutevoltige.com\/fr\/#organization"},"potentialAction":[{"@type":"SearchAction","target":{"@type":"EntryPoint","urlTemplate":"https:\/\/parachutevoltige.com\/fr\/?s={search_term_string}"},"query-input":{"@type":"PropertyValueSpecification","valueRequired":true,"valueName":"search_term_string"}}],"inLanguage":"fr-CA"},{"@type":"Organization","@id":"https:\/\/parachutevoltige.com\/fr\/#organization","name":"Voltige | \u00c9cole de parachutisme","url":"https:\/\/parachutevoltige.com\/fr\/","logo":{"@type":"ImageObject","inLanguage":"fr-CA","@id":"https:\/\/parachutevoltige.com\/fr\/#\/schema\/logo\/image\/","url":"https:\/\/parachutevoltige.com\/wp-content\/uploads\/2019\/05\/Voltige_logo.png","contentUrl":"https:\/\/parachutevoltige.com\/wp-content\/uploads\/2019\/05\/Voltige_logo.png","width":462,"height":132,"caption":"Voltige | \u00c9cole de parachutisme"},"image":{"@id":"https:\/\/parachutevoltige.com\/fr\/#\/schema\/logo\/image\/"},"sameAs":["https:\/\/www.facebook.com\/ParachuteVoltige\/"]}]}},"_links":{"self":[{"href":"https:\/\/parachutevoltige.com\/fr\/wp-json\/wp\/v2\/pages\/255","targetHints":{"allow":["GET"]}}],"collection":[{"href":"https:\/\/parachutevoltige.com\/fr\/wp-json\/wp\/v2\/pages"}],"about":[{"href":"https:\/\/parachutevoltige.com\/fr\/wp-json\/wp\/v2\/types\/page"}],"author":[{"embeddable":true,"href":"https:\/\/parachutevoltige.com\/fr\/wp-json\/wp\/v2\/users\/1"}],"replies":[{"embeddable":true,"href":"https:\/\/parachutevoltige.com\/fr\/wp-json\/wp\/v2\/comments?post=255"}],"version-history":[{"count":71,"href":"https:\/\/parachutevoltige.com\/fr\/wp-json\/wp\/v2\/pages\/255\/revisions"}],"predecessor-version":[{"id":199886,"href":"https:\/\/parachutevoltige.com\/fr\/wp-json\/wp\/v2\/pages\/255\/revisions\/199886"}],"up":[{"embeddable":true,"href":"https:\/\/parachutevoltige.com\/fr\/wp-json\/wp\/v2\/pages\/446"}],"wp:featuredmedia":[{"embeddable":true,"href":"https:\/\/parachutevoltige.com\/fr\/wp-json\/wp\/v2\/media\/1308"}],"wp:attachment":[{"href":"https:\/\/parachutevoltige.com\/fr\/wp-json\/wp\/v2\/media?parent=255"}],"curies":[{"name":"wp","href":"https:\/\/api.w.org\/{rel}","templated":true}]}}