{"id":3,"date":"2019-03-04T11:56:29","date_gmt":"2019-03-04T16:56:29","guid":{"rendered":"https:\/\/parachutevoltige.com\/?page_id=3"},"modified":"2019-04-16T13:37:16","modified_gmt":"2019-04-16T17:37:16","slug":"protection-de-la-vie-privee","status":"publish","type":"page","link":"https:\/\/parachutevoltige.com\/fr\/protection-de-la-vie-privee\/","title":{"rendered":"Protection de la vie priv\u00e9e"},"content":{"rendered":"<p>L\u2019\u00e9cole de parachute Voltige inc s\u2019engage \u00e0 respecter et \u00e0 prot\u00e9ger la vie priv\u00e9e des utilisateurs qui visitent et\/ou font un commentaire sur ce site,\u00a0et \u00e0 assurer la protection de leurs renseignements personnels.<\/p>\r\n<p>Cette page a \u00e9t\u00e9 cr\u00e9\u00e9e afin de mieux vous informer au sujet de l\u2019utilisation de vos donn\u00e9es en ligne. Merci de lire notre politique de vie priv\u00e9e et nos conditions d\u2019utilisation afin de bien comprendre comment nous collectons, utilisons et prot\u00e9geons ou g\u00e9rons vos renseignements personnels.<\/p>\r\n<p>Quand vous visitez ce site web, nous collectons automatiquement certaines informations \u00e0 propos de vous et de l\u2019appareil que vous utilisez. Certaines donn\u00e9es sont \u00e9galement re\u00e7ues via Google Analytics.<\/p>\r\n<p>Lorsque vous faites un achat ou que vous essayez de faire un achat via \u00a0notre boutique en ligne celle-ci collectera\u00a0certaines informations sur vous, incluant votre nom, votre adresse de facturation et d\u2019envoi, votre adresse IP, vos informations de paiement,\u00a0vos informations de carte de cr\u00e9dit, votre adresse courriel et votre num\u00e9ro de t\u00e9l\u00e9phone. Il s\u2019agit des \u00ab\u00a0donn\u00e9es d\u2019achat\u00a0\u00bb.<\/p>\r\n<p>Les utilisateurs qui s\u2019inscrivent \u00e0 l\u2019infolettre recevront des courriels promotionnels et\/ou information au sujet du blogue et peuvent se d\u00e9sabonner en tout temps en cliquant le lien pr\u00e9vu \u00e0 cet effet dans tous les envois. Lors de l\u2019inscription \u00e0 l\u2019infolettre, vous devrez donner votre nom et adresse courriel. Des cookies (ou\u00a0t\u00e9moins de connexion) sont utilis\u00e9s pour analyser le taux d\u2019ouverture et de clics des infolettres envoy\u00e9es. Lorsque vous laissez un commentaire sur notre blogue, nous aurons acc\u00e8s \u00e0 votre nom, adresse courriel, site web (facultatif) et adresse IP. \u00a0Sur ce blogue, vous trouverez des liens d\u2019affiliation vers\u00a0Mailchimp.\u00a0<\/p>\r\n<p>Ces renseignements ne seront en aucun cas vendus \u00e0 de tierces parties, et ne seront pas r\u00e9utilis\u00e9s pour des envois promotionnels, \u00e0 moins que ceci soit clairement indiqu\u00e9.<\/p>\r\n<p>Nous pourrions utiliser les informations que vous nous fournissez lors de l\u2019envoi d\u2019un commentaire, d\u2019un achat, de l\u2019abonnement \u00e0 l\u2019infolettre, de la participation \u00e0 un sondage ou autre et lorsque vous choisissez de naviguer sur ce site des fa\u00e7ons suivantes :<\/p>\r\n<ul>\r\n<li>Pour \u00a0personnaliser votre exp\u00e9rience et nous permettre de vous offrir du contenu et des produits qui r\u00e9pondent \u00e0 vos attentes et vos go\u00fbts;<\/li>\r\n<li>Afin d\u2019am\u00e9liorer notre site web pour mieux vous servir;<\/li>\r\n<li>Pour r\u00e9pondre \u00e0 vos questions et de mieux vous assister ;<\/li>\r\n<li>Afin de g\u00e9rer un concours, une promotion, un sondage ou autre;<\/li>\r\n<li>Afin d\u2019\u00e9viter les tentatives de fraude;<\/li>\r\n<li>Communication de renseignement sur nos services et nouveaux produits par courriel ou autre m\u00e9dium;<\/li>\r\n<li>L\u2019inscription des membres \u00e0 nos \u00e9v\u00e9nements<\/li>\r\n<\/ul>\r\n<p>Nous utilisons ces donn\u00e9es afin de r\u00e9duire le risque de fraude (par exemple, avec votre adresse IP), ainsi que pour am\u00e9liorer et optimiser notre site (en utilisant un outil d\u2019analyse pour savoir comment les utilisateurs parcourent et interagissent avec le site, et afin de confirmer le succ\u00e8s de nos campagnes marketing.\u00a0<\/p>\r\n<p>Si vous avez des questions au sujet de la collecte, de l\u2019utilisation ou de la communication de renseignements personnels par l\u2019\u00e9cole de parachute Voltige Inc nous vous invitions \u00e0 communiquer avec nous\u00a0:<\/p>\r\n<p>Courriel\u00a0: <a href=\"mailto:info@parachutevoltige.com\">info@parachutevoltige.com<\/a><\/p>\r\n<p>T\u00e9l\u00e9phone\u00a0: 450-752-0385<\/p>\r\n","protected":false},"excerpt":{"rendered":"<p>L\u2019\u00e9cole de parachute Voltige inc s\u2019engage \u00e0 respecter et \u00e0 prot\u00e9ger la vie priv\u00e9e des utilisateurs qui visitent et\/ou font un commentaire sur ce site,\u00a0et \u00e0 assurer la protection de leurs renseignements personnels. Cette page a \u00e9t\u00e9 cr\u00e9\u00e9e afin de mieux vous informer au sujet de l\u2019utilisation de vos donn\u00e9es en ligne. Merci de lire [&hellip;]<\/p>\n","protected":false},"author":1,"featured_media":0,"parent":0,"menu_order":51,"comment_status":"closed","ping_status":"closed","template":"","meta":{"_acf_changed":false,"_exactmetrics_skip_tracking":false,"_exactmetrics_sitenote_active":false,"_exactmetrics_sitenote_note":"","_exactmetrics_sitenote_category":0,"ngg_post_thumbnail":0,"footnotes":""},"class_list":["post-3","page","type-page","status-publish","hentry"],"acf":[],"yoast_head":"<!-- This site is optimized with the Yoast SEO plugin v26.8 - https:\/\/yoast.com\/product\/yoast-seo-wordpress\/ -->\n<title>Protection de la vie priv\u00e9e - Parachute Voltige<\/title>\n<meta name=\"robots\" content=\"index, follow, max-snippet:-1, max-image-preview:large, max-video-preview:-1\" \/>\n<link rel=\"canonical\" href=\"https:\/\/parachutevoltige.com\/fr\/protection-de-la-vie-privee\/\" \/>\n<meta property=\"og:locale\" content=\"fr_CA\" \/>\n<meta property=\"og:type\" content=\"article\" \/>\n<meta property=\"og:title\" content=\"Protection de la vie priv\u00e9e - Parachute Voltige\" \/>\n<meta property=\"og:description\" content=\"L\u2019\u00e9cole de parachute Voltige inc s\u2019engage \u00e0 respecter et \u00e0 prot\u00e9ger la vie priv\u00e9e des utilisateurs qui visitent et\/ou font un commentaire sur ce site,\u00a0et \u00e0 assurer la protection de leurs renseignements personnels. Cette page a \u00e9t\u00e9 cr\u00e9\u00e9e afin de mieux vous informer au sujet de l\u2019utilisation de vos donn\u00e9es en ligne. Merci de lire [&hellip;]\" \/>\n<meta property=\"og:url\" content=\"https:\/\/parachutevoltige.com\/fr\/protection-de-la-vie-privee\/\" \/>\n<meta property=\"og:site_name\" content=\"Parachute Voltige\" \/>\n<meta property=\"article:publisher\" content=\"https:\/\/www.facebook.com\/ParachuteVoltige\/\" \/>\n<meta property=\"article:modified_time\" content=\"2019-04-16T17:37:16+00:00\" \/>\n<meta name=\"twitter:card\" content=\"summary_large_image\" \/>\n<meta name=\"twitter:label1\" content=\"Estimation du temps de lecture\" \/>\n\t<meta name=\"twitter:data1\" content=\"3 minutes\" \/>\n<script type=\"application\/ld+json\" class=\"yoast-schema-graph\">{\"@context\":\"https:\/\/schema.org\",\"@graph\":[{\"@type\":\"WebPage\",\"@id\":\"https:\/\/parachutevoltige.com\/fr\/protection-de-la-vie-privee\/\",\"url\":\"https:\/\/parachutevoltige.com\/fr\/protection-de-la-vie-privee\/\",\"name\":\"Protection de la vie priv\u00e9e - Parachute Voltige\",\"isPartOf\":{\"@id\":\"https:\/\/parachutevoltige.com\/fr\/#website\"},\"datePublished\":\"2019-03-04T16:56:29+00:00\",\"dateModified\":\"2019-04-16T17:37:16+00:00\",\"breadcrumb\":{\"@id\":\"https:\/\/parachutevoltige.com\/fr\/protection-de-la-vie-privee\/#breadcrumb\"},\"inLanguage\":\"fr-CA\",\"potentialAction\":[{\"@type\":\"ReadAction\",\"target\":[\"https:\/\/parachutevoltige.com\/fr\/protection-de-la-vie-privee\/\"]}]},{\"@type\":\"BreadcrumbList\",\"@id\":\"https:\/\/parachutevoltige.com\/fr\/protection-de-la-vie-privee\/#breadcrumb\",\"itemListElement\":[{\"@type\":\"ListItem\",\"position\":1,\"name\":\"Home\",\"item\":\"https:\/\/parachutevoltige.com\/fr\/\"},{\"@type\":\"ListItem\",\"position\":2,\"name\":\"Protection de la vie priv\u00e9e\"}]},{\"@type\":\"WebSite\",\"@id\":\"https:\/\/parachutevoltige.com\/fr\/#website\",\"url\":\"https:\/\/parachutevoltige.com\/fr\/\",\"name\":\"Parachute Voltige\",\"description\":\"\",\"publisher\":{\"@id\":\"https:\/\/parachutevoltige.com\/fr\/#organization\"},\"potentialAction\":[{\"@type\":\"SearchAction\",\"target\":{\"@type\":\"EntryPoint\",\"urlTemplate\":\"https:\/\/parachutevoltige.com\/fr\/?s={search_term_string}\"},\"query-input\":{\"@type\":\"PropertyValueSpecification\",\"valueRequired\":true,\"valueName\":\"search_term_string\"}}],\"inLanguage\":\"fr-CA\"},{\"@type\":\"Organization\",\"@id\":\"https:\/\/parachutevoltige.com\/fr\/#organization\",\"name\":\"Voltige | \u00c9cole de parachutisme\",\"url\":\"https:\/\/parachutevoltige.com\/fr\/\",\"logo\":{\"@type\":\"ImageObject\",\"inLanguage\":\"fr-CA\",\"@id\":\"https:\/\/parachutevoltige.com\/fr\/#\/schema\/logo\/image\/\",\"url\":\"https:\/\/parachutevoltige.com\/wp-content\/uploads\/2019\/05\/Voltige_logo.png\",\"contentUrl\":\"https:\/\/parachutevoltige.com\/wp-content\/uploads\/2019\/05\/Voltige_logo.png\",\"width\":462,\"height\":132,\"caption\":\"Voltige | \u00c9cole de parachutisme\"},\"image\":{\"@id\":\"https:\/\/parachutevoltige.com\/fr\/#\/schema\/logo\/image\/\"},\"sameAs\":[\"https:\/\/www.facebook.com\/ParachuteVoltige\/\"]}]}<\/script>\n<!-- \/ Yoast SEO plugin. -->","yoast_head_json":{"title":"Protection de la vie priv\u00e9e - Parachute Voltige","robots":{"index":"index","follow":"follow","max-snippet":"max-snippet:-1","max-image-preview":"max-image-preview:large","max-video-preview":"max-video-preview:-1"},"canonical":"https:\/\/parachutevoltige.com\/fr\/protection-de-la-vie-privee\/","og_locale":"fr_CA","og_type":"article","og_title":"Protection de la vie priv\u00e9e - Parachute Voltige","og_description":"L\u2019\u00e9cole de parachute Voltige inc s\u2019engage \u00e0 respecter et \u00e0 prot\u00e9ger la vie priv\u00e9e des utilisateurs qui visitent et\/ou font un commentaire sur ce site,\u00a0et \u00e0 assurer la protection de leurs renseignements personnels. Cette page a \u00e9t\u00e9 cr\u00e9\u00e9e afin de mieux vous informer au sujet de l\u2019utilisation de vos donn\u00e9es en ligne. Merci de lire [&hellip;]","og_url":"https:\/\/parachutevoltige.com\/fr\/protection-de-la-vie-privee\/","og_site_name":"Parachute Voltige","article_publisher":"https:\/\/www.facebook.com\/ParachuteVoltige\/","article_modified_time":"2019-04-16T17:37:16+00:00","twitter_card":"summary_large_image","twitter_misc":{"Estimation du temps de lecture":"3 minutes"},"schema":{"@context":"https:\/\/schema.org","@graph":[{"@type":"WebPage","@id":"https:\/\/parachutevoltige.com\/fr\/protection-de-la-vie-privee\/","url":"https:\/\/parachutevoltige.com\/fr\/protection-de-la-vie-privee\/","name":"Protection de la vie priv\u00e9e - Parachute Voltige","isPartOf":{"@id":"https:\/\/parachutevoltige.com\/fr\/#website"},"datePublished":"2019-03-04T16:56:29+00:00","dateModified":"2019-04-16T17:37:16+00:00","breadcrumb":{"@id":"https:\/\/parachutevoltige.com\/fr\/protection-de-la-vie-privee\/#breadcrumb"},"inLanguage":"fr-CA","potentialAction":[{"@type":"ReadAction","target":["https:\/\/parachutevoltige.com\/fr\/protection-de-la-vie-privee\/"]}]},{"@type":"BreadcrumbList","@id":"https:\/\/parachutevoltige.com\/fr\/protection-de-la-vie-privee\/#breadcrumb","itemListElement":[{"@type":"ListItem","position":1,"name":"Home","item":"https:\/\/parachutevoltige.com\/fr\/"},{"@type":"ListItem","position":2,"name":"Protection de la vie priv\u00e9e"}]},{"@type":"WebSite","@id":"https:\/\/parachutevoltige.com\/fr\/#website","url":"https:\/\/parachutevoltige.com\/fr\/","name":"Parachute Voltige","description":"","publisher":{"@id":"https:\/\/parachutevoltige.com\/fr\/#organization"},"potentialAction":[{"@type":"SearchAction","target":{"@type":"EntryPoint","urlTemplate":"https:\/\/parachutevoltige.com\/fr\/?s={search_term_string}"},"query-input":{"@type":"PropertyValueSpecification","valueRequired":true,"valueName":"search_term_string"}}],"inLanguage":"fr-CA"},{"@type":"Organization","@id":"https:\/\/parachutevoltige.com\/fr\/#organization","name":"Voltige | \u00c9cole de parachutisme","url":"https:\/\/parachutevoltige.com\/fr\/","logo":{"@type":"ImageObject","inLanguage":"fr-CA","@id":"https:\/\/parachutevoltige.com\/fr\/#\/schema\/logo\/image\/","url":"https:\/\/parachutevoltige.com\/wp-content\/uploads\/2019\/05\/Voltige_logo.png","contentUrl":"https:\/\/parachutevoltige.com\/wp-content\/uploads\/2019\/05\/Voltige_logo.png","width":462,"height":132,"caption":"Voltige | \u00c9cole de parachutisme"},"image":{"@id":"https:\/\/parachutevoltige.com\/fr\/#\/schema\/logo\/image\/"},"sameAs":["https:\/\/www.facebook.com\/ParachuteVoltige\/"]}]}},"_links":{"self":[{"href":"https:\/\/parachutevoltige.com\/fr\/wp-json\/wp\/v2\/pages\/3","targetHints":{"allow":["GET"]}}],"collection":[{"href":"https:\/\/parachutevoltige.com\/fr\/wp-json\/wp\/v2\/pages"}],"about":[{"href":"https:\/\/parachutevoltige.com\/fr\/wp-json\/wp\/v2\/types\/page"}],"author":[{"embeddable":true,"href":"https:\/\/parachutevoltige.com\/fr\/wp-json\/wp\/v2\/users\/1"}],"replies":[{"embeddable":true,"href":"https:\/\/parachutevoltige.com\/fr\/wp-json\/wp\/v2\/comments?post=3"}],"version-history":[{"count":6,"href":"https:\/\/parachutevoltige.com\/fr\/wp-json\/wp\/v2\/pages\/3\/revisions"}],"predecessor-version":[{"id":1019,"href":"https:\/\/parachutevoltige.com\/fr\/wp-json\/wp\/v2\/pages\/3\/revisions\/1019"}],"wp:attachment":[{"href":"https:\/\/parachutevoltige.com\/fr\/wp-json\/wp\/v2\/media?parent=3"}],"curies":[{"name":"wp","href":"https:\/\/api.w.org\/{rel}","templated":true}]}}