{"id":424,"date":"2019-03-14T11:42:05","date_gmt":"2019-03-14T15:42:05","guid":{"rendered":"https:\/\/parachutevoltige.com\/sauteurs-experimentes\/"},"modified":"2021-03-27T14:45:04","modified_gmt":"2021-03-27T18:45:04","slug":"sauteurs-experimentes","status":"publish","type":"page","link":"https:\/\/parachutevoltige.com\/fr\/sauteurs-experimentes\/","title":{"rendered":"Parachutistes exp\u00e9riment\u00e9s"},"content":{"rendered":"<p>Situ\u00e9 dans la <strong>r\u00e9gion de Montr\u00e9al<\/strong>, Voltige est plus que jamais la place pour la <strong>pratique du parachutisme<\/strong>. Avec ses deux avions \u00e0 turbine (Cessna Grand Caravan et Twin Otter), ses grandes installations mises \u00e0 la disposition des sauteurs et notre \u00e9quipe d\u2019expert, les parachutistes ont la possibilit\u00e9 de performer, comp\u00e9titionner, progresser et s\u2019amuser!<\/p>\n<p>Pour l\u2019<strong>entretien de votre parachute<\/strong>, l\u2019achat d\u2019\u00e9quipement neuf, v\u00eatements et accessoires de parachute ou tout simplement pour de pr\u00e9cieux conseils, faites confiance \u00e0 l\u2019<strong>\u00e9quipe de professionnels de Voltige<\/strong>.<\/p>\n<p>Consultez notre <a href=\"https:\/\/parachutevoltige.com\/categorie-produit\/evenements\/\">calendrier d\u2019\u00e9v\u00e8nements<\/a> incluant des activit\u00e9s pour toutes les<strong> disciplines du parachutisme<\/strong> et pour tous les niveaux. Big way, freefly, formation en voilure, vol relatif, sauts en h\u00e9licopt\u00e8re, saut \u00e0 haute altitude, organisateurs de r\u00e9putations mondiales, wingsuit, cours de pilotage de voilure, s\u00e9minaire, comp\u00e9tition amicale\u2026 et bien plus.<\/p>\n<p>Bon Skydive!<\/p>\n","protected":false},"excerpt":{"rendered":"<p>Situ\u00e9 dans la r\u00e9gion de Montr\u00e9al, Voltige est plus que jamais la place pour la pratique du parachutisme. Avec ses deux avions \u00e0 turbine (Cessna Grand Caravan et Twin Otter), ses grandes installations mises \u00e0 la disposition des sauteurs et notre \u00e9quipe d\u2019expert, les parachutistes ont la possibilit\u00e9 de performer, comp\u00e9titionner, progresser et s\u2019amuser! Pour [&hellip;]<\/p>\n","protected":false},"author":1,"featured_media":0,"parent":0,"menu_order":31,"comment_status":"closed","ping_status":"closed","template":"template-expertjump.blade.php","meta":{"_acf_changed":false,"_exactmetrics_skip_tracking":false,"_exactmetrics_sitenote_active":false,"_exactmetrics_sitenote_note":"","_exactmetrics_sitenote_category":0,"ngg_post_thumbnail":0,"footnotes":""},"class_list":["post-424","page","type-page","status-publish","hentry"],"acf":[],"yoast_head":"<!-- This site is optimized with the Yoast SEO plugin v27.4 - https:\/\/yoast.com\/product\/yoast-seo-wordpress\/ -->\n<title>Parachutiste exp\u00e9riment\u00e9? Voltige est la place \u00e0 proximit\u00e9 de Montr\u00e9al!<\/title>\n<meta name=\"description\" content=\"Les grandes installations de l&#039;\u00e9cole de parachutisme Voltige peuvent accommoder n&#039;importe quel sauteur exp\u00e9riment\u00e9. Faites confiance \u00e0 notre \u00e9quipe pour votre mat\u00e9riel.\" \/>\n<meta name=\"robots\" content=\"index, follow, max-snippet:-1, max-image-preview:large, max-video-preview:-1\" \/>\n<link rel=\"canonical\" href=\"https:\/\/parachutevoltige.com\/fr\/sauteurs-experimentes\/\" \/>\n<meta property=\"og:locale\" content=\"fr_CA\" \/>\n<meta property=\"og:type\" content=\"article\" \/>\n<meta property=\"og:title\" content=\"Parachutiste exp\u00e9riment\u00e9? Voltige est la place \u00e0 proximit\u00e9 de Montr\u00e9al!\" \/>\n<meta property=\"og:description\" content=\"Les grandes installations de l&#039;\u00e9cole de parachutisme Voltige peuvent accommoder n&#039;importe quel sauteur exp\u00e9riment\u00e9. Faites confiance \u00e0 notre \u00e9quipe pour votre mat\u00e9riel.\" \/>\n<meta property=\"og:url\" content=\"https:\/\/parachutevoltige.com\/fr\/sauteurs-experimentes\/\" \/>\n<meta property=\"og:site_name\" content=\"Parachute Voltige\" \/>\n<meta property=\"article:publisher\" content=\"https:\/\/www.facebook.com\/ParachuteVoltige\/\" \/>\n<meta property=\"article:modified_time\" content=\"2021-03-27T18:45:04+00:00\" \/>\n<meta name=\"twitter:card\" content=\"summary_large_image\" \/>\n<meta name=\"twitter:label1\" content=\"Estimation du temps de lecture\" \/>\n\t<meta name=\"twitter:data1\" content=\"1 minute\" \/>\n<script type=\"application\/ld+json\" class=\"yoast-schema-graph\">{\"@context\":\"https:\\\/\\\/schema.org\",\"@graph\":[{\"@type\":\"WebPage\",\"@id\":\"https:\\\/\\\/parachutevoltige.com\\\/fr\\\/sauteurs-experimentes\\\/\",\"url\":\"https:\\\/\\\/parachutevoltige.com\\\/fr\\\/sauteurs-experimentes\\\/\",\"name\":\"Parachutiste exp\u00e9riment\u00e9? Voltige est la place \u00e0 proximit\u00e9 de Montr\u00e9al!\",\"isPartOf\":{\"@id\":\"https:\\\/\\\/parachutevoltige.com\\\/fr\\\/#website\"},\"datePublished\":\"2019-03-14T15:42:05+00:00\",\"dateModified\":\"2021-03-27T18:45:04+00:00\",\"description\":\"Les grandes installations de l'\u00e9cole de parachutisme Voltige peuvent accommoder n'importe quel sauteur exp\u00e9riment\u00e9. Faites confiance \u00e0 notre \u00e9quipe pour votre mat\u00e9riel.\",\"breadcrumb\":{\"@id\":\"https:\\\/\\\/parachutevoltige.com\\\/fr\\\/sauteurs-experimentes\\\/#breadcrumb\"},\"inLanguage\":\"fr-CA\",\"potentialAction\":[{\"@type\":\"ReadAction\",\"target\":[\"https:\\\/\\\/parachutevoltige.com\\\/fr\\\/sauteurs-experimentes\\\/\"]}]},{\"@type\":\"BreadcrumbList\",\"@id\":\"https:\\\/\\\/parachutevoltige.com\\\/fr\\\/sauteurs-experimentes\\\/#breadcrumb\",\"itemListElement\":[{\"@type\":\"ListItem\",\"position\":1,\"name\":\"Home\",\"item\":\"https:\\\/\\\/parachutevoltige.com\\\/fr\\\/\"},{\"@type\":\"ListItem\",\"position\":2,\"name\":\"Parachutistes exp\u00e9riment\u00e9s\"}]},{\"@type\":\"WebSite\",\"@id\":\"https:\\\/\\\/parachutevoltige.com\\\/fr\\\/#website\",\"url\":\"https:\\\/\\\/parachutevoltige.com\\\/fr\\\/\",\"name\":\"Parachute Voltige\",\"description\":\"\",\"publisher\":{\"@id\":\"https:\\\/\\\/parachutevoltige.com\\\/fr\\\/#organization\"},\"potentialAction\":[{\"@type\":\"SearchAction\",\"target\":{\"@type\":\"EntryPoint\",\"urlTemplate\":\"https:\\\/\\\/parachutevoltige.com\\\/fr\\\/?s={search_term_string}\"},\"query-input\":{\"@type\":\"PropertyValueSpecification\",\"valueRequired\":true,\"valueName\":\"search_term_string\"}}],\"inLanguage\":\"fr-CA\"},{\"@type\":\"Organization\",\"@id\":\"https:\\\/\\\/parachutevoltige.com\\\/fr\\\/#organization\",\"name\":\"Voltige | \u00c9cole de parachutisme\",\"url\":\"https:\\\/\\\/parachutevoltige.com\\\/fr\\\/\",\"logo\":{\"@type\":\"ImageObject\",\"inLanguage\":\"fr-CA\",\"@id\":\"https:\\\/\\\/parachutevoltige.com\\\/fr\\\/#\\\/schema\\\/logo\\\/image\\\/\",\"url\":\"https:\\\/\\\/parachutevoltige.com\\\/wp-content\\\/uploads\\\/2019\\\/05\\\/Voltige_logo.png\",\"contentUrl\":\"https:\\\/\\\/parachutevoltige.com\\\/wp-content\\\/uploads\\\/2019\\\/05\\\/Voltige_logo.png\",\"width\":462,\"height\":132,\"caption\":\"Voltige | \u00c9cole de parachutisme\"},\"image\":{\"@id\":\"https:\\\/\\\/parachutevoltige.com\\\/fr\\\/#\\\/schema\\\/logo\\\/image\\\/\"},\"sameAs\":[\"https:\\\/\\\/www.facebook.com\\\/ParachuteVoltige\\\/\"]}]}<\/script>\n<!-- \/ Yoast SEO plugin. -->","yoast_head_json":{"title":"Parachutiste exp\u00e9riment\u00e9? Voltige est la place \u00e0 proximit\u00e9 de Montr\u00e9al!","description":"Les grandes installations de l'\u00e9cole de parachutisme Voltige peuvent accommoder n'importe quel sauteur exp\u00e9riment\u00e9. Faites confiance \u00e0 notre \u00e9quipe pour votre mat\u00e9riel.","robots":{"index":"index","follow":"follow","max-snippet":"max-snippet:-1","max-image-preview":"max-image-preview:large","max-video-preview":"max-video-preview:-1"},"canonical":"https:\/\/parachutevoltige.com\/fr\/sauteurs-experimentes\/","og_locale":"fr_CA","og_type":"article","og_title":"Parachutiste exp\u00e9riment\u00e9? Voltige est la place \u00e0 proximit\u00e9 de Montr\u00e9al!","og_description":"Les grandes installations de l'\u00e9cole de parachutisme Voltige peuvent accommoder n'importe quel sauteur exp\u00e9riment\u00e9. Faites confiance \u00e0 notre \u00e9quipe pour votre mat\u00e9riel.","og_url":"https:\/\/parachutevoltige.com\/fr\/sauteurs-experimentes\/","og_site_name":"Parachute Voltige","article_publisher":"https:\/\/www.facebook.com\/ParachuteVoltige\/","article_modified_time":"2021-03-27T18:45:04+00:00","twitter_card":"summary_large_image","twitter_misc":{"Estimation du temps de lecture":"1 minute"},"schema":{"@context":"https:\/\/schema.org","@graph":[{"@type":"WebPage","@id":"https:\/\/parachutevoltige.com\/fr\/sauteurs-experimentes\/","url":"https:\/\/parachutevoltige.com\/fr\/sauteurs-experimentes\/","name":"Parachutiste exp\u00e9riment\u00e9? Voltige est la place \u00e0 proximit\u00e9 de Montr\u00e9al!","isPartOf":{"@id":"https:\/\/parachutevoltige.com\/fr\/#website"},"datePublished":"2019-03-14T15:42:05+00:00","dateModified":"2021-03-27T18:45:04+00:00","description":"Les grandes installations de l'\u00e9cole de parachutisme Voltige peuvent accommoder n'importe quel sauteur exp\u00e9riment\u00e9. Faites confiance \u00e0 notre \u00e9quipe pour votre mat\u00e9riel.","breadcrumb":{"@id":"https:\/\/parachutevoltige.com\/fr\/sauteurs-experimentes\/#breadcrumb"},"inLanguage":"fr-CA","potentialAction":[{"@type":"ReadAction","target":["https:\/\/parachutevoltige.com\/fr\/sauteurs-experimentes\/"]}]},{"@type":"BreadcrumbList","@id":"https:\/\/parachutevoltige.com\/fr\/sauteurs-experimentes\/#breadcrumb","itemListElement":[{"@type":"ListItem","position":1,"name":"Home","item":"https:\/\/parachutevoltige.com\/fr\/"},{"@type":"ListItem","position":2,"name":"Parachutistes exp\u00e9riment\u00e9s"}]},{"@type":"WebSite","@id":"https:\/\/parachutevoltige.com\/fr\/#website","url":"https:\/\/parachutevoltige.com\/fr\/","name":"Parachute Voltige","description":"","publisher":{"@id":"https:\/\/parachutevoltige.com\/fr\/#organization"},"potentialAction":[{"@type":"SearchAction","target":{"@type":"EntryPoint","urlTemplate":"https:\/\/parachutevoltige.com\/fr\/?s={search_term_string}"},"query-input":{"@type":"PropertyValueSpecification","valueRequired":true,"valueName":"search_term_string"}}],"inLanguage":"fr-CA"},{"@type":"Organization","@id":"https:\/\/parachutevoltige.com\/fr\/#organization","name":"Voltige | \u00c9cole de parachutisme","url":"https:\/\/parachutevoltige.com\/fr\/","logo":{"@type":"ImageObject","inLanguage":"fr-CA","@id":"https:\/\/parachutevoltige.com\/fr\/#\/schema\/logo\/image\/","url":"https:\/\/parachutevoltige.com\/wp-content\/uploads\/2019\/05\/Voltige_logo.png","contentUrl":"https:\/\/parachutevoltige.com\/wp-content\/uploads\/2019\/05\/Voltige_logo.png","width":462,"height":132,"caption":"Voltige | \u00c9cole de parachutisme"},"image":{"@id":"https:\/\/parachutevoltige.com\/fr\/#\/schema\/logo\/image\/"},"sameAs":["https:\/\/www.facebook.com\/ParachuteVoltige\/"]}]}},"_hostinger_reach_plugin_has_subscription_block":false,"_hostinger_reach_plugin_is_elementor":false,"_links":{"self":[{"href":"https:\/\/parachutevoltige.com\/fr\/wp-json\/wp\/v2\/pages\/424","targetHints":{"allow":["GET"]}}],"collection":[{"href":"https:\/\/parachutevoltige.com\/fr\/wp-json\/wp\/v2\/pages"}],"about":[{"href":"https:\/\/parachutevoltige.com\/fr\/wp-json\/wp\/v2\/types\/page"}],"author":[{"embeddable":true,"href":"https:\/\/parachutevoltige.com\/fr\/wp-json\/wp\/v2\/users\/1"}],"replies":[{"embeddable":true,"href":"https:\/\/parachutevoltige.com\/fr\/wp-json\/wp\/v2\/comments?post=424"}],"version-history":[{"count":14,"href":"https:\/\/parachutevoltige.com\/fr\/wp-json\/wp\/v2\/pages\/424\/revisions"}],"predecessor-version":[{"id":60353,"href":"https:\/\/parachutevoltige.com\/fr\/wp-json\/wp\/v2\/pages\/424\/revisions\/60353"}],"wp:attachment":[{"href":"https:\/\/parachutevoltige.com\/fr\/wp-json\/wp\/v2\/media?parent=424"}],"curies":[{"name":"wp","href":"https:\/\/api.w.org\/{rel}","templated":true}]}}