{"id":425,"date":"2019-03-04T11:56:29","date_gmt":"2019-03-14T15:42:05","guid":{"rendered":"https:\/\/parachutevoltige.com\/organisateur-de-saut\/"},"modified":"2021-03-27T14:33:48","modified_gmt":"2021-03-27T18:33:48","slug":"evenements","status":"publish","type":"page","link":"https:\/\/parachutevoltige.com\/fr\/sauteurs-experimentes\/evenements\/","title":{"rendered":"\u00c9v\u00e9nements"},"content":{"rendered":"<p>Chez Parachute Voltige vous aurez acc\u00e8s \u00e0 des organisateurs passionn\u00e9s par leurs disciplines respectives.<\/p>\n<ul>\n<li><strong>Vol relatif<\/strong><\/li>\n<li><strong>Freefly<\/strong><\/li>\n<li><strong>CRW<\/strong><\/li>\n<li><strong>Wingsuit<\/strong><\/li>\n<\/ul>\n<p>Nous vous invitons \u00e0 d\u00e9couvrir les prochains <a href=\"https:\/\/parachutevoltige.com\/categorie-produit\/evenements\/\">\u00e9v\u00e9nements par disciplines du parachutisme<\/a>\u00a0 et \u00e0 vous y inscrire!<\/p>\n<p>&nbsp;<\/p>\n","protected":false},"excerpt":{"rendered":"<p>Chez Parachute Voltige vous aurez acc\u00e8s \u00e0 des organisateurs passionn\u00e9s par leurs disciplines respectives. Vol relatif Freefly CRW Wingsuit Nous vous invitons \u00e0 d\u00e9couvrir les prochains \u00e9v\u00e9nements par disciplines du parachutisme\u00a0 et \u00e0 vous y inscrire! &nbsp;<\/p>\n","protected":false},"author":1,"featured_media":2110,"parent":424,"menu_order":1,"comment_status":"closed","ping_status":"closed","template":"template-sectioncontent.blade.php","meta":{"_acf_changed":false,"_exactmetrics_skip_tracking":false,"_exactmetrics_sitenote_active":false,"_exactmetrics_sitenote_note":"","_exactmetrics_sitenote_category":0,"ngg_post_thumbnail":0,"footnotes":""},"class_list":["post-425","page","type-page","status-publish","has-post-thumbnail","hentry"],"acf":[],"yoast_head":"<!-- This site is optimized with the Yoast SEO plugin v26.8 - https:\/\/yoast.com\/product\/yoast-seo-wordpress\/ -->\n<title>Participez aux \u00e9v\u00e9nements pour sauteurs exp\u00e9riment\u00e9s chez Voltige<\/title>\n<meta name=\"description\" content=\"Acc\u00e8dez \u00e0 des organisateurs et professionnels passionn\u00e9s par le parachutisme. Vol relatif, Freefly ou CRW, nous sommes la r\u00e9f\u00e9rence!\" \/>\n<meta name=\"robots\" content=\"index, follow, max-snippet:-1, max-image-preview:large, max-video-preview:-1\" \/>\n<link rel=\"canonical\" href=\"https:\/\/parachutevoltige.com\/fr\/sauteurs-experimentes\/evenements\/\" \/>\n<meta property=\"og:locale\" content=\"fr_CA\" \/>\n<meta property=\"og:type\" content=\"article\" \/>\n<meta property=\"og:title\" content=\"Participez aux \u00e9v\u00e9nements pour sauteurs exp\u00e9riment\u00e9s chez Voltige\" \/>\n<meta property=\"og:description\" content=\"Acc\u00e8dez \u00e0 des organisateurs et professionnels passionn\u00e9s par le parachutisme. Vol relatif, Freefly ou CRW, nous sommes la r\u00e9f\u00e9rence!\" \/>\n<meta property=\"og:url\" content=\"https:\/\/parachutevoltige.com\/fr\/sauteurs-experimentes\/evenements\/\" \/>\n<meta property=\"og:site_name\" content=\"Parachute Voltige\" \/>\n<meta property=\"article:publisher\" content=\"https:\/\/www.facebook.com\/ParachuteVoltige\/\" \/>\n<meta property=\"article:modified_time\" content=\"2021-03-27T18:33:48+00:00\" \/>\n<meta property=\"og:image\" content=\"https:\/\/parachutevoltige.com\/wp-content\/uploads\/2019\/07\/2018-06-28-15_36_44-Page_150.jpg-\u200e-Photos.png\" \/>\n\t<meta property=\"og:image:width\" content=\"1083\" \/>\n\t<meta property=\"og:image:height\" content=\"716\" \/>\n\t<meta property=\"og:image:type\" content=\"image\/png\" \/>\n<meta name=\"twitter:card\" content=\"summary_large_image\" \/>\n<meta name=\"twitter:label1\" content=\"Estimation du temps de lecture\" \/>\n\t<meta name=\"twitter:data1\" content=\"1 minute\" \/>\n<script type=\"application\/ld+json\" class=\"yoast-schema-graph\">{\"@context\":\"https:\/\/schema.org\",\"@graph\":[{\"@type\":\"WebPage\",\"@id\":\"https:\/\/parachutevoltige.com\/fr\/sauteurs-experimentes\/evenements\/\",\"url\":\"https:\/\/parachutevoltige.com\/fr\/sauteurs-experimentes\/evenements\/\",\"name\":\"Participez aux \u00e9v\u00e9nements pour sauteurs exp\u00e9riment\u00e9s chez Voltige\",\"isPartOf\":{\"@id\":\"https:\/\/parachutevoltige.com\/fr\/#website\"},\"primaryImageOfPage\":{\"@id\":\"https:\/\/parachutevoltige.com\/fr\/sauteurs-experimentes\/evenements\/#primaryimage\"},\"image\":{\"@id\":\"https:\/\/parachutevoltige.com\/fr\/sauteurs-experimentes\/evenements\/#primaryimage\"},\"thumbnailUrl\":\"https:\/\/parachutevoltige.com\/wp-content\/uploads\/2019\/07\/2018-06-28-15_36_44-Page_150.jpg-\u200e-Photos.png\",\"datePublished\":\"2019-03-14T15:42:05+00:00\",\"dateModified\":\"2021-03-27T18:33:48+00:00\",\"description\":\"Acc\u00e8dez \u00e0 des organisateurs et professionnels passionn\u00e9s par le parachutisme. Vol relatif, Freefly ou CRW, nous sommes la r\u00e9f\u00e9rence!\",\"breadcrumb\":{\"@id\":\"https:\/\/parachutevoltige.com\/fr\/sauteurs-experimentes\/evenements\/#breadcrumb\"},\"inLanguage\":\"fr-CA\",\"potentialAction\":[{\"@type\":\"ReadAction\",\"target\":[\"https:\/\/parachutevoltige.com\/fr\/sauteurs-experimentes\/evenements\/\"]}]},{\"@type\":\"ImageObject\",\"inLanguage\":\"fr-CA\",\"@id\":\"https:\/\/parachutevoltige.com\/fr\/sauteurs-experimentes\/evenements\/#primaryimage\",\"url\":\"https:\/\/parachutevoltige.com\/wp-content\/uploads\/2019\/07\/2018-06-28-15_36_44-Page_150.jpg-\u200e-Photos.png\",\"contentUrl\":\"https:\/\/parachutevoltige.com\/wp-content\/uploads\/2019\/07\/2018-06-28-15_36_44-Page_150.jpg-\u200e-Photos.png\",\"width\":1083,\"height\":716},{\"@type\":\"BreadcrumbList\",\"@id\":\"https:\/\/parachutevoltige.com\/fr\/sauteurs-experimentes\/evenements\/#breadcrumb\",\"itemListElement\":[{\"@type\":\"ListItem\",\"position\":1,\"name\":\"Home\",\"item\":\"https:\/\/parachutevoltige.com\/fr\/\"},{\"@type\":\"ListItem\",\"position\":2,\"name\":\"Parachutistes exp\u00e9riment\u00e9s\",\"item\":\"https:\/\/parachutevoltige.com\/fr\/sauteurs-experimentes\/\"},{\"@type\":\"ListItem\",\"position\":3,\"name\":\"\u00c9v\u00e9nements\"}]},{\"@type\":\"WebSite\",\"@id\":\"https:\/\/parachutevoltige.com\/fr\/#website\",\"url\":\"https:\/\/parachutevoltige.com\/fr\/\",\"name\":\"Parachute Voltige\",\"description\":\"\",\"publisher\":{\"@id\":\"https:\/\/parachutevoltige.com\/fr\/#organization\"},\"potentialAction\":[{\"@type\":\"SearchAction\",\"target\":{\"@type\":\"EntryPoint\",\"urlTemplate\":\"https:\/\/parachutevoltige.com\/fr\/?s={search_term_string}\"},\"query-input\":{\"@type\":\"PropertyValueSpecification\",\"valueRequired\":true,\"valueName\":\"search_term_string\"}}],\"inLanguage\":\"fr-CA\"},{\"@type\":\"Organization\",\"@id\":\"https:\/\/parachutevoltige.com\/fr\/#organization\",\"name\":\"Voltige | \u00c9cole de parachutisme\",\"url\":\"https:\/\/parachutevoltige.com\/fr\/\",\"logo\":{\"@type\":\"ImageObject\",\"inLanguage\":\"fr-CA\",\"@id\":\"https:\/\/parachutevoltige.com\/fr\/#\/schema\/logo\/image\/\",\"url\":\"https:\/\/parachutevoltige.com\/wp-content\/uploads\/2019\/05\/Voltige_logo.png\",\"contentUrl\":\"https:\/\/parachutevoltige.com\/wp-content\/uploads\/2019\/05\/Voltige_logo.png\",\"width\":462,\"height\":132,\"caption\":\"Voltige | \u00c9cole de parachutisme\"},\"image\":{\"@id\":\"https:\/\/parachutevoltige.com\/fr\/#\/schema\/logo\/image\/\"},\"sameAs\":[\"https:\/\/www.facebook.com\/ParachuteVoltige\/\"]}]}<\/script>\n<!-- \/ Yoast SEO plugin. -->","yoast_head_json":{"title":"Participez aux \u00e9v\u00e9nements pour sauteurs exp\u00e9riment\u00e9s chez Voltige","description":"Acc\u00e8dez \u00e0 des organisateurs et professionnels passionn\u00e9s par le parachutisme. Vol relatif, Freefly ou CRW, nous sommes la r\u00e9f\u00e9rence!","robots":{"index":"index","follow":"follow","max-snippet":"max-snippet:-1","max-image-preview":"max-image-preview:large","max-video-preview":"max-video-preview:-1"},"canonical":"https:\/\/parachutevoltige.com\/fr\/sauteurs-experimentes\/evenements\/","og_locale":"fr_CA","og_type":"article","og_title":"Participez aux \u00e9v\u00e9nements pour sauteurs exp\u00e9riment\u00e9s chez Voltige","og_description":"Acc\u00e8dez \u00e0 des organisateurs et professionnels passionn\u00e9s par le parachutisme. Vol relatif, Freefly ou CRW, nous sommes la r\u00e9f\u00e9rence!","og_url":"https:\/\/parachutevoltige.com\/fr\/sauteurs-experimentes\/evenements\/","og_site_name":"Parachute Voltige","article_publisher":"https:\/\/www.facebook.com\/ParachuteVoltige\/","article_modified_time":"2021-03-27T18:33:48+00:00","og_image":[{"width":1083,"height":716,"url":"https:\/\/parachutevoltige.com\/wp-content\/uploads\/2019\/07\/2018-06-28-15_36_44-Page_150.jpg-\u200e-Photos.png","type":"image\/png"}],"twitter_card":"summary_large_image","twitter_misc":{"Estimation du temps de lecture":"1 minute"},"schema":{"@context":"https:\/\/schema.org","@graph":[{"@type":"WebPage","@id":"https:\/\/parachutevoltige.com\/fr\/sauteurs-experimentes\/evenements\/","url":"https:\/\/parachutevoltige.com\/fr\/sauteurs-experimentes\/evenements\/","name":"Participez aux \u00e9v\u00e9nements pour sauteurs exp\u00e9riment\u00e9s chez Voltige","isPartOf":{"@id":"https:\/\/parachutevoltige.com\/fr\/#website"},"primaryImageOfPage":{"@id":"https:\/\/parachutevoltige.com\/fr\/sauteurs-experimentes\/evenements\/#primaryimage"},"image":{"@id":"https:\/\/parachutevoltige.com\/fr\/sauteurs-experimentes\/evenements\/#primaryimage"},"thumbnailUrl":"https:\/\/parachutevoltige.com\/wp-content\/uploads\/2019\/07\/2018-06-28-15_36_44-Page_150.jpg-\u200e-Photos.png","datePublished":"2019-03-14T15:42:05+00:00","dateModified":"2021-03-27T18:33:48+00:00","description":"Acc\u00e8dez \u00e0 des organisateurs et professionnels passionn\u00e9s par le parachutisme. Vol relatif, Freefly ou CRW, nous sommes la r\u00e9f\u00e9rence!","breadcrumb":{"@id":"https:\/\/parachutevoltige.com\/fr\/sauteurs-experimentes\/evenements\/#breadcrumb"},"inLanguage":"fr-CA","potentialAction":[{"@type":"ReadAction","target":["https:\/\/parachutevoltige.com\/fr\/sauteurs-experimentes\/evenements\/"]}]},{"@type":"ImageObject","inLanguage":"fr-CA","@id":"https:\/\/parachutevoltige.com\/fr\/sauteurs-experimentes\/evenements\/#primaryimage","url":"https:\/\/parachutevoltige.com\/wp-content\/uploads\/2019\/07\/2018-06-28-15_36_44-Page_150.jpg-\u200e-Photos.png","contentUrl":"https:\/\/parachutevoltige.com\/wp-content\/uploads\/2019\/07\/2018-06-28-15_36_44-Page_150.jpg-\u200e-Photos.png","width":1083,"height":716},{"@type":"BreadcrumbList","@id":"https:\/\/parachutevoltige.com\/fr\/sauteurs-experimentes\/evenements\/#breadcrumb","itemListElement":[{"@type":"ListItem","position":1,"name":"Home","item":"https:\/\/parachutevoltige.com\/fr\/"},{"@type":"ListItem","position":2,"name":"Parachutistes exp\u00e9riment\u00e9s","item":"https:\/\/parachutevoltige.com\/fr\/sauteurs-experimentes\/"},{"@type":"ListItem","position":3,"name":"\u00c9v\u00e9nements"}]},{"@type":"WebSite","@id":"https:\/\/parachutevoltige.com\/fr\/#website","url":"https:\/\/parachutevoltige.com\/fr\/","name":"Parachute Voltige","description":"","publisher":{"@id":"https:\/\/parachutevoltige.com\/fr\/#organization"},"potentialAction":[{"@type":"SearchAction","target":{"@type":"EntryPoint","urlTemplate":"https:\/\/parachutevoltige.com\/fr\/?s={search_term_string}"},"query-input":{"@type":"PropertyValueSpecification","valueRequired":true,"valueName":"search_term_string"}}],"inLanguage":"fr-CA"},{"@type":"Organization","@id":"https:\/\/parachutevoltige.com\/fr\/#organization","name":"Voltige | \u00c9cole de parachutisme","url":"https:\/\/parachutevoltige.com\/fr\/","logo":{"@type":"ImageObject","inLanguage":"fr-CA","@id":"https:\/\/parachutevoltige.com\/fr\/#\/schema\/logo\/image\/","url":"https:\/\/parachutevoltige.com\/wp-content\/uploads\/2019\/05\/Voltige_logo.png","contentUrl":"https:\/\/parachutevoltige.com\/wp-content\/uploads\/2019\/05\/Voltige_logo.png","width":462,"height":132,"caption":"Voltige | \u00c9cole de parachutisme"},"image":{"@id":"https:\/\/parachutevoltige.com\/fr\/#\/schema\/logo\/image\/"},"sameAs":["https:\/\/www.facebook.com\/ParachuteVoltige\/"]}]}},"_links":{"self":[{"href":"https:\/\/parachutevoltige.com\/fr\/wp-json\/wp\/v2\/pages\/425","targetHints":{"allow":["GET"]}}],"collection":[{"href":"https:\/\/parachutevoltige.com\/fr\/wp-json\/wp\/v2\/pages"}],"about":[{"href":"https:\/\/parachutevoltige.com\/fr\/wp-json\/wp\/v2\/types\/page"}],"author":[{"embeddable":true,"href":"https:\/\/parachutevoltige.com\/fr\/wp-json\/wp\/v2\/users\/1"}],"replies":[{"embeddable":true,"href":"https:\/\/parachutevoltige.com\/fr\/wp-json\/wp\/v2\/comments?post=425"}],"version-history":[{"count":18,"href":"https:\/\/parachutevoltige.com\/fr\/wp-json\/wp\/v2\/pages\/425\/revisions"}],"predecessor-version":[{"id":60350,"href":"https:\/\/parachutevoltige.com\/fr\/wp-json\/wp\/v2\/pages\/425\/revisions\/60350"}],"up":[{"embeddable":true,"href":"https:\/\/parachutevoltige.com\/fr\/wp-json\/wp\/v2\/pages\/424"}],"wp:featuredmedia":[{"embeddable":true,"href":"https:\/\/parachutevoltige.com\/fr\/wp-json\/wp\/v2\/media\/2110"}],"wp:attachment":[{"href":"https:\/\/parachutevoltige.com\/fr\/wp-json\/wp\/v2\/media?parent=425"}],"curies":[{"name":"wp","href":"https:\/\/api.w.org\/{rel}","templated":true}]}}