{"id":426,"date":"2019-03-04T11:56:29","date_gmt":"2019-03-14T15:42:05","guid":{"rendered":"https:\/\/parachutevoltige.com\/trouver-un-terme\/"},"modified":"2021-03-27T15:02:13","modified_gmt":"2021-03-27T19:02:13","slug":"equipement-de-location","status":"publish","type":"page","link":"https:\/\/parachutevoltige.com\/fr\/sauteurs-experimentes\/equipement-de-location\/","title":{"rendered":"\u00c9quipement de location"},"content":{"rendered":"<p>Chez Parachute Voltige il est possible de louer tout ce dont vous avez besoin pour vos sauts en parachute. Nous avons les <strong>parachutes \u00e9tudiants<\/strong> et de location suivants:<\/p>\n<h2>\u00c9quipement \u00e9cole<\/h2>\n<ul>\n<li data-gc-list-depth=\"1\" data-gc-list-style=\"bullet\">1 Vector Student avec Navigator 280;<\/li>\n<li data-gc-list-depth=\"1\" data-gc-list-style=\"bullet\">3 Vector Student avec Navigator 260;<\/li>\n<li data-gc-list-depth=\"1\" data-gc-list-style=\"bullet\">7 Vector Student avec Navigator 240;<\/li>\n<li data-gc-list-depth=\"1\" data-gc-list-style=\"bullet\">4 Vector Student avec Navigator 220;<\/li>\n<li data-gc-list-depth=\"1\" data-gc-list-style=\"bullet\">1 Vector Student avec Navigator 200<\/li>\n<\/ul>\n<p>Tous les \u00e9quipements sont munis d&rsquo;un syst\u00e8me d&rsquo;ouverture \u00e9lectronique Cypres 2 et ils sont tous \u00e9quip\u00e9s du syst\u00e8me <a href=\"http:\/\/www.unitedparachutetechnologies.com\/index.php?Itemid=27&amp;id=85&amp;option=com_content&amp;task=view\" data-gc-link=\"http:\/\/www.unitedparachutetechnologies.com\/index.php?Itemid=27&amp;id=85&amp;option=com_content&amp;task=view\">SkyHook RSL<\/a>.<\/p>\n<h2>\u00c9quipement sportif<\/h2>\n<ul>\n<li data-gc-list-depth=\"1\" data-gc-list-style=\"bullet\">3 Vector M-Series avec Sabre2 210;<\/li>\n<li data-gc-list-depth=\"1\" data-gc-list-style=\"bullet\">4 Vector M-Series avec Sabre2 190;<\/li>\n<li data-gc-list-depth=\"1\" data-gc-list-style=\"bullet\">2 Vector M-Series avec Sabre2 170;<\/li>\n<li data-gc-list-depth=\"1\" data-gc-list-style=\"bullet\">1 Mirage G4 avec Sabre2 135.<\/li>\n<\/ul>\n<p>Tous les Vector sont ajustables et \u00e9quip\u00e9s du syst\u00e8me du\u00a0<a href=\"http:\/\/www.unitedparachutetechnologies.com\/index.php?Itemid=27&amp;id=85&amp;option=com_content&amp;task=view\" data-gc-link=\"http:\/\/www.unitedparachutetechnologies.com\/index.php?Itemid=27&amp;id=85&amp;option=com_content&amp;task=view\">SkyHook RSL<\/a>.<\/p>\n<p>Tous les \u00e9quipements sont munis d&rsquo;un syst\u00e8me d&rsquo;ouverture \u00e9lectronique Cypres 2.<\/p>\n<p>Il est \u00e9galement possible de louer les accessoires suivants:<\/p>\n<ul>\n<li>Altim\u00e8tre<\/li>\n<li>Altim\u00e8tre sonore<\/li>\n<li>Casque<\/li>\n<li>Radio<\/li>\n<li>Combinaison de saut<\/li>\n<li>Ceinture de plomb<\/li>\n<li>Belly band<\/li>\n<\/ul>\n<p>Notez que la location d&rsquo;\u00e9quipement se fait pr\u00e9sentement \u00e0 la journ\u00e9e et que vous devez nous signifiez votre int\u00e9r\u00eat et votre pr\u00e9sence \u00e0 l&rsquo;avance (en raison de la Covid-19). Consid\u00e9rez que vous devrez r\u00e9server l&rsquo;\u00e9quipement pour <a href=\"https:\/\/parachutevoltige.com\/produit\/location-equipement-par-jour-3-sauts\/\">un minimum de trois sauts<\/a>.<\/p>\n<p>Contactez nos <a href=\"https:\/\/parachutevoltige.com\/nous-joindre\/\">pr\u00e9pos\u00e9s \u00e0 la client\u00e8le<\/a> pour plus d&rsquo;information sur notre <strong>\u00e9quipement de parachutisme<\/strong>.<\/p>\n","protected":false},"excerpt":{"rendered":"<p>Chez Parachute Voltige il est possible de louer tout ce dont vous avez besoin pour vos sauts en parachute. Nous avons les parachutes \u00e9tudiants et de location suivants: \u00c9quipement \u00e9cole 1 Vector Student avec Navigator 280; 3 Vector Student avec Navigator 260; 7 Vector Student avec Navigator 240; 4 Vector Student avec Navigator 220; 1 [&hellip;]<\/p>\n","protected":false},"author":1,"featured_media":1443,"parent":424,"menu_order":2,"comment_status":"closed","ping_status":"closed","template":"template-sectioncontent.blade.php","meta":{"_acf_changed":false,"_exactmetrics_skip_tracking":false,"_exactmetrics_sitenote_active":false,"_exactmetrics_sitenote_note":"","_exactmetrics_sitenote_category":0,"ngg_post_thumbnail":0,"footnotes":""},"class_list":["post-426","page","type-page","status-publish","has-post-thumbnail","hentry"],"acf":[],"yoast_head":"<!-- This site is optimized with the Yoast SEO plugin v27.4 - https:\/\/yoast.com\/product\/yoast-seo-wordpress\/ -->\n<title>Louez votre \u00e9quipement de parachute sur place | Voltige<\/title>\n<meta name=\"description\" content=\"Vous \u00eates un sauteur exp\u00e9riment\u00e9, mais il vous manque quelques pi\u00e8ces d&#039;\u00e9quipement essentiel. Chez Voltige, nous avons tout ce qu&#039;il vous faut! Appelez-nous!\" \/>\n<meta name=\"robots\" content=\"index, follow, max-snippet:-1, max-image-preview:large, max-video-preview:-1\" \/>\n<link rel=\"canonical\" href=\"https:\/\/parachutevoltige.com\/fr\/sauteurs-experimentes\/equipement-de-location\/\" \/>\n<meta property=\"og:locale\" content=\"fr_CA\" \/>\n<meta property=\"og:type\" content=\"article\" \/>\n<meta property=\"og:title\" content=\"Louez votre \u00e9quipement de parachute sur place | Voltige\" \/>\n<meta property=\"og:description\" content=\"Vous \u00eates un sauteur exp\u00e9riment\u00e9, mais il vous manque quelques pi\u00e8ces d&#039;\u00e9quipement essentiel. Chez Voltige, nous avons tout ce qu&#039;il vous faut! Appelez-nous!\" \/>\n<meta property=\"og:url\" content=\"https:\/\/parachutevoltige.com\/fr\/sauteurs-experimentes\/equipement-de-location\/\" \/>\n<meta property=\"og:site_name\" content=\"Parachute Voltige\" \/>\n<meta property=\"article:publisher\" content=\"https:\/\/www.facebook.com\/ParachuteVoltige\/\" \/>\n<meta property=\"article:modified_time\" content=\"2021-03-27T19:02:13+00:00\" \/>\n<meta property=\"og:image\" content=\"https:\/\/parachutevoltige.com\/wp-content\/uploads\/2019\/04\/bloc_redirection-location.jpg\" \/>\n\t<meta property=\"og:image:width\" content=\"515\" \/>\n\t<meta property=\"og:image:height\" content=\"515\" \/>\n\t<meta property=\"og:image:type\" content=\"image\/jpeg\" \/>\n<meta name=\"twitter:card\" content=\"summary_large_image\" \/>\n<meta name=\"twitter:label1\" content=\"Estimation du temps de lecture\" \/>\n\t<meta name=\"twitter:data1\" content=\"1 minute\" \/>\n<script type=\"application\/ld+json\" class=\"yoast-schema-graph\">{\"@context\":\"https:\\\/\\\/schema.org\",\"@graph\":[{\"@type\":\"WebPage\",\"@id\":\"https:\\\/\\\/parachutevoltige.com\\\/fr\\\/sauteurs-experimentes\\\/equipement-de-location\\\/\",\"url\":\"https:\\\/\\\/parachutevoltige.com\\\/fr\\\/sauteurs-experimentes\\\/equipement-de-location\\\/\",\"name\":\"Louez votre \u00e9quipement de parachute sur place | Voltige\",\"isPartOf\":{\"@id\":\"https:\\\/\\\/parachutevoltige.com\\\/fr\\\/#website\"},\"primaryImageOfPage\":{\"@id\":\"https:\\\/\\\/parachutevoltige.com\\\/fr\\\/sauteurs-experimentes\\\/equipement-de-location\\\/#primaryimage\"},\"image\":{\"@id\":\"https:\\\/\\\/parachutevoltige.com\\\/fr\\\/sauteurs-experimentes\\\/equipement-de-location\\\/#primaryimage\"},\"thumbnailUrl\":\"https:\\\/\\\/parachutevoltige.com\\\/wp-content\\\/uploads\\\/2019\\\/04\\\/bloc_redirection-location.jpg\",\"datePublished\":\"2019-03-14T15:42:05+00:00\",\"dateModified\":\"2021-03-27T19:02:13+00:00\",\"description\":\"Vous \u00eates un sauteur exp\u00e9riment\u00e9, mais il vous manque quelques pi\u00e8ces d'\u00e9quipement essentiel. Chez Voltige, nous avons tout ce qu'il vous faut! Appelez-nous!\",\"breadcrumb\":{\"@id\":\"https:\\\/\\\/parachutevoltige.com\\\/fr\\\/sauteurs-experimentes\\\/equipement-de-location\\\/#breadcrumb\"},\"inLanguage\":\"fr-CA\",\"potentialAction\":[{\"@type\":\"ReadAction\",\"target\":[\"https:\\\/\\\/parachutevoltige.com\\\/fr\\\/sauteurs-experimentes\\\/equipement-de-location\\\/\"]}]},{\"@type\":\"ImageObject\",\"inLanguage\":\"fr-CA\",\"@id\":\"https:\\\/\\\/parachutevoltige.com\\\/fr\\\/sauteurs-experimentes\\\/equipement-de-location\\\/#primaryimage\",\"url\":\"https:\\\/\\\/parachutevoltige.com\\\/wp-content\\\/uploads\\\/2019\\\/04\\\/bloc_redirection-location.jpg\",\"contentUrl\":\"https:\\\/\\\/parachutevoltige.com\\\/wp-content\\\/uploads\\\/2019\\\/04\\\/bloc_redirection-location.jpg\",\"width\":515,\"height\":515},{\"@type\":\"BreadcrumbList\",\"@id\":\"https:\\\/\\\/parachutevoltige.com\\\/fr\\\/sauteurs-experimentes\\\/equipement-de-location\\\/#breadcrumb\",\"itemListElement\":[{\"@type\":\"ListItem\",\"position\":1,\"name\":\"Home\",\"item\":\"https:\\\/\\\/parachutevoltige.com\\\/fr\\\/\"},{\"@type\":\"ListItem\",\"position\":2,\"name\":\"Parachutistes exp\u00e9riment\u00e9s\",\"item\":\"https:\\\/\\\/parachutevoltige.com\\\/fr\\\/sauteurs-experimentes\\\/\"},{\"@type\":\"ListItem\",\"position\":3,\"name\":\"\u00c9quipement de location\"}]},{\"@type\":\"WebSite\",\"@id\":\"https:\\\/\\\/parachutevoltige.com\\\/fr\\\/#website\",\"url\":\"https:\\\/\\\/parachutevoltige.com\\\/fr\\\/\",\"name\":\"Parachute Voltige\",\"description\":\"\",\"publisher\":{\"@id\":\"https:\\\/\\\/parachutevoltige.com\\\/fr\\\/#organization\"},\"potentialAction\":[{\"@type\":\"SearchAction\",\"target\":{\"@type\":\"EntryPoint\",\"urlTemplate\":\"https:\\\/\\\/parachutevoltige.com\\\/fr\\\/?s={search_term_string}\"},\"query-input\":{\"@type\":\"PropertyValueSpecification\",\"valueRequired\":true,\"valueName\":\"search_term_string\"}}],\"inLanguage\":\"fr-CA\"},{\"@type\":\"Organization\",\"@id\":\"https:\\\/\\\/parachutevoltige.com\\\/fr\\\/#organization\",\"name\":\"Voltige | \u00c9cole de parachutisme\",\"url\":\"https:\\\/\\\/parachutevoltige.com\\\/fr\\\/\",\"logo\":{\"@type\":\"ImageObject\",\"inLanguage\":\"fr-CA\",\"@id\":\"https:\\\/\\\/parachutevoltige.com\\\/fr\\\/#\\\/schema\\\/logo\\\/image\\\/\",\"url\":\"https:\\\/\\\/parachutevoltige.com\\\/wp-content\\\/uploads\\\/2019\\\/05\\\/Voltige_logo.png\",\"contentUrl\":\"https:\\\/\\\/parachutevoltige.com\\\/wp-content\\\/uploads\\\/2019\\\/05\\\/Voltige_logo.png\",\"width\":462,\"height\":132,\"caption\":\"Voltige | \u00c9cole de parachutisme\"},\"image\":{\"@id\":\"https:\\\/\\\/parachutevoltige.com\\\/fr\\\/#\\\/schema\\\/logo\\\/image\\\/\"},\"sameAs\":[\"https:\\\/\\\/www.facebook.com\\\/ParachuteVoltige\\\/\"]}]}<\/script>\n<!-- \/ Yoast SEO plugin. -->","yoast_head_json":{"title":"Louez votre \u00e9quipement de parachute sur place | Voltige","description":"Vous \u00eates un sauteur exp\u00e9riment\u00e9, mais il vous manque quelques pi\u00e8ces d'\u00e9quipement essentiel. Chez Voltige, nous avons tout ce qu'il vous faut! Appelez-nous!","robots":{"index":"index","follow":"follow","max-snippet":"max-snippet:-1","max-image-preview":"max-image-preview:large","max-video-preview":"max-video-preview:-1"},"canonical":"https:\/\/parachutevoltige.com\/fr\/sauteurs-experimentes\/equipement-de-location\/","og_locale":"fr_CA","og_type":"article","og_title":"Louez votre \u00e9quipement de parachute sur place | Voltige","og_description":"Vous \u00eates un sauteur exp\u00e9riment\u00e9, mais il vous manque quelques pi\u00e8ces d'\u00e9quipement essentiel. Chez Voltige, nous avons tout ce qu'il vous faut! Appelez-nous!","og_url":"https:\/\/parachutevoltige.com\/fr\/sauteurs-experimentes\/equipement-de-location\/","og_site_name":"Parachute Voltige","article_publisher":"https:\/\/www.facebook.com\/ParachuteVoltige\/","article_modified_time":"2021-03-27T19:02:13+00:00","og_image":[{"width":515,"height":515,"url":"https:\/\/parachutevoltige.com\/wp-content\/uploads\/2019\/04\/bloc_redirection-location.jpg","type":"image\/jpeg"}],"twitter_card":"summary_large_image","twitter_misc":{"Estimation du temps de lecture":"1 minute"},"schema":{"@context":"https:\/\/schema.org","@graph":[{"@type":"WebPage","@id":"https:\/\/parachutevoltige.com\/fr\/sauteurs-experimentes\/equipement-de-location\/","url":"https:\/\/parachutevoltige.com\/fr\/sauteurs-experimentes\/equipement-de-location\/","name":"Louez votre \u00e9quipement de parachute sur place | Voltige","isPartOf":{"@id":"https:\/\/parachutevoltige.com\/fr\/#website"},"primaryImageOfPage":{"@id":"https:\/\/parachutevoltige.com\/fr\/sauteurs-experimentes\/equipement-de-location\/#primaryimage"},"image":{"@id":"https:\/\/parachutevoltige.com\/fr\/sauteurs-experimentes\/equipement-de-location\/#primaryimage"},"thumbnailUrl":"https:\/\/parachutevoltige.com\/wp-content\/uploads\/2019\/04\/bloc_redirection-location.jpg","datePublished":"2019-03-14T15:42:05+00:00","dateModified":"2021-03-27T19:02:13+00:00","description":"Vous \u00eates un sauteur exp\u00e9riment\u00e9, mais il vous manque quelques pi\u00e8ces d'\u00e9quipement essentiel. Chez Voltige, nous avons tout ce qu'il vous faut! Appelez-nous!","breadcrumb":{"@id":"https:\/\/parachutevoltige.com\/fr\/sauteurs-experimentes\/equipement-de-location\/#breadcrumb"},"inLanguage":"fr-CA","potentialAction":[{"@type":"ReadAction","target":["https:\/\/parachutevoltige.com\/fr\/sauteurs-experimentes\/equipement-de-location\/"]}]},{"@type":"ImageObject","inLanguage":"fr-CA","@id":"https:\/\/parachutevoltige.com\/fr\/sauteurs-experimentes\/equipement-de-location\/#primaryimage","url":"https:\/\/parachutevoltige.com\/wp-content\/uploads\/2019\/04\/bloc_redirection-location.jpg","contentUrl":"https:\/\/parachutevoltige.com\/wp-content\/uploads\/2019\/04\/bloc_redirection-location.jpg","width":515,"height":515},{"@type":"BreadcrumbList","@id":"https:\/\/parachutevoltige.com\/fr\/sauteurs-experimentes\/equipement-de-location\/#breadcrumb","itemListElement":[{"@type":"ListItem","position":1,"name":"Home","item":"https:\/\/parachutevoltige.com\/fr\/"},{"@type":"ListItem","position":2,"name":"Parachutistes exp\u00e9riment\u00e9s","item":"https:\/\/parachutevoltige.com\/fr\/sauteurs-experimentes\/"},{"@type":"ListItem","position":3,"name":"\u00c9quipement de location"}]},{"@type":"WebSite","@id":"https:\/\/parachutevoltige.com\/fr\/#website","url":"https:\/\/parachutevoltige.com\/fr\/","name":"Parachute Voltige","description":"","publisher":{"@id":"https:\/\/parachutevoltige.com\/fr\/#organization"},"potentialAction":[{"@type":"SearchAction","target":{"@type":"EntryPoint","urlTemplate":"https:\/\/parachutevoltige.com\/fr\/?s={search_term_string}"},"query-input":{"@type":"PropertyValueSpecification","valueRequired":true,"valueName":"search_term_string"}}],"inLanguage":"fr-CA"},{"@type":"Organization","@id":"https:\/\/parachutevoltige.com\/fr\/#organization","name":"Voltige | \u00c9cole de parachutisme","url":"https:\/\/parachutevoltige.com\/fr\/","logo":{"@type":"ImageObject","inLanguage":"fr-CA","@id":"https:\/\/parachutevoltige.com\/fr\/#\/schema\/logo\/image\/","url":"https:\/\/parachutevoltige.com\/wp-content\/uploads\/2019\/05\/Voltige_logo.png","contentUrl":"https:\/\/parachutevoltige.com\/wp-content\/uploads\/2019\/05\/Voltige_logo.png","width":462,"height":132,"caption":"Voltige | \u00c9cole de parachutisme"},"image":{"@id":"https:\/\/parachutevoltige.com\/fr\/#\/schema\/logo\/image\/"},"sameAs":["https:\/\/www.facebook.com\/ParachuteVoltige\/"]}]}},"_hostinger_reach_plugin_has_subscription_block":false,"_hostinger_reach_plugin_is_elementor":false,"_links":{"self":[{"href":"https:\/\/parachutevoltige.com\/fr\/wp-json\/wp\/v2\/pages\/426","targetHints":{"allow":["GET"]}}],"collection":[{"href":"https:\/\/parachutevoltige.com\/fr\/wp-json\/wp\/v2\/pages"}],"about":[{"href":"https:\/\/parachutevoltige.com\/fr\/wp-json\/wp\/v2\/types\/page"}],"author":[{"embeddable":true,"href":"https:\/\/parachutevoltige.com\/fr\/wp-json\/wp\/v2\/users\/1"}],"replies":[{"embeddable":true,"href":"https:\/\/parachutevoltige.com\/fr\/wp-json\/wp\/v2\/comments?post=426"}],"version-history":[{"count":18,"href":"https:\/\/parachutevoltige.com\/fr\/wp-json\/wp\/v2\/pages\/426\/revisions"}],"predecessor-version":[{"id":60355,"href":"https:\/\/parachutevoltige.com\/fr\/wp-json\/wp\/v2\/pages\/426\/revisions\/60355"}],"up":[{"embeddable":true,"href":"https:\/\/parachutevoltige.com\/fr\/wp-json\/wp\/v2\/pages\/424"}],"wp:featuredmedia":[{"embeddable":true,"href":"https:\/\/parachutevoltige.com\/fr\/wp-json\/wp\/v2\/media\/1443"}],"wp:attachment":[{"href":"https:\/\/parachutevoltige.com\/fr\/wp-json\/wp\/v2\/media?parent=426"}],"curies":[{"name":"wp","href":"https:\/\/api.w.org\/{rel}","templated":true}]}}