{"id":446,"date":"2019-03-14T14:23:14","date_gmt":"2019-03-14T18:23:14","guid":{"rendered":"https:\/\/parachutevoltige.com\/?page_id=446"},"modified":"2021-03-27T13:45:25","modified_gmt":"2021-03-27T17:45:25","slug":"ecole-de-chute-libre","status":"publish","type":"page","link":"https:\/\/parachutevoltige.com\/fr\/ecole-de-chute-libre\/","title":{"rendered":"\u00c9cole de chute libre"},"content":{"rendered":"<p>Vous avez aim\u00e9 l\u2019exp\u00e9rience du premier saut en parachute et vous voulez maintenant <strong>devenir parachutiste<\/strong>? Rien de plus simple! Apr\u00e8s avoir fait un <a href=\"https:\/\/parachutevoltige.com\/saut-en-tandem\/\">saut en tandem<\/a>, la\u00a0<a href=\"https:\/\/parachutevoltige.com\/ecole-de-chute-libre\/formation-pac\/\">formation PAC<\/a> est la prochaine \u00e9tape de votre apprentissage. La <strong>progression assist\u00e9e en chute libre<\/strong> (PAC) est une formation moderne, rapide et efficace qui fera de vous un <strong>parachutiste autonome<\/strong>. Vous pourrez ainsi vous amuser dans le plus grand stade du monde, le ciel!<\/p>\n<p>Une multitude de brevets de comp\u00e9tence, de cours d\u2019entraineur et d\u2019instructeur s\u2019offrent \u00e0 vous par la suite pour \u00e9voluer dans le sport. Consultez la section <strong>\u00c9cole de chute libre<\/strong> pour trouver toutes les informations dont vous avez besoins ou <a href=\"https:\/\/parachutevoltige.com\/nous-joindre\/\">consultez le service \u00e0 la client\u00e8le<\/a> de Voltige.<\/p>\n<p><img decoding=\"async\" class=\"alignnone wp-image-2118\" src=\"https:\/\/parachutevoltige.com\/wp-content\/uploads\/2019\/07\/galerie_image_voltige-PAC-Coralie-300x167.jpg\" alt=\"Une \u00e9l\u00e8ve parachutiste prend position dans la porte de l'avion pour son premier saut autonome accompagn\u00e9e de deux instructeurs.\" width=\"1124\" height=\"626\" srcset=\"https:\/\/parachutevoltige.com\/wp-content\/uploads\/2019\/07\/galerie_image_voltige-PAC-Coralie-300x167.jpg 300w, https:\/\/parachutevoltige.com\/wp-content\/uploads\/2019\/07\/galerie_image_voltige-PAC-Coralie-768x427.jpg 768w, https:\/\/parachutevoltige.com\/wp-content\/uploads\/2019\/07\/galerie_image_voltige-PAC-Coralie-1024x570.jpg 1024w, https:\/\/parachutevoltige.com\/wp-content\/uploads\/2019\/07\/galerie_image_voltige-PAC-Coralie-600x334.jpg 600w, https:\/\/parachutevoltige.com\/wp-content\/uploads\/2019\/07\/galerie_image_voltige-PAC-Coralie.jpg 1075w\" sizes=\"(max-width: 1124px) 100vw, 1124px\" \/><\/p>\n","protected":false},"excerpt":{"rendered":"<p>Vous avez aim\u00e9 l\u2019exp\u00e9rience du premier saut en parachute et vous voulez maintenant devenir parachutiste? Rien de plus simple! Apr\u00e8s avoir fait un saut en tandem, la\u00a0formation PAC est la prochaine \u00e9tape de votre apprentissage. La progression assist\u00e9e en chute libre (PAC) est une formation moderne, rapide et efficace qui fera de vous un parachutiste [&hellip;]<\/p>\n","protected":false},"author":1,"featured_media":0,"parent":0,"menu_order":29,"comment_status":"closed","ping_status":"closed","template":"template-schooljump.blade.php","meta":{"_acf_changed":false,"_exactmetrics_skip_tracking":false,"_exactmetrics_sitenote_active":false,"_exactmetrics_sitenote_note":"","_exactmetrics_sitenote_category":0,"ngg_post_thumbnail":0,"footnotes":""},"class_list":["post-446","page","type-page","status-publish","hentry"],"acf":[],"yoast_head":"<!-- This site is optimized with the Yoast SEO plugin v26.8 - https:\/\/yoast.com\/product\/yoast-seo-wordpress\/ -->\n<title>Envie de plus? D\u00e9couvrez nos formations | Voltige<\/title>\n<meta name=\"description\" content=\"Apr\u00e8s votre premier saut de parachute, il va de soi que vous aimeriez devenir parachutiste! D\u00e9couvrez nos formations de parachute Voltige pour le chute libre!\" \/>\n<meta name=\"robots\" content=\"index, follow, max-snippet:-1, max-image-preview:large, max-video-preview:-1\" \/>\n<link rel=\"canonical\" href=\"https:\/\/parachutevoltige.com\/fr\/ecole-de-chute-libre\/\" \/>\n<meta property=\"og:locale\" content=\"fr_CA\" \/>\n<meta property=\"og:type\" content=\"article\" \/>\n<meta property=\"og:title\" content=\"Envie de plus? D\u00e9couvrez nos formations | Voltige\" \/>\n<meta property=\"og:description\" content=\"Apr\u00e8s votre premier saut de parachute, il va de soi que vous aimeriez devenir parachutiste! D\u00e9couvrez nos formations de parachute Voltige pour le chute libre!\" \/>\n<meta property=\"og:url\" content=\"https:\/\/parachutevoltige.com\/fr\/ecole-de-chute-libre\/\" \/>\n<meta property=\"og:site_name\" content=\"Parachute Voltige\" \/>\n<meta property=\"article:publisher\" content=\"https:\/\/www.facebook.com\/ParachuteVoltige\/\" \/>\n<meta property=\"article:modified_time\" content=\"2021-03-27T17:45:25+00:00\" \/>\n<meta property=\"og:image\" content=\"https:\/\/parachutevoltige.com\/wp-content\/uploads\/2019\/07\/galerie_image_voltige-PAC-Coralie-300x167.jpg\" \/>\n<meta name=\"twitter:card\" content=\"summary_large_image\" \/>\n<meta name=\"twitter:label1\" content=\"Estimation du temps de lecture\" \/>\n\t<meta name=\"twitter:data1\" content=\"1 minute\" \/>\n<script type=\"application\/ld+json\" class=\"yoast-schema-graph\">{\"@context\":\"https:\/\/schema.org\",\"@graph\":[{\"@type\":\"WebPage\",\"@id\":\"https:\/\/parachutevoltige.com\/fr\/ecole-de-chute-libre\/\",\"url\":\"https:\/\/parachutevoltige.com\/fr\/ecole-de-chute-libre\/\",\"name\":\"Envie de plus? D\u00e9couvrez nos formations | Voltige\",\"isPartOf\":{\"@id\":\"https:\/\/parachutevoltige.com\/fr\/#website\"},\"primaryImageOfPage\":{\"@id\":\"https:\/\/parachutevoltige.com\/fr\/ecole-de-chute-libre\/#primaryimage\"},\"image\":{\"@id\":\"https:\/\/parachutevoltige.com\/fr\/ecole-de-chute-libre\/#primaryimage\"},\"thumbnailUrl\":\"https:\/\/parachutevoltige.com\/wp-content\/uploads\/2019\/07\/galerie_image_voltige-PAC-Coralie-300x167.jpg\",\"datePublished\":\"2019-03-14T18:23:14+00:00\",\"dateModified\":\"2021-03-27T17:45:25+00:00\",\"description\":\"Apr\u00e8s votre premier saut de parachute, il va de soi que vous aimeriez devenir parachutiste! D\u00e9couvrez nos formations de parachute Voltige pour le chute libre!\",\"breadcrumb\":{\"@id\":\"https:\/\/parachutevoltige.com\/fr\/ecole-de-chute-libre\/#breadcrumb\"},\"inLanguage\":\"fr-CA\",\"potentialAction\":[{\"@type\":\"ReadAction\",\"target\":[\"https:\/\/parachutevoltige.com\/fr\/ecole-de-chute-libre\/\"]}]},{\"@type\":\"ImageObject\",\"inLanguage\":\"fr-CA\",\"@id\":\"https:\/\/parachutevoltige.com\/fr\/ecole-de-chute-libre\/#primaryimage\",\"url\":\"https:\/\/parachutevoltige.com\/wp-content\/uploads\/2019\/07\/galerie_image_voltige-PAC-Coralie-300x167.jpg\",\"contentUrl\":\"https:\/\/parachutevoltige.com\/wp-content\/uploads\/2019\/07\/galerie_image_voltige-PAC-Coralie-300x167.jpg\"},{\"@type\":\"BreadcrumbList\",\"@id\":\"https:\/\/parachutevoltige.com\/fr\/ecole-de-chute-libre\/#breadcrumb\",\"itemListElement\":[{\"@type\":\"ListItem\",\"position\":1,\"name\":\"Home\",\"item\":\"https:\/\/parachutevoltige.com\/fr\/\"},{\"@type\":\"ListItem\",\"position\":2,\"name\":\"\u00c9cole de chute libre\"}]},{\"@type\":\"WebSite\",\"@id\":\"https:\/\/parachutevoltige.com\/fr\/#website\",\"url\":\"https:\/\/parachutevoltige.com\/fr\/\",\"name\":\"Parachute Voltige\",\"description\":\"\",\"publisher\":{\"@id\":\"https:\/\/parachutevoltige.com\/fr\/#organization\"},\"potentialAction\":[{\"@type\":\"SearchAction\",\"target\":{\"@type\":\"EntryPoint\",\"urlTemplate\":\"https:\/\/parachutevoltige.com\/fr\/?s={search_term_string}\"},\"query-input\":{\"@type\":\"PropertyValueSpecification\",\"valueRequired\":true,\"valueName\":\"search_term_string\"}}],\"inLanguage\":\"fr-CA\"},{\"@type\":\"Organization\",\"@id\":\"https:\/\/parachutevoltige.com\/fr\/#organization\",\"name\":\"Voltige | \u00c9cole de parachutisme\",\"url\":\"https:\/\/parachutevoltige.com\/fr\/\",\"logo\":{\"@type\":\"ImageObject\",\"inLanguage\":\"fr-CA\",\"@id\":\"https:\/\/parachutevoltige.com\/fr\/#\/schema\/logo\/image\/\",\"url\":\"https:\/\/parachutevoltige.com\/wp-content\/uploads\/2019\/05\/Voltige_logo.png\",\"contentUrl\":\"https:\/\/parachutevoltige.com\/wp-content\/uploads\/2019\/05\/Voltige_logo.png\",\"width\":462,\"height\":132,\"caption\":\"Voltige | \u00c9cole de parachutisme\"},\"image\":{\"@id\":\"https:\/\/parachutevoltige.com\/fr\/#\/schema\/logo\/image\/\"},\"sameAs\":[\"https:\/\/www.facebook.com\/ParachuteVoltige\/\"]}]}<\/script>\n<!-- \/ Yoast SEO plugin. -->","yoast_head_json":{"title":"Envie de plus? D\u00e9couvrez nos formations | Voltige","description":"Apr\u00e8s votre premier saut de parachute, il va de soi que vous aimeriez devenir parachutiste! D\u00e9couvrez nos formations de parachute Voltige pour le chute libre!","robots":{"index":"index","follow":"follow","max-snippet":"max-snippet:-1","max-image-preview":"max-image-preview:large","max-video-preview":"max-video-preview:-1"},"canonical":"https:\/\/parachutevoltige.com\/fr\/ecole-de-chute-libre\/","og_locale":"fr_CA","og_type":"article","og_title":"Envie de plus? D\u00e9couvrez nos formations | Voltige","og_description":"Apr\u00e8s votre premier saut de parachute, il va de soi que vous aimeriez devenir parachutiste! D\u00e9couvrez nos formations de parachute Voltige pour le chute libre!","og_url":"https:\/\/parachutevoltige.com\/fr\/ecole-de-chute-libre\/","og_site_name":"Parachute Voltige","article_publisher":"https:\/\/www.facebook.com\/ParachuteVoltige\/","article_modified_time":"2021-03-27T17:45:25+00:00","og_image":[{"url":"https:\/\/parachutevoltige.com\/wp-content\/uploads\/2019\/07\/galerie_image_voltige-PAC-Coralie-300x167.jpg","type":"","width":"","height":""}],"twitter_card":"summary_large_image","twitter_misc":{"Estimation du temps de lecture":"1 minute"},"schema":{"@context":"https:\/\/schema.org","@graph":[{"@type":"WebPage","@id":"https:\/\/parachutevoltige.com\/fr\/ecole-de-chute-libre\/","url":"https:\/\/parachutevoltige.com\/fr\/ecole-de-chute-libre\/","name":"Envie de plus? D\u00e9couvrez nos formations | Voltige","isPartOf":{"@id":"https:\/\/parachutevoltige.com\/fr\/#website"},"primaryImageOfPage":{"@id":"https:\/\/parachutevoltige.com\/fr\/ecole-de-chute-libre\/#primaryimage"},"image":{"@id":"https:\/\/parachutevoltige.com\/fr\/ecole-de-chute-libre\/#primaryimage"},"thumbnailUrl":"https:\/\/parachutevoltige.com\/wp-content\/uploads\/2019\/07\/galerie_image_voltige-PAC-Coralie-300x167.jpg","datePublished":"2019-03-14T18:23:14+00:00","dateModified":"2021-03-27T17:45:25+00:00","description":"Apr\u00e8s votre premier saut de parachute, il va de soi que vous aimeriez devenir parachutiste! D\u00e9couvrez nos formations de parachute Voltige pour le chute libre!","breadcrumb":{"@id":"https:\/\/parachutevoltige.com\/fr\/ecole-de-chute-libre\/#breadcrumb"},"inLanguage":"fr-CA","potentialAction":[{"@type":"ReadAction","target":["https:\/\/parachutevoltige.com\/fr\/ecole-de-chute-libre\/"]}]},{"@type":"ImageObject","inLanguage":"fr-CA","@id":"https:\/\/parachutevoltige.com\/fr\/ecole-de-chute-libre\/#primaryimage","url":"https:\/\/parachutevoltige.com\/wp-content\/uploads\/2019\/07\/galerie_image_voltige-PAC-Coralie-300x167.jpg","contentUrl":"https:\/\/parachutevoltige.com\/wp-content\/uploads\/2019\/07\/galerie_image_voltige-PAC-Coralie-300x167.jpg"},{"@type":"BreadcrumbList","@id":"https:\/\/parachutevoltige.com\/fr\/ecole-de-chute-libre\/#breadcrumb","itemListElement":[{"@type":"ListItem","position":1,"name":"Home","item":"https:\/\/parachutevoltige.com\/fr\/"},{"@type":"ListItem","position":2,"name":"\u00c9cole de chute libre"}]},{"@type":"WebSite","@id":"https:\/\/parachutevoltige.com\/fr\/#website","url":"https:\/\/parachutevoltige.com\/fr\/","name":"Parachute Voltige","description":"","publisher":{"@id":"https:\/\/parachutevoltige.com\/fr\/#organization"},"potentialAction":[{"@type":"SearchAction","target":{"@type":"EntryPoint","urlTemplate":"https:\/\/parachutevoltige.com\/fr\/?s={search_term_string}"},"query-input":{"@type":"PropertyValueSpecification","valueRequired":true,"valueName":"search_term_string"}}],"inLanguage":"fr-CA"},{"@type":"Organization","@id":"https:\/\/parachutevoltige.com\/fr\/#organization","name":"Voltige | \u00c9cole de parachutisme","url":"https:\/\/parachutevoltige.com\/fr\/","logo":{"@type":"ImageObject","inLanguage":"fr-CA","@id":"https:\/\/parachutevoltige.com\/fr\/#\/schema\/logo\/image\/","url":"https:\/\/parachutevoltige.com\/wp-content\/uploads\/2019\/05\/Voltige_logo.png","contentUrl":"https:\/\/parachutevoltige.com\/wp-content\/uploads\/2019\/05\/Voltige_logo.png","width":462,"height":132,"caption":"Voltige | \u00c9cole de parachutisme"},"image":{"@id":"https:\/\/parachutevoltige.com\/fr\/#\/schema\/logo\/image\/"},"sameAs":["https:\/\/www.facebook.com\/ParachuteVoltige\/"]}]}},"_links":{"self":[{"href":"https:\/\/parachutevoltige.com\/fr\/wp-json\/wp\/v2\/pages\/446","targetHints":{"allow":["GET"]}}],"collection":[{"href":"https:\/\/parachutevoltige.com\/fr\/wp-json\/wp\/v2\/pages"}],"about":[{"href":"https:\/\/parachutevoltige.com\/fr\/wp-json\/wp\/v2\/types\/page"}],"author":[{"embeddable":true,"href":"https:\/\/parachutevoltige.com\/fr\/wp-json\/wp\/v2\/users\/1"}],"replies":[{"embeddable":true,"href":"https:\/\/parachutevoltige.com\/fr\/wp-json\/wp\/v2\/comments?post=446"}],"version-history":[{"count":16,"href":"https:\/\/parachutevoltige.com\/fr\/wp-json\/wp\/v2\/pages\/446\/revisions"}],"predecessor-version":[{"id":60340,"href":"https:\/\/parachutevoltige.com\/fr\/wp-json\/wp\/v2\/pages\/446\/revisions\/60340"}],"wp:attachment":[{"href":"https:\/\/parachutevoltige.com\/fr\/wp-json\/wp\/v2\/media?parent=446"}],"curies":[{"name":"wp","href":"https:\/\/api.w.org\/{rel}","templated":true}]}}