{"id":501,"date":"2019-03-19T11:47:51","date_gmt":"2019-03-19T15:47:51","guid":{"rendered":"https:\/\/parachutevoltige.com\/?page_id=501"},"modified":"2021-07-03T10:45:01","modified_gmt":"2021-07-03T14:45:01","slug":"politique-dannulation-et-de-remboursement","status":"publish","type":"page","link":"https:\/\/parachutevoltige.com\/fr\/politique-dannulation-et-de-remboursement\/","title":{"rendered":"Politique d&rsquo;annulation et de remboursement"},"content":{"rendered":"<p>Afin de bien servir notre client\u00e8le nous avons \u00e9labor\u00e9 une politique d\u2019annulation qui permet de r\u00e9pondre rapidement \u00e0 vos besoins. &nbsp;Cette politique \u00e0 donc pour but de structurer et de pr\u00e9voir le bon nombres d\u2019instructeurs requis pour la journ\u00e9e.<\/p>\n<p>Si vous nous contactez 72 heures \u00e0 l\u2019avance, nous serons en mesure d\u2019offrir votre place \u00e0 un autre client, donc <strong>aucun frais d\u2019annulation ne vous sera factur\u00e9<\/strong>. Les frais d&rsquo;annulation ( administratif) sont de 50$ par personne.<\/p>\n<h3>Pour annuler ou nous aviser d\u2019un retard<\/h3>\n<p>Pour annuler ou nous aviser d&rsquo;un retard, veuillez nous t\u00e9l\u00e9phoner au (<strong>450)752-0385<\/strong>.<\/p>\n<p>Nous vous remercions de nous aider \u00e0 bien planifier votre exp\u00e9rience chez Parachute Voltige.<\/p>\n","protected":false},"excerpt":{"rendered":"<p>Afin de bien servir notre client\u00e8le nous avons \u00e9labor\u00e9 une politique d\u2019annulation qui permet de r\u00e9pondre rapidement \u00e0 vos besoins. &nbsp;Cette politique \u00e0 donc pour but de structurer et de pr\u00e9voir le bon nombres d\u2019instructeurs requis pour la journ\u00e9e. Si vous nous contactez 72 heures \u00e0 l\u2019avance, nous serons en mesure d\u2019offrir votre place \u00e0 [&hellip;]<\/p>\n","protected":false},"author":1,"featured_media":0,"parent":0,"menu_order":55,"comment_status":"closed","ping_status":"closed","template":"","meta":{"_acf_changed":false,"_exactmetrics_skip_tracking":false,"_exactmetrics_sitenote_active":false,"_exactmetrics_sitenote_note":"","_exactmetrics_sitenote_category":0,"ngg_post_thumbnail":0,"footnotes":""},"class_list":["post-501","page","type-page","status-publish","hentry"],"acf":[],"yoast_head":"<!-- This site is optimized with the Yoast SEO plugin v27.4 - https:\/\/yoast.com\/product\/yoast-seo-wordpress\/ -->\n<title>Politique d&#039;annulation et de remboursement - Parachute Voltige<\/title>\n<meta name=\"robots\" content=\"index, follow, max-snippet:-1, max-image-preview:large, max-video-preview:-1\" \/>\n<link rel=\"canonical\" href=\"https:\/\/parachutevoltige.com\/fr\/politique-dannulation-et-de-remboursement\/\" \/>\n<meta property=\"og:locale\" content=\"fr_CA\" \/>\n<meta property=\"og:type\" content=\"article\" \/>\n<meta property=\"og:title\" content=\"Politique d&#039;annulation et de remboursement - Parachute Voltige\" \/>\n<meta property=\"og:description\" content=\"Afin de bien servir notre client\u00e8le nous avons \u00e9labor\u00e9 une politique d\u2019annulation qui permet de r\u00e9pondre rapidement \u00e0 vos besoins. &nbsp;Cette politique \u00e0 donc pour but de structurer et de pr\u00e9voir le bon nombres d\u2019instructeurs requis pour la journ\u00e9e. Si vous nous contactez 72 heures \u00e0 l\u2019avance, nous serons en mesure d\u2019offrir votre place \u00e0 [&hellip;]\" \/>\n<meta property=\"og:url\" content=\"https:\/\/parachutevoltige.com\/fr\/politique-dannulation-et-de-remboursement\/\" \/>\n<meta property=\"og:site_name\" content=\"Parachute Voltige\" \/>\n<meta property=\"article:publisher\" content=\"https:\/\/www.facebook.com\/ParachuteVoltige\/\" \/>\n<meta property=\"article:modified_time\" content=\"2021-07-03T14:45:01+00:00\" \/>\n<meta name=\"twitter:card\" content=\"summary_large_image\" \/>\n<meta name=\"twitter:label1\" content=\"Estimation du temps de lecture\" \/>\n\t<meta name=\"twitter:data1\" content=\"1 minute\" \/>\n<script type=\"application\/ld+json\" class=\"yoast-schema-graph\">{\"@context\":\"https:\\\/\\\/schema.org\",\"@graph\":[{\"@type\":\"WebPage\",\"@id\":\"https:\\\/\\\/parachutevoltige.com\\\/fr\\\/politique-dannulation-et-de-remboursement\\\/\",\"url\":\"https:\\\/\\\/parachutevoltige.com\\\/fr\\\/politique-dannulation-et-de-remboursement\\\/\",\"name\":\"Politique d'annulation et de remboursement - Parachute Voltige\",\"isPartOf\":{\"@id\":\"https:\\\/\\\/parachutevoltige.com\\\/fr\\\/#website\"},\"datePublished\":\"2019-03-19T15:47:51+00:00\",\"dateModified\":\"2021-07-03T14:45:01+00:00\",\"breadcrumb\":{\"@id\":\"https:\\\/\\\/parachutevoltige.com\\\/fr\\\/politique-dannulation-et-de-remboursement\\\/#breadcrumb\"},\"inLanguage\":\"fr-CA\",\"potentialAction\":[{\"@type\":\"ReadAction\",\"target\":[\"https:\\\/\\\/parachutevoltige.com\\\/fr\\\/politique-dannulation-et-de-remboursement\\\/\"]}]},{\"@type\":\"BreadcrumbList\",\"@id\":\"https:\\\/\\\/parachutevoltige.com\\\/fr\\\/politique-dannulation-et-de-remboursement\\\/#breadcrumb\",\"itemListElement\":[{\"@type\":\"ListItem\",\"position\":1,\"name\":\"Home\",\"item\":\"https:\\\/\\\/parachutevoltige.com\\\/fr\\\/\"},{\"@type\":\"ListItem\",\"position\":2,\"name\":\"Politique d&rsquo;annulation et de remboursement\"}]},{\"@type\":\"WebSite\",\"@id\":\"https:\\\/\\\/parachutevoltige.com\\\/fr\\\/#website\",\"url\":\"https:\\\/\\\/parachutevoltige.com\\\/fr\\\/\",\"name\":\"Parachute Voltige\",\"description\":\"\",\"publisher\":{\"@id\":\"https:\\\/\\\/parachutevoltige.com\\\/fr\\\/#organization\"},\"potentialAction\":[{\"@type\":\"SearchAction\",\"target\":{\"@type\":\"EntryPoint\",\"urlTemplate\":\"https:\\\/\\\/parachutevoltige.com\\\/fr\\\/?s={search_term_string}\"},\"query-input\":{\"@type\":\"PropertyValueSpecification\",\"valueRequired\":true,\"valueName\":\"search_term_string\"}}],\"inLanguage\":\"fr-CA\"},{\"@type\":\"Organization\",\"@id\":\"https:\\\/\\\/parachutevoltige.com\\\/fr\\\/#organization\",\"name\":\"Voltige | \u00c9cole de parachutisme\",\"url\":\"https:\\\/\\\/parachutevoltige.com\\\/fr\\\/\",\"logo\":{\"@type\":\"ImageObject\",\"inLanguage\":\"fr-CA\",\"@id\":\"https:\\\/\\\/parachutevoltige.com\\\/fr\\\/#\\\/schema\\\/logo\\\/image\\\/\",\"url\":\"https:\\\/\\\/parachutevoltige.com\\\/wp-content\\\/uploads\\\/2019\\\/05\\\/Voltige_logo.png\",\"contentUrl\":\"https:\\\/\\\/parachutevoltige.com\\\/wp-content\\\/uploads\\\/2019\\\/05\\\/Voltige_logo.png\",\"width\":462,\"height\":132,\"caption\":\"Voltige | \u00c9cole de parachutisme\"},\"image\":{\"@id\":\"https:\\\/\\\/parachutevoltige.com\\\/fr\\\/#\\\/schema\\\/logo\\\/image\\\/\"},\"sameAs\":[\"https:\\\/\\\/www.facebook.com\\\/ParachuteVoltige\\\/\"]}]}<\/script>\n<!-- \/ Yoast SEO plugin. -->","yoast_head_json":{"title":"Politique d'annulation et de remboursement - Parachute Voltige","robots":{"index":"index","follow":"follow","max-snippet":"max-snippet:-1","max-image-preview":"max-image-preview:large","max-video-preview":"max-video-preview:-1"},"canonical":"https:\/\/parachutevoltige.com\/fr\/politique-dannulation-et-de-remboursement\/","og_locale":"fr_CA","og_type":"article","og_title":"Politique d'annulation et de remboursement - Parachute Voltige","og_description":"Afin de bien servir notre client\u00e8le nous avons \u00e9labor\u00e9 une politique d\u2019annulation qui permet de r\u00e9pondre rapidement \u00e0 vos besoins. &nbsp;Cette politique \u00e0 donc pour but de structurer et de pr\u00e9voir le bon nombres d\u2019instructeurs requis pour la journ\u00e9e. Si vous nous contactez 72 heures \u00e0 l\u2019avance, nous serons en mesure d\u2019offrir votre place \u00e0 [&hellip;]","og_url":"https:\/\/parachutevoltige.com\/fr\/politique-dannulation-et-de-remboursement\/","og_site_name":"Parachute Voltige","article_publisher":"https:\/\/www.facebook.com\/ParachuteVoltige\/","article_modified_time":"2021-07-03T14:45:01+00:00","twitter_card":"summary_large_image","twitter_misc":{"Estimation du temps de lecture":"1 minute"},"schema":{"@context":"https:\/\/schema.org","@graph":[{"@type":"WebPage","@id":"https:\/\/parachutevoltige.com\/fr\/politique-dannulation-et-de-remboursement\/","url":"https:\/\/parachutevoltige.com\/fr\/politique-dannulation-et-de-remboursement\/","name":"Politique d'annulation et de remboursement - Parachute Voltige","isPartOf":{"@id":"https:\/\/parachutevoltige.com\/fr\/#website"},"datePublished":"2019-03-19T15:47:51+00:00","dateModified":"2021-07-03T14:45:01+00:00","breadcrumb":{"@id":"https:\/\/parachutevoltige.com\/fr\/politique-dannulation-et-de-remboursement\/#breadcrumb"},"inLanguage":"fr-CA","potentialAction":[{"@type":"ReadAction","target":["https:\/\/parachutevoltige.com\/fr\/politique-dannulation-et-de-remboursement\/"]}]},{"@type":"BreadcrumbList","@id":"https:\/\/parachutevoltige.com\/fr\/politique-dannulation-et-de-remboursement\/#breadcrumb","itemListElement":[{"@type":"ListItem","position":1,"name":"Home","item":"https:\/\/parachutevoltige.com\/fr\/"},{"@type":"ListItem","position":2,"name":"Politique d&rsquo;annulation et de remboursement"}]},{"@type":"WebSite","@id":"https:\/\/parachutevoltige.com\/fr\/#website","url":"https:\/\/parachutevoltige.com\/fr\/","name":"Parachute Voltige","description":"","publisher":{"@id":"https:\/\/parachutevoltige.com\/fr\/#organization"},"potentialAction":[{"@type":"SearchAction","target":{"@type":"EntryPoint","urlTemplate":"https:\/\/parachutevoltige.com\/fr\/?s={search_term_string}"},"query-input":{"@type":"PropertyValueSpecification","valueRequired":true,"valueName":"search_term_string"}}],"inLanguage":"fr-CA"},{"@type":"Organization","@id":"https:\/\/parachutevoltige.com\/fr\/#organization","name":"Voltige | \u00c9cole de parachutisme","url":"https:\/\/parachutevoltige.com\/fr\/","logo":{"@type":"ImageObject","inLanguage":"fr-CA","@id":"https:\/\/parachutevoltige.com\/fr\/#\/schema\/logo\/image\/","url":"https:\/\/parachutevoltige.com\/wp-content\/uploads\/2019\/05\/Voltige_logo.png","contentUrl":"https:\/\/parachutevoltige.com\/wp-content\/uploads\/2019\/05\/Voltige_logo.png","width":462,"height":132,"caption":"Voltige | \u00c9cole de parachutisme"},"image":{"@id":"https:\/\/parachutevoltige.com\/fr\/#\/schema\/logo\/image\/"},"sameAs":["https:\/\/www.facebook.com\/ParachuteVoltige\/"]}]}},"_hostinger_reach_plugin_has_subscription_block":false,"_hostinger_reach_plugin_is_elementor":false,"_links":{"self":[{"href":"https:\/\/parachutevoltige.com\/fr\/wp-json\/wp\/v2\/pages\/501","targetHints":{"allow":["GET"]}}],"collection":[{"href":"https:\/\/parachutevoltige.com\/fr\/wp-json\/wp\/v2\/pages"}],"about":[{"href":"https:\/\/parachutevoltige.com\/fr\/wp-json\/wp\/v2\/types\/page"}],"author":[{"embeddable":true,"href":"https:\/\/parachutevoltige.com\/fr\/wp-json\/wp\/v2\/users\/1"}],"replies":[{"embeddable":true,"href":"https:\/\/parachutevoltige.com\/fr\/wp-json\/wp\/v2\/comments?post=501"}],"version-history":[{"count":6,"href":"https:\/\/parachutevoltige.com\/fr\/wp-json\/wp\/v2\/pages\/501\/revisions"}],"predecessor-version":[{"id":69696,"href":"https:\/\/parachutevoltige.com\/fr\/wp-json\/wp\/v2\/pages\/501\/revisions\/69696"}],"wp:attachment":[{"href":"https:\/\/parachutevoltige.com\/fr\/wp-json\/wp\/v2\/media?parent=501"}],"curies":[{"name":"wp","href":"https:\/\/api.w.org\/{rel}","templated":true}]}}