{"id":503,"date":"2019-03-19T11:48:16","date_gmt":"2019-03-19T15:48:16","guid":{"rendered":"https:\/\/parachutevoltige.com\/?page_id=503"},"modified":"2019-03-20T15:55:21","modified_gmt":"2019-03-20T19:55:21","slug":"reglements","status":"publish","type":"page","link":"https:\/\/parachutevoltige.com\/fr\/reglements\/","title":{"rendered":"R\u00e9glements"},"content":{"rendered":"<h2>R\u00e8glements particuliers en vigueur chez Voltige<\/h2>\n<p>Ce pr\u00e9sent article est divis\u00e9 en deux parties; la premi\u00e8re s&rsquo;adresse aux\u00a0<a href=\"https:\/\/parachutevoltige.com\/voltige\/reglements#sauteurs\" data-gc-link=\"https:\/\/parachutevoltige.com\/voltige\/reglements#sauteurs\">sauteurs r\u00e9guliers<\/a>\u00a0et la seconde concerne tous les\u00a0<a href=\"https:\/\/parachutevoltige.com\/voltige\/reglements#visiteurs\" data-gc-link=\"https:\/\/parachutevoltige.com\/voltige\/reglements#visiteurs\">visiteurs et sauteurs (en tandem et r\u00e9guliers)<\/a>\u00a0se rendant \u00e0 l&rsquo;\u00e9cole de parachutisme Voltige.<\/p>\n<h3>Sauteurs r\u00e9guliers<\/h3>\n<ol>\n<li data-gc-list-depth=\"1\" data-gc-list-style=\"ordered\">Tous les sauteurs devront \u00eatre membres en r\u00e8gle de l&rsquo;ACPS. Voltige respecte en tout temps les r\u00e8glements g\u00e9n\u00e9raux de s\u00e9curit\u00e9 et les recommandations de l&rsquo;ACPS.<\/li>\n<li data-gc-list-depth=\"1\" data-gc-list-style=\"ordered\">Tous les sauteurs poss\u00e9dant leur propre \u00e9quipement devront avoir un DAA fonctionnel sur leur \u00e9quipement s&rsquo;ils ont moins de 200 sauts.<\/li>\n<li data-gc-list-depth=\"1\" data-gc-list-style=\"ordered\">Lorsque vous utiliserez les\u00a0<a href=\"https:\/\/parachutevoltige.com\/sauteurs-reguliers\/equipement-ecole\" data-gc-link=\"https:\/\/parachutevoltige.com\/sauteurs-reguliers\/equipement-ecole\">\u00e9quipements de l&rsquo;\u00e9cole<\/a>, vous devrez suivre les exigences suivantes :\n<ol>\n<li data-gc-list-depth=\"2\" data-gc-list-style=\"ordered\">Altitude d&rsquo;ouverture minimum : 3 500 pieds.<\/li>\n<li data-gc-list-depth=\"2\" data-gc-list-style=\"ordered\">Aucun virage prononc\u00e9 \u00e0 moins de 1 500 pieds.<\/li>\n<li data-gc-list-depth=\"2\" data-gc-list-style=\"ordered\">Vous devez recevoir une v\u00e9rification de s\u00e9curit\u00e9 pour tous les \u00e9quipements en location, et ce, m\u00eame si vous poss\u00e9dez votre licence solo ou brevet A.<\/li>\n<li data-gc-list-depth=\"2\" data-gc-list-style=\"ordered\">Il n&rsquo;est pas permis de r\u00e9server un \u00e9quipement pour la journ\u00e9e, celui-ci doit \u00eatre r\u00e9serv\u00e9 pour un saut \u00e0 la fois.<\/li>\n<li data-gc-list-depth=\"2\" data-gc-list-style=\"ordered\">\u00ab Freefly \u00bb : Veuillez vous assurer que l&rsquo;\u00e9quipement que vous avez est s\u00e9curitaire pour le \u00ab freefly \u00bb. Consultez un instructeur ou un gr\u00e9eur.<\/li>\n<li data-gc-list-depth=\"2\" data-gc-list-style=\"ordered\">Altim\u00e8tre et altison : Une pi\u00e8ce d&rsquo;identit\u00e9 sera demand\u00e9e. Vous devrez retourner les \u00e9quipements apr\u00e8s chaque saut.<\/li>\n<li data-gc-list-depth=\"2\" data-gc-list-style=\"ordered\">Combinaison : Les combinaisons de sauts vous sont pr\u00eat\u00e9es gracieusement. Veuillez cependant les retourner apr\u00e8s chaque saut.<\/li>\n<\/ol>\n<\/li>\n<li data-gc-list-depth=\"1\" data-gc-list-style=\"ordered\">Le \u00ab pattern \u00bb d&rsquo;atterrissage, \u00e9tabli en fonction des vents, doit \u00eatre suivi. Celui-ci peut changer en cours de journ\u00e9e et il est de votre responsabilit\u00e9 de le demander avant chaque saut.<\/li>\n<li data-gc-list-depth=\"1\" data-gc-list-style=\"ordered\">Tout atterrissage qui a lieu \u00e0 l&rsquo;int\u00e9rieur de l&rsquo;aire des visiteurs (stationnement, table \u00e0 pique-nique) entra\u00eenera une rencontre imm\u00e9diate avec un instructeur, et la tradition concernant la bi\u00e8re sera appliqu\u00e9e.<\/li>\n<li data-gc-list-depth=\"1\" data-gc-list-style=\"ordered\">Les sauts ne pourront \u00eatre effectu\u00e9s que s&rsquo;ils ont \u00e9t\u00e9 manifest\u00e9s au pr\u00e9alable et pay\u00e9s, \u00e0 moins d&rsquo;une entente avec un responsable au manifeste.<\/li>\n<li data-gc-list-depth=\"1\" data-gc-list-style=\"ordered\">Toutes les personnes \u00e0 bord de l&rsquo;avion devront avoir un parachute sur le dos.<\/li>\n<li data-gc-list-depth=\"1\" data-gc-list-style=\"ordered\">Tous les sauteurs devront respecter les r\u00e8glements de ACPS.<\/li>\n<li data-gc-list-depth=\"1\" data-gc-list-style=\"ordered\">Tous les visiteurs devront respecter\u00a0<a href=\"https:\/\/parachutevoltige.com\/voltige\/reglements#visiteurs\" data-gc-link=\"https:\/\/parachutevoltige.com\/voltige\/reglements#visiteurs\">les r\u00e8glements s&rsquo;appliquant aux visiteurs<\/a>.<\/li>\n<\/ol>\n<h3>Visiteurs et sauteurs (en tandem et r\u00e9guliers)<\/h3>\n<ol>\n<li data-gc-list-depth=\"1\" data-gc-list-style=\"ordered\">L&rsquo;aire d&rsquo;atterrissage, l&rsquo;aire d&#8217;embarquement, les aires de pliage et l&rsquo;aire d&rsquo;entra\u00eenement sont r\u00e9serv\u00e9es pour les parachutistes seulement. Veuillez respecter les limites \u00e9tablies sur le terrain.<\/li>\n<li data-gc-list-depth=\"1\" data-gc-list-style=\"ordered\">Il est interdit de circuler sur la piste de d\u00e9collage et sur les voies de circulation des avions.<\/li>\n<li data-gc-list-depth=\"1\" data-gc-list-style=\"ordered\">Il est interdit de fumer dans les b\u00e2timents de Voltige, \u00e0 proximit\u00e9 des r\u00e9servoirs d&rsquo;essence, \u00e0 proximit\u00e9 des aires de pliage et lorsque vous portez l&rsquo;\u00e9quipement appartenant \u00e0 Voltige. Veuillez utiliser les cendriers mis \u00e0 votre disposition pour \u00e9teindre vos cigarettes, et veuillez respecter les affiches \u00e0 cet effet.<\/li>\n<li data-gc-list-depth=\"1\" data-gc-list-style=\"ordered\">La prise d&rsquo;alcool par les parachutistes licenci\u00e9s \u00e9tant interdite, nous vous demandons de ne pas apporter d&rsquo;alcool sur le site de sauts pendant les heures d&rsquo;op\u00e9rations.<\/li>\n<li data-gc-list-depth=\"1\" data-gc-list-style=\"ordered\">La consommation de drogue sur le site de sauts entra\u00eenera imm\u00e9diatement l&rsquo;expulsion des contrevenants sans avertissement pr\u00e9alable.<\/li>\n<li data-gc-list-depth=\"1\" data-gc-list-style=\"ordered\">La pr\u00e9sence des animaux de compagnie est tol\u00e9r\u00e9e pourvu que ceux-ci soient attach\u00e9s en tout temps.<\/li>\n<li data-gc-list-depth=\"1\" data-gc-list-style=\"ordered\">Le camping dans une tente est interdit par la municipalit\u00e9 de Notre-Dame de Lourdes. Il nous fera plaisir de vous donner les informations, au\u00a0<a href=\"https:\/\/parachutevoltige.com\/voltige\/contact\" data-gc-link=\"https:\/\/parachutevoltige.com\/voltige\/contact\">t\u00e9l\u00e9phone<\/a>, sur les possibilit\u00e9s d&rsquo;h\u00e9bergement.<\/li>\n<li data-gc-list-depth=\"1\" data-gc-list-style=\"ordered\">Les feux de camp ne seront tol\u00e9r\u00e9s que dans les endroits pr\u00e9-d\u00e9termin\u00e9s et selon le facteur de risque d&rsquo;incendie.<\/li>\n<li data-gc-list-depth=\"1\" data-gc-list-style=\"ordered\">Lorsque vous avez un harnais tandem sur le dos, il est interdit de se tirailler ou d&rsquo;alt\u00e9rer l&rsquo;\u00e9quipement.<\/li>\n<\/ol>\n","protected":false},"excerpt":{"rendered":"<p>R\u00e8glements particuliers en vigueur chez Voltige Ce pr\u00e9sent article est divis\u00e9 en deux parties; la premi\u00e8re s&rsquo;adresse aux\u00a0sauteurs r\u00e9guliers\u00a0et la seconde concerne tous les\u00a0visiteurs et sauteurs (en tandem et r\u00e9guliers)\u00a0se rendant \u00e0 l&rsquo;\u00e9cole de parachutisme Voltige. Sauteurs r\u00e9guliers Tous les sauteurs devront \u00eatre membres en r\u00e8gle de l&rsquo;ACPS. Voltige respecte en tout temps les r\u00e8glements [&hellip;]<\/p>\n","protected":false},"author":1,"featured_media":0,"parent":0,"menu_order":53,"comment_status":"closed","ping_status":"closed","template":"","meta":{"_acf_changed":false,"_exactmetrics_skip_tracking":false,"_exactmetrics_sitenote_active":false,"_exactmetrics_sitenote_note":"","_exactmetrics_sitenote_category":0,"ngg_post_thumbnail":0,"footnotes":""},"class_list":["post-503","page","type-page","status-publish","hentry"],"acf":[],"yoast_head":"<!-- This site is optimized with the Yoast SEO plugin v26.8 - https:\/\/yoast.com\/product\/yoast-seo-wordpress\/ -->\n<title>R\u00e9glements - Parachute Voltige<\/title>\n<meta name=\"robots\" content=\"index, follow, max-snippet:-1, max-image-preview:large, max-video-preview:-1\" \/>\n<link rel=\"canonical\" href=\"https:\/\/parachutevoltige.com\/fr\/reglements\/\" \/>\n<meta property=\"og:locale\" content=\"fr_CA\" \/>\n<meta property=\"og:type\" content=\"article\" \/>\n<meta property=\"og:title\" content=\"R\u00e9glements - Parachute Voltige\" \/>\n<meta property=\"og:description\" content=\"R\u00e8glements particuliers en vigueur chez Voltige Ce pr\u00e9sent article est divis\u00e9 en deux parties; la premi\u00e8re s&rsquo;adresse aux\u00a0sauteurs r\u00e9guliers\u00a0et la seconde concerne tous les\u00a0visiteurs et sauteurs (en tandem et r\u00e9guliers)\u00a0se rendant \u00e0 l&rsquo;\u00e9cole de parachutisme Voltige. Sauteurs r\u00e9guliers Tous les sauteurs devront \u00eatre membres en r\u00e8gle de l&rsquo;ACPS. Voltige respecte en tout temps les r\u00e8glements [&hellip;]\" \/>\n<meta property=\"og:url\" content=\"https:\/\/parachutevoltige.com\/fr\/reglements\/\" \/>\n<meta property=\"og:site_name\" content=\"Parachute Voltige\" \/>\n<meta property=\"article:publisher\" content=\"https:\/\/www.facebook.com\/ParachuteVoltige\/\" \/>\n<meta property=\"article:modified_time\" content=\"2019-03-20T19:55:21+00:00\" \/>\n<meta name=\"twitter:card\" content=\"summary_large_image\" \/>\n<meta name=\"twitter:label1\" content=\"Estimation du temps de lecture\" \/>\n\t<meta name=\"twitter:data1\" content=\"3 minutes\" \/>\n<script type=\"application\/ld+json\" class=\"yoast-schema-graph\">{\"@context\":\"https:\/\/schema.org\",\"@graph\":[{\"@type\":\"WebPage\",\"@id\":\"https:\/\/parachutevoltige.com\/fr\/reglements\/\",\"url\":\"https:\/\/parachutevoltige.com\/fr\/reglements\/\",\"name\":\"R\u00e9glements - Parachute Voltige\",\"isPartOf\":{\"@id\":\"https:\/\/parachutevoltige.com\/fr\/#website\"},\"datePublished\":\"2019-03-19T15:48:16+00:00\",\"dateModified\":\"2019-03-20T19:55:21+00:00\",\"breadcrumb\":{\"@id\":\"https:\/\/parachutevoltige.com\/fr\/reglements\/#breadcrumb\"},\"inLanguage\":\"fr-CA\",\"potentialAction\":[{\"@type\":\"ReadAction\",\"target\":[\"https:\/\/parachutevoltige.com\/fr\/reglements\/\"]}]},{\"@type\":\"BreadcrumbList\",\"@id\":\"https:\/\/parachutevoltige.com\/fr\/reglements\/#breadcrumb\",\"itemListElement\":[{\"@type\":\"ListItem\",\"position\":1,\"name\":\"Home\",\"item\":\"https:\/\/parachutevoltige.com\/fr\/\"},{\"@type\":\"ListItem\",\"position\":2,\"name\":\"R\u00e9glements\"}]},{\"@type\":\"WebSite\",\"@id\":\"https:\/\/parachutevoltige.com\/fr\/#website\",\"url\":\"https:\/\/parachutevoltige.com\/fr\/\",\"name\":\"Parachute Voltige\",\"description\":\"\",\"publisher\":{\"@id\":\"https:\/\/parachutevoltige.com\/fr\/#organization\"},\"potentialAction\":[{\"@type\":\"SearchAction\",\"target\":{\"@type\":\"EntryPoint\",\"urlTemplate\":\"https:\/\/parachutevoltige.com\/fr\/?s={search_term_string}\"},\"query-input\":{\"@type\":\"PropertyValueSpecification\",\"valueRequired\":true,\"valueName\":\"search_term_string\"}}],\"inLanguage\":\"fr-CA\"},{\"@type\":\"Organization\",\"@id\":\"https:\/\/parachutevoltige.com\/fr\/#organization\",\"name\":\"Voltige | \u00c9cole de parachutisme\",\"url\":\"https:\/\/parachutevoltige.com\/fr\/\",\"logo\":{\"@type\":\"ImageObject\",\"inLanguage\":\"fr-CA\",\"@id\":\"https:\/\/parachutevoltige.com\/fr\/#\/schema\/logo\/image\/\",\"url\":\"https:\/\/parachutevoltige.com\/wp-content\/uploads\/2019\/05\/Voltige_logo.png\",\"contentUrl\":\"https:\/\/parachutevoltige.com\/wp-content\/uploads\/2019\/05\/Voltige_logo.png\",\"width\":462,\"height\":132,\"caption\":\"Voltige | \u00c9cole de parachutisme\"},\"image\":{\"@id\":\"https:\/\/parachutevoltige.com\/fr\/#\/schema\/logo\/image\/\"},\"sameAs\":[\"https:\/\/www.facebook.com\/ParachuteVoltige\/\"]}]}<\/script>\n<!-- \/ Yoast SEO plugin. -->","yoast_head_json":{"title":"R\u00e9glements - Parachute Voltige","robots":{"index":"index","follow":"follow","max-snippet":"max-snippet:-1","max-image-preview":"max-image-preview:large","max-video-preview":"max-video-preview:-1"},"canonical":"https:\/\/parachutevoltige.com\/fr\/reglements\/","og_locale":"fr_CA","og_type":"article","og_title":"R\u00e9glements - Parachute Voltige","og_description":"R\u00e8glements particuliers en vigueur chez Voltige Ce pr\u00e9sent article est divis\u00e9 en deux parties; la premi\u00e8re s&rsquo;adresse aux\u00a0sauteurs r\u00e9guliers\u00a0et la seconde concerne tous les\u00a0visiteurs et sauteurs (en tandem et r\u00e9guliers)\u00a0se rendant \u00e0 l&rsquo;\u00e9cole de parachutisme Voltige. Sauteurs r\u00e9guliers Tous les sauteurs devront \u00eatre membres en r\u00e8gle de l&rsquo;ACPS. Voltige respecte en tout temps les r\u00e8glements [&hellip;]","og_url":"https:\/\/parachutevoltige.com\/fr\/reglements\/","og_site_name":"Parachute Voltige","article_publisher":"https:\/\/www.facebook.com\/ParachuteVoltige\/","article_modified_time":"2019-03-20T19:55:21+00:00","twitter_card":"summary_large_image","twitter_misc":{"Estimation du temps de lecture":"3 minutes"},"schema":{"@context":"https:\/\/schema.org","@graph":[{"@type":"WebPage","@id":"https:\/\/parachutevoltige.com\/fr\/reglements\/","url":"https:\/\/parachutevoltige.com\/fr\/reglements\/","name":"R\u00e9glements - Parachute Voltige","isPartOf":{"@id":"https:\/\/parachutevoltige.com\/fr\/#website"},"datePublished":"2019-03-19T15:48:16+00:00","dateModified":"2019-03-20T19:55:21+00:00","breadcrumb":{"@id":"https:\/\/parachutevoltige.com\/fr\/reglements\/#breadcrumb"},"inLanguage":"fr-CA","potentialAction":[{"@type":"ReadAction","target":["https:\/\/parachutevoltige.com\/fr\/reglements\/"]}]},{"@type":"BreadcrumbList","@id":"https:\/\/parachutevoltige.com\/fr\/reglements\/#breadcrumb","itemListElement":[{"@type":"ListItem","position":1,"name":"Home","item":"https:\/\/parachutevoltige.com\/fr\/"},{"@type":"ListItem","position":2,"name":"R\u00e9glements"}]},{"@type":"WebSite","@id":"https:\/\/parachutevoltige.com\/fr\/#website","url":"https:\/\/parachutevoltige.com\/fr\/","name":"Parachute Voltige","description":"","publisher":{"@id":"https:\/\/parachutevoltige.com\/fr\/#organization"},"potentialAction":[{"@type":"SearchAction","target":{"@type":"EntryPoint","urlTemplate":"https:\/\/parachutevoltige.com\/fr\/?s={search_term_string}"},"query-input":{"@type":"PropertyValueSpecification","valueRequired":true,"valueName":"search_term_string"}}],"inLanguage":"fr-CA"},{"@type":"Organization","@id":"https:\/\/parachutevoltige.com\/fr\/#organization","name":"Voltige | \u00c9cole de parachutisme","url":"https:\/\/parachutevoltige.com\/fr\/","logo":{"@type":"ImageObject","inLanguage":"fr-CA","@id":"https:\/\/parachutevoltige.com\/fr\/#\/schema\/logo\/image\/","url":"https:\/\/parachutevoltige.com\/wp-content\/uploads\/2019\/05\/Voltige_logo.png","contentUrl":"https:\/\/parachutevoltige.com\/wp-content\/uploads\/2019\/05\/Voltige_logo.png","width":462,"height":132,"caption":"Voltige | \u00c9cole de parachutisme"},"image":{"@id":"https:\/\/parachutevoltige.com\/fr\/#\/schema\/logo\/image\/"},"sameAs":["https:\/\/www.facebook.com\/ParachuteVoltige\/"]}]}},"_links":{"self":[{"href":"https:\/\/parachutevoltige.com\/fr\/wp-json\/wp\/v2\/pages\/503","targetHints":{"allow":["GET"]}}],"collection":[{"href":"https:\/\/parachutevoltige.com\/fr\/wp-json\/wp\/v2\/pages"}],"about":[{"href":"https:\/\/parachutevoltige.com\/fr\/wp-json\/wp\/v2\/types\/page"}],"author":[{"embeddable":true,"href":"https:\/\/parachutevoltige.com\/fr\/wp-json\/wp\/v2\/users\/1"}],"replies":[{"embeddable":true,"href":"https:\/\/parachutevoltige.com\/fr\/wp-json\/wp\/v2\/comments?post=503"}],"version-history":[{"count":2,"href":"https:\/\/parachutevoltige.com\/fr\/wp-json\/wp\/v2\/pages\/503\/revisions"}],"predecessor-version":[{"id":604,"href":"https:\/\/parachutevoltige.com\/fr\/wp-json\/wp\/v2\/pages\/503\/revisions\/604"}],"wp:attachment":[{"href":"https:\/\/parachutevoltige.com\/fr\/wp-json\/wp\/v2\/media?parent=503"}],"curies":[{"name":"wp","href":"https:\/\/api.w.org\/{rel}","templated":true}]}}