{"id":80,"date":"2019-03-06T11:10:25","date_gmt":"2019-03-06T16:10:25","guid":{"rendered":"https:\/\/parachutevoltige.com\/?page_id=80"},"modified":"2025-12-14T11:10:07","modified_gmt":"2025-12-14T16:10:07","slug":"saut-en-tandem","status":"publish","type":"page","link":"https:\/\/parachutevoltige.com\/fr\/saut-en-tandem\/","title":{"rendered":"Saut en tandem"},"content":{"rendered":"<p><strong>Depuis 2001 et \u00e0&nbsp; quelques minutes de Montr\u00e9al<\/strong>, l&rsquo;\u00e9cole de parachute Voltige vous permet de d\u00e9couvrir le parachutisme en vous offrant un service de renomm\u00e9e internationale! En effet, nous offrons le saut \u00e0 l\u2019altitude la plus populaire dans les plus grandes \u00e9coles du monde, le<strong> saut en tandem \u00e0 13500 pieds<\/strong> (4200 m\u00e8tres). De cette hauteur, vous vivrez une impressionnante chute libre de pr\u00e8s d\u2019une minute!<\/p>\n<figure id=\"attachment_149821\" aria-describedby=\"caption-attachment-149821\" style=\"width: 300px\" class=\"wp-caption alignnone\"><img decoding=\"async\" class=\"wp-image-149821 size-medium\" title=\"Guillaume Lemay-Thivierge en chute libre avec sa client\u00e8le tandem\" src=\"https:\/\/parachutevoltige.com\/wp-content\/uploads\/2024\/03\/Daphnee-Simard-300x225.jpg\" alt=\"\" width=\"300\" height=\"225\" srcset=\"https:\/\/parachutevoltige.com\/wp-content\/uploads\/2024\/03\/Daphnee-Simard-300x225.jpg 300w, https:\/\/parachutevoltige.com\/wp-content\/uploads\/2024\/03\/Daphnee-Simard-1024x768.jpg 1024w, https:\/\/parachutevoltige.com\/wp-content\/uploads\/2024\/03\/Daphnee-Simard-768x576.jpg 768w, https:\/\/parachutevoltige.com\/wp-content\/uploads\/2024\/03\/Daphnee-Simard-1536x1152.jpg 1536w, https:\/\/parachutevoltige.com\/wp-content\/uploads\/2024\/03\/Daphnee-Simard-2048x1536.jpg 2048w, https:\/\/parachutevoltige.com\/wp-content\/uploads\/2024\/03\/Daphnee-Simard-600x450.jpg 600w\" sizes=\"(max-width: 300px) 100vw, 300px\" \/><figcaption id=\"caption-attachment-149821\" class=\"wp-caption-text\">Saut en parachute tandem<\/figcaption><\/figure>\n<p>Chez Parachute Voltige vous aurez la chance d\u2019acc\u00e9der directement \u00e0 <strong>la&nbsp;chute libre&nbsp;<\/strong>d\u00e8s votre&nbsp;<strong>premier saut en tandem!<\/strong> Attach\u00e9 par un harnais confortable et s\u00e9curitaire \u00e0 votre ma\u00eetre tandem, vous pourrez profiter pleinement de votre exp\u00e9rience de saut en parachute, puisque c&rsquo;est l&rsquo;instructeur qui s&rsquo;occupe des diff\u00e9rentes \u00e9tapes du saut. Une formation sp\u00e9cifique vous sera offerte au pr\u00e9alable. Vous vous \u00e9lancerez ensuite dans le vide \u00e0 une <strong>vitesse impressionnante de 200 km\/h<\/strong>. L&rsquo;instructeur d\u00e9clenchera l&rsquo;ouverture du parachute tandem \u00e0 5 000 pieds d&rsquo;altitude. La descente sous voilure sera d\u2019une dur\u00e9e de 5 minutes et se terminera par un atterrissage tout en douceur.<\/p>\n<p>Vous \u00eates pr\u00eats \u00e0 vous lancer? Voyez nos <a href=\"https:\/\/parachutevoltige.com\/categorie-produit\/sauts-en-tandem\/\">forfaits de saut en parachute<\/a>!<\/p>\n<p>&nbsp;<\/p>\n<p>Vous pouvez vous pr\u00e9valoir des services d&rsquo;un cameraman pour immortaliser cette exp\u00e9rience en choisissant parmi nos choix de&nbsp;<a href=\"https:\/\/parachutevoltige.com\/categorie-produit\/sauts-en-tandem\/\" data-gc-link=\"https:\/\/parachutevoltige.com\/tandem\/coffret\">coffrets souvenir.<\/a><\/p>\n<p>Un&nbsp;<strong>saut tandem en parachute<\/strong>&nbsp;vous garantit un moment inoubliable o\u00f9 vous d\u00e9couvrirez&nbsp;<strong>l&rsquo;adr\u00e9naline<\/strong>&nbsp;et&nbsp;<strong>la libert\u00e9<\/strong> que procure la chute libre. Invitez votre famille et vos amis \u00e0 venir vous encourager sur place!<\/p>\n<p>Notez que certaines conditions m\u00e9t\u00e9o peuvent emp\u00eacher la tenue des s\u00e9ances de sauts. Visitez la page qui d\u00e9crit le d\u00e9roulement d&rsquo;une&nbsp;<a href=\"https:\/\/parachutevoltige.com\/saut-en-tandem\/deroulement-de-la-journee\/\" data-gc-link=\"https:\/\/parachutevoltige.com\/saut-parachute-tandem\">journ\u00e9e de saut en tandem<\/a>&nbsp;et notre&nbsp;<a href=\"https:\/\/parachutevoltige.com\/foire-aux-questions\/\" data-gc-link=\"https:\/\/parachutevoltige.com\/tandem\/faq\">foire aux questions<\/a>&nbsp;si vous avez besoin de plus de d\u00e9tails.<\/p>\n","protected":false},"excerpt":{"rendered":"<p>Depuis 2001 et \u00e0&nbsp; quelques minutes de Montr\u00e9al, l&rsquo;\u00e9cole de parachute Voltige vous permet de d\u00e9couvrir le parachutisme en vous offrant un service de renomm\u00e9e internationale! En effet, nous offrons le saut \u00e0 l\u2019altitude la plus populaire dans les plus grandes \u00e9coles du monde, le saut en tandem \u00e0 13500 pieds (4200 m\u00e8tres). De cette [&hellip;]<\/p>\n","protected":false},"author":1,"featured_media":149844,"parent":0,"menu_order":28,"comment_status":"closed","ping_status":"closed","template":"template-tandemjump.blade.php","meta":{"_acf_changed":false,"_exactmetrics_skip_tracking":false,"_exactmetrics_sitenote_active":false,"_exactmetrics_sitenote_note":"","_exactmetrics_sitenote_category":0,"ngg_post_thumbnail":0,"footnotes":""},"class_list":["post-80","page","type-page","status-publish","has-post-thumbnail","hentry"],"acf":[],"yoast_head":"<!-- This site is optimized with the Yoast SEO plugin v26.8 - https:\/\/yoast.com\/product\/yoast-seo-wordpress\/ -->\n<title>D\u00e9couvrez le parachutisme avec le saut en tandem | Voltige<\/title>\n<meta name=\"description\" content=\"Sauter en parachute tandem est le moyen id\u00e9al de d\u00e9couvrir le parachutisme et d&#039;acc\u00e9der directement \u00e0 la chute libre d\u00e8s votre premier saut.\" \/>\n<meta name=\"robots\" content=\"index, follow, max-snippet:-1, max-image-preview:large, max-video-preview:-1\" \/>\n<link rel=\"canonical\" href=\"https:\/\/parachutevoltige.com\/fr\/saut-en-tandem\/\" \/>\n<meta property=\"og:locale\" content=\"fr_CA\" \/>\n<meta property=\"og:type\" content=\"article\" \/>\n<meta property=\"og:title\" content=\"D\u00e9couvrez le parachutisme avec le saut en tandem | Voltige\" \/>\n<meta property=\"og:description\" content=\"Sauter en parachute tandem est le moyen id\u00e9al de d\u00e9couvrir le parachutisme et d&#039;acc\u00e9der directement \u00e0 la chute libre d\u00e8s votre premier saut.\" \/>\n<meta property=\"og:url\" content=\"https:\/\/parachutevoltige.com\/fr\/saut-en-tandem\/\" \/>\n<meta property=\"og:site_name\" content=\"Parachute Voltige\" \/>\n<meta property=\"article:publisher\" content=\"https:\/\/www.facebook.com\/ParachuteVoltige\/\" \/>\n<meta property=\"article:modified_time\" content=\"2025-12-14T16:10:07+00:00\" \/>\n<meta property=\"og:image\" content=\"https:\/\/parachutevoltige.com\/wp-content\/uploads\/2019\/03\/1-scaled.jpg\" \/>\n\t<meta property=\"og:image:width\" content=\"2560\" \/>\n\t<meta property=\"og:image:height\" content=\"2240\" \/>\n\t<meta property=\"og:image:type\" content=\"image\/jpeg\" \/>\n<meta name=\"twitter:card\" content=\"summary_large_image\" \/>\n<meta name=\"twitter:label1\" content=\"Estimation du temps de lecture\" \/>\n\t<meta name=\"twitter:data1\" content=\"2 minutes\" \/>\n<script type=\"application\/ld+json\" class=\"yoast-schema-graph\">{\"@context\":\"https:\/\/schema.org\",\"@graph\":[{\"@type\":\"WebPage\",\"@id\":\"https:\/\/parachutevoltige.com\/fr\/saut-en-tandem\/\",\"url\":\"https:\/\/parachutevoltige.com\/fr\/saut-en-tandem\/\",\"name\":\"D\u00e9couvrez le parachutisme avec le saut en tandem | Voltige\",\"isPartOf\":{\"@id\":\"https:\/\/parachutevoltige.com\/fr\/#website\"},\"primaryImageOfPage\":{\"@id\":\"https:\/\/parachutevoltige.com\/fr\/saut-en-tandem\/#primaryimage\"},\"image\":{\"@id\":\"https:\/\/parachutevoltige.com\/fr\/saut-en-tandem\/#primaryimage\"},\"thumbnailUrl\":\"https:\/\/parachutevoltige.com\/wp-content\/uploads\/2019\/03\/1-scaled.jpg\",\"datePublished\":\"2019-03-06T16:10:25+00:00\",\"dateModified\":\"2025-12-14T16:10:07+00:00\",\"description\":\"Sauter en parachute tandem est le moyen id\u00e9al de d\u00e9couvrir le parachutisme et d'acc\u00e9der directement \u00e0 la chute libre d\u00e8s votre premier saut.\",\"breadcrumb\":{\"@id\":\"https:\/\/parachutevoltige.com\/fr\/saut-en-tandem\/#breadcrumb\"},\"inLanguage\":\"fr-CA\",\"potentialAction\":[{\"@type\":\"ReadAction\",\"target\":[\"https:\/\/parachutevoltige.com\/fr\/saut-en-tandem\/\"]}]},{\"@type\":\"ImageObject\",\"inLanguage\":\"fr-CA\",\"@id\":\"https:\/\/parachutevoltige.com\/fr\/saut-en-tandem\/#primaryimage\",\"url\":\"https:\/\/parachutevoltige.com\/wp-content\/uploads\/2019\/03\/1-scaled.jpg\",\"contentUrl\":\"https:\/\/parachutevoltige.com\/wp-content\/uploads\/2019\/03\/1-scaled.jpg\",\"width\":2560,\"height\":2240},{\"@type\":\"BreadcrumbList\",\"@id\":\"https:\/\/parachutevoltige.com\/fr\/saut-en-tandem\/#breadcrumb\",\"itemListElement\":[{\"@type\":\"ListItem\",\"position\":1,\"name\":\"Home\",\"item\":\"https:\/\/parachutevoltige.com\/fr\/\"},{\"@type\":\"ListItem\",\"position\":2,\"name\":\"Saut en tandem\"}]},{\"@type\":\"WebSite\",\"@id\":\"https:\/\/parachutevoltige.com\/fr\/#website\",\"url\":\"https:\/\/parachutevoltige.com\/fr\/\",\"name\":\"Parachute Voltige\",\"description\":\"\",\"publisher\":{\"@id\":\"https:\/\/parachutevoltige.com\/fr\/#organization\"},\"potentialAction\":[{\"@type\":\"SearchAction\",\"target\":{\"@type\":\"EntryPoint\",\"urlTemplate\":\"https:\/\/parachutevoltige.com\/fr\/?s={search_term_string}\"},\"query-input\":{\"@type\":\"PropertyValueSpecification\",\"valueRequired\":true,\"valueName\":\"search_term_string\"}}],\"inLanguage\":\"fr-CA\"},{\"@type\":\"Organization\",\"@id\":\"https:\/\/parachutevoltige.com\/fr\/#organization\",\"name\":\"Voltige | \u00c9cole de parachutisme\",\"url\":\"https:\/\/parachutevoltige.com\/fr\/\",\"logo\":{\"@type\":\"ImageObject\",\"inLanguage\":\"fr-CA\",\"@id\":\"https:\/\/parachutevoltige.com\/fr\/#\/schema\/logo\/image\/\",\"url\":\"https:\/\/parachutevoltige.com\/wp-content\/uploads\/2019\/05\/Voltige_logo.png\",\"contentUrl\":\"https:\/\/parachutevoltige.com\/wp-content\/uploads\/2019\/05\/Voltige_logo.png\",\"width\":462,\"height\":132,\"caption\":\"Voltige | \u00c9cole de parachutisme\"},\"image\":{\"@id\":\"https:\/\/parachutevoltige.com\/fr\/#\/schema\/logo\/image\/\"},\"sameAs\":[\"https:\/\/www.facebook.com\/ParachuteVoltige\/\"]}]}<\/script>\n<!-- \/ Yoast SEO plugin. -->","yoast_head_json":{"title":"D\u00e9couvrez le parachutisme avec le saut en tandem | Voltige","description":"Sauter en parachute tandem est le moyen id\u00e9al de d\u00e9couvrir le parachutisme et d'acc\u00e9der directement \u00e0 la chute libre d\u00e8s votre premier saut.","robots":{"index":"index","follow":"follow","max-snippet":"max-snippet:-1","max-image-preview":"max-image-preview:large","max-video-preview":"max-video-preview:-1"},"canonical":"https:\/\/parachutevoltige.com\/fr\/saut-en-tandem\/","og_locale":"fr_CA","og_type":"article","og_title":"D\u00e9couvrez le parachutisme avec le saut en tandem | Voltige","og_description":"Sauter en parachute tandem est le moyen id\u00e9al de d\u00e9couvrir le parachutisme et d'acc\u00e9der directement \u00e0 la chute libre d\u00e8s votre premier saut.","og_url":"https:\/\/parachutevoltige.com\/fr\/saut-en-tandem\/","og_site_name":"Parachute Voltige","article_publisher":"https:\/\/www.facebook.com\/ParachuteVoltige\/","article_modified_time":"2025-12-14T16:10:07+00:00","og_image":[{"width":2560,"height":2240,"url":"https:\/\/parachutevoltige.com\/wp-content\/uploads\/2019\/03\/1-scaled.jpg","type":"image\/jpeg"}],"twitter_card":"summary_large_image","twitter_misc":{"Estimation du temps de lecture":"2 minutes"},"schema":{"@context":"https:\/\/schema.org","@graph":[{"@type":"WebPage","@id":"https:\/\/parachutevoltige.com\/fr\/saut-en-tandem\/","url":"https:\/\/parachutevoltige.com\/fr\/saut-en-tandem\/","name":"D\u00e9couvrez le parachutisme avec le saut en tandem | Voltige","isPartOf":{"@id":"https:\/\/parachutevoltige.com\/fr\/#website"},"primaryImageOfPage":{"@id":"https:\/\/parachutevoltige.com\/fr\/saut-en-tandem\/#primaryimage"},"image":{"@id":"https:\/\/parachutevoltige.com\/fr\/saut-en-tandem\/#primaryimage"},"thumbnailUrl":"https:\/\/parachutevoltige.com\/wp-content\/uploads\/2019\/03\/1-scaled.jpg","datePublished":"2019-03-06T16:10:25+00:00","dateModified":"2025-12-14T16:10:07+00:00","description":"Sauter en parachute tandem est le moyen id\u00e9al de d\u00e9couvrir le parachutisme et d'acc\u00e9der directement \u00e0 la chute libre d\u00e8s votre premier saut.","breadcrumb":{"@id":"https:\/\/parachutevoltige.com\/fr\/saut-en-tandem\/#breadcrumb"},"inLanguage":"fr-CA","potentialAction":[{"@type":"ReadAction","target":["https:\/\/parachutevoltige.com\/fr\/saut-en-tandem\/"]}]},{"@type":"ImageObject","inLanguage":"fr-CA","@id":"https:\/\/parachutevoltige.com\/fr\/saut-en-tandem\/#primaryimage","url":"https:\/\/parachutevoltige.com\/wp-content\/uploads\/2019\/03\/1-scaled.jpg","contentUrl":"https:\/\/parachutevoltige.com\/wp-content\/uploads\/2019\/03\/1-scaled.jpg","width":2560,"height":2240},{"@type":"BreadcrumbList","@id":"https:\/\/parachutevoltige.com\/fr\/saut-en-tandem\/#breadcrumb","itemListElement":[{"@type":"ListItem","position":1,"name":"Home","item":"https:\/\/parachutevoltige.com\/fr\/"},{"@type":"ListItem","position":2,"name":"Saut en tandem"}]},{"@type":"WebSite","@id":"https:\/\/parachutevoltige.com\/fr\/#website","url":"https:\/\/parachutevoltige.com\/fr\/","name":"Parachute Voltige","description":"","publisher":{"@id":"https:\/\/parachutevoltige.com\/fr\/#organization"},"potentialAction":[{"@type":"SearchAction","target":{"@type":"EntryPoint","urlTemplate":"https:\/\/parachutevoltige.com\/fr\/?s={search_term_string}"},"query-input":{"@type":"PropertyValueSpecification","valueRequired":true,"valueName":"search_term_string"}}],"inLanguage":"fr-CA"},{"@type":"Organization","@id":"https:\/\/parachutevoltige.com\/fr\/#organization","name":"Voltige | \u00c9cole de parachutisme","url":"https:\/\/parachutevoltige.com\/fr\/","logo":{"@type":"ImageObject","inLanguage":"fr-CA","@id":"https:\/\/parachutevoltige.com\/fr\/#\/schema\/logo\/image\/","url":"https:\/\/parachutevoltige.com\/wp-content\/uploads\/2019\/05\/Voltige_logo.png","contentUrl":"https:\/\/parachutevoltige.com\/wp-content\/uploads\/2019\/05\/Voltige_logo.png","width":462,"height":132,"caption":"Voltige | \u00c9cole de parachutisme"},"image":{"@id":"https:\/\/parachutevoltige.com\/fr\/#\/schema\/logo\/image\/"},"sameAs":["https:\/\/www.facebook.com\/ParachuteVoltige\/"]}]}},"_links":{"self":[{"href":"https:\/\/parachutevoltige.com\/fr\/wp-json\/wp\/v2\/pages\/80","targetHints":{"allow":["GET"]}}],"collection":[{"href":"https:\/\/parachutevoltige.com\/fr\/wp-json\/wp\/v2\/pages"}],"about":[{"href":"https:\/\/parachutevoltige.com\/fr\/wp-json\/wp\/v2\/types\/page"}],"author":[{"embeddable":true,"href":"https:\/\/parachutevoltige.com\/fr\/wp-json\/wp\/v2\/users\/1"}],"replies":[{"embeddable":true,"href":"https:\/\/parachutevoltige.com\/fr\/wp-json\/wp\/v2\/comments?post=80"}],"version-history":[{"count":78,"href":"https:\/\/parachutevoltige.com\/fr\/wp-json\/wp\/v2\/pages\/80\/revisions"}],"predecessor-version":[{"id":199238,"href":"https:\/\/parachutevoltige.com\/fr\/wp-json\/wp\/v2\/pages\/80\/revisions\/199238"}],"wp:featuredmedia":[{"embeddable":true,"href":"https:\/\/parachutevoltige.com\/fr\/wp-json\/wp\/v2\/media\/149844"}],"wp:attachment":[{"href":"https:\/\/parachutevoltige.com\/fr\/wp-json\/wp\/v2\/media?parent=80"}],"curies":[{"name":"wp","href":"https:\/\/api.w.org\/{rel}","templated":true}]}}