{"id":132,"date":"2019-03-06T16:45:29","date_gmt":"2019-03-06T21:45:29","guid":{"rendered":"https:\/\/parachutevoltige.com\/?post_type=product&#038;p=132"},"modified":"2024-11-28T08:54:26","modified_gmt":"2024-11-28T13:54:26","slug":"saut-en-tandem-18-000-pieds","status":"publish","type":"product","link":"https:\/\/parachutevoltige.com\/fr\/produit\/saut-en-tandem-18-000-pieds\/","title":{"rendered":"Saut en tandem 18 000 pieds (5 500 m\u00e8tres)"},"content":{"rendered":"<p><span style=\"color: #0000ff;\"><b>Nous vous conseillons fortement d&rsquo;avoir d\u00e9j\u00e0 fait un saut \u00e0 13500 pieds d&rsquo;altitude avant d&rsquo;opter pour le saut \u00e0 18000 pieds<\/b><\/span><\/p>\n<p>En optant pour le tandem \u00e0 18000 pieds &nbsp;vous aurez la chance de faire une&nbsp;<a href=\"https:\/\/parachutevoltige.com\/saut-en-tandem\/deroulement-de-la-journee\/\" data-gc-link=\"https:\/\/parachutevoltige.com\/saut-parachute-tandem#chute-libre\">chute libre<\/a>&nbsp; de plus de 75 secondes \u00e0 une vitesse impressionnante de 200km\/h . De plus, vous aurez besoin d&rsquo;oxyg\u00e8ne \u00e0 bord de l&rsquo;avion ainsi une formation sp\u00e9cifique vous sera offerte au pr\u00e9alable. Attach\u00e9 \u00e0 un harnais confortable et s\u00e9curitaire \u00e0 votre instructeur professionnel tandem, vous pourrez profiter pleinement de votre exp\u00e9rience de saut en parachute, puisque c\u2019est l\u2019instructeur qui s\u2019occupe des diff\u00e9rentes \u00e9tapes du saut. L\u2019instructeur d\u00e9clenchera l\u2019ouverture du parachute tandem \u00e0 5 000 pieds d\u2019altitude. La descente sous voilure sera d\u2019une dur\u00e9e de 5 minutes pour se diriger vers l&rsquo;atterrissage.<\/p>\n","protected":false},"excerpt":{"rendered":"<p>En optant pour le tandem \u00e0 18000 pieds &nbsp;vous aurez la chance de faire une&nbsp;<a href=\"https:\/\/parachutevoltige.com\/saut-en-tandem\/deroulement-de-la-journee\/\" data-gc-link=\"https:\/\/parachutevoltige.com\/saut-parachute-tandem#chute-libre\">chute libre<\/a>&nbsp; de plus de 75 secondes \u00e0 une vitesse impressionnante de 200km\/h . De plus, vous aurez besoin d&rsquo;oxyg\u00e8ne \u00e0 bord de l&rsquo;avion ainsi une formation sp\u00e9cifique vous sera offerte au pr\u00e9alable. Attach\u00e9 \u00e0 un harnais confortable et s\u00e9curitaire \u00e0 votre instructeur professionnel tandem, vous pourrez profiter pleinement de votre exp\u00e9rience de saut en parachute, puisque c\u2019est l\u2019instructeur qui s\u2019occupe des diff\u00e9rentes \u00e9tapes du saut. L\u2019instructeur d\u00e9clenchera l\u2019ouverture du parachute tandem \u00e0 5 000 pieds d\u2019altitude. La descente sous voilure sera d\u2019une dur\u00e9e de 5 minutes pour se diriger vers l&rsquo;atterrissage.<\/p>\n","protected":false},"featured_media":149844,"template":"","meta":{"_acf_changed":false,"_exactmetrics_skip_tracking":false,"_exactmetrics_sitenote_active":false,"_exactmetrics_sitenote_note":"","_exactmetrics_sitenote_category":0,"ngg_post_thumbnail":0},"product_brand":[],"product_cat":[25],"product_tag":[],"class_list":{"0":"post-132","1":"product","2":"type-product","3":"status-publish","4":"has-post-thumbnail","6":"product_cat-sauts-en-tandem","8":"first","9":"instock","10":"taxable","11":"shipping-taxable","12":"purchasable","13":"product-type-simple"},"exclude_global_add_ons":false,"addons":[{"name":"Type d'achat","type":"multiple_choice","position":0,"required":true,"title_format":"hide","default":"","description_enable":false,"description":"","placeholder_enable":false,"placeholder":"","display":"select","restrictions_type":"any_text","adjust_price":false,"price":"","price_type":"flat_fee","restrictions":false,"min":"0","max":"0","options":[{"label":"J'ach\u00e8te un saut pour moi","price":"","price_type":"flat_fee","image":0,"visibility":true},{"label":"J'ach\u00e8te un saut \u00e0 offrir \u00e0 une autre personne","price":"","price_type":"flat_fee","image":0,"visibility":true}],"id":1697018937},{"name":"Offrir \u00e0","type":"custom_text","position":1,"required":false,"title_format":"hide","default":"","description_enable":false,"description":"","placeholder_enable":false,"placeholder":"","display":"select","restrictions_type":"any_text","adjust_price":false,"price":"","price_type":"flat_fee","restrictions":false,"min":"0","max":"0","options":[],"id":1697018938}],"acf":[],"yoast_head":"<!-- This site is optimized with the Yoast SEO plugin v26.8 - https:\/\/yoast.com\/product\/yoast-seo-wordpress\/ -->\n<title>Saut en tandem 18 000 pieds (5 500 m\u00e8tres) | Voltige parachute<\/title>\n<meta name=\"description\" content=\"En optant pour le tandem \u00e0 18000 pieds vous aurez la chance de faire une chute libre de plus de 75 secondes \u00e0 une vitesse impressionnante de 200km\/h .\" \/>\n<meta name=\"robots\" content=\"index, follow, max-snippet:-1, max-image-preview:large, max-video-preview:-1\" \/>\n<link rel=\"canonical\" href=\"https:\/\/parachutevoltige.com\/fr\/produit\/saut-en-tandem-18-000-pieds\/\" \/>\n<meta property=\"og:locale\" content=\"fr_CA\" \/>\n<meta property=\"og:type\" content=\"article\" \/>\n<meta property=\"og:title\" content=\"Saut en tandem 18 000 pieds (5 500 m\u00e8tres) | Voltige parachute\" \/>\n<meta property=\"og:description\" content=\"En optant pour le tandem \u00e0 18000 pieds vous aurez la chance de faire une chute libre de plus de 75 secondes \u00e0 une vitesse impressionnante de 200km\/h .\" \/>\n<meta property=\"og:url\" content=\"https:\/\/parachutevoltige.com\/fr\/produit\/saut-en-tandem-18-000-pieds\/\" \/>\n<meta property=\"og:site_name\" content=\"Parachute Voltige\" \/>\n<meta property=\"article:publisher\" content=\"https:\/\/www.facebook.com\/ParachuteVoltige\/\" \/>\n<meta property=\"article:modified_time\" content=\"2024-11-28T13:54:26+00:00\" \/>\n<meta property=\"og:image\" content=\"https:\/\/parachutevoltige.com\/wp-content\/uploads\/2019\/03\/1-scaled.jpg\" \/>\n\t<meta property=\"og:image:width\" content=\"2560\" \/>\n\t<meta property=\"og:image:height\" content=\"2240\" \/>\n\t<meta property=\"og:image:type\" content=\"image\/jpeg\" \/>\n<meta name=\"twitter:card\" content=\"summary_large_image\" \/>\n<meta name=\"twitter:label1\" content=\"Estimation du temps de lecture\" \/>\n\t<meta name=\"twitter:data1\" content=\"1 minute\" \/>\n<script type=\"application\/ld+json\" class=\"yoast-schema-graph\">{\"@context\":\"https:\/\/schema.org\",\"@graph\":[{\"@type\":\"WebPage\",\"@id\":\"https:\/\/parachutevoltige.com\/fr\/produit\/saut-en-tandem-18-000-pieds\/\",\"url\":\"https:\/\/parachutevoltige.com\/fr\/produit\/saut-en-tandem-18-000-pieds\/\",\"name\":\"Saut en tandem 18 000 pieds (5 500 m\u00e8tres) | Voltige parachute\",\"isPartOf\":{\"@id\":\"https:\/\/parachutevoltige.com\/fr\/#website\"},\"primaryImageOfPage\":{\"@id\":\"https:\/\/parachutevoltige.com\/fr\/produit\/saut-en-tandem-18-000-pieds\/#primaryimage\"},\"image\":{\"@id\":\"https:\/\/parachutevoltige.com\/fr\/produit\/saut-en-tandem-18-000-pieds\/#primaryimage\"},\"thumbnailUrl\":\"https:\/\/parachutevoltige.com\/wp-content\/uploads\/2019\/03\/1-scaled.jpg\",\"datePublished\":\"2019-03-06T21:45:29+00:00\",\"dateModified\":\"2024-11-28T13:54:26+00:00\",\"description\":\"En optant pour le tandem \u00e0 18000 pieds vous aurez la chance de faire une chute libre de plus de 75 secondes \u00e0 une vitesse impressionnante de 200km\/h .\",\"breadcrumb\":{\"@id\":\"https:\/\/parachutevoltige.com\/fr\/produit\/saut-en-tandem-18-000-pieds\/#breadcrumb\"},\"inLanguage\":\"fr-CA\",\"potentialAction\":[{\"@type\":\"ReadAction\",\"target\":[\"https:\/\/parachutevoltige.com\/fr\/produit\/saut-en-tandem-18-000-pieds\/\"]}]},{\"@type\":\"ImageObject\",\"inLanguage\":\"fr-CA\",\"@id\":\"https:\/\/parachutevoltige.com\/fr\/produit\/saut-en-tandem-18-000-pieds\/#primaryimage\",\"url\":\"https:\/\/parachutevoltige.com\/wp-content\/uploads\/2019\/03\/1-scaled.jpg\",\"contentUrl\":\"https:\/\/parachutevoltige.com\/wp-content\/uploads\/2019\/03\/1-scaled.jpg\",\"width\":2560,\"height\":2240},{\"@type\":\"BreadcrumbList\",\"@id\":\"https:\/\/parachutevoltige.com\/fr\/produit\/saut-en-tandem-18-000-pieds\/#breadcrumb\",\"itemListElement\":[{\"@type\":\"ListItem\",\"position\":1,\"name\":\"Home\",\"item\":\"https:\/\/parachutevoltige.com\/fr\/\"},{\"@type\":\"ListItem\",\"position\":2,\"name\":\"BOUTIQUE EN LIGNE\",\"item\":\"https:\/\/parachutevoltige.com\/fr\/boutique\/\"},{\"@type\":\"ListItem\",\"position\":3,\"name\":\"Saut en tandem 18 000 pieds (5 500 m\u00e8tres)\"}]},{\"@type\":\"WebSite\",\"@id\":\"https:\/\/parachutevoltige.com\/fr\/#website\",\"url\":\"https:\/\/parachutevoltige.com\/fr\/\",\"name\":\"Parachute Voltige\",\"description\":\"\",\"publisher\":{\"@id\":\"https:\/\/parachutevoltige.com\/fr\/#organization\"},\"potentialAction\":[{\"@type\":\"SearchAction\",\"target\":{\"@type\":\"EntryPoint\",\"urlTemplate\":\"https:\/\/parachutevoltige.com\/fr\/?s={search_term_string}\"},\"query-input\":{\"@type\":\"PropertyValueSpecification\",\"valueRequired\":true,\"valueName\":\"search_term_string\"}}],\"inLanguage\":\"fr-CA\"},{\"@type\":\"Organization\",\"@id\":\"https:\/\/parachutevoltige.com\/fr\/#organization\",\"name\":\"Voltige | \u00c9cole de parachutisme\",\"url\":\"https:\/\/parachutevoltige.com\/fr\/\",\"logo\":{\"@type\":\"ImageObject\",\"inLanguage\":\"fr-CA\",\"@id\":\"https:\/\/parachutevoltige.com\/fr\/#\/schema\/logo\/image\/\",\"url\":\"https:\/\/parachutevoltige.com\/wp-content\/uploads\/2019\/05\/Voltige_logo.png\",\"contentUrl\":\"https:\/\/parachutevoltige.com\/wp-content\/uploads\/2019\/05\/Voltige_logo.png\",\"width\":462,\"height\":132,\"caption\":\"Voltige | \u00c9cole de parachutisme\"},\"image\":{\"@id\":\"https:\/\/parachutevoltige.com\/fr\/#\/schema\/logo\/image\/\"},\"sameAs\":[\"https:\/\/www.facebook.com\/ParachuteVoltige\/\"]}]}<\/script>\n<!-- \/ Yoast SEO plugin. -->","yoast_head_json":{"title":"Saut en tandem 18 000 pieds (5 500 m\u00e8tres) | Voltige parachute","description":"En optant pour le tandem \u00e0 18000 pieds vous aurez la chance de faire une chute libre de plus de 75 secondes \u00e0 une vitesse impressionnante de 200km\/h .","robots":{"index":"index","follow":"follow","max-snippet":"max-snippet:-1","max-image-preview":"max-image-preview:large","max-video-preview":"max-video-preview:-1"},"canonical":"https:\/\/parachutevoltige.com\/fr\/produit\/saut-en-tandem-18-000-pieds\/","og_locale":"fr_CA","og_type":"article","og_title":"Saut en tandem 18 000 pieds (5 500 m\u00e8tres) | Voltige parachute","og_description":"En optant pour le tandem \u00e0 18000 pieds vous aurez la chance de faire une chute libre de plus de 75 secondes \u00e0 une vitesse impressionnante de 200km\/h .","og_url":"https:\/\/parachutevoltige.com\/fr\/produit\/saut-en-tandem-18-000-pieds\/","og_site_name":"Parachute Voltige","article_publisher":"https:\/\/www.facebook.com\/ParachuteVoltige\/","article_modified_time":"2024-11-28T13:54:26+00:00","og_image":[{"width":2560,"height":2240,"url":"https:\/\/parachutevoltige.com\/wp-content\/uploads\/2019\/03\/1-scaled.jpg","type":"image\/jpeg"}],"twitter_card":"summary_large_image","twitter_misc":{"Estimation du temps de lecture":"1 minute"},"schema":{"@context":"https:\/\/schema.org","@graph":[{"@type":"WebPage","@id":"https:\/\/parachutevoltige.com\/fr\/produit\/saut-en-tandem-18-000-pieds\/","url":"https:\/\/parachutevoltige.com\/fr\/produit\/saut-en-tandem-18-000-pieds\/","name":"Saut en tandem 18 000 pieds (5 500 m\u00e8tres) | Voltige parachute","isPartOf":{"@id":"https:\/\/parachutevoltige.com\/fr\/#website"},"primaryImageOfPage":{"@id":"https:\/\/parachutevoltige.com\/fr\/produit\/saut-en-tandem-18-000-pieds\/#primaryimage"},"image":{"@id":"https:\/\/parachutevoltige.com\/fr\/produit\/saut-en-tandem-18-000-pieds\/#primaryimage"},"thumbnailUrl":"https:\/\/parachutevoltige.com\/wp-content\/uploads\/2019\/03\/1-scaled.jpg","datePublished":"2019-03-06T21:45:29+00:00","dateModified":"2024-11-28T13:54:26+00:00","description":"En optant pour le tandem \u00e0 18000 pieds vous aurez la chance de faire une chute libre de plus de 75 secondes \u00e0 une vitesse impressionnante de 200km\/h .","breadcrumb":{"@id":"https:\/\/parachutevoltige.com\/fr\/produit\/saut-en-tandem-18-000-pieds\/#breadcrumb"},"inLanguage":"fr-CA","potentialAction":[{"@type":"ReadAction","target":["https:\/\/parachutevoltige.com\/fr\/produit\/saut-en-tandem-18-000-pieds\/"]}]},{"@type":"ImageObject","inLanguage":"fr-CA","@id":"https:\/\/parachutevoltige.com\/fr\/produit\/saut-en-tandem-18-000-pieds\/#primaryimage","url":"https:\/\/parachutevoltige.com\/wp-content\/uploads\/2019\/03\/1-scaled.jpg","contentUrl":"https:\/\/parachutevoltige.com\/wp-content\/uploads\/2019\/03\/1-scaled.jpg","width":2560,"height":2240},{"@type":"BreadcrumbList","@id":"https:\/\/parachutevoltige.com\/fr\/produit\/saut-en-tandem-18-000-pieds\/#breadcrumb","itemListElement":[{"@type":"ListItem","position":1,"name":"Home","item":"https:\/\/parachutevoltige.com\/fr\/"},{"@type":"ListItem","position":2,"name":"BOUTIQUE EN LIGNE","item":"https:\/\/parachutevoltige.com\/fr\/boutique\/"},{"@type":"ListItem","position":3,"name":"Saut en tandem 18 000 pieds (5 500 m\u00e8tres)"}]},{"@type":"WebSite","@id":"https:\/\/parachutevoltige.com\/fr\/#website","url":"https:\/\/parachutevoltige.com\/fr\/","name":"Parachute Voltige","description":"","publisher":{"@id":"https:\/\/parachutevoltige.com\/fr\/#organization"},"potentialAction":[{"@type":"SearchAction","target":{"@type":"EntryPoint","urlTemplate":"https:\/\/parachutevoltige.com\/fr\/?s={search_term_string}"},"query-input":{"@type":"PropertyValueSpecification","valueRequired":true,"valueName":"search_term_string"}}],"inLanguage":"fr-CA"},{"@type":"Organization","@id":"https:\/\/parachutevoltige.com\/fr\/#organization","name":"Voltige | \u00c9cole de parachutisme","url":"https:\/\/parachutevoltige.com\/fr\/","logo":{"@type":"ImageObject","inLanguage":"fr-CA","@id":"https:\/\/parachutevoltige.com\/fr\/#\/schema\/logo\/image\/","url":"https:\/\/parachutevoltige.com\/wp-content\/uploads\/2019\/05\/Voltige_logo.png","contentUrl":"https:\/\/parachutevoltige.com\/wp-content\/uploads\/2019\/05\/Voltige_logo.png","width":462,"height":132,"caption":"Voltige | \u00c9cole de parachutisme"},"image":{"@id":"https:\/\/parachutevoltige.com\/fr\/#\/schema\/logo\/image\/"},"sameAs":["https:\/\/www.facebook.com\/ParachuteVoltige\/"]}]}},"_links":{"self":[{"href":"https:\/\/parachutevoltige.com\/fr\/wp-json\/wp\/v2\/product\/132","targetHints":{"allow":["GET"]}}],"collection":[{"href":"https:\/\/parachutevoltige.com\/fr\/wp-json\/wp\/v2\/product"}],"about":[{"href":"https:\/\/parachutevoltige.com\/fr\/wp-json\/wp\/v2\/types\/product"}],"wp:featuredmedia":[{"embeddable":true,"href":"https:\/\/parachutevoltige.com\/fr\/wp-json\/wp\/v2\/media\/149844"}],"wp:attachment":[{"href":"https:\/\/parachutevoltige.com\/fr\/wp-json\/wp\/v2\/media?parent=132"}],"wp:term":[{"taxonomy":"product_brand","embeddable":true,"href":"https:\/\/parachutevoltige.com\/fr\/wp-json\/wp\/v2\/product_brand?post=132"},{"taxonomy":"product_cat","embeddable":true,"href":"https:\/\/parachutevoltige.com\/fr\/wp-json\/wp\/v2\/product_cat?post=132"},{"taxonomy":"product_tag","embeddable":true,"href":"https:\/\/parachutevoltige.com\/fr\/wp-json\/wp\/v2\/product_tag?post=132"}],"curies":[{"name":"wp","href":"https:\/\/api.w.org\/{rel}","templated":true}]}}