{"id":173366,"date":"2025-02-26T10:10:27","date_gmt":"2025-02-26T15:10:27","guid":{"rendered":"https:\/\/parachutevoltige.com\/?post_type=product&#038;p=173366"},"modified":"2026-04-08T14:34:02","modified_gmt":"2026-04-08T18:34:02","slug":"fractal-2026","status":"publish","type":"product","link":"https:\/\/parachutevoltige.com\/fr\/produit\/fractal-2026\/","title":{"rendered":"Fractal par Marcel Faguy"},"content":{"rendered":"","protected":false},"excerpt":{"rendered":"<p class=\"p1\">\u00c9v\u00e9nement de Big Way en VR avec Marcel Faguy. Un condens\u00e9 de la saison avec une s\u00e9quence dynamique de formations.<\/p>\n<p class=\"p1\">Pr\u00e9requis :<\/p>\n<p class=\"p1\">&#8211; Licence C<\/p>\n<p class=\"p1\">&#8211; Inscription sujette \u00e0 approbation<\/p>\n<p class=\"p1\">L\u2019objectif est de r\u00e9aliser de beaux sauts en groupe, dans un environnement qui allie plaisir, s\u00e9curit\u00e9 et originalit\u00e9.<\/p>\n","protected":false},"featured_media":8532,"template":"","meta":{"_acf_changed":false,"_exactmetrics_skip_tracking":false,"_exactmetrics_sitenote_active":false,"_exactmetrics_sitenote_note":"","_exactmetrics_sitenote_category":0,"ngg_post_thumbnail":0},"product_brand":[],"product_cat":[15],"product_tag":[],"class_list":{"0":"post-173366","1":"product","2":"type-product","3":"status-publish","4":"has-post-thumbnail","6":"product_cat-non-categorise","8":"first","9":"instock","10":"taxable","11":"shipping-taxable","12":"purchasable","13":"product-type-simple"},"exclude_global_add_ons":false,"addons":[{"name":"Dates de l'\u00e9v\u00e9nement","type":"multiple_choice","position":0,"required":true,"title_format":"label","default":"","description_enable":false,"description":"","placeholder_enable":false,"placeholder":"","display":"select","restrictions_type":"any_text","adjust_price":false,"price":"","price_type":"flat_fee","restrictions":false,"min":"0","max":"0","options":[{"label":"2026-09-05#2026-09-07","price":"","price_type":"flat_fee","image":0,"visibility":true}],"id":1673605470},{"name":"Type d'achat","type":"multiple_choice","position":0,"required":true,"title_format":"hide","default":"","description_enable":false,"description":"","placeholder_enable":false,"placeholder":"","display":"select","restrictions_type":"any_text","adjust_price":false,"price":"","price_type":"flat_fee","restrictions":false,"min":"0","max":"0","options":[{"label":"J'ach\u00e8te un saut pour moi","price":"","price_type":"flat_fee","image":0,"visibility":true},{"label":"J'ach\u00e8te un saut \u00e0 offrir \u00e0 une autre personne","price":"","price_type":"flat_fee","image":0,"visibility":true}],"id":1697018937},{"name":"Offrir \u00e0","type":"custom_text","position":1,"required":false,"title_format":"hide","default":"","description_enable":false,"description":"","placeholder_enable":false,"placeholder":"","display":"select","restrictions_type":"any_text","adjust_price":false,"price":"","price_type":"flat_fee","restrictions":false,"min":"0","max":"0","options":[],"id":1697018938}],"acf":[],"yoast_head":"<!-- This site is optimized with the Yoast SEO plugin v27.4 - https:\/\/yoast.com\/product\/yoast-seo-wordpress\/ -->\n<title>Fractal par Marcel Faguy - Parachute Voltige<\/title>\n<meta name=\"robots\" content=\"index, follow, max-snippet:-1, max-image-preview:large, max-video-preview:-1\" \/>\n<link rel=\"canonical\" href=\"https:\/\/parachutevoltige.com\/fr\/produit\/fractal-2026\/\" \/>\n<meta property=\"og:locale\" content=\"fr_CA\" \/>\n<meta property=\"og:type\" content=\"article\" \/>\n<meta property=\"og:title\" content=\"Fractal par Marcel Faguy - Parachute Voltige\" \/>\n<meta property=\"og:description\" content=\"\u00c9v\u00e9nement de Big Way en VR avec Marcel Faguy. Un condens\u00e9 de la saison avec une s\u00e9quence dynamique de formations. Pr\u00e9requis : - Licence C - Inscription sujette \u00e0 approbation L\u2019objectif est de r\u00e9aliser de beaux sauts en groupe, dans un environnement qui allie plaisir, s\u00e9curit\u00e9 et originalit\u00e9.\" \/>\n<meta property=\"og:url\" content=\"https:\/\/parachutevoltige.com\/fr\/produit\/fractal-2026\/\" \/>\n<meta property=\"og:site_name\" content=\"Parachute Voltige\" \/>\n<meta property=\"article:publisher\" content=\"https:\/\/www.facebook.com\/ParachuteVoltige\/\" \/>\n<meta property=\"article:modified_time\" content=\"2026-04-08T18:34:02+00:00\" \/>\n<meta property=\"og:image\" content=\"https:\/\/parachutevoltige.com\/wp-content\/uploads\/2019\/05\/snowgoose.jpg\" \/>\n\t<meta property=\"og:image:width\" content=\"945\" \/>\n\t<meta property=\"og:image:height\" content=\"797\" \/>\n\t<meta property=\"og:image:type\" content=\"image\/jpeg\" \/>\n<meta name=\"twitter:card\" content=\"summary_large_image\" \/>\n<meta name=\"twitter:label1\" content=\"Estimation du temps de lecture\" \/>\n\t<meta name=\"twitter:data1\" content=\"1 minute\" \/>\n<script type=\"application\/ld+json\" class=\"yoast-schema-graph\">{\"@context\":\"https:\\\/\\\/schema.org\",\"@graph\":[{\"@type\":\"WebPage\",\"@id\":\"https:\\\/\\\/parachutevoltige.com\\\/fr\\\/produit\\\/fractal-2026\\\/\",\"url\":\"https:\\\/\\\/parachutevoltige.com\\\/fr\\\/produit\\\/fractal-2026\\\/\",\"name\":\"Fractal par Marcel Faguy - Parachute Voltige\",\"isPartOf\":{\"@id\":\"https:\\\/\\\/parachutevoltige.com\\\/fr\\\/#website\"},\"primaryImageOfPage\":{\"@id\":\"https:\\\/\\\/parachutevoltige.com\\\/fr\\\/produit\\\/fractal-2026\\\/#primaryimage\"},\"image\":{\"@id\":\"https:\\\/\\\/parachutevoltige.com\\\/fr\\\/produit\\\/fractal-2026\\\/#primaryimage\"},\"thumbnailUrl\":\"https:\\\/\\\/parachutevoltige.com\\\/wp-content\\\/uploads\\\/2019\\\/05\\\/snowgoose.jpg\",\"datePublished\":\"2025-02-26T15:10:27+00:00\",\"dateModified\":\"2026-04-08T18:34:02+00:00\",\"breadcrumb\":{\"@id\":\"https:\\\/\\\/parachutevoltige.com\\\/fr\\\/produit\\\/fractal-2026\\\/#breadcrumb\"},\"inLanguage\":\"fr-CA\",\"potentialAction\":[{\"@type\":\"ReadAction\",\"target\":[\"https:\\\/\\\/parachutevoltige.com\\\/fr\\\/produit\\\/fractal-2026\\\/\"]}]},{\"@type\":\"ImageObject\",\"inLanguage\":\"fr-CA\",\"@id\":\"https:\\\/\\\/parachutevoltige.com\\\/fr\\\/produit\\\/fractal-2026\\\/#primaryimage\",\"url\":\"https:\\\/\\\/parachutevoltige.com\\\/wp-content\\\/uploads\\\/2019\\\/05\\\/snowgoose.jpg\",\"contentUrl\":\"https:\\\/\\\/parachutevoltige.com\\\/wp-content\\\/uploads\\\/2019\\\/05\\\/snowgoose.jpg\",\"width\":945,\"height\":797,\"caption\":\"Voltige Snowgoose\"},{\"@type\":\"BreadcrumbList\",\"@id\":\"https:\\\/\\\/parachutevoltige.com\\\/fr\\\/produit\\\/fractal-2026\\\/#breadcrumb\",\"itemListElement\":[{\"@type\":\"ListItem\",\"position\":1,\"name\":\"Home\",\"item\":\"https:\\\/\\\/parachutevoltige.com\\\/fr\\\/\"},{\"@type\":\"ListItem\",\"position\":2,\"name\":\"BOUTIQUE EN LIGNE\",\"item\":\"https:\\\/\\\/parachutevoltige.com\\\/fr\\\/boutique\\\/\"},{\"@type\":\"ListItem\",\"position\":3,\"name\":\"Fractal par Marcel Faguy\"}]},{\"@type\":\"WebSite\",\"@id\":\"https:\\\/\\\/parachutevoltige.com\\\/fr\\\/#website\",\"url\":\"https:\\\/\\\/parachutevoltige.com\\\/fr\\\/\",\"name\":\"Parachute Voltige\",\"description\":\"\",\"publisher\":{\"@id\":\"https:\\\/\\\/parachutevoltige.com\\\/fr\\\/#organization\"},\"potentialAction\":[{\"@type\":\"SearchAction\",\"target\":{\"@type\":\"EntryPoint\",\"urlTemplate\":\"https:\\\/\\\/parachutevoltige.com\\\/fr\\\/?s={search_term_string}\"},\"query-input\":{\"@type\":\"PropertyValueSpecification\",\"valueRequired\":true,\"valueName\":\"search_term_string\"}}],\"inLanguage\":\"fr-CA\"},{\"@type\":\"Organization\",\"@id\":\"https:\\\/\\\/parachutevoltige.com\\\/fr\\\/#organization\",\"name\":\"Voltige | \u00c9cole de parachutisme\",\"url\":\"https:\\\/\\\/parachutevoltige.com\\\/fr\\\/\",\"logo\":{\"@type\":\"ImageObject\",\"inLanguage\":\"fr-CA\",\"@id\":\"https:\\\/\\\/parachutevoltige.com\\\/fr\\\/#\\\/schema\\\/logo\\\/image\\\/\",\"url\":\"https:\\\/\\\/parachutevoltige.com\\\/wp-content\\\/uploads\\\/2019\\\/05\\\/Voltige_logo.png\",\"contentUrl\":\"https:\\\/\\\/parachutevoltige.com\\\/wp-content\\\/uploads\\\/2019\\\/05\\\/Voltige_logo.png\",\"width\":462,\"height\":132,\"caption\":\"Voltige | \u00c9cole de parachutisme\"},\"image\":{\"@id\":\"https:\\\/\\\/parachutevoltige.com\\\/fr\\\/#\\\/schema\\\/logo\\\/image\\\/\"},\"sameAs\":[\"https:\\\/\\\/www.facebook.com\\\/ParachuteVoltige\\\/\"]}]}<\/script>\n<!-- \/ Yoast SEO plugin. -->","yoast_head_json":{"title":"Fractal par Marcel Faguy - Parachute Voltige","robots":{"index":"index","follow":"follow","max-snippet":"max-snippet:-1","max-image-preview":"max-image-preview:large","max-video-preview":"max-video-preview:-1"},"canonical":"https:\/\/parachutevoltige.com\/fr\/produit\/fractal-2026\/","og_locale":"fr_CA","og_type":"article","og_title":"Fractal par Marcel Faguy - Parachute Voltige","og_description":"\u00c9v\u00e9nement de Big Way en VR avec Marcel Faguy. Un condens\u00e9 de la saison avec une s\u00e9quence dynamique de formations. Pr\u00e9requis : - Licence C - Inscription sujette \u00e0 approbation L\u2019objectif est de r\u00e9aliser de beaux sauts en groupe, dans un environnement qui allie plaisir, s\u00e9curit\u00e9 et originalit\u00e9.","og_url":"https:\/\/parachutevoltige.com\/fr\/produit\/fractal-2026\/","og_site_name":"Parachute Voltige","article_publisher":"https:\/\/www.facebook.com\/ParachuteVoltige\/","article_modified_time":"2026-04-08T18:34:02+00:00","og_image":[{"width":945,"height":797,"url":"https:\/\/parachutevoltige.com\/wp-content\/uploads\/2019\/05\/snowgoose.jpg","type":"image\/jpeg"}],"twitter_card":"summary_large_image","twitter_misc":{"Estimation du temps de lecture":"1 minute"},"schema":{"@context":"https:\/\/schema.org","@graph":[{"@type":"WebPage","@id":"https:\/\/parachutevoltige.com\/fr\/produit\/fractal-2026\/","url":"https:\/\/parachutevoltige.com\/fr\/produit\/fractal-2026\/","name":"Fractal par Marcel Faguy - Parachute Voltige","isPartOf":{"@id":"https:\/\/parachutevoltige.com\/fr\/#website"},"primaryImageOfPage":{"@id":"https:\/\/parachutevoltige.com\/fr\/produit\/fractal-2026\/#primaryimage"},"image":{"@id":"https:\/\/parachutevoltige.com\/fr\/produit\/fractal-2026\/#primaryimage"},"thumbnailUrl":"https:\/\/parachutevoltige.com\/wp-content\/uploads\/2019\/05\/snowgoose.jpg","datePublished":"2025-02-26T15:10:27+00:00","dateModified":"2026-04-08T18:34:02+00:00","breadcrumb":{"@id":"https:\/\/parachutevoltige.com\/fr\/produit\/fractal-2026\/#breadcrumb"},"inLanguage":"fr-CA","potentialAction":[{"@type":"ReadAction","target":["https:\/\/parachutevoltige.com\/fr\/produit\/fractal-2026\/"]}]},{"@type":"ImageObject","inLanguage":"fr-CA","@id":"https:\/\/parachutevoltige.com\/fr\/produit\/fractal-2026\/#primaryimage","url":"https:\/\/parachutevoltige.com\/wp-content\/uploads\/2019\/05\/snowgoose.jpg","contentUrl":"https:\/\/parachutevoltige.com\/wp-content\/uploads\/2019\/05\/snowgoose.jpg","width":945,"height":797,"caption":"Voltige Snowgoose"},{"@type":"BreadcrumbList","@id":"https:\/\/parachutevoltige.com\/fr\/produit\/fractal-2026\/#breadcrumb","itemListElement":[{"@type":"ListItem","position":1,"name":"Home","item":"https:\/\/parachutevoltige.com\/fr\/"},{"@type":"ListItem","position":2,"name":"BOUTIQUE EN LIGNE","item":"https:\/\/parachutevoltige.com\/fr\/boutique\/"},{"@type":"ListItem","position":3,"name":"Fractal par Marcel Faguy"}]},{"@type":"WebSite","@id":"https:\/\/parachutevoltige.com\/fr\/#website","url":"https:\/\/parachutevoltige.com\/fr\/","name":"Parachute Voltige","description":"","publisher":{"@id":"https:\/\/parachutevoltige.com\/fr\/#organization"},"potentialAction":[{"@type":"SearchAction","target":{"@type":"EntryPoint","urlTemplate":"https:\/\/parachutevoltige.com\/fr\/?s={search_term_string}"},"query-input":{"@type":"PropertyValueSpecification","valueRequired":true,"valueName":"search_term_string"}}],"inLanguage":"fr-CA"},{"@type":"Organization","@id":"https:\/\/parachutevoltige.com\/fr\/#organization","name":"Voltige | \u00c9cole de parachutisme","url":"https:\/\/parachutevoltige.com\/fr\/","logo":{"@type":"ImageObject","inLanguage":"fr-CA","@id":"https:\/\/parachutevoltige.com\/fr\/#\/schema\/logo\/image\/","url":"https:\/\/parachutevoltige.com\/wp-content\/uploads\/2019\/05\/Voltige_logo.png","contentUrl":"https:\/\/parachutevoltige.com\/wp-content\/uploads\/2019\/05\/Voltige_logo.png","width":462,"height":132,"caption":"Voltige | \u00c9cole de parachutisme"},"image":{"@id":"https:\/\/parachutevoltige.com\/fr\/#\/schema\/logo\/image\/"},"sameAs":["https:\/\/www.facebook.com\/ParachuteVoltige\/"]}]}},"_links":{"self":[{"href":"https:\/\/parachutevoltige.com\/fr\/wp-json\/wp\/v2\/product\/173366","targetHints":{"allow":["GET"]}}],"collection":[{"href":"https:\/\/parachutevoltige.com\/fr\/wp-json\/wp\/v2\/product"}],"about":[{"href":"https:\/\/parachutevoltige.com\/fr\/wp-json\/wp\/v2\/types\/product"}],"wp:featuredmedia":[{"embeddable":true,"href":"https:\/\/parachutevoltige.com\/fr\/wp-json\/wp\/v2\/media\/8532"}],"wp:attachment":[{"href":"https:\/\/parachutevoltige.com\/fr\/wp-json\/wp\/v2\/media?parent=173366"}],"wp:term":[{"taxonomy":"product_brand","embeddable":true,"href":"https:\/\/parachutevoltige.com\/fr\/wp-json\/wp\/v2\/product_brand?post=173366"},{"taxonomy":"product_cat","embeddable":true,"href":"https:\/\/parachutevoltige.com\/fr\/wp-json\/wp\/v2\/product_cat?post=173366"},{"taxonomy":"product_tag","embeddable":true,"href":"https:\/\/parachutevoltige.com\/fr\/wp-json\/wp\/v2\/product_tag?post=173366"}],"curies":[{"name":"wp","href":"https:\/\/api.w.org\/{rel}","templated":true}]}}