{"id":199924,"date":"2026-03-18T14:09:05","date_gmt":"2026-03-18T18:09:05","guid":{"rendered":"https:\/\/parachutevoltige.com\/?post_type=product&#038;p=199924"},"modified":"2026-03-18T14:13:16","modified_gmt":"2026-03-18T18:13:16","slug":"camp-ah-ha-brevet-a","status":"publish","type":"product","link":"https:\/\/parachutevoltige.com\/fr\/produit\/camp-ah-ha-brevet-a\/","title":{"rendered":"Camp AH HA ( Brevet A )"},"content":{"rendered":"","protected":false},"excerpt":{"rendered":"<p class=\"p1\">Apr\u00e8s un succ\u00e8s retentissant lors de sa premi\u00e8re \u00e9dition en 2024 ! Le camp est de retour!<\/p>\n<p class=\"p1\">Cet \u00e9v\u00e9nement est pour les parachutistes poss\u00e9dant un brevet A .<\/p>\n<p>VOUS AVEZ VOTRE BREVET A DEPUIS MOINS DE 18 MOIS ET VOUS AVEZ MOINS DE 150 SAUTS? CET \u00c9V\u00c9NEMENT EST POUR VOUS! En pr\u00e9vision de ce camp, nous vous encourageons fortement \u00e0 assister \u00e0 la journ\u00e9e de s\u00e9curit\u00e9 du samedi 27 avril, sur place \u00e0 Voltige, d\u00e8s 9h.<\/p>\n<p>Dates du camp: 16 au 18 mai inclusivement.<br \/>\nCo\u00fbt du camp: 96$+tx **prix des sauts et de la location d\u2019\u00e9quipement \u00e0 part.<br \/>\nAvantages: Acqu\u00e9rir les connaissances, les comp\u00e9tences et les pr\u00e9alables pour l\u2019obtention du brevet B. \u2018\u2019Tarif privil\u00e8ge\u2019\u2019 offert aux participants de l\u2019\u00e9v\u00e9nement sur les sauts de coaching pour l\u2019obtention du brevet B (info plus bas).<\/p>\n<p>Le camp AH HA est con\u00e7u pour vous offrir de l\u2019accompagnement afin d\u2019\u00e9tablir et atteindre vos buts en tant que nouveaux parachutistes, pour vous permettre de rencontrer des mentors dans toutes les disciplines et pour assurer le transfert de connaissances en toute s\u00e9curit\u00e9.<\/p>\n<p>Le temps d\u2019une longue fin de semaine, le plus grand nombre de mentors jamais rassembl\u00e9s \u00e0 l\u2019\u00c9cole Voltige seront \u00e0 votre disposition! C\u2019est l\u2019occasion d\u2019acqu\u00e9rir les pr\u00e9alables pour l\u2019obtention de votre Brevet B! Vous pourrez ainsi profiter de tout l\u2019\u00e9t\u00e9 pour progresser!<\/p>\n<p>SAMEDI JOUR: C\u2019est parti pour le volet \u00e9ducatif! Les mentors seront disponibles pour le \u2018\u2019refresh\u2019\u2019 et la pr\u00e9paration de votre premier saut de la saison 2024. Vous seront ensuite offerts les briefings pr\u00e9alables \u00e0 l\u2019obtention de la licence B!<\/p>\n<p>SAMEDI SOIR: \u2019\u2019Speed dating\u2019\u2019 de disciplines sportives, souper et tirage! Plusieurs disciplines du parachutisme vous int\u00e9ressent? Vous vous demandez quelles sont les prochaines actions \u00e0 entreprendre pour progresser vers une discipline sp\u00e9cifique? Recevez la bonne information des experts de chacune de ces disciplines! Restez pour le souper et courrez la chance de gagner des prix gracieusement offerts par nos commanditaires!<\/p>\n<p>DIMANCHE JOUR: L\u2019\u00e9v\u00e9nement principal! Vous participerez \u00e0 votre premi\u00e8re comp\u00e9tition de vol relatif! Les \u00e9quipes seront constitu\u00e9es de 2 novices et de 1 mentor d\u2019exp\u00e9rience: vous aurez un total de 4 sauts \u00e0 faire au cours de votre journ\u00e9e. En plus, vous participerez \u00e0 une grande chasse au tr\u00e9sor au travers des installations de Voltige. Cette qu\u00eate vous permettra de d\u00e9couvrir les sauts \u00e0 pr\u00e9parer et de r\u00e9pondre \u00e0 des quiz de connaissances g\u00e9n\u00e9rales qui vous donneront des points additionnels. Les r\u00e8glements de la comp\u00e9tition et l\u2019attribution des points vous seront communiqu\u00e9s au moment de votre inscription.<\/p>\n<p>DIMANCHE SOIR: Soir\u00e9e Pop-corn! Rendez-vous \u00e0 l\u2019aire de pliage pour une projection de film!<\/p>\n<p>LUNDI JOUR: Coachings de B! Voltige a le plaisir d\u2019offrir aux participants de l\u2019\u00e9v\u00e9nement la possibilit\u00e9 d\u2019effectuer les sauts de coaching obligatoires pour l\u2019obtention du brevet B \u00e0 prix r\u00e9duits.&nbsp;<\/p>\n<p>\u00c0 la fin de ce trois jours de formation tant en chute libre qu\u2019en connaissances g\u00e9n\u00e9rales, vous serez pr\u00eats pour atteindre votre plein potentiel au cours de l\u2019\u00e9t\u00e9 2025!<\/p>\n","protected":false},"featured_media":173356,"template":"","meta":{"_acf_changed":false,"_exactmetrics_skip_tracking":false,"_exactmetrics_sitenote_active":false,"_exactmetrics_sitenote_note":"","_exactmetrics_sitenote_category":0,"ngg_post_thumbnail":0},"product_brand":[],"product_cat":[66],"product_tag":[],"class_list":{"0":"post-199924","1":"product","2":"type-product","3":"status-publish","4":"has-post-thumbnail","6":"product_cat-evenements","8":"first","9":"instock","10":"taxable","11":"shipping-taxable","12":"purchasable","13":"product-type-simple"},"exclude_global_add_ons":false,"addons":[{"name":"Dates de l'\u00e9v\u00e9nement","type":"multiple_choice","position":0,"required":true,"title_format":"label","default":"","description_enable":false,"description":"","placeholder_enable":false,"placeholder":"","display":"select","restrictions_type":"any_text","adjust_price":false,"price":"","price_type":"flat_fee","restrictions":false,"min":"0","max":"0","options":[{"label":"2026-05-16#2026-05-18","price":"","price_type":"flat_fee","image":0,"visibility":true}],"id":1712851994}],"acf":[],"yoast_head":"<!-- This site is optimized with the Yoast SEO plugin v26.8 - https:\/\/yoast.com\/product\/yoast-seo-wordpress\/ -->\n<title>Camp AH HA ( Brevet A ) - Parachute Voltige<\/title>\n<meta name=\"robots\" content=\"index, follow, max-snippet:-1, max-image-preview:large, max-video-preview:-1\" \/>\n<link rel=\"canonical\" href=\"https:\/\/parachutevoltige.com\/fr\/produit\/camp-ah-ha-brevet-a\/\" \/>\n<meta property=\"og:locale\" content=\"fr_CA\" \/>\n<meta property=\"og:type\" content=\"article\" \/>\n<meta property=\"og:title\" content=\"Camp AH HA ( Brevet A ) - Parachute Voltige\" \/>\n<meta property=\"og:description\" content=\"Apr\u00e8s un succ\u00e8s retentissant lors de sa premi\u00e8re \u00e9dition en 2024 ! Le camp est de retour! Cet \u00e9v\u00e9nement est pour les parachutistes poss\u00e9dant un brevet A . VOUS AVEZ VOTRE BREVET A DEPUIS MOINS DE 18 MOIS ET VOUS AVEZ MOINS DE 150 SAUTS? CET \u00c9V\u00c9NEMENT EST POUR VOUS! En pr\u00e9vision de ce camp, nous vous encourageons fortement \u00e0 assister \u00e0 la journ\u00e9e de s\u00e9curit\u00e9 du samedi 27 avril, sur place \u00e0 Voltige, d\u00e8s 9h.  Dates du camp: 16 au 18 mai inclusivement. Co\u00fbt du camp: 96$+tx **prix des sauts et de la location d\u2019\u00e9quipement \u00e0 part. Avantages: Acqu\u00e9rir les connaissances, les comp\u00e9tences et les pr\u00e9alables pour l\u2019obtention du brevet B. \u2018\u2019Tarif privil\u00e8ge\u2019\u2019 offert aux participants de l\u2019\u00e9v\u00e9nement sur les sauts de coaching pour l\u2019obtention du brevet B (info plus bas).  Le camp AH HA est con\u00e7u pour vous offrir de l\u2019accompagnement afin d\u2019\u00e9tablir et atteindre vos buts en tant que nouveaux parachutistes, pour vous permettre de rencontrer des mentors dans toutes les disciplines et pour assurer le transfert de connaissances en toute s\u00e9curit\u00e9.  Le temps d\u2019une longue fin de semaine, le plus grand nombre de mentors jamais rassembl\u00e9s \u00e0 l\u2019\u00c9cole Voltige seront \u00e0 votre disposition! C\u2019est l\u2019occasion d\u2019acqu\u00e9rir les pr\u00e9alables pour l\u2019obtention de votre Brevet B! Vous pourrez ainsi profiter de tout l\u2019\u00e9t\u00e9 pour progresser!  SAMEDI JOUR: C\u2019est parti pour le volet \u00e9ducatif! Les mentors seront disponibles pour le \u2018\u2019refresh\u2019\u2019 et la pr\u00e9paration de votre premier saut de la saison 2024. Vous seront ensuite offerts les briefings pr\u00e9alables \u00e0 l\u2019obtention de la licence B!  SAMEDI SOIR: \u2019\u2019Speed dating\u2019\u2019 de disciplines sportives, souper et tirage! Plusieurs disciplines du parachutisme vous int\u00e9ressent? Vous vous demandez quelles sont les prochaines actions \u00e0 entreprendre pour progresser vers une discipline sp\u00e9cifique? Recevez la bonne information des experts de chacune de ces disciplines! Restez pour le souper et courrez la chance de gagner des prix gracieusement offerts par nos commanditaires!  DIMANCHE JOUR: L\u2019\u00e9v\u00e9nement principal! Vous participerez \u00e0 votre premi\u00e8re comp\u00e9tition de vol relatif! Les \u00e9quipes seront constitu\u00e9es de 2 novices et de 1 mentor d\u2019exp\u00e9rience: vous aurez un total de 4 sauts \u00e0 faire au cours de votre journ\u00e9e. En plus, vous participerez \u00e0 une grande chasse au tr\u00e9sor au travers des installations de Voltige. Cette qu\u00eate vous permettra de d\u00e9couvrir les sauts \u00e0 pr\u00e9parer et de r\u00e9pondre \u00e0 des quiz de connaissances g\u00e9n\u00e9rales qui vous donneront des points additionnels. Les r\u00e8glements de la comp\u00e9tition et l\u2019attribution des points vous seront communiqu\u00e9s au moment de votre inscription.  DIMANCHE SOIR: Soir\u00e9e Pop-corn! Rendez-vous \u00e0 l\u2019aire de pliage pour une projection de film!  LUNDI JOUR: Coachings de B! Voltige a le plaisir d\u2019offrir aux participants de l\u2019\u00e9v\u00e9nement la possibilit\u00e9 d\u2019effectuer les sauts de coaching obligatoires pour l\u2019obtention du brevet B \u00e0 prix r\u00e9duits.&nbsp;  \u00c0 la fin de ce trois jours de formation tant en chute libre qu\u2019en connaissances g\u00e9n\u00e9rales, vous serez pr\u00eats pour atteindre votre plein potentiel au cours de l\u2019\u00e9t\u00e9 2025!\" \/>\n<meta property=\"og:url\" content=\"https:\/\/parachutevoltige.com\/fr\/produit\/camp-ah-ha-brevet-a\/\" \/>\n<meta property=\"og:site_name\" content=\"Parachute Voltige\" \/>\n<meta property=\"article:publisher\" content=\"https:\/\/www.facebook.com\/ParachuteVoltige\/\" \/>\n<meta property=\"article:modified_time\" content=\"2026-03-18T18:13:16+00:00\" \/>\n<meta property=\"og:image\" content=\"https:\/\/parachutevoltige.com\/wp-content\/uploads\/2025\/02\/image_123650291-1.jpg\" \/>\n\t<meta property=\"og:image:width\" content=\"940\" \/>\n\t<meta property=\"og:image:height\" content=\"788\" \/>\n\t<meta property=\"og:image:type\" content=\"image\/jpeg\" \/>\n<meta name=\"twitter:card\" content=\"summary_large_image\" \/>\n<meta name=\"twitter:label1\" content=\"Estimation du temps de lecture\" \/>\n\t<meta name=\"twitter:data1\" content=\"1 minute\" \/>\n<script type=\"application\/ld+json\" class=\"yoast-schema-graph\">{\"@context\":\"https:\/\/schema.org\",\"@graph\":[{\"@type\":\"WebPage\",\"@id\":\"https:\/\/parachutevoltige.com\/fr\/produit\/camp-ah-ha-brevet-a\/\",\"url\":\"https:\/\/parachutevoltige.com\/fr\/produit\/camp-ah-ha-brevet-a\/\",\"name\":\"Camp AH HA ( Brevet A ) - Parachute Voltige\",\"isPartOf\":{\"@id\":\"https:\/\/parachutevoltige.com\/fr\/#website\"},\"primaryImageOfPage\":{\"@id\":\"https:\/\/parachutevoltige.com\/fr\/produit\/camp-ah-ha-brevet-a\/#primaryimage\"},\"image\":{\"@id\":\"https:\/\/parachutevoltige.com\/fr\/produit\/camp-ah-ha-brevet-a\/#primaryimage\"},\"thumbnailUrl\":\"https:\/\/parachutevoltige.com\/wp-content\/uploads\/2025\/02\/image_123650291-1.jpg\",\"datePublished\":\"2026-03-18T18:09:05+00:00\",\"dateModified\":\"2026-03-18T18:13:16+00:00\",\"breadcrumb\":{\"@id\":\"https:\/\/parachutevoltige.com\/fr\/produit\/camp-ah-ha-brevet-a\/#breadcrumb\"},\"inLanguage\":\"fr-CA\",\"potentialAction\":[{\"@type\":\"ReadAction\",\"target\":[\"https:\/\/parachutevoltige.com\/fr\/produit\/camp-ah-ha-brevet-a\/\"]}]},{\"@type\":\"ImageObject\",\"inLanguage\":\"fr-CA\",\"@id\":\"https:\/\/parachutevoltige.com\/fr\/produit\/camp-ah-ha-brevet-a\/#primaryimage\",\"url\":\"https:\/\/parachutevoltige.com\/wp-content\/uploads\/2025\/02\/image_123650291-1.jpg\",\"contentUrl\":\"https:\/\/parachutevoltige.com\/wp-content\/uploads\/2025\/02\/image_123650291-1.jpg\",\"width\":940,\"height\":788},{\"@type\":\"BreadcrumbList\",\"@id\":\"https:\/\/parachutevoltige.com\/fr\/produit\/camp-ah-ha-brevet-a\/#breadcrumb\",\"itemListElement\":[{\"@type\":\"ListItem\",\"position\":1,\"name\":\"Home\",\"item\":\"https:\/\/parachutevoltige.com\/fr\/\"},{\"@type\":\"ListItem\",\"position\":2,\"name\":\"BOUTIQUE EN LIGNE\",\"item\":\"https:\/\/parachutevoltige.com\/fr\/boutique\/\"},{\"@type\":\"ListItem\",\"position\":3,\"name\":\"Camp AH HA ( Brevet A )\"}]},{\"@type\":\"WebSite\",\"@id\":\"https:\/\/parachutevoltige.com\/fr\/#website\",\"url\":\"https:\/\/parachutevoltige.com\/fr\/\",\"name\":\"Parachute Voltige\",\"description\":\"\",\"publisher\":{\"@id\":\"https:\/\/parachutevoltige.com\/fr\/#organization\"},\"potentialAction\":[{\"@type\":\"SearchAction\",\"target\":{\"@type\":\"EntryPoint\",\"urlTemplate\":\"https:\/\/parachutevoltige.com\/fr\/?s={search_term_string}\"},\"query-input\":{\"@type\":\"PropertyValueSpecification\",\"valueRequired\":true,\"valueName\":\"search_term_string\"}}],\"inLanguage\":\"fr-CA\"},{\"@type\":\"Organization\",\"@id\":\"https:\/\/parachutevoltige.com\/fr\/#organization\",\"name\":\"Voltige | \u00c9cole de parachutisme\",\"url\":\"https:\/\/parachutevoltige.com\/fr\/\",\"logo\":{\"@type\":\"ImageObject\",\"inLanguage\":\"fr-CA\",\"@id\":\"https:\/\/parachutevoltige.com\/fr\/#\/schema\/logo\/image\/\",\"url\":\"https:\/\/parachutevoltige.com\/wp-content\/uploads\/2019\/05\/Voltige_logo.png\",\"contentUrl\":\"https:\/\/parachutevoltige.com\/wp-content\/uploads\/2019\/05\/Voltige_logo.png\",\"width\":462,\"height\":132,\"caption\":\"Voltige | \u00c9cole de parachutisme\"},\"image\":{\"@id\":\"https:\/\/parachutevoltige.com\/fr\/#\/schema\/logo\/image\/\"},\"sameAs\":[\"https:\/\/www.facebook.com\/ParachuteVoltige\/\"]}]}<\/script>\n<!-- \/ Yoast SEO plugin. -->","yoast_head_json":{"title":"Camp AH HA ( Brevet A ) - Parachute Voltige","robots":{"index":"index","follow":"follow","max-snippet":"max-snippet:-1","max-image-preview":"max-image-preview:large","max-video-preview":"max-video-preview:-1"},"canonical":"https:\/\/parachutevoltige.com\/fr\/produit\/camp-ah-ha-brevet-a\/","og_locale":"fr_CA","og_type":"article","og_title":"Camp AH HA ( Brevet A ) - Parachute Voltige","og_description":"Apr\u00e8s un succ\u00e8s retentissant lors de sa premi\u00e8re \u00e9dition en 2024 ! Le camp est de retour! Cet \u00e9v\u00e9nement est pour les parachutistes poss\u00e9dant un brevet A . VOUS AVEZ VOTRE BREVET A DEPUIS MOINS DE 18 MOIS ET VOUS AVEZ MOINS DE 150 SAUTS? CET \u00c9V\u00c9NEMENT EST POUR VOUS! En pr\u00e9vision de ce camp, nous vous encourageons fortement \u00e0 assister \u00e0 la journ\u00e9e de s\u00e9curit\u00e9 du samedi 27 avril, sur place \u00e0 Voltige, d\u00e8s 9h.  Dates du camp: 16 au 18 mai inclusivement. Co\u00fbt du camp: 96$+tx **prix des sauts et de la location d\u2019\u00e9quipement \u00e0 part. Avantages: Acqu\u00e9rir les connaissances, les comp\u00e9tences et les pr\u00e9alables pour l\u2019obtention du brevet B. \u2018\u2019Tarif privil\u00e8ge\u2019\u2019 offert aux participants de l\u2019\u00e9v\u00e9nement sur les sauts de coaching pour l\u2019obtention du brevet B (info plus bas).  Le camp AH HA est con\u00e7u pour vous offrir de l\u2019accompagnement afin d\u2019\u00e9tablir et atteindre vos buts en tant que nouveaux parachutistes, pour vous permettre de rencontrer des mentors dans toutes les disciplines et pour assurer le transfert de connaissances en toute s\u00e9curit\u00e9.  Le temps d\u2019une longue fin de semaine, le plus grand nombre de mentors jamais rassembl\u00e9s \u00e0 l\u2019\u00c9cole Voltige seront \u00e0 votre disposition! C\u2019est l\u2019occasion d\u2019acqu\u00e9rir les pr\u00e9alables pour l\u2019obtention de votre Brevet B! Vous pourrez ainsi profiter de tout l\u2019\u00e9t\u00e9 pour progresser!  SAMEDI JOUR: C\u2019est parti pour le volet \u00e9ducatif! Les mentors seront disponibles pour le \u2018\u2019refresh\u2019\u2019 et la pr\u00e9paration de votre premier saut de la saison 2024. Vous seront ensuite offerts les briefings pr\u00e9alables \u00e0 l\u2019obtention de la licence B!  SAMEDI SOIR: \u2019\u2019Speed dating\u2019\u2019 de disciplines sportives, souper et tirage! Plusieurs disciplines du parachutisme vous int\u00e9ressent? Vous vous demandez quelles sont les prochaines actions \u00e0 entreprendre pour progresser vers une discipline sp\u00e9cifique? Recevez la bonne information des experts de chacune de ces disciplines! Restez pour le souper et courrez la chance de gagner des prix gracieusement offerts par nos commanditaires!  DIMANCHE JOUR: L\u2019\u00e9v\u00e9nement principal! Vous participerez \u00e0 votre premi\u00e8re comp\u00e9tition de vol relatif! Les \u00e9quipes seront constitu\u00e9es de 2 novices et de 1 mentor d\u2019exp\u00e9rience: vous aurez un total de 4 sauts \u00e0 faire au cours de votre journ\u00e9e. En plus, vous participerez \u00e0 une grande chasse au tr\u00e9sor au travers des installations de Voltige. Cette qu\u00eate vous permettra de d\u00e9couvrir les sauts \u00e0 pr\u00e9parer et de r\u00e9pondre \u00e0 des quiz de connaissances g\u00e9n\u00e9rales qui vous donneront des points additionnels. Les r\u00e8glements de la comp\u00e9tition et l\u2019attribution des points vous seront communiqu\u00e9s au moment de votre inscription.  DIMANCHE SOIR: Soir\u00e9e Pop-corn! Rendez-vous \u00e0 l\u2019aire de pliage pour une projection de film!  LUNDI JOUR: Coachings de B! Voltige a le plaisir d\u2019offrir aux participants de l\u2019\u00e9v\u00e9nement la possibilit\u00e9 d\u2019effectuer les sauts de coaching obligatoires pour l\u2019obtention du brevet B \u00e0 prix r\u00e9duits.&nbsp;  \u00c0 la fin de ce trois jours de formation tant en chute libre qu\u2019en connaissances g\u00e9n\u00e9rales, vous serez pr\u00eats pour atteindre votre plein potentiel au cours de l\u2019\u00e9t\u00e9 2025!","og_url":"https:\/\/parachutevoltige.com\/fr\/produit\/camp-ah-ha-brevet-a\/","og_site_name":"Parachute Voltige","article_publisher":"https:\/\/www.facebook.com\/ParachuteVoltige\/","article_modified_time":"2026-03-18T18:13:16+00:00","og_image":[{"width":940,"height":788,"url":"https:\/\/parachutevoltige.com\/wp-content\/uploads\/2025\/02\/image_123650291-1.jpg","type":"image\/jpeg"}],"twitter_card":"summary_large_image","twitter_misc":{"Estimation du temps de lecture":"1 minute"},"schema":{"@context":"https:\/\/schema.org","@graph":[{"@type":"WebPage","@id":"https:\/\/parachutevoltige.com\/fr\/produit\/camp-ah-ha-brevet-a\/","url":"https:\/\/parachutevoltige.com\/fr\/produit\/camp-ah-ha-brevet-a\/","name":"Camp AH HA ( Brevet A ) - Parachute Voltige","isPartOf":{"@id":"https:\/\/parachutevoltige.com\/fr\/#website"},"primaryImageOfPage":{"@id":"https:\/\/parachutevoltige.com\/fr\/produit\/camp-ah-ha-brevet-a\/#primaryimage"},"image":{"@id":"https:\/\/parachutevoltige.com\/fr\/produit\/camp-ah-ha-brevet-a\/#primaryimage"},"thumbnailUrl":"https:\/\/parachutevoltige.com\/wp-content\/uploads\/2025\/02\/image_123650291-1.jpg","datePublished":"2026-03-18T18:09:05+00:00","dateModified":"2026-03-18T18:13:16+00:00","breadcrumb":{"@id":"https:\/\/parachutevoltige.com\/fr\/produit\/camp-ah-ha-brevet-a\/#breadcrumb"},"inLanguage":"fr-CA","potentialAction":[{"@type":"ReadAction","target":["https:\/\/parachutevoltige.com\/fr\/produit\/camp-ah-ha-brevet-a\/"]}]},{"@type":"ImageObject","inLanguage":"fr-CA","@id":"https:\/\/parachutevoltige.com\/fr\/produit\/camp-ah-ha-brevet-a\/#primaryimage","url":"https:\/\/parachutevoltige.com\/wp-content\/uploads\/2025\/02\/image_123650291-1.jpg","contentUrl":"https:\/\/parachutevoltige.com\/wp-content\/uploads\/2025\/02\/image_123650291-1.jpg","width":940,"height":788},{"@type":"BreadcrumbList","@id":"https:\/\/parachutevoltige.com\/fr\/produit\/camp-ah-ha-brevet-a\/#breadcrumb","itemListElement":[{"@type":"ListItem","position":1,"name":"Home","item":"https:\/\/parachutevoltige.com\/fr\/"},{"@type":"ListItem","position":2,"name":"BOUTIQUE EN LIGNE","item":"https:\/\/parachutevoltige.com\/fr\/boutique\/"},{"@type":"ListItem","position":3,"name":"Camp AH HA ( Brevet A )"}]},{"@type":"WebSite","@id":"https:\/\/parachutevoltige.com\/fr\/#website","url":"https:\/\/parachutevoltige.com\/fr\/","name":"Parachute Voltige","description":"","publisher":{"@id":"https:\/\/parachutevoltige.com\/fr\/#organization"},"potentialAction":[{"@type":"SearchAction","target":{"@type":"EntryPoint","urlTemplate":"https:\/\/parachutevoltige.com\/fr\/?s={search_term_string}"},"query-input":{"@type":"PropertyValueSpecification","valueRequired":true,"valueName":"search_term_string"}}],"inLanguage":"fr-CA"},{"@type":"Organization","@id":"https:\/\/parachutevoltige.com\/fr\/#organization","name":"Voltige | \u00c9cole de parachutisme","url":"https:\/\/parachutevoltige.com\/fr\/","logo":{"@type":"ImageObject","inLanguage":"fr-CA","@id":"https:\/\/parachutevoltige.com\/fr\/#\/schema\/logo\/image\/","url":"https:\/\/parachutevoltige.com\/wp-content\/uploads\/2019\/05\/Voltige_logo.png","contentUrl":"https:\/\/parachutevoltige.com\/wp-content\/uploads\/2019\/05\/Voltige_logo.png","width":462,"height":132,"caption":"Voltige | \u00c9cole de parachutisme"},"image":{"@id":"https:\/\/parachutevoltige.com\/fr\/#\/schema\/logo\/image\/"},"sameAs":["https:\/\/www.facebook.com\/ParachuteVoltige\/"]}]}},"_links":{"self":[{"href":"https:\/\/parachutevoltige.com\/fr\/wp-json\/wp\/v2\/product\/199924","targetHints":{"allow":["GET"]}}],"collection":[{"href":"https:\/\/parachutevoltige.com\/fr\/wp-json\/wp\/v2\/product"}],"about":[{"href":"https:\/\/parachutevoltige.com\/fr\/wp-json\/wp\/v2\/types\/product"}],"wp:featuredmedia":[{"embeddable":true,"href":"https:\/\/parachutevoltige.com\/fr\/wp-json\/wp\/v2\/media\/173356"}],"wp:attachment":[{"href":"https:\/\/parachutevoltige.com\/fr\/wp-json\/wp\/v2\/media?parent=199924"}],"wp:term":[{"taxonomy":"product_brand","embeddable":true,"href":"https:\/\/parachutevoltige.com\/fr\/wp-json\/wp\/v2\/product_brand?post=199924"},{"taxonomy":"product_cat","embeddable":true,"href":"https:\/\/parachutevoltige.com\/fr\/wp-json\/wp\/v2\/product_cat?post=199924"},{"taxonomy":"product_tag","embeddable":true,"href":"https:\/\/parachutevoltige.com\/fr\/wp-json\/wp\/v2\/product_tag?post=199924"}],"curies":[{"name":"wp","href":"https:\/\/api.w.org\/{rel}","templated":true}]}}