{"id":199994,"date":"2026-03-26T08:59:00","date_gmt":"2026-03-26T12:59:00","guid":{"rendered":"https:\/\/parachutevoltige.com\/?post_type=product&#038;p=199994"},"modified":"2026-03-26T09:43:29","modified_gmt":"2026-03-26T13:43:29","slug":"casque-voltige-ai","status":"publish","type":"product","link":"https:\/\/parachutevoltige.com\/fr\/produit\/casque-voltige-ai\/","title":{"rendered":"* Nouveau  \/ Casque Voltige IA"},"content":{"rendered":"<p class=\"p1\"><b>Chez Voltige, c\u2019est l\u2019intelligence humaine qui fait toute la diff\u00e9rence.<\/b><b><\/b><\/p>\n<p><strong>Joyeux poisson d\u2019avril !<\/strong><\/p>\n<p class=\"p2\">Nos instructeurs :<\/p>\n<ul class=\"ul1\">\n<li class=\"li1\">lisent les conditions en temps r\u00e9el<\/li>\n<li class=\"li1\">s\u2019adaptent \u00e0 chaque personne<\/li>\n<li class=\"li1\">vous accompagnent du d\u00e9but \u00e0 la fin<\/li>\n<li class=\"li1\">et surtout\u2026 vivent l\u2019exp\u00e9rience avec vous<\/li>\n<\/ul>\n<p class=\"p2\">Nos instructeurs\u2026 vous accompagnent.\u201d<\/p>\n<p class=\"p2\">On est l\u00e0 pour vous faire vivre <b>de vraies sensations<\/b>,<br \/>\nen toute confiance\u2026 et pour de vrai !<\/p>\n<p class=\"p4\"><span class=\"s1\">\ud83d\udc99<\/span><b> Voltige | Intelligence humaine<\/b><\/p>\n","protected":false},"excerpt":{"rendered":"<p class=\"p1\"><b>Chez Voltige, c\u2019est l\u2019intelligence humaine qui fait toute la diff\u00e9rence.<\/b><b><\/b><\/p>\n<p><strong>Joyeux poisson d\u2019avril !<\/strong><\/p>\n<p class=\"p2\">Nos instructeurs :<\/p>\n<ul class=\"ul1\">\n<li class=\"li1\">lisent les conditions en temps r\u00e9el<\/li>\n<li class=\"li1\">s\u2019adaptent \u00e0 chaque personne<\/li>\n<li class=\"li1\">vous accompagnent du d\u00e9but \u00e0 la fin<\/li>\n<li class=\"li1\">et surtout\u2026 vivent l\u2019exp\u00e9rience avec vous<\/li>\n<\/ul>\n<p class=\"p2\">Nos instructeurs\u2026 vous accompagnent.\u201d<\/p>\n<p class=\"p2\">On est l\u00e0 pour vous faire vivre <b>de vraies sensations<\/b>,<br \/>\nen toute confiance\u2026 et pour de vrai !<\/p>\n<p class=\"p4\"><span class=\"s1\">\ud83d\udc99<\/span><b> Voltige | Intelligence humaine<\/b><\/p>\n","protected":false},"featured_media":199995,"template":"","meta":{"_acf_changed":false,"_exactmetrics_skip_tracking":false,"_exactmetrics_sitenote_active":false,"_exactmetrics_sitenote_note":"","_exactmetrics_sitenote_category":0,"ngg_post_thumbnail":0},"product_brand":[],"product_cat":[23],"product_tag":[],"class_list":{"0":"post-199994","1":"product","2":"type-product","3":"status-publish","4":"has-post-thumbnail","6":"product_cat-uncategorized","8":"first","9":"instock","10":"taxable","11":"shipping-taxable","12":"purchasable","13":"product-type-simple"},"exclude_global_add_ons":[],"addons":[],"acf":[],"yoast_head":"<!-- This site is optimized with the Yoast SEO plugin v27.4 - https:\/\/yoast.com\/product\/yoast-seo-wordpress\/ -->\n<title>* Nouveau \/ Casque Voltige IA - Parachute Voltige<\/title>\n<meta name=\"robots\" content=\"index, follow, max-snippet:-1, max-image-preview:large, max-video-preview:-1\" \/>\n<link rel=\"canonical\" href=\"https:\/\/parachutevoltige.com\/fr\/produit\/casque-voltige-ai\/\" \/>\n<meta property=\"og:locale\" content=\"fr_CA\" \/>\n<meta property=\"og:type\" content=\"article\" \/>\n<meta property=\"og:title\" content=\"* Nouveau \/ Casque Voltige IA - Parachute Voltige\" \/>\n<meta property=\"og:description\" content=\"Chez Voltige, c\u2019est l\u2019intelligence humaine qui fait toute la diff\u00e9rence. Joyeux poisson d\u2019avril ! Nos instructeurs :    lisent les conditions en temps r\u00e9el  s\u2019adaptent \u00e0 chaque personne  vous accompagnent du d\u00e9but \u00e0 la fin  et surtout\u2026 vivent l\u2019exp\u00e9rience avec vous  Nos instructeurs\u2026 vous accompagnent.\u201d On est l\u00e0 pour vous faire vivre de vraies sensations, en toute confiance\u2026 et pour de vrai ! \ud83d\udc99 Voltige | Intelligence humaine\" \/>\n<meta property=\"og:url\" content=\"https:\/\/parachutevoltige.com\/fr\/produit\/casque-voltige-ai\/\" \/>\n<meta property=\"og:site_name\" content=\"Parachute Voltige\" \/>\n<meta property=\"article:publisher\" content=\"https:\/\/www.facebook.com\/ParachuteVoltige\/\" \/>\n<meta property=\"article:modified_time\" content=\"2026-03-26T13:43:29+00:00\" \/>\n<meta property=\"og:image\" content=\"https:\/\/parachutevoltige.com\/wp-content\/uploads\/2026\/03\/casque-AI-.png\" \/>\n\t<meta property=\"og:image:width\" content=\"1350\" \/>\n\t<meta property=\"og:image:height\" content=\"1080\" \/>\n\t<meta property=\"og:image:type\" content=\"image\/png\" \/>\n<meta name=\"twitter:card\" content=\"summary_large_image\" \/>\n<meta name=\"twitter:label1\" content=\"Estimation du temps de lecture\" \/>\n\t<meta name=\"twitter:data1\" content=\"1 minute\" \/>\n<script type=\"application\/ld+json\" class=\"yoast-schema-graph\">{\"@context\":\"https:\\\/\\\/schema.org\",\"@graph\":[{\"@type\":\"WebPage\",\"@id\":\"https:\\\/\\\/parachutevoltige.com\\\/fr\\\/produit\\\/casque-voltige-ai\\\/\",\"url\":\"https:\\\/\\\/parachutevoltige.com\\\/fr\\\/produit\\\/casque-voltige-ai\\\/\",\"name\":\"* Nouveau \\\/ Casque Voltige IA - Parachute Voltige\",\"isPartOf\":{\"@id\":\"https:\\\/\\\/parachutevoltige.com\\\/fr\\\/#website\"},\"primaryImageOfPage\":{\"@id\":\"https:\\\/\\\/parachutevoltige.com\\\/fr\\\/produit\\\/casque-voltige-ai\\\/#primaryimage\"},\"image\":{\"@id\":\"https:\\\/\\\/parachutevoltige.com\\\/fr\\\/produit\\\/casque-voltige-ai\\\/#primaryimage\"},\"thumbnailUrl\":\"https:\\\/\\\/parachutevoltige.com\\\/wp-content\\\/uploads\\\/2026\\\/03\\\/casque-AI-.png\",\"datePublished\":\"2026-03-26T12:59:00+00:00\",\"dateModified\":\"2026-03-26T13:43:29+00:00\",\"breadcrumb\":{\"@id\":\"https:\\\/\\\/parachutevoltige.com\\\/fr\\\/produit\\\/casque-voltige-ai\\\/#breadcrumb\"},\"inLanguage\":\"fr-CA\",\"potentialAction\":[{\"@type\":\"ReadAction\",\"target\":[\"https:\\\/\\\/parachutevoltige.com\\\/fr\\\/produit\\\/casque-voltige-ai\\\/\"]}]},{\"@type\":\"ImageObject\",\"inLanguage\":\"fr-CA\",\"@id\":\"https:\\\/\\\/parachutevoltige.com\\\/fr\\\/produit\\\/casque-voltige-ai\\\/#primaryimage\",\"url\":\"https:\\\/\\\/parachutevoltige.com\\\/wp-content\\\/uploads\\\/2026\\\/03\\\/casque-AI-.png\",\"contentUrl\":\"https:\\\/\\\/parachutevoltige.com\\\/wp-content\\\/uploads\\\/2026\\\/03\\\/casque-AI-.png\",\"width\":1350,\"height\":1080},{\"@type\":\"BreadcrumbList\",\"@id\":\"https:\\\/\\\/parachutevoltige.com\\\/fr\\\/produit\\\/casque-voltige-ai\\\/#breadcrumb\",\"itemListElement\":[{\"@type\":\"ListItem\",\"position\":1,\"name\":\"Home\",\"item\":\"https:\\\/\\\/parachutevoltige.com\\\/fr\\\/\"},{\"@type\":\"ListItem\",\"position\":2,\"name\":\"BOUTIQUE EN LIGNE\",\"item\":\"https:\\\/\\\/parachutevoltige.com\\\/fr\\\/boutique\\\/\"},{\"@type\":\"ListItem\",\"position\":3,\"name\":\"* Nouveau \\\/ Casque Voltige IA\"}]},{\"@type\":\"WebSite\",\"@id\":\"https:\\\/\\\/parachutevoltige.com\\\/fr\\\/#website\",\"url\":\"https:\\\/\\\/parachutevoltige.com\\\/fr\\\/\",\"name\":\"Parachute Voltige\",\"description\":\"\",\"publisher\":{\"@id\":\"https:\\\/\\\/parachutevoltige.com\\\/fr\\\/#organization\"},\"potentialAction\":[{\"@type\":\"SearchAction\",\"target\":{\"@type\":\"EntryPoint\",\"urlTemplate\":\"https:\\\/\\\/parachutevoltige.com\\\/fr\\\/?s={search_term_string}\"},\"query-input\":{\"@type\":\"PropertyValueSpecification\",\"valueRequired\":true,\"valueName\":\"search_term_string\"}}],\"inLanguage\":\"fr-CA\"},{\"@type\":\"Organization\",\"@id\":\"https:\\\/\\\/parachutevoltige.com\\\/fr\\\/#organization\",\"name\":\"Voltige | \u00c9cole de parachutisme\",\"url\":\"https:\\\/\\\/parachutevoltige.com\\\/fr\\\/\",\"logo\":{\"@type\":\"ImageObject\",\"inLanguage\":\"fr-CA\",\"@id\":\"https:\\\/\\\/parachutevoltige.com\\\/fr\\\/#\\\/schema\\\/logo\\\/image\\\/\",\"url\":\"https:\\\/\\\/parachutevoltige.com\\\/wp-content\\\/uploads\\\/2019\\\/05\\\/Voltige_logo.png\",\"contentUrl\":\"https:\\\/\\\/parachutevoltige.com\\\/wp-content\\\/uploads\\\/2019\\\/05\\\/Voltige_logo.png\",\"width\":462,\"height\":132,\"caption\":\"Voltige | \u00c9cole de parachutisme\"},\"image\":{\"@id\":\"https:\\\/\\\/parachutevoltige.com\\\/fr\\\/#\\\/schema\\\/logo\\\/image\\\/\"},\"sameAs\":[\"https:\\\/\\\/www.facebook.com\\\/ParachuteVoltige\\\/\"]}]}<\/script>\n<!-- \/ Yoast SEO plugin. -->","yoast_head_json":{"title":"* Nouveau \/ Casque Voltige IA - Parachute Voltige","robots":{"index":"index","follow":"follow","max-snippet":"max-snippet:-1","max-image-preview":"max-image-preview:large","max-video-preview":"max-video-preview:-1"},"canonical":"https:\/\/parachutevoltige.com\/fr\/produit\/casque-voltige-ai\/","og_locale":"fr_CA","og_type":"article","og_title":"* Nouveau \/ Casque Voltige IA - Parachute Voltige","og_description":"Chez Voltige, c\u2019est l\u2019intelligence humaine qui fait toute la diff\u00e9rence. Joyeux poisson d\u2019avril ! Nos instructeurs :    lisent les conditions en temps r\u00e9el  s\u2019adaptent \u00e0 chaque personne  vous accompagnent du d\u00e9but \u00e0 la fin  et surtout\u2026 vivent l\u2019exp\u00e9rience avec vous  Nos instructeurs\u2026 vous accompagnent.\u201d On est l\u00e0 pour vous faire vivre de vraies sensations, en toute confiance\u2026 et pour de vrai ! \ud83d\udc99 Voltige | Intelligence humaine","og_url":"https:\/\/parachutevoltige.com\/fr\/produit\/casque-voltige-ai\/","og_site_name":"Parachute Voltige","article_publisher":"https:\/\/www.facebook.com\/ParachuteVoltige\/","article_modified_time":"2026-03-26T13:43:29+00:00","og_image":[{"width":1350,"height":1080,"url":"https:\/\/parachutevoltige.com\/wp-content\/uploads\/2026\/03\/casque-AI-.png","type":"image\/png"}],"twitter_card":"summary_large_image","twitter_misc":{"Estimation du temps de lecture":"1 minute"},"schema":{"@context":"https:\/\/schema.org","@graph":[{"@type":"WebPage","@id":"https:\/\/parachutevoltige.com\/fr\/produit\/casque-voltige-ai\/","url":"https:\/\/parachutevoltige.com\/fr\/produit\/casque-voltige-ai\/","name":"* Nouveau \/ Casque Voltige IA - Parachute Voltige","isPartOf":{"@id":"https:\/\/parachutevoltige.com\/fr\/#website"},"primaryImageOfPage":{"@id":"https:\/\/parachutevoltige.com\/fr\/produit\/casque-voltige-ai\/#primaryimage"},"image":{"@id":"https:\/\/parachutevoltige.com\/fr\/produit\/casque-voltige-ai\/#primaryimage"},"thumbnailUrl":"https:\/\/parachutevoltige.com\/wp-content\/uploads\/2026\/03\/casque-AI-.png","datePublished":"2026-03-26T12:59:00+00:00","dateModified":"2026-03-26T13:43:29+00:00","breadcrumb":{"@id":"https:\/\/parachutevoltige.com\/fr\/produit\/casque-voltige-ai\/#breadcrumb"},"inLanguage":"fr-CA","potentialAction":[{"@type":"ReadAction","target":["https:\/\/parachutevoltige.com\/fr\/produit\/casque-voltige-ai\/"]}]},{"@type":"ImageObject","inLanguage":"fr-CA","@id":"https:\/\/parachutevoltige.com\/fr\/produit\/casque-voltige-ai\/#primaryimage","url":"https:\/\/parachutevoltige.com\/wp-content\/uploads\/2026\/03\/casque-AI-.png","contentUrl":"https:\/\/parachutevoltige.com\/wp-content\/uploads\/2026\/03\/casque-AI-.png","width":1350,"height":1080},{"@type":"BreadcrumbList","@id":"https:\/\/parachutevoltige.com\/fr\/produit\/casque-voltige-ai\/#breadcrumb","itemListElement":[{"@type":"ListItem","position":1,"name":"Home","item":"https:\/\/parachutevoltige.com\/fr\/"},{"@type":"ListItem","position":2,"name":"BOUTIQUE EN LIGNE","item":"https:\/\/parachutevoltige.com\/fr\/boutique\/"},{"@type":"ListItem","position":3,"name":"* Nouveau \/ Casque Voltige IA"}]},{"@type":"WebSite","@id":"https:\/\/parachutevoltige.com\/fr\/#website","url":"https:\/\/parachutevoltige.com\/fr\/","name":"Parachute Voltige","description":"","publisher":{"@id":"https:\/\/parachutevoltige.com\/fr\/#organization"},"potentialAction":[{"@type":"SearchAction","target":{"@type":"EntryPoint","urlTemplate":"https:\/\/parachutevoltige.com\/fr\/?s={search_term_string}"},"query-input":{"@type":"PropertyValueSpecification","valueRequired":true,"valueName":"search_term_string"}}],"inLanguage":"fr-CA"},{"@type":"Organization","@id":"https:\/\/parachutevoltige.com\/fr\/#organization","name":"Voltige | \u00c9cole de parachutisme","url":"https:\/\/parachutevoltige.com\/fr\/","logo":{"@type":"ImageObject","inLanguage":"fr-CA","@id":"https:\/\/parachutevoltige.com\/fr\/#\/schema\/logo\/image\/","url":"https:\/\/parachutevoltige.com\/wp-content\/uploads\/2019\/05\/Voltige_logo.png","contentUrl":"https:\/\/parachutevoltige.com\/wp-content\/uploads\/2019\/05\/Voltige_logo.png","width":462,"height":132,"caption":"Voltige | \u00c9cole de parachutisme"},"image":{"@id":"https:\/\/parachutevoltige.com\/fr\/#\/schema\/logo\/image\/"},"sameAs":["https:\/\/www.facebook.com\/ParachuteVoltige\/"]}]}},"_links":{"self":[{"href":"https:\/\/parachutevoltige.com\/fr\/wp-json\/wp\/v2\/product\/199994","targetHints":{"allow":["GET"]}}],"collection":[{"href":"https:\/\/parachutevoltige.com\/fr\/wp-json\/wp\/v2\/product"}],"about":[{"href":"https:\/\/parachutevoltige.com\/fr\/wp-json\/wp\/v2\/types\/product"}],"wp:featuredmedia":[{"embeddable":true,"href":"https:\/\/parachutevoltige.com\/fr\/wp-json\/wp\/v2\/media\/199995"}],"wp:attachment":[{"href":"https:\/\/parachutevoltige.com\/fr\/wp-json\/wp\/v2\/media?parent=199994"}],"wp:term":[{"taxonomy":"product_brand","embeddable":true,"href":"https:\/\/parachutevoltige.com\/fr\/wp-json\/wp\/v2\/product_brand?post=199994"},{"taxonomy":"product_cat","embeddable":true,"href":"https:\/\/parachutevoltige.com\/fr\/wp-json\/wp\/v2\/product_cat?post=199994"},{"taxonomy":"product_tag","embeddable":true,"href":"https:\/\/parachutevoltige.com\/fr\/wp-json\/wp\/v2\/product_tag?post=199994"}],"curies":[{"name":"wp","href":"https:\/\/api.w.org\/{rel}","templated":true}]}}