{"id":200074,"date":"2026-04-03T09:17:19","date_gmt":"2026-04-03T13:17:19","guid":{"rendered":"https:\/\/parachutevoltige.com\/?post_type=product&#038;p=200074"},"modified":"2026-04-03T09:20:39","modified_gmt":"2026-04-03T13:20:39","slug":"coaching-grosse-formation-2026","status":"publish","type":"product","link":"https:\/\/parachutevoltige.com\/fr\/produit\/coaching-grosse-formation-2026\/","title":{"rendered":"Coaching de grosse formation"},"content":{"rendered":"","protected":false},"excerpt":{"rendered":"<div>Yoann Perrier vous propose un \u00e9v\u00e9nement de VR avec un coaching personnalis\u00e9 pour chacun des participants. L&rsquo;objectif ne sera pas le type de figure qu&rsquo;on fera ou la complexit\u00e9, mais vous et votre progression. Yoann prendra le temps de d\u00e9briefer chacun d&rsquo;entre vous, de la sortie de l&rsquo;avion jusqu&rsquo;au&nbsp; track, le tout sur 4-5 sauts, et r\u00e9pondra \u00e0 vos questions. Les debriefing seront longs, comptez 5 min par personne le temps de bien tout d\u00e9cortiquer en d\u00e9tail.<\/div>\n<div>Vous pratiquerez chacun 2 types de sorties diff\u00e9rentes, soit flotteur et plong\u00e9e.<\/div>\n<div>&nbsp;<\/div>\n<div>Pr\u00e9requis : Brevet B&nbsp;<\/div>\n<div>Taxes en sus<\/div>\n","protected":false},"featured_media":149567,"template":"","meta":{"_acf_changed":false,"_exactmetrics_skip_tracking":false,"_exactmetrics_sitenote_active":false,"_exactmetrics_sitenote_note":"","_exactmetrics_sitenote_category":0,"ngg_post_thumbnail":0},"product_brand":[],"product_cat":[15],"product_tag":[],"class_list":{"0":"post-200074","1":"product","2":"type-product","3":"status-publish","4":"has-post-thumbnail","6":"product_cat-non-categorise","8":"first","9":"instock","10":"taxable","11":"shipping-taxable","12":"purchasable","13":"product-type-simple"},"exclude_global_add_ons":false,"addons":[{"name":"Dates de l'\u00e9v\u00e9nement","type":"multiple_choice","position":0,"required":true,"title_format":"label","default":"","description_enable":false,"description":"","placeholder_enable":false,"placeholder":"","display":"select","restrictions_type":"any_text","adjust_price":false,"price":"","price_type":"flat_fee","restrictions":false,"min":"0","max":"0","options":[{"label":"2026-06-14","price":"","price_type":"flat_fee","image":0,"visibility":true}],"id":1673528876},{"name":"Type d'achat","type":"multiple_choice","position":0,"required":true,"title_format":"hide","default":"","description_enable":false,"description":"","placeholder_enable":false,"placeholder":"","display":"select","restrictions_type":"any_text","adjust_price":false,"price":"","price_type":"flat_fee","restrictions":false,"min":"0","max":"0","options":[{"label":"J'ach\u00e8te un saut pour moi","price":"","price_type":"flat_fee","image":0,"visibility":true},{"label":"J'ach\u00e8te un saut \u00e0 offrir \u00e0 une autre personne","price":"","price_type":"flat_fee","image":0,"visibility":true}],"id":1697018937},{"name":"Offrir \u00e0","type":"custom_text","position":1,"required":false,"title_format":"hide","default":"","description_enable":false,"description":"","placeholder_enable":false,"placeholder":"","display":"select","restrictions_type":"any_text","adjust_price":false,"price":"","price_type":"flat_fee","restrictions":false,"min":"0","max":"0","options":[],"id":1697018938}],"acf":[],"yoast_head":"<!-- This site is optimized with the Yoast SEO plugin v27.4 - https:\/\/yoast.com\/product\/yoast-seo-wordpress\/ -->\n<title>Coaching de grosse formation - Parachute Voltige<\/title>\n<meta name=\"robots\" content=\"index, follow, max-snippet:-1, max-image-preview:large, max-video-preview:-1\" \/>\n<link rel=\"canonical\" href=\"https:\/\/parachutevoltige.com\/fr\/produit\/coaching-grosse-formation-2026\/\" \/>\n<meta property=\"og:locale\" content=\"fr_CA\" \/>\n<meta property=\"og:type\" content=\"article\" \/>\n<meta property=\"og:title\" content=\"Coaching de grosse formation - Parachute Voltige\" \/>\n<meta property=\"og:description\" content=\"Yoann Perrier vous propose un \u00e9v\u00e9nement de VR avec un coaching personnalis\u00e9 pour chacun des participants. L&#039;objectif ne sera pas le type de figure qu&#039;on fera ou la complexit\u00e9, mais vous et votre progression. Yoann prendra le temps de d\u00e9briefer chacun d&#039;entre vous, de la sortie de l&#039;avion jusqu&#039;au&nbsp; track, le tout sur 4-5 sauts, et r\u00e9pondra \u00e0 vos questions. Les debriefing seront longs, comptez 5 min par personne le temps de bien tout d\u00e9cortiquer en d\u00e9tail. Vous pratiquerez chacun 2 types de sorties diff\u00e9rentes, soit flotteur et plong\u00e9e. &nbsp; Pr\u00e9requis : Brevet B&nbsp; Taxes en sus\" \/>\n<meta property=\"og:url\" content=\"https:\/\/parachutevoltige.com\/fr\/produit\/coaching-grosse-formation-2026\/\" \/>\n<meta property=\"og:site_name\" content=\"Parachute Voltige\" \/>\n<meta property=\"article:publisher\" content=\"https:\/\/www.facebook.com\/ParachuteVoltige\/\" \/>\n<meta property=\"article:modified_time\" content=\"2026-04-03T13:20:39+00:00\" \/>\n<meta property=\"og:image\" content=\"https:\/\/parachutevoltige.com\/wp-content\/uploads\/2024\/02\/big-way-02.jpg\" \/>\n\t<meta property=\"og:image:width\" content=\"1080\" \/>\n\t<meta property=\"og:image:height\" content=\"1080\" \/>\n\t<meta property=\"og:image:type\" content=\"image\/jpeg\" \/>\n<meta name=\"twitter:card\" content=\"summary_large_image\" \/>\n<meta name=\"twitter:label1\" content=\"Estimation du temps de lecture\" \/>\n\t<meta name=\"twitter:data1\" content=\"1 minute\" \/>\n<script type=\"application\/ld+json\" class=\"yoast-schema-graph\">{\"@context\":\"https:\\\/\\\/schema.org\",\"@graph\":[{\"@type\":\"WebPage\",\"@id\":\"https:\\\/\\\/parachutevoltige.com\\\/fr\\\/produit\\\/coaching-grosse-formation-2026\\\/\",\"url\":\"https:\\\/\\\/parachutevoltige.com\\\/fr\\\/produit\\\/coaching-grosse-formation-2026\\\/\",\"name\":\"Coaching de grosse formation - Parachute Voltige\",\"isPartOf\":{\"@id\":\"https:\\\/\\\/parachutevoltige.com\\\/fr\\\/#website\"},\"primaryImageOfPage\":{\"@id\":\"https:\\\/\\\/parachutevoltige.com\\\/fr\\\/produit\\\/coaching-grosse-formation-2026\\\/#primaryimage\"},\"image\":{\"@id\":\"https:\\\/\\\/parachutevoltige.com\\\/fr\\\/produit\\\/coaching-grosse-formation-2026\\\/#primaryimage\"},\"thumbnailUrl\":\"https:\\\/\\\/parachutevoltige.com\\\/wp-content\\\/uploads\\\/2024\\\/02\\\/big-way-02.jpg\",\"datePublished\":\"2026-04-03T13:17:19+00:00\",\"dateModified\":\"2026-04-03T13:20:39+00:00\",\"breadcrumb\":{\"@id\":\"https:\\\/\\\/parachutevoltige.com\\\/fr\\\/produit\\\/coaching-grosse-formation-2026\\\/#breadcrumb\"},\"inLanguage\":\"fr-CA\",\"potentialAction\":[{\"@type\":\"ReadAction\",\"target\":[\"https:\\\/\\\/parachutevoltige.com\\\/fr\\\/produit\\\/coaching-grosse-formation-2026\\\/\"]}]},{\"@type\":\"ImageObject\",\"inLanguage\":\"fr-CA\",\"@id\":\"https:\\\/\\\/parachutevoltige.com\\\/fr\\\/produit\\\/coaching-grosse-formation-2026\\\/#primaryimage\",\"url\":\"https:\\\/\\\/parachutevoltige.com\\\/wp-content\\\/uploads\\\/2024\\\/02\\\/big-way-02.jpg\",\"contentUrl\":\"https:\\\/\\\/parachutevoltige.com\\\/wp-content\\\/uploads\\\/2024\\\/02\\\/big-way-02.jpg\",\"width\":1080,\"height\":1080},{\"@type\":\"BreadcrumbList\",\"@id\":\"https:\\\/\\\/parachutevoltige.com\\\/fr\\\/produit\\\/coaching-grosse-formation-2026\\\/#breadcrumb\",\"itemListElement\":[{\"@type\":\"ListItem\",\"position\":1,\"name\":\"Home\",\"item\":\"https:\\\/\\\/parachutevoltige.com\\\/fr\\\/\"},{\"@type\":\"ListItem\",\"position\":2,\"name\":\"BOUTIQUE EN LIGNE\",\"item\":\"https:\\\/\\\/parachutevoltige.com\\\/fr\\\/boutique\\\/\"},{\"@type\":\"ListItem\",\"position\":3,\"name\":\"Coaching de grosse formation\"}]},{\"@type\":\"WebSite\",\"@id\":\"https:\\\/\\\/parachutevoltige.com\\\/fr\\\/#website\",\"url\":\"https:\\\/\\\/parachutevoltige.com\\\/fr\\\/\",\"name\":\"Parachute Voltige\",\"description\":\"\",\"publisher\":{\"@id\":\"https:\\\/\\\/parachutevoltige.com\\\/fr\\\/#organization\"},\"potentialAction\":[{\"@type\":\"SearchAction\",\"target\":{\"@type\":\"EntryPoint\",\"urlTemplate\":\"https:\\\/\\\/parachutevoltige.com\\\/fr\\\/?s={search_term_string}\"},\"query-input\":{\"@type\":\"PropertyValueSpecification\",\"valueRequired\":true,\"valueName\":\"search_term_string\"}}],\"inLanguage\":\"fr-CA\"},{\"@type\":\"Organization\",\"@id\":\"https:\\\/\\\/parachutevoltige.com\\\/fr\\\/#organization\",\"name\":\"Voltige | \u00c9cole de parachutisme\",\"url\":\"https:\\\/\\\/parachutevoltige.com\\\/fr\\\/\",\"logo\":{\"@type\":\"ImageObject\",\"inLanguage\":\"fr-CA\",\"@id\":\"https:\\\/\\\/parachutevoltige.com\\\/fr\\\/#\\\/schema\\\/logo\\\/image\\\/\",\"url\":\"https:\\\/\\\/parachutevoltige.com\\\/wp-content\\\/uploads\\\/2019\\\/05\\\/Voltige_logo.png\",\"contentUrl\":\"https:\\\/\\\/parachutevoltige.com\\\/wp-content\\\/uploads\\\/2019\\\/05\\\/Voltige_logo.png\",\"width\":462,\"height\":132,\"caption\":\"Voltige | \u00c9cole de parachutisme\"},\"image\":{\"@id\":\"https:\\\/\\\/parachutevoltige.com\\\/fr\\\/#\\\/schema\\\/logo\\\/image\\\/\"},\"sameAs\":[\"https:\\\/\\\/www.facebook.com\\\/ParachuteVoltige\\\/\"]}]}<\/script>\n<!-- \/ Yoast SEO plugin. -->","yoast_head_json":{"title":"Coaching de grosse formation - Parachute Voltige","robots":{"index":"index","follow":"follow","max-snippet":"max-snippet:-1","max-image-preview":"max-image-preview:large","max-video-preview":"max-video-preview:-1"},"canonical":"https:\/\/parachutevoltige.com\/fr\/produit\/coaching-grosse-formation-2026\/","og_locale":"fr_CA","og_type":"article","og_title":"Coaching de grosse formation - Parachute Voltige","og_description":"Yoann Perrier vous propose un \u00e9v\u00e9nement de VR avec un coaching personnalis\u00e9 pour chacun des participants. L'objectif ne sera pas le type de figure qu'on fera ou la complexit\u00e9, mais vous et votre progression. Yoann prendra le temps de d\u00e9briefer chacun d'entre vous, de la sortie de l'avion jusqu'au&nbsp; track, le tout sur 4-5 sauts, et r\u00e9pondra \u00e0 vos questions. Les debriefing seront longs, comptez 5 min par personne le temps de bien tout d\u00e9cortiquer en d\u00e9tail. Vous pratiquerez chacun 2 types de sorties diff\u00e9rentes, soit flotteur et plong\u00e9e. &nbsp; Pr\u00e9requis : Brevet B&nbsp; Taxes en sus","og_url":"https:\/\/parachutevoltige.com\/fr\/produit\/coaching-grosse-formation-2026\/","og_site_name":"Parachute Voltige","article_publisher":"https:\/\/www.facebook.com\/ParachuteVoltige\/","article_modified_time":"2026-04-03T13:20:39+00:00","og_image":[{"width":1080,"height":1080,"url":"https:\/\/parachutevoltige.com\/wp-content\/uploads\/2024\/02\/big-way-02.jpg","type":"image\/jpeg"}],"twitter_card":"summary_large_image","twitter_misc":{"Estimation du temps de lecture":"1 minute"},"schema":{"@context":"https:\/\/schema.org","@graph":[{"@type":"WebPage","@id":"https:\/\/parachutevoltige.com\/fr\/produit\/coaching-grosse-formation-2026\/","url":"https:\/\/parachutevoltige.com\/fr\/produit\/coaching-grosse-formation-2026\/","name":"Coaching de grosse formation - Parachute Voltige","isPartOf":{"@id":"https:\/\/parachutevoltige.com\/fr\/#website"},"primaryImageOfPage":{"@id":"https:\/\/parachutevoltige.com\/fr\/produit\/coaching-grosse-formation-2026\/#primaryimage"},"image":{"@id":"https:\/\/parachutevoltige.com\/fr\/produit\/coaching-grosse-formation-2026\/#primaryimage"},"thumbnailUrl":"https:\/\/parachutevoltige.com\/wp-content\/uploads\/2024\/02\/big-way-02.jpg","datePublished":"2026-04-03T13:17:19+00:00","dateModified":"2026-04-03T13:20:39+00:00","breadcrumb":{"@id":"https:\/\/parachutevoltige.com\/fr\/produit\/coaching-grosse-formation-2026\/#breadcrumb"},"inLanguage":"fr-CA","potentialAction":[{"@type":"ReadAction","target":["https:\/\/parachutevoltige.com\/fr\/produit\/coaching-grosse-formation-2026\/"]}]},{"@type":"ImageObject","inLanguage":"fr-CA","@id":"https:\/\/parachutevoltige.com\/fr\/produit\/coaching-grosse-formation-2026\/#primaryimage","url":"https:\/\/parachutevoltige.com\/wp-content\/uploads\/2024\/02\/big-way-02.jpg","contentUrl":"https:\/\/parachutevoltige.com\/wp-content\/uploads\/2024\/02\/big-way-02.jpg","width":1080,"height":1080},{"@type":"BreadcrumbList","@id":"https:\/\/parachutevoltige.com\/fr\/produit\/coaching-grosse-formation-2026\/#breadcrumb","itemListElement":[{"@type":"ListItem","position":1,"name":"Home","item":"https:\/\/parachutevoltige.com\/fr\/"},{"@type":"ListItem","position":2,"name":"BOUTIQUE EN LIGNE","item":"https:\/\/parachutevoltige.com\/fr\/boutique\/"},{"@type":"ListItem","position":3,"name":"Coaching de grosse formation"}]},{"@type":"WebSite","@id":"https:\/\/parachutevoltige.com\/fr\/#website","url":"https:\/\/parachutevoltige.com\/fr\/","name":"Parachute Voltige","description":"","publisher":{"@id":"https:\/\/parachutevoltige.com\/fr\/#organization"},"potentialAction":[{"@type":"SearchAction","target":{"@type":"EntryPoint","urlTemplate":"https:\/\/parachutevoltige.com\/fr\/?s={search_term_string}"},"query-input":{"@type":"PropertyValueSpecification","valueRequired":true,"valueName":"search_term_string"}}],"inLanguage":"fr-CA"},{"@type":"Organization","@id":"https:\/\/parachutevoltige.com\/fr\/#organization","name":"Voltige | \u00c9cole de parachutisme","url":"https:\/\/parachutevoltige.com\/fr\/","logo":{"@type":"ImageObject","inLanguage":"fr-CA","@id":"https:\/\/parachutevoltige.com\/fr\/#\/schema\/logo\/image\/","url":"https:\/\/parachutevoltige.com\/wp-content\/uploads\/2019\/05\/Voltige_logo.png","contentUrl":"https:\/\/parachutevoltige.com\/wp-content\/uploads\/2019\/05\/Voltige_logo.png","width":462,"height":132,"caption":"Voltige | \u00c9cole de parachutisme"},"image":{"@id":"https:\/\/parachutevoltige.com\/fr\/#\/schema\/logo\/image\/"},"sameAs":["https:\/\/www.facebook.com\/ParachuteVoltige\/"]}]}},"_links":{"self":[{"href":"https:\/\/parachutevoltige.com\/fr\/wp-json\/wp\/v2\/product\/200074","targetHints":{"allow":["GET"]}}],"collection":[{"href":"https:\/\/parachutevoltige.com\/fr\/wp-json\/wp\/v2\/product"}],"about":[{"href":"https:\/\/parachutevoltige.com\/fr\/wp-json\/wp\/v2\/types\/product"}],"wp:featuredmedia":[{"embeddable":true,"href":"https:\/\/parachutevoltige.com\/fr\/wp-json\/wp\/v2\/media\/149567"}],"wp:attachment":[{"href":"https:\/\/parachutevoltige.com\/fr\/wp-json\/wp\/v2\/media?parent=200074"}],"wp:term":[{"taxonomy":"product_brand","embeddable":true,"href":"https:\/\/parachutevoltige.com\/fr\/wp-json\/wp\/v2\/product_brand?post=200074"},{"taxonomy":"product_cat","embeddable":true,"href":"https:\/\/parachutevoltige.com\/fr\/wp-json\/wp\/v2\/product_cat?post=200074"},{"taxonomy":"product_tag","embeddable":true,"href":"https:\/\/parachutevoltige.com\/fr\/wp-json\/wp\/v2\/product_tag?post=200074"}],"curies":[{"name":"wp","href":"https:\/\/api.w.org\/{rel}","templated":true}]}}