{"id":200081,"date":"2026-04-03T10:13:25","date_gmt":"2026-04-03T14:13:25","guid":{"rendered":"https:\/\/parachutevoltige.com\/?post_type=product&#038;p=200081"},"modified":"2026-04-03T10:50:45","modified_gmt":"2026-04-03T14:50:45","slug":"spin-the-wheel-vr-2026","status":"publish","type":"product","link":"https:\/\/parachutevoltige.com\/fr\/produit\/spin-the-wheel-vr-2026\/","title":{"rendered":"Spin the wheel &#8211; VR avec Thomas"},"content":{"rendered":"<div class=\"\">\n<div class=\"\"><span class=\"\">\u00c9v\u00e9nement \u00ab\u00a0Spin the wheel \u00bb : Des sauts avec des pi\u00e8ces qui bougent, des engrenages, des rondes dans des rondes, des genres de m\u00e9ga crazy spider&#8230; <strong>Bref, \u00e7a va brasser et virer!<\/strong><\/span><\/div>\n<\/div>\n<div>&nbsp;<\/div>\n<div>Organis\u00e9 par Thomas Tiberghien, sur invitation.<\/div>\n<div>&nbsp;<\/div>\n<div><strong>Les participants doivent d\u00e9j\u00e0 avoir une exp\u00e9rience de Big Way.<\/strong><\/div>\n<div>&nbsp;<\/div>\n<div>Licence B et plus.<\/div>\n<div>&nbsp;<\/div>\n<div>Sur invitation.<\/div>\n","protected":false},"excerpt":{"rendered":"<div class=\"\">\n<div class=\"\"><span class=\"\">\u00c9v\u00e9nement \u00ab\u00a0Spin the wheel \u00bb : Des sauts avec des pi\u00e8ces qui bougent, des engrenages, des rondes dans des rondes, des genre de m\u00e9gas Crazy Spiders&#8230; <strong>Bref, \u00e7a va brasser et virer!<\/strong><\/span><\/div>\n<\/div>\n<div>&nbsp;<\/div>\n<div>Organis\u00e9 par Thomas Tiberghien<\/div>\n<div>&nbsp;<\/div>\n<div><strong>Les participants doivent d\u00e9j\u00e0 avoir une exp\u00e9rience de Big Way.<\/strong><\/div>\n<div>&nbsp;<\/div>\n<div>Pr\u00e9requis: Licence B et plus<\/div>\n<p class=\"p1\"><span class=\"s1\">&nbsp;Taxes en sus<\/span><\/p>\n","protected":false},"featured_media":1306,"template":"","meta":{"_acf_changed":false,"_exactmetrics_skip_tracking":false,"_exactmetrics_sitenote_active":false,"_exactmetrics_sitenote_note":"","_exactmetrics_sitenote_category":0,"ngg_post_thumbnail":0},"product_brand":[],"product_cat":[15],"product_tag":[],"class_list":{"0":"post-200081","1":"product","2":"type-product","3":"status-publish","4":"has-post-thumbnail","6":"product_cat-non-categorise","8":"first","9":"instock","10":"taxable","11":"shipping-taxable","12":"purchasable","13":"product-type-simple"},"exclude_global_add_ons":false,"addons":[{"name":"Dates de l'\u00e9v\u00e9nement","type":"multiple_choice","position":0,"required":true,"title_format":"label","default":"","description_enable":false,"description":"","placeholder_enable":false,"placeholder":"","display":"select","restrictions_type":"any_text","adjust_price":false,"price":"","price_type":"flat_fee","restrictions":false,"min":"0","max":"0","options":[{"label":"2026-08-08#2026-08-09","price":"","price_type":"flat_fee","image":0,"visibility":true}],"id":1673604492},{"name":"Type d'achat","type":"multiple_choice","position":0,"required":true,"title_format":"hide","default":"","description_enable":false,"description":"","placeholder_enable":false,"placeholder":"","display":"select","restrictions_type":"any_text","adjust_price":false,"price":"","price_type":"flat_fee","restrictions":false,"min":"0","max":"0","options":[{"label":"J'ach\u00e8te un saut pour moi","price":"","price_type":"flat_fee","image":0,"visibility":true},{"label":"J'ach\u00e8te un saut \u00e0 offrir \u00e0 une autre personne","price":"","price_type":"flat_fee","image":0,"visibility":true}],"id":1697018937},{"name":"Offrir \u00e0","type":"custom_text","position":1,"required":false,"title_format":"hide","default":"","description_enable":false,"description":"","placeholder_enable":false,"placeholder":"","display":"select","restrictions_type":"any_text","adjust_price":false,"price":"","price_type":"flat_fee","restrictions":false,"min":"0","max":"0","options":[],"id":1697018938}],"acf":[],"yoast_head":"<!-- This site is optimized with the Yoast SEO plugin v27.4 - https:\/\/yoast.com\/product\/yoast-seo-wordpress\/ -->\n<title>Spin the wheel - VR avec Thomas - Parachute Voltige<\/title>\n<meta name=\"robots\" content=\"index, follow, max-snippet:-1, max-image-preview:large, max-video-preview:-1\" \/>\n<link rel=\"canonical\" href=\"https:\/\/parachutevoltige.com\/fr\/produit\/spin-the-wheel-vr-2026\/\" \/>\n<meta property=\"og:locale\" content=\"fr_CA\" \/>\n<meta property=\"og:type\" content=\"article\" \/>\n<meta property=\"og:title\" content=\"Spin the wheel - VR avec Thomas - Parachute Voltige\" \/>\n<meta property=\"og:description\" content=\"\u00c9v\u00e9nement &quot;Spin the wheel \u00bb : Des sauts avec des pi\u00e8ces qui bougent, des engrenages, des rondes dans des rondes, des genre de m\u00e9gas Crazy Spiders... Bref, \u00e7a va brasser et virer!  &nbsp; Organis\u00e9 par Thomas Tiberghien &nbsp; Les participants doivent d\u00e9j\u00e0 avoir une exp\u00e9rience de Big Way. &nbsp; Pr\u00e9requis: Licence B et plus &nbsp;Taxes en sus\" \/>\n<meta property=\"og:url\" content=\"https:\/\/parachutevoltige.com\/fr\/produit\/spin-the-wheel-vr-2026\/\" \/>\n<meta property=\"og:site_name\" content=\"Parachute Voltige\" \/>\n<meta property=\"article:publisher\" content=\"https:\/\/www.facebook.com\/ParachuteVoltige\/\" \/>\n<meta property=\"article:modified_time\" content=\"2026-04-03T14:50:45+00:00\" \/>\n<meta property=\"og:image\" content=\"https:\/\/parachutevoltige.com\/wp-content\/uploads\/2019\/04\/bloc_redirection-04-MB.jpg\" \/>\n\t<meta property=\"og:image:width\" content=\"515\" \/>\n\t<meta property=\"og:image:height\" content=\"515\" \/>\n\t<meta property=\"og:image:type\" content=\"image\/jpeg\" \/>\n<meta name=\"twitter:card\" content=\"summary_large_image\" \/>\n<meta name=\"twitter:label1\" content=\"Estimation du temps de lecture\" \/>\n\t<meta name=\"twitter:data1\" content=\"1 minute\" \/>\n<script type=\"application\/ld+json\" class=\"yoast-schema-graph\">{\"@context\":\"https:\\\/\\\/schema.org\",\"@graph\":[{\"@type\":\"WebPage\",\"@id\":\"https:\\\/\\\/parachutevoltige.com\\\/fr\\\/produit\\\/spin-the-wheel-vr-2026\\\/\",\"url\":\"https:\\\/\\\/parachutevoltige.com\\\/fr\\\/produit\\\/spin-the-wheel-vr-2026\\\/\",\"name\":\"Spin the wheel - VR avec Thomas - Parachute Voltige\",\"isPartOf\":{\"@id\":\"https:\\\/\\\/parachutevoltige.com\\\/fr\\\/#website\"},\"primaryImageOfPage\":{\"@id\":\"https:\\\/\\\/parachutevoltige.com\\\/fr\\\/produit\\\/spin-the-wheel-vr-2026\\\/#primaryimage\"},\"image\":{\"@id\":\"https:\\\/\\\/parachutevoltige.com\\\/fr\\\/produit\\\/spin-the-wheel-vr-2026\\\/#primaryimage\"},\"thumbnailUrl\":\"https:\\\/\\\/parachutevoltige.com\\\/wp-content\\\/uploads\\\/2019\\\/04\\\/bloc_redirection-04-MB.jpg\",\"datePublished\":\"2026-04-03T14:13:25+00:00\",\"dateModified\":\"2026-04-03T14:50:45+00:00\",\"breadcrumb\":{\"@id\":\"https:\\\/\\\/parachutevoltige.com\\\/fr\\\/produit\\\/spin-the-wheel-vr-2026\\\/#breadcrumb\"},\"inLanguage\":\"fr-CA\",\"potentialAction\":[{\"@type\":\"ReadAction\",\"target\":[\"https:\\\/\\\/parachutevoltige.com\\\/fr\\\/produit\\\/spin-the-wheel-vr-2026\\\/\"]}]},{\"@type\":\"ImageObject\",\"inLanguage\":\"fr-CA\",\"@id\":\"https:\\\/\\\/parachutevoltige.com\\\/fr\\\/produit\\\/spin-the-wheel-vr-2026\\\/#primaryimage\",\"url\":\"https:\\\/\\\/parachutevoltige.com\\\/wp-content\\\/uploads\\\/2019\\\/04\\\/bloc_redirection-04-MB.jpg\",\"contentUrl\":\"https:\\\/\\\/parachutevoltige.com\\\/wp-content\\\/uploads\\\/2019\\\/04\\\/bloc_redirection-04-MB.jpg\",\"width\":515,\"height\":515},{\"@type\":\"BreadcrumbList\",\"@id\":\"https:\\\/\\\/parachutevoltige.com\\\/fr\\\/produit\\\/spin-the-wheel-vr-2026\\\/#breadcrumb\",\"itemListElement\":[{\"@type\":\"ListItem\",\"position\":1,\"name\":\"Home\",\"item\":\"https:\\\/\\\/parachutevoltige.com\\\/fr\\\/\"},{\"@type\":\"ListItem\",\"position\":2,\"name\":\"BOUTIQUE EN LIGNE\",\"item\":\"https:\\\/\\\/parachutevoltige.com\\\/fr\\\/boutique\\\/\"},{\"@type\":\"ListItem\",\"position\":3,\"name\":\"Spin the wheel &#8211; VR avec Thomas\"}]},{\"@type\":\"WebSite\",\"@id\":\"https:\\\/\\\/parachutevoltige.com\\\/fr\\\/#website\",\"url\":\"https:\\\/\\\/parachutevoltige.com\\\/fr\\\/\",\"name\":\"Parachute Voltige\",\"description\":\"\",\"publisher\":{\"@id\":\"https:\\\/\\\/parachutevoltige.com\\\/fr\\\/#organization\"},\"potentialAction\":[{\"@type\":\"SearchAction\",\"target\":{\"@type\":\"EntryPoint\",\"urlTemplate\":\"https:\\\/\\\/parachutevoltige.com\\\/fr\\\/?s={search_term_string}\"},\"query-input\":{\"@type\":\"PropertyValueSpecification\",\"valueRequired\":true,\"valueName\":\"search_term_string\"}}],\"inLanguage\":\"fr-CA\"},{\"@type\":\"Organization\",\"@id\":\"https:\\\/\\\/parachutevoltige.com\\\/fr\\\/#organization\",\"name\":\"Voltige | \u00c9cole de parachutisme\",\"url\":\"https:\\\/\\\/parachutevoltige.com\\\/fr\\\/\",\"logo\":{\"@type\":\"ImageObject\",\"inLanguage\":\"fr-CA\",\"@id\":\"https:\\\/\\\/parachutevoltige.com\\\/fr\\\/#\\\/schema\\\/logo\\\/image\\\/\",\"url\":\"https:\\\/\\\/parachutevoltige.com\\\/wp-content\\\/uploads\\\/2019\\\/05\\\/Voltige_logo.png\",\"contentUrl\":\"https:\\\/\\\/parachutevoltige.com\\\/wp-content\\\/uploads\\\/2019\\\/05\\\/Voltige_logo.png\",\"width\":462,\"height\":132,\"caption\":\"Voltige | \u00c9cole de parachutisme\"},\"image\":{\"@id\":\"https:\\\/\\\/parachutevoltige.com\\\/fr\\\/#\\\/schema\\\/logo\\\/image\\\/\"},\"sameAs\":[\"https:\\\/\\\/www.facebook.com\\\/ParachuteVoltige\\\/\"]}]}<\/script>\n<!-- \/ Yoast SEO plugin. -->","yoast_head_json":{"title":"Spin the wheel - VR avec Thomas - Parachute Voltige","robots":{"index":"index","follow":"follow","max-snippet":"max-snippet:-1","max-image-preview":"max-image-preview:large","max-video-preview":"max-video-preview:-1"},"canonical":"https:\/\/parachutevoltige.com\/fr\/produit\/spin-the-wheel-vr-2026\/","og_locale":"fr_CA","og_type":"article","og_title":"Spin the wheel - VR avec Thomas - Parachute Voltige","og_description":"\u00c9v\u00e9nement \"Spin the wheel \u00bb : Des sauts avec des pi\u00e8ces qui bougent, des engrenages, des rondes dans des rondes, des genre de m\u00e9gas Crazy Spiders... Bref, \u00e7a va brasser et virer!  &nbsp; Organis\u00e9 par Thomas Tiberghien &nbsp; Les participants doivent d\u00e9j\u00e0 avoir une exp\u00e9rience de Big Way. &nbsp; Pr\u00e9requis: Licence B et plus &nbsp;Taxes en sus","og_url":"https:\/\/parachutevoltige.com\/fr\/produit\/spin-the-wheel-vr-2026\/","og_site_name":"Parachute Voltige","article_publisher":"https:\/\/www.facebook.com\/ParachuteVoltige\/","article_modified_time":"2026-04-03T14:50:45+00:00","og_image":[{"width":515,"height":515,"url":"https:\/\/parachutevoltige.com\/wp-content\/uploads\/2019\/04\/bloc_redirection-04-MB.jpg","type":"image\/jpeg"}],"twitter_card":"summary_large_image","twitter_misc":{"Estimation du temps de lecture":"1 minute"},"schema":{"@context":"https:\/\/schema.org","@graph":[{"@type":"WebPage","@id":"https:\/\/parachutevoltige.com\/fr\/produit\/spin-the-wheel-vr-2026\/","url":"https:\/\/parachutevoltige.com\/fr\/produit\/spin-the-wheel-vr-2026\/","name":"Spin the wheel - VR avec Thomas - Parachute Voltige","isPartOf":{"@id":"https:\/\/parachutevoltige.com\/fr\/#website"},"primaryImageOfPage":{"@id":"https:\/\/parachutevoltige.com\/fr\/produit\/spin-the-wheel-vr-2026\/#primaryimage"},"image":{"@id":"https:\/\/parachutevoltige.com\/fr\/produit\/spin-the-wheel-vr-2026\/#primaryimage"},"thumbnailUrl":"https:\/\/parachutevoltige.com\/wp-content\/uploads\/2019\/04\/bloc_redirection-04-MB.jpg","datePublished":"2026-04-03T14:13:25+00:00","dateModified":"2026-04-03T14:50:45+00:00","breadcrumb":{"@id":"https:\/\/parachutevoltige.com\/fr\/produit\/spin-the-wheel-vr-2026\/#breadcrumb"},"inLanguage":"fr-CA","potentialAction":[{"@type":"ReadAction","target":["https:\/\/parachutevoltige.com\/fr\/produit\/spin-the-wheel-vr-2026\/"]}]},{"@type":"ImageObject","inLanguage":"fr-CA","@id":"https:\/\/parachutevoltige.com\/fr\/produit\/spin-the-wheel-vr-2026\/#primaryimage","url":"https:\/\/parachutevoltige.com\/wp-content\/uploads\/2019\/04\/bloc_redirection-04-MB.jpg","contentUrl":"https:\/\/parachutevoltige.com\/wp-content\/uploads\/2019\/04\/bloc_redirection-04-MB.jpg","width":515,"height":515},{"@type":"BreadcrumbList","@id":"https:\/\/parachutevoltige.com\/fr\/produit\/spin-the-wheel-vr-2026\/#breadcrumb","itemListElement":[{"@type":"ListItem","position":1,"name":"Home","item":"https:\/\/parachutevoltige.com\/fr\/"},{"@type":"ListItem","position":2,"name":"BOUTIQUE EN LIGNE","item":"https:\/\/parachutevoltige.com\/fr\/boutique\/"},{"@type":"ListItem","position":3,"name":"Spin the wheel &#8211; VR avec Thomas"}]},{"@type":"WebSite","@id":"https:\/\/parachutevoltige.com\/fr\/#website","url":"https:\/\/parachutevoltige.com\/fr\/","name":"Parachute Voltige","description":"","publisher":{"@id":"https:\/\/parachutevoltige.com\/fr\/#organization"},"potentialAction":[{"@type":"SearchAction","target":{"@type":"EntryPoint","urlTemplate":"https:\/\/parachutevoltige.com\/fr\/?s={search_term_string}"},"query-input":{"@type":"PropertyValueSpecification","valueRequired":true,"valueName":"search_term_string"}}],"inLanguage":"fr-CA"},{"@type":"Organization","@id":"https:\/\/parachutevoltige.com\/fr\/#organization","name":"Voltige | \u00c9cole de parachutisme","url":"https:\/\/parachutevoltige.com\/fr\/","logo":{"@type":"ImageObject","inLanguage":"fr-CA","@id":"https:\/\/parachutevoltige.com\/fr\/#\/schema\/logo\/image\/","url":"https:\/\/parachutevoltige.com\/wp-content\/uploads\/2019\/05\/Voltige_logo.png","contentUrl":"https:\/\/parachutevoltige.com\/wp-content\/uploads\/2019\/05\/Voltige_logo.png","width":462,"height":132,"caption":"Voltige | \u00c9cole de parachutisme"},"image":{"@id":"https:\/\/parachutevoltige.com\/fr\/#\/schema\/logo\/image\/"},"sameAs":["https:\/\/www.facebook.com\/ParachuteVoltige\/"]}]}},"_links":{"self":[{"href":"https:\/\/parachutevoltige.com\/fr\/wp-json\/wp\/v2\/product\/200081","targetHints":{"allow":["GET"]}}],"collection":[{"href":"https:\/\/parachutevoltige.com\/fr\/wp-json\/wp\/v2\/product"}],"about":[{"href":"https:\/\/parachutevoltige.com\/fr\/wp-json\/wp\/v2\/types\/product"}],"wp:featuredmedia":[{"embeddable":true,"href":"https:\/\/parachutevoltige.com\/fr\/wp-json\/wp\/v2\/media\/1306"}],"wp:attachment":[{"href":"https:\/\/parachutevoltige.com\/fr\/wp-json\/wp\/v2\/media?parent=200081"}],"wp:term":[{"taxonomy":"product_brand","embeddable":true,"href":"https:\/\/parachutevoltige.com\/fr\/wp-json\/wp\/v2\/product_brand?post=200081"},{"taxonomy":"product_cat","embeddable":true,"href":"https:\/\/parachutevoltige.com\/fr\/wp-json\/wp\/v2\/product_cat?post=200081"},{"taxonomy":"product_tag","embeddable":true,"href":"https:\/\/parachutevoltige.com\/fr\/wp-json\/wp\/v2\/product_tag?post=200081"}],"curies":[{"name":"wp","href":"https:\/\/api.w.org\/{rel}","templated":true}]}}