{"id":200149,"date":"2026-04-09T13:37:54","date_gmt":"2026-04-09T17:37:54","guid":{"rendered":"https:\/\/parachutevoltige.com\/?post_type=product&#038;p=200149"},"modified":"2026-04-09T14:43:39","modified_gmt":"2026-04-09T18:43:39","slug":"camp-vr-4-2026","status":"publish","type":"product","link":"https:\/\/parachutevoltige.com\/fr\/produit\/camp-vr-4-2026\/","title":{"rendered":"Camp VR-4 avec l&rsquo;\u00e9quipe 4\u2019Astrophe"},"content":{"rendered":"","protected":false},"excerpt":{"rendered":"<p class=\"p1\"><strong><span class=\"s1\">Venez am\u00e9liorer vos comp\u00e9tences de vol relatif avec les membres de l\u2019\u00e9quipe 4\u2019Astrophe! Champions Canadiens \u00e0 plusieurs reprises!<\/span><\/strong><\/p>\n<p class=\"p1\"><span class=\"s1\">4\u2019Astrophe organise son camp de VR-4 encore cette ann\u00e9e! \ud83d\ude42<br \/>\n<span data-olk-copy-source=\"MessageBody\">Pour assurer un <strong>niveau similaire des participants<\/strong>, cette ann\u00e9e vous \u00eates invit\u00e9s \u00e0 vous inscrire par <strong>\u00e9quipe de 3 ou 4 personnes<\/strong>.<br \/>\nIl est recommand\u00e9 d&rsquo;avoir une base en VR-4 et de consid\u00e9rer ce camp comme un camp de perfectionnement de niveau interm\u00e9diaire jusqu\u2019\u00e0 open! <\/span><strong>Id\u00e9al pour apprendre de nouvelles formations, am\u00e9liorer ses habilet\u00e9s, faire ses pr\u00e9requis pour le brevet C et s&rsquo;entra\u00eener pour les championnats canadiens de parachutisme sportif!<\/strong><\/span><\/p>\n<p class=\"p1\"><span class=\"s1\">Vous serez jumel\u00e9s \u00e0 un coach et celui-ci sera diff\u00e9rent le 2e jour. Les \u00e9quipes de 4 personnes d\u00e9j\u00e0 form\u00e9es sont les bienvenues, nous pourrons vous faire du coaching \u00e0 partir des vid\u00e9os des cam\u00e9ramans. Tout simplement le mentionner lors de votre inscription!<\/span><\/p>\n<p class=\"p1\"><span class=\"s1\">Pr\u00e9requis : Licence B<\/span><\/p>\n","protected":false},"featured_media":12517,"template":"","meta":{"_acf_changed":false,"_exactmetrics_skip_tracking":false,"_exactmetrics_sitenote_active":false,"_exactmetrics_sitenote_note":"","_exactmetrics_sitenote_category":0,"ngg_post_thumbnail":0},"product_brand":[],"product_cat":[15],"product_tag":[],"class_list":{"0":"post-200149","1":"product","2":"type-product","3":"status-publish","4":"has-post-thumbnail","6":"product_cat-non-categorise","8":"first","9":"instock","10":"taxable","11":"shipping-taxable","12":"purchasable","13":"product-type-simple"},"exclude_global_add_ons":false,"addons":[{"name":"Dates de l'\u00e9v\u00e9nement","type":"multiple_choice","position":0,"required":true,"title_format":"label","default":"","description_enable":false,"description":"","placeholder_enable":false,"placeholder":"","display":"select","restrictions_type":"any_text","adjust_price":false,"price":"","price_type":"flat_fee","restrictions":false,"min":"0","max":"0","options":[{"label":"2026-06-27#2026-06-28","price":"","price_type":"flat_fee","image":0,"visibility":true}],"id":1673598778},{"name":"Type d'achat","type":"multiple_choice","position":0,"required":true,"title_format":"hide","default":"","description_enable":false,"description":"","placeholder_enable":false,"placeholder":"","display":"select","restrictions_type":"any_text","adjust_price":false,"price":"","price_type":"flat_fee","restrictions":false,"min":"0","max":"0","options":[{"label":"J'ach\u00e8te un saut pour moi","price":"","price_type":"flat_fee","image":0,"visibility":true},{"label":"J'ach\u00e8te un saut \u00e0 offrir \u00e0 une autre personne","price":"","price_type":"flat_fee","image":0,"visibility":true}],"id":1697018937},{"name":"Offrir \u00e0","type":"custom_text","position":1,"required":false,"title_format":"hide","default":"","description_enable":false,"description":"","placeholder_enable":false,"placeholder":"","display":"select","restrictions_type":"any_text","adjust_price":false,"price":"","price_type":"flat_fee","restrictions":false,"min":"0","max":"0","options":[],"id":1697018938}],"acf":[],"yoast_head":"<!-- This site is optimized with the Yoast SEO plugin v27.4 - https:\/\/yoast.com\/product\/yoast-seo-wordpress\/ -->\n<title>Camp VR-4 avec l&#039;\u00e9quipe 4\u2019Astrophe - Parachute Voltige<\/title>\n<meta name=\"robots\" content=\"index, follow, max-snippet:-1, max-image-preview:large, max-video-preview:-1\" \/>\n<link rel=\"canonical\" href=\"https:\/\/parachutevoltige.com\/fr\/produit\/camp-vr-4-2026\/\" \/>\n<meta property=\"og:locale\" content=\"fr_CA\" \/>\n<meta property=\"og:type\" content=\"article\" \/>\n<meta property=\"og:title\" content=\"Camp VR-4 avec l&#039;\u00e9quipe 4\u2019Astrophe - Parachute Voltige\" \/>\n<meta property=\"og:description\" content=\"Venez am\u00e9liorer vos comp\u00e9tences de vol relatif avec les membres de l\u2019\u00e9quipe 4\u2019Astrophe! Champions Canadiens \u00e0 plusieurs reprises! 4\u2019Astrophe organise son camp de VR-4 encore cette ann\u00e9e! :) Pour assurer un niveau similaire des participants, cette ann\u00e9e vous \u00eates invit\u00e9s \u00e0 vous inscrire par \u00e9quipe de 3 ou 4 personnes. Il est recommand\u00e9 d&#039;avoir une base en VR-4 et de consid\u00e9rer ce camp comme un camp de perfectionnement de niveau interm\u00e9diaire jusqu\u2019\u00e0 open! Id\u00e9al pour apprendre de nouvelles formations, am\u00e9liorer ses habilet\u00e9s, faire ses pr\u00e9requis pour le brevet C et s&#039;entra\u00eener pour les championnats canadiens de parachutisme sportif! Vous serez jumel\u00e9s \u00e0 un coach et celui-ci sera diff\u00e9rent le 2e jour. Les \u00e9quipes de 4 personnes d\u00e9j\u00e0 form\u00e9es sont les bienvenues, nous pourrons vous faire du coaching \u00e0 partir des vid\u00e9os des cam\u00e9ramans. Tout simplement le mentionner lors de votre inscription! Pr\u00e9requis : Licence B\" \/>\n<meta property=\"og:url\" content=\"https:\/\/parachutevoltige.com\/fr\/produit\/camp-vr-4-2026\/\" \/>\n<meta property=\"og:site_name\" content=\"Parachute Voltige\" \/>\n<meta property=\"article:publisher\" content=\"https:\/\/www.facebook.com\/ParachuteVoltige\/\" \/>\n<meta property=\"article:modified_time\" content=\"2026-04-09T18:43:39+00:00\" \/>\n<meta property=\"og:image\" content=\"https:\/\/parachutevoltige.com\/wp-content\/uploads\/2020\/02\/4-astrophe-002.jpg\" \/>\n\t<meta property=\"og:image:width\" content=\"1280\" \/>\n\t<meta property=\"og:image:height\" content=\"1080\" \/>\n\t<meta property=\"og:image:type\" content=\"image\/jpeg\" \/>\n<meta name=\"twitter:card\" content=\"summary_large_image\" \/>\n<meta name=\"twitter:label1\" content=\"Estimation du temps de lecture\" \/>\n\t<meta name=\"twitter:data1\" content=\"1 minute\" \/>\n<script type=\"application\/ld+json\" class=\"yoast-schema-graph\">{\"@context\":\"https:\\\/\\\/schema.org\",\"@graph\":[{\"@type\":\"WebPage\",\"@id\":\"https:\\\/\\\/parachutevoltige.com\\\/fr\\\/produit\\\/camp-vr-4-2026\\\/\",\"url\":\"https:\\\/\\\/parachutevoltige.com\\\/fr\\\/produit\\\/camp-vr-4-2026\\\/\",\"name\":\"Camp VR-4 avec l'\u00e9quipe 4\u2019Astrophe - Parachute Voltige\",\"isPartOf\":{\"@id\":\"https:\\\/\\\/parachutevoltige.com\\\/fr\\\/#website\"},\"primaryImageOfPage\":{\"@id\":\"https:\\\/\\\/parachutevoltige.com\\\/fr\\\/produit\\\/camp-vr-4-2026\\\/#primaryimage\"},\"image\":{\"@id\":\"https:\\\/\\\/parachutevoltige.com\\\/fr\\\/produit\\\/camp-vr-4-2026\\\/#primaryimage\"},\"thumbnailUrl\":\"https:\\\/\\\/parachutevoltige.com\\\/wp-content\\\/uploads\\\/2020\\\/02\\\/4-astrophe-002.jpg\",\"datePublished\":\"2026-04-09T17:37:54+00:00\",\"dateModified\":\"2026-04-09T18:43:39+00:00\",\"breadcrumb\":{\"@id\":\"https:\\\/\\\/parachutevoltige.com\\\/fr\\\/produit\\\/camp-vr-4-2026\\\/#breadcrumb\"},\"inLanguage\":\"fr-CA\",\"potentialAction\":[{\"@type\":\"ReadAction\",\"target\":[\"https:\\\/\\\/parachutevoltige.com\\\/fr\\\/produit\\\/camp-vr-4-2026\\\/\"]}]},{\"@type\":\"ImageObject\",\"inLanguage\":\"fr-CA\",\"@id\":\"https:\\\/\\\/parachutevoltige.com\\\/fr\\\/produit\\\/camp-vr-4-2026\\\/#primaryimage\",\"url\":\"https:\\\/\\\/parachutevoltige.com\\\/wp-content\\\/uploads\\\/2020\\\/02\\\/4-astrophe-002.jpg\",\"contentUrl\":\"https:\\\/\\\/parachutevoltige.com\\\/wp-content\\\/uploads\\\/2020\\\/02\\\/4-astrophe-002.jpg\",\"width\":1280,\"height\":1080},{\"@type\":\"BreadcrumbList\",\"@id\":\"https:\\\/\\\/parachutevoltige.com\\\/fr\\\/produit\\\/camp-vr-4-2026\\\/#breadcrumb\",\"itemListElement\":[{\"@type\":\"ListItem\",\"position\":1,\"name\":\"Home\",\"item\":\"https:\\\/\\\/parachutevoltige.com\\\/fr\\\/\"},{\"@type\":\"ListItem\",\"position\":2,\"name\":\"BOUTIQUE EN LIGNE\",\"item\":\"https:\\\/\\\/parachutevoltige.com\\\/fr\\\/boutique\\\/\"},{\"@type\":\"ListItem\",\"position\":3,\"name\":\"Camp VR-4 avec l&rsquo;\u00e9quipe 4\u2019Astrophe\"}]},{\"@type\":\"WebSite\",\"@id\":\"https:\\\/\\\/parachutevoltige.com\\\/fr\\\/#website\",\"url\":\"https:\\\/\\\/parachutevoltige.com\\\/fr\\\/\",\"name\":\"Parachute Voltige\",\"description\":\"\",\"publisher\":{\"@id\":\"https:\\\/\\\/parachutevoltige.com\\\/fr\\\/#organization\"},\"potentialAction\":[{\"@type\":\"SearchAction\",\"target\":{\"@type\":\"EntryPoint\",\"urlTemplate\":\"https:\\\/\\\/parachutevoltige.com\\\/fr\\\/?s={search_term_string}\"},\"query-input\":{\"@type\":\"PropertyValueSpecification\",\"valueRequired\":true,\"valueName\":\"search_term_string\"}}],\"inLanguage\":\"fr-CA\"},{\"@type\":\"Organization\",\"@id\":\"https:\\\/\\\/parachutevoltige.com\\\/fr\\\/#organization\",\"name\":\"Voltige | \u00c9cole de parachutisme\",\"url\":\"https:\\\/\\\/parachutevoltige.com\\\/fr\\\/\",\"logo\":{\"@type\":\"ImageObject\",\"inLanguage\":\"fr-CA\",\"@id\":\"https:\\\/\\\/parachutevoltige.com\\\/fr\\\/#\\\/schema\\\/logo\\\/image\\\/\",\"url\":\"https:\\\/\\\/parachutevoltige.com\\\/wp-content\\\/uploads\\\/2019\\\/05\\\/Voltige_logo.png\",\"contentUrl\":\"https:\\\/\\\/parachutevoltige.com\\\/wp-content\\\/uploads\\\/2019\\\/05\\\/Voltige_logo.png\",\"width\":462,\"height\":132,\"caption\":\"Voltige | \u00c9cole de parachutisme\"},\"image\":{\"@id\":\"https:\\\/\\\/parachutevoltige.com\\\/fr\\\/#\\\/schema\\\/logo\\\/image\\\/\"},\"sameAs\":[\"https:\\\/\\\/www.facebook.com\\\/ParachuteVoltige\\\/\"]}]}<\/script>\n<!-- \/ Yoast SEO plugin. -->","yoast_head_json":{"title":"Camp VR-4 avec l'\u00e9quipe 4\u2019Astrophe - Parachute Voltige","robots":{"index":"index","follow":"follow","max-snippet":"max-snippet:-1","max-image-preview":"max-image-preview:large","max-video-preview":"max-video-preview:-1"},"canonical":"https:\/\/parachutevoltige.com\/fr\/produit\/camp-vr-4-2026\/","og_locale":"fr_CA","og_type":"article","og_title":"Camp VR-4 avec l'\u00e9quipe 4\u2019Astrophe - Parachute Voltige","og_description":"Venez am\u00e9liorer vos comp\u00e9tences de vol relatif avec les membres de l\u2019\u00e9quipe 4\u2019Astrophe! Champions Canadiens \u00e0 plusieurs reprises! 4\u2019Astrophe organise son camp de VR-4 encore cette ann\u00e9e! :) Pour assurer un niveau similaire des participants, cette ann\u00e9e vous \u00eates invit\u00e9s \u00e0 vous inscrire par \u00e9quipe de 3 ou 4 personnes. Il est recommand\u00e9 d'avoir une base en VR-4 et de consid\u00e9rer ce camp comme un camp de perfectionnement de niveau interm\u00e9diaire jusqu\u2019\u00e0 open! Id\u00e9al pour apprendre de nouvelles formations, am\u00e9liorer ses habilet\u00e9s, faire ses pr\u00e9requis pour le brevet C et s'entra\u00eener pour les championnats canadiens de parachutisme sportif! Vous serez jumel\u00e9s \u00e0 un coach et celui-ci sera diff\u00e9rent le 2e jour. Les \u00e9quipes de 4 personnes d\u00e9j\u00e0 form\u00e9es sont les bienvenues, nous pourrons vous faire du coaching \u00e0 partir des vid\u00e9os des cam\u00e9ramans. Tout simplement le mentionner lors de votre inscription! Pr\u00e9requis : Licence B","og_url":"https:\/\/parachutevoltige.com\/fr\/produit\/camp-vr-4-2026\/","og_site_name":"Parachute Voltige","article_publisher":"https:\/\/www.facebook.com\/ParachuteVoltige\/","article_modified_time":"2026-04-09T18:43:39+00:00","og_image":[{"width":1280,"height":1080,"url":"https:\/\/parachutevoltige.com\/wp-content\/uploads\/2020\/02\/4-astrophe-002.jpg","type":"image\/jpeg"}],"twitter_card":"summary_large_image","twitter_misc":{"Estimation du temps de lecture":"1 minute"},"schema":{"@context":"https:\/\/schema.org","@graph":[{"@type":"WebPage","@id":"https:\/\/parachutevoltige.com\/fr\/produit\/camp-vr-4-2026\/","url":"https:\/\/parachutevoltige.com\/fr\/produit\/camp-vr-4-2026\/","name":"Camp VR-4 avec l'\u00e9quipe 4\u2019Astrophe - Parachute Voltige","isPartOf":{"@id":"https:\/\/parachutevoltige.com\/fr\/#website"},"primaryImageOfPage":{"@id":"https:\/\/parachutevoltige.com\/fr\/produit\/camp-vr-4-2026\/#primaryimage"},"image":{"@id":"https:\/\/parachutevoltige.com\/fr\/produit\/camp-vr-4-2026\/#primaryimage"},"thumbnailUrl":"https:\/\/parachutevoltige.com\/wp-content\/uploads\/2020\/02\/4-astrophe-002.jpg","datePublished":"2026-04-09T17:37:54+00:00","dateModified":"2026-04-09T18:43:39+00:00","breadcrumb":{"@id":"https:\/\/parachutevoltige.com\/fr\/produit\/camp-vr-4-2026\/#breadcrumb"},"inLanguage":"fr-CA","potentialAction":[{"@type":"ReadAction","target":["https:\/\/parachutevoltige.com\/fr\/produit\/camp-vr-4-2026\/"]}]},{"@type":"ImageObject","inLanguage":"fr-CA","@id":"https:\/\/parachutevoltige.com\/fr\/produit\/camp-vr-4-2026\/#primaryimage","url":"https:\/\/parachutevoltige.com\/wp-content\/uploads\/2020\/02\/4-astrophe-002.jpg","contentUrl":"https:\/\/parachutevoltige.com\/wp-content\/uploads\/2020\/02\/4-astrophe-002.jpg","width":1280,"height":1080},{"@type":"BreadcrumbList","@id":"https:\/\/parachutevoltige.com\/fr\/produit\/camp-vr-4-2026\/#breadcrumb","itemListElement":[{"@type":"ListItem","position":1,"name":"Home","item":"https:\/\/parachutevoltige.com\/fr\/"},{"@type":"ListItem","position":2,"name":"BOUTIQUE EN LIGNE","item":"https:\/\/parachutevoltige.com\/fr\/boutique\/"},{"@type":"ListItem","position":3,"name":"Camp VR-4 avec l&rsquo;\u00e9quipe 4\u2019Astrophe"}]},{"@type":"WebSite","@id":"https:\/\/parachutevoltige.com\/fr\/#website","url":"https:\/\/parachutevoltige.com\/fr\/","name":"Parachute Voltige","description":"","publisher":{"@id":"https:\/\/parachutevoltige.com\/fr\/#organization"},"potentialAction":[{"@type":"SearchAction","target":{"@type":"EntryPoint","urlTemplate":"https:\/\/parachutevoltige.com\/fr\/?s={search_term_string}"},"query-input":{"@type":"PropertyValueSpecification","valueRequired":true,"valueName":"search_term_string"}}],"inLanguage":"fr-CA"},{"@type":"Organization","@id":"https:\/\/parachutevoltige.com\/fr\/#organization","name":"Voltige | \u00c9cole de parachutisme","url":"https:\/\/parachutevoltige.com\/fr\/","logo":{"@type":"ImageObject","inLanguage":"fr-CA","@id":"https:\/\/parachutevoltige.com\/fr\/#\/schema\/logo\/image\/","url":"https:\/\/parachutevoltige.com\/wp-content\/uploads\/2019\/05\/Voltige_logo.png","contentUrl":"https:\/\/parachutevoltige.com\/wp-content\/uploads\/2019\/05\/Voltige_logo.png","width":462,"height":132,"caption":"Voltige | \u00c9cole de parachutisme"},"image":{"@id":"https:\/\/parachutevoltige.com\/fr\/#\/schema\/logo\/image\/"},"sameAs":["https:\/\/www.facebook.com\/ParachuteVoltige\/"]}]}},"_links":{"self":[{"href":"https:\/\/parachutevoltige.com\/fr\/wp-json\/wp\/v2\/product\/200149","targetHints":{"allow":["GET"]}}],"collection":[{"href":"https:\/\/parachutevoltige.com\/fr\/wp-json\/wp\/v2\/product"}],"about":[{"href":"https:\/\/parachutevoltige.com\/fr\/wp-json\/wp\/v2\/types\/product"}],"wp:featuredmedia":[{"embeddable":true,"href":"https:\/\/parachutevoltige.com\/fr\/wp-json\/wp\/v2\/media\/12517"}],"wp:attachment":[{"href":"https:\/\/parachutevoltige.com\/fr\/wp-json\/wp\/v2\/media?parent=200149"}],"wp:term":[{"taxonomy":"product_brand","embeddable":true,"href":"https:\/\/parachutevoltige.com\/fr\/wp-json\/wp\/v2\/product_brand?post=200149"},{"taxonomy":"product_cat","embeddable":true,"href":"https:\/\/parachutevoltige.com\/fr\/wp-json\/wp\/v2\/product_cat?post=200149"},{"taxonomy":"product_tag","embeddable":true,"href":"https:\/\/parachutevoltige.com\/fr\/wp-json\/wp\/v2\/product_tag?post=200149"}],"curies":[{"name":"wp","href":"https:\/\/api.w.org\/{rel}","templated":true}]}}