{"id":200185,"date":"2026-04-10T19:46:14","date_gmt":"2026-04-10T23:46:14","guid":{"rendered":"https:\/\/parachutevoltige.com\/?post_type=product&#038;p=200185"},"modified":"2026-04-10T20:01:16","modified_gmt":"2026-04-11T00:01:16","slug":"%f0%9f%aa%82-journee-de-securite-2026-voltige-%f0%9f%aa%82","status":"publish","type":"product","link":"https:\/\/parachutevoltige.com\/fr\/produit\/%f0%9f%aa%82-journee-de-securite-2026-voltige-%f0%9f%aa%82\/","title":{"rendered":"\ud83e\ude82 JOURN\u00c9E DE S\u00c9CURIT\u00c9 2026 \u2013 Voltige \ud83e\ude82"},"content":{"rendered":"<p class=\"p1\">Rendez-vous : Samedi 25 avril \u00e0 9 h&nbsp;<br \/>\nC\u2019est gratuit !<\/p>\n<p class=\"p1\">Pour le meeting de s\u00e9curit\u00e9, les parachutistes seront divis\u00e9s en deux groupes selon votre niveau d\u2019exp\u00e9rience.<br \/>\nOn vous encourage fortement \u00e0 vous joindre \u00e0 nous, c\u2019est important et pertinent pour tout le monde afin d\u2019\u00eatre pr\u00eat.e \u00e0 sauter en d\u00e9but de saison.<\/p>\n<p class=\"p1\">Pour les sauts :<br \/>\n25 avril : 11 h \u00e0 17 h 30 sauts pour les sauteurs r\u00e9guliers et instructeurs (recurrency)<br \/>\n26 avril : 10 h \u00e0 17 h 30 sauts pour les sauteurs r\u00e9guliers et instructeurs (recurrency)<\/p>\n<p class=\"p1\">\u26a0\ufe0f IMPORTANT : remplissez votre d\u00e9charge d\u00e8s maintenant<br \/>\n\ud83d\udc49 <a href=\"https:\/\/parachutevoltige.com\/fr\/decharge-de-responsabilite\/\"><span class=\"s1\">https:\/\/parachutevoltige.com\/fr\/decharge-de-responsabilite\/<\/span><\/a><\/p>\n<p class=\"p1\">\u00c9v\u00e9nements Saison 2026<\/p>\n<p class=\"p1\">Nous aurons \u00e0 notre disposition notre avion Victor pour la saison 2026. Vous comprendrez que l\u2019organisation des sauts sera diff\u00e9rente.<br \/>\nCertains \u00e9v\u00e9nements et disciplines seront sur invitation.<br \/>\nPour les nouveaut\u00e9s, il y aura aussi des \u00e9v\u00e9nements spontan\u00e9s qui couvriront les disciplines les plus populaires. Ces \u00e9v\u00e9nements seront annonc\u00e9s de fa\u00e7on ponctuelle durant la saison.<\/p>\n<p class=\"p1\">Vendredis B-Team restent toujours au calendrier.<\/p>\n<p class=\"p1\">Sauts d\u2019h\u00e9licopt\u00e8re : date \u00e0 venir.<br \/>\nAlors, restez \u00e0 l\u2019aff\u00fbt, \u00e7a risque d\u2019\u00eatre vraiment tr\u00e8s le fun.<\/p>\n<p class=\"p1\">Inscription \u00e0 l\u2019\u00e9v\u00e9nement pour les brevet A<br \/>\nOn vous recommande fortement de participer au camp Ah! Ha! (16 au 18 mai). C\u2019est un \u00e9v\u00e9nement qui vous permet un encadrement incroyable en d\u00e9but de saison, tr\u00e8s amusant, super pertinent pour progresser.<br \/>\n\ud83d\udc49 <a href=\"https:\/\/parachutevoltige.com\/fr\/categorie-produit\/evenements\/\"><span class=\"s1\">https:\/\/parachutevoltige.com\/fr\/categorie-produit\/evenements\/<\/span><\/a><\/p>\n<p>Inscription non requise , bienvenue \u00e0 tous !<\/p>\n<p class=\"p1\">\u00c0 bient\u00f4t<br \/>\nNous avons h\u00e2te de vous retrouver.<\/p>\n","protected":false},"excerpt":{"rendered":"<p class=\"p1\">Rendez-vous : Samedi 25 avril \u00e0 9 h&nbsp;<br \/>\nC\u2019est gratuit !<\/p>\n<p class=\"p1\">Pour le meeting de s\u00e9curit\u00e9, les parachutistes seront divis\u00e9s en deux groupes selon votre niveau d\u2019exp\u00e9rience.<br \/>\nOn vous encourage fortement \u00e0 vous joindre \u00e0 nous, c\u2019est important et pertinent pour tout le monde afin d\u2019\u00eatre pr\u00eat.e \u00e0 sauter en d\u00e9but de saison.<\/p>\n<p class=\"p1\">Pour les sauts :<br \/>\n25 avril : 11 h \u00e0 17 h 30 sauts pour les sauteurs r\u00e9guliers et instructeurs (recurrency)<br \/>\n26 avril : 10 h \u00e0 17 h 30 sauts pour les sauteurs r\u00e9guliers et instructeurs (recurrency)<\/p>\n<p class=\"p1\">\u26a0\ufe0f IMPORTANT : remplissez votre d\u00e9charge d\u00e8s maintenant<br \/>\n\ud83d\udc49 <a href=\"https:\/\/parachutevoltige.com\/fr\/decharge-de-responsabilite\/\"><span class=\"s1\">https:\/\/parachutevoltige.com\/fr\/decharge-de-responsabilite\/<\/span><\/a><\/p>\n<p class=\"p1\">\u00c9v\u00e9nements Saison 2026<\/p>\n<p class=\"p1\">Nous aurons \u00e0 notre disposition notre avion Victor pour la saison 2026. Vous comprendrez que l\u2019organisation des sauts sera diff\u00e9rente.<br \/>\nCertains \u00e9v\u00e9nements et disciplines seront sur invitation.<br \/>\nPour les nouveaut\u00e9s, il y aura aussi des \u00e9v\u00e9nements spontan\u00e9s qui couvriront les disciplines les plus populaires. Ces \u00e9v\u00e9nements seront annonc\u00e9s de fa\u00e7on ponctuelle durant la saison.<\/p>\n<p class=\"p1\">Vendredis B-Team restent toujours au calendrier.<\/p>\n<p class=\"p1\">Sauts d\u2019h\u00e9licopt\u00e8re : date \u00e0 venir.<br \/>\nAlors, restez \u00e0 l\u2019aff\u00fbt, \u00e7a risque d\u2019\u00eatre vraiment tr\u00e8s le fun.<\/p>\n<p class=\"p1\">Inscription \u00e0 l\u2019\u00e9v\u00e9nement pour les brevet A<br \/>\nOn vous recommande fortement de participer au camp Ah! Ha! (16 au 18 mai). C\u2019est un \u00e9v\u00e9nement qui vous permet un encadrement incroyable en d\u00e9but de saison, tr\u00e8s amusant, super pertinent pour progresser.<br \/>\n\ud83d\udc49 <a href=\"https:\/\/parachutevoltige.com\/fr\/categorie-produit\/evenements\/\"><span class=\"s1\">https:\/\/parachutevoltige.com\/fr\/categorie-produit\/evenements\/<\/span><\/a><\/p>\n<p>&nbsp;<\/p>\n<p class=\"p1\">Inscription non requise , bienvenue \u00e0 tous !&nbsp;<br \/>\nNous avons h\u00e2te de vous retrouver.<\/p>\n","protected":false},"featured_media":199921,"template":"","meta":{"_acf_changed":false,"_exactmetrics_skip_tracking":false,"_exactmetrics_sitenote_active":false,"_exactmetrics_sitenote_note":"","_exactmetrics_sitenote_category":0,"ngg_post_thumbnail":0},"product_brand":[],"product_cat":[66],"product_tag":[],"class_list":{"0":"post-200185","1":"product","2":"type-product","3":"status-publish","4":"has-post-thumbnail","6":"product_cat-evenements","8":"first","9":"instock","10":"taxable","11":"shipping-taxable","12":"purchasable","13":"product-type-simple"},"exclude_global_add_ons":false,"addons":[{"name":"Dates de l'\u00e9v\u00e9nement","type":"multiple_choice","position":0,"required":true,"title_format":"label","default":"","description_enable":false,"description":"","placeholder_enable":false,"placeholder":"","display":"select","restrictions_type":"any_text","adjust_price":false,"price":"","price_type":"flat_fee","restrictions":false,"min":"0","max":"0","options":[{"label":"2026-04-25","price":"","price_type":"flat_fee","image":0,"visibility":true}],"id":1707843278}],"acf":[],"yoast_head":"<!-- This site is optimized with the Yoast SEO plugin v26.8 - https:\/\/yoast.com\/product\/yoast-seo-wordpress\/ -->\n<title>\ud83e\ude82 JOURN\u00c9E DE S\u00c9CURIT\u00c9 2026 \u2013 Voltige \ud83e\ude82 - Parachute Voltige<\/title>\n<meta name=\"robots\" content=\"index, follow, max-snippet:-1, max-image-preview:large, max-video-preview:-1\" \/>\n<link rel=\"canonical\" href=\"https:\/\/parachutevoltige.com\/fr\/produit\/%f0%9f%aa%82-journee-de-securite-2026-voltige-%f0%9f%aa%82\/\" \/>\n<meta property=\"og:locale\" content=\"fr_CA\" \/>\n<meta property=\"og:type\" content=\"article\" \/>\n<meta property=\"og:title\" content=\"\ud83e\ude82 JOURN\u00c9E DE S\u00c9CURIT\u00c9 2026 \u2013 Voltige \ud83e\ude82 - Parachute Voltige\" \/>\n<meta property=\"og:description\" content=\"Rendez-vous : Samedi 25 avril \u00e0 9 h&nbsp; C\u2019est gratuit ! Pour le meeting de s\u00e9curit\u00e9, les parachutistes seront divis\u00e9s en deux groupes selon votre niveau d\u2019exp\u00e9rience. On vous encourage fortement \u00e0 vous joindre \u00e0 nous, c\u2019est important et pertinent pour tout le monde afin d\u2019\u00eatre pr\u00eat.e \u00e0 sauter en d\u00e9but de saison. Pour les sauts : 25 avril : 11 h \u00e0 17 h 30 sauts pour les sauteurs r\u00e9guliers et instructeurs (recurrency) 26 avril : 10 h \u00e0 17 h 30 sauts pour les sauteurs r\u00e9guliers et instructeurs (recurrency) \u26a0\ufe0f IMPORTANT : remplissez votre d\u00e9charge d\u00e8s maintenant \ud83d\udc49 https:\/\/parachutevoltige.com\/fr\/decharge-de-responsabilite\/ \u00c9v\u00e9nements Saison 2026 Nous aurons \u00e0 notre disposition notre avion Victor pour la saison 2026. Vous comprendrez que l\u2019organisation des sauts sera diff\u00e9rente. Certains \u00e9v\u00e9nements et disciplines seront sur invitation. Pour les nouveaut\u00e9s, il y aura aussi des \u00e9v\u00e9nements spontan\u00e9s qui couvriront les disciplines les plus populaires. Ces \u00e9v\u00e9nements seront annonc\u00e9s de fa\u00e7on ponctuelle durant la saison. Vendredis B-Team restent toujours au calendrier. Sauts d\u2019h\u00e9licopt\u00e8re : date \u00e0 venir. Alors, restez \u00e0 l\u2019aff\u00fbt, \u00e7a risque d\u2019\u00eatre vraiment tr\u00e8s le fun. Inscription \u00e0 l\u2019\u00e9v\u00e9nement pour les brevet A On vous recommande fortement de participer au camp Ah! Ha! (16 au 18 mai). C\u2019est un \u00e9v\u00e9nement qui vous permet un encadrement incroyable en d\u00e9but de saison, tr\u00e8s amusant, super pertinent pour progresser. \ud83d\udc49 https:\/\/parachutevoltige.com\/fr\/categorie-produit\/evenements\/ &nbsp; Inscription non requise , bienvenue \u00e0 tous !&nbsp; Nous avons h\u00e2te de vous retrouver.\" \/>\n<meta property=\"og:url\" content=\"https:\/\/parachutevoltige.com\/fr\/produit\/%f0%9f%aa%82-journee-de-securite-2026-voltige-%f0%9f%aa%82\/\" \/>\n<meta property=\"og:site_name\" content=\"Parachute Voltige\" \/>\n<meta property=\"article:publisher\" content=\"https:\/\/www.facebook.com\/ParachuteVoltige\/\" \/>\n<meta property=\"article:modified_time\" content=\"2026-04-11T00:01:16+00:00\" \/>\n<meta property=\"og:image\" content=\"https:\/\/parachutevoltige.com\/wp-content\/uploads\/2025\/03\/voltige-rond-02.png\" \/>\n\t<meta property=\"og:image:width\" content=\"2160\" \/>\n\t<meta property=\"og:image:height\" content=\"2160\" \/>\n\t<meta property=\"og:image:type\" content=\"image\/png\" \/>\n<meta name=\"twitter:card\" content=\"summary_large_image\" \/>\n<meta name=\"twitter:label1\" content=\"Estimation du temps de lecture\" \/>\n\t<meta name=\"twitter:data1\" content=\"2 minutes\" \/>\n<script type=\"application\/ld+json\" class=\"yoast-schema-graph\">{\"@context\":\"https:\/\/schema.org\",\"@graph\":[{\"@type\":\"WebPage\",\"@id\":\"https:\/\/parachutevoltige.com\/fr\/produit\/%f0%9f%aa%82-journee-de-securite-2026-voltige-%f0%9f%aa%82\/\",\"url\":\"https:\/\/parachutevoltige.com\/fr\/produit\/%f0%9f%aa%82-journee-de-securite-2026-voltige-%f0%9f%aa%82\/\",\"name\":\"\ud83e\ude82 JOURN\u00c9E DE S\u00c9CURIT\u00c9 2026 \u2013 Voltige \ud83e\ude82 - Parachute Voltige\",\"isPartOf\":{\"@id\":\"https:\/\/parachutevoltige.com\/fr\/#website\"},\"primaryImageOfPage\":{\"@id\":\"https:\/\/parachutevoltige.com\/fr\/produit\/%f0%9f%aa%82-journee-de-securite-2026-voltige-%f0%9f%aa%82\/#primaryimage\"},\"image\":{\"@id\":\"https:\/\/parachutevoltige.com\/fr\/produit\/%f0%9f%aa%82-journee-de-securite-2026-voltige-%f0%9f%aa%82\/#primaryimage\"},\"thumbnailUrl\":\"https:\/\/parachutevoltige.com\/wp-content\/uploads\/2025\/03\/voltige-rond-02.png\",\"datePublished\":\"2026-04-10T23:46:14+00:00\",\"dateModified\":\"2026-04-11T00:01:16+00:00\",\"breadcrumb\":{\"@id\":\"https:\/\/parachutevoltige.com\/fr\/produit\/%f0%9f%aa%82-journee-de-securite-2026-voltige-%f0%9f%aa%82\/#breadcrumb\"},\"inLanguage\":\"fr-CA\",\"potentialAction\":[{\"@type\":\"ReadAction\",\"target\":[\"https:\/\/parachutevoltige.com\/fr\/produit\/%f0%9f%aa%82-journee-de-securite-2026-voltige-%f0%9f%aa%82\/\"]}]},{\"@type\":\"ImageObject\",\"inLanguage\":\"fr-CA\",\"@id\":\"https:\/\/parachutevoltige.com\/fr\/produit\/%f0%9f%aa%82-journee-de-securite-2026-voltige-%f0%9f%aa%82\/#primaryimage\",\"url\":\"https:\/\/parachutevoltige.com\/wp-content\/uploads\/2025\/03\/voltige-rond-02.png\",\"contentUrl\":\"https:\/\/parachutevoltige.com\/wp-content\/uploads\/2025\/03\/voltige-rond-02.png\",\"width\":2160,\"height\":2160},{\"@type\":\"BreadcrumbList\",\"@id\":\"https:\/\/parachutevoltige.com\/fr\/produit\/%f0%9f%aa%82-journee-de-securite-2026-voltige-%f0%9f%aa%82\/#breadcrumb\",\"itemListElement\":[{\"@type\":\"ListItem\",\"position\":1,\"name\":\"Home\",\"item\":\"https:\/\/parachutevoltige.com\/fr\/\"},{\"@type\":\"ListItem\",\"position\":2,\"name\":\"BOUTIQUE EN LIGNE\",\"item\":\"https:\/\/parachutevoltige.com\/fr\/boutique\/\"},{\"@type\":\"ListItem\",\"position\":3,\"name\":\"\ud83e\ude82 JOURN\u00c9E DE S\u00c9CURIT\u00c9 2026 \u2013 Voltige \ud83e\ude82\"}]},{\"@type\":\"WebSite\",\"@id\":\"https:\/\/parachutevoltige.com\/fr\/#website\",\"url\":\"https:\/\/parachutevoltige.com\/fr\/\",\"name\":\"Parachute Voltige\",\"description\":\"\",\"publisher\":{\"@id\":\"https:\/\/parachutevoltige.com\/fr\/#organization\"},\"potentialAction\":[{\"@type\":\"SearchAction\",\"target\":{\"@type\":\"EntryPoint\",\"urlTemplate\":\"https:\/\/parachutevoltige.com\/fr\/?s={search_term_string}\"},\"query-input\":{\"@type\":\"PropertyValueSpecification\",\"valueRequired\":true,\"valueName\":\"search_term_string\"}}],\"inLanguage\":\"fr-CA\"},{\"@type\":\"Organization\",\"@id\":\"https:\/\/parachutevoltige.com\/fr\/#organization\",\"name\":\"Voltige | \u00c9cole de parachutisme\",\"url\":\"https:\/\/parachutevoltige.com\/fr\/\",\"logo\":{\"@type\":\"ImageObject\",\"inLanguage\":\"fr-CA\",\"@id\":\"https:\/\/parachutevoltige.com\/fr\/#\/schema\/logo\/image\/\",\"url\":\"https:\/\/parachutevoltige.com\/wp-content\/uploads\/2019\/05\/Voltige_logo.png\",\"contentUrl\":\"https:\/\/parachutevoltige.com\/wp-content\/uploads\/2019\/05\/Voltige_logo.png\",\"width\":462,\"height\":132,\"caption\":\"Voltige | \u00c9cole de parachutisme\"},\"image\":{\"@id\":\"https:\/\/parachutevoltige.com\/fr\/#\/schema\/logo\/image\/\"},\"sameAs\":[\"https:\/\/www.facebook.com\/ParachuteVoltige\/\"]}]}<\/script>\n<!-- \/ Yoast SEO plugin. -->","yoast_head_json":{"title":"\ud83e\ude82 JOURN\u00c9E DE S\u00c9CURIT\u00c9 2026 \u2013 Voltige \ud83e\ude82 - Parachute Voltige","robots":{"index":"index","follow":"follow","max-snippet":"max-snippet:-1","max-image-preview":"max-image-preview:large","max-video-preview":"max-video-preview:-1"},"canonical":"https:\/\/parachutevoltige.com\/fr\/produit\/%f0%9f%aa%82-journee-de-securite-2026-voltige-%f0%9f%aa%82\/","og_locale":"fr_CA","og_type":"article","og_title":"\ud83e\ude82 JOURN\u00c9E DE S\u00c9CURIT\u00c9 2026 \u2013 Voltige \ud83e\ude82 - Parachute Voltige","og_description":"Rendez-vous : Samedi 25 avril \u00e0 9 h&nbsp; C\u2019est gratuit ! Pour le meeting de s\u00e9curit\u00e9, les parachutistes seront divis\u00e9s en deux groupes selon votre niveau d\u2019exp\u00e9rience. On vous encourage fortement \u00e0 vous joindre \u00e0 nous, c\u2019est important et pertinent pour tout le monde afin d\u2019\u00eatre pr\u00eat.e \u00e0 sauter en d\u00e9but de saison. Pour les sauts : 25 avril : 11 h \u00e0 17 h 30 sauts pour les sauteurs r\u00e9guliers et instructeurs (recurrency) 26 avril : 10 h \u00e0 17 h 30 sauts pour les sauteurs r\u00e9guliers et instructeurs (recurrency) \u26a0\ufe0f IMPORTANT : remplissez votre d\u00e9charge d\u00e8s maintenant \ud83d\udc49 https:\/\/parachutevoltige.com\/fr\/decharge-de-responsabilite\/ \u00c9v\u00e9nements Saison 2026 Nous aurons \u00e0 notre disposition notre avion Victor pour la saison 2026. Vous comprendrez que l\u2019organisation des sauts sera diff\u00e9rente. Certains \u00e9v\u00e9nements et disciplines seront sur invitation. Pour les nouveaut\u00e9s, il y aura aussi des \u00e9v\u00e9nements spontan\u00e9s qui couvriront les disciplines les plus populaires. Ces \u00e9v\u00e9nements seront annonc\u00e9s de fa\u00e7on ponctuelle durant la saison. Vendredis B-Team restent toujours au calendrier. Sauts d\u2019h\u00e9licopt\u00e8re : date \u00e0 venir. Alors, restez \u00e0 l\u2019aff\u00fbt, \u00e7a risque d\u2019\u00eatre vraiment tr\u00e8s le fun. Inscription \u00e0 l\u2019\u00e9v\u00e9nement pour les brevet A On vous recommande fortement de participer au camp Ah! Ha! (16 au 18 mai). C\u2019est un \u00e9v\u00e9nement qui vous permet un encadrement incroyable en d\u00e9but de saison, tr\u00e8s amusant, super pertinent pour progresser. \ud83d\udc49 https:\/\/parachutevoltige.com\/fr\/categorie-produit\/evenements\/ &nbsp; Inscription non requise , bienvenue \u00e0 tous !&nbsp; Nous avons h\u00e2te de vous retrouver.","og_url":"https:\/\/parachutevoltige.com\/fr\/produit\/%f0%9f%aa%82-journee-de-securite-2026-voltige-%f0%9f%aa%82\/","og_site_name":"Parachute Voltige","article_publisher":"https:\/\/www.facebook.com\/ParachuteVoltige\/","article_modified_time":"2026-04-11T00:01:16+00:00","og_image":[{"width":2160,"height":2160,"url":"https:\/\/parachutevoltige.com\/wp-content\/uploads\/2025\/03\/voltige-rond-02.png","type":"image\/png"}],"twitter_card":"summary_large_image","twitter_misc":{"Estimation du temps de lecture":"2 minutes"},"schema":{"@context":"https:\/\/schema.org","@graph":[{"@type":"WebPage","@id":"https:\/\/parachutevoltige.com\/fr\/produit\/%f0%9f%aa%82-journee-de-securite-2026-voltige-%f0%9f%aa%82\/","url":"https:\/\/parachutevoltige.com\/fr\/produit\/%f0%9f%aa%82-journee-de-securite-2026-voltige-%f0%9f%aa%82\/","name":"\ud83e\ude82 JOURN\u00c9E DE S\u00c9CURIT\u00c9 2026 \u2013 Voltige \ud83e\ude82 - Parachute Voltige","isPartOf":{"@id":"https:\/\/parachutevoltige.com\/fr\/#website"},"primaryImageOfPage":{"@id":"https:\/\/parachutevoltige.com\/fr\/produit\/%f0%9f%aa%82-journee-de-securite-2026-voltige-%f0%9f%aa%82\/#primaryimage"},"image":{"@id":"https:\/\/parachutevoltige.com\/fr\/produit\/%f0%9f%aa%82-journee-de-securite-2026-voltige-%f0%9f%aa%82\/#primaryimage"},"thumbnailUrl":"https:\/\/parachutevoltige.com\/wp-content\/uploads\/2025\/03\/voltige-rond-02.png","datePublished":"2026-04-10T23:46:14+00:00","dateModified":"2026-04-11T00:01:16+00:00","breadcrumb":{"@id":"https:\/\/parachutevoltige.com\/fr\/produit\/%f0%9f%aa%82-journee-de-securite-2026-voltige-%f0%9f%aa%82\/#breadcrumb"},"inLanguage":"fr-CA","potentialAction":[{"@type":"ReadAction","target":["https:\/\/parachutevoltige.com\/fr\/produit\/%f0%9f%aa%82-journee-de-securite-2026-voltige-%f0%9f%aa%82\/"]}]},{"@type":"ImageObject","inLanguage":"fr-CA","@id":"https:\/\/parachutevoltige.com\/fr\/produit\/%f0%9f%aa%82-journee-de-securite-2026-voltige-%f0%9f%aa%82\/#primaryimage","url":"https:\/\/parachutevoltige.com\/wp-content\/uploads\/2025\/03\/voltige-rond-02.png","contentUrl":"https:\/\/parachutevoltige.com\/wp-content\/uploads\/2025\/03\/voltige-rond-02.png","width":2160,"height":2160},{"@type":"BreadcrumbList","@id":"https:\/\/parachutevoltige.com\/fr\/produit\/%f0%9f%aa%82-journee-de-securite-2026-voltige-%f0%9f%aa%82\/#breadcrumb","itemListElement":[{"@type":"ListItem","position":1,"name":"Home","item":"https:\/\/parachutevoltige.com\/fr\/"},{"@type":"ListItem","position":2,"name":"BOUTIQUE EN LIGNE","item":"https:\/\/parachutevoltige.com\/fr\/boutique\/"},{"@type":"ListItem","position":3,"name":"\ud83e\ude82 JOURN\u00c9E DE S\u00c9CURIT\u00c9 2026 \u2013 Voltige \ud83e\ude82"}]},{"@type":"WebSite","@id":"https:\/\/parachutevoltige.com\/fr\/#website","url":"https:\/\/parachutevoltige.com\/fr\/","name":"Parachute Voltige","description":"","publisher":{"@id":"https:\/\/parachutevoltige.com\/fr\/#organization"},"potentialAction":[{"@type":"SearchAction","target":{"@type":"EntryPoint","urlTemplate":"https:\/\/parachutevoltige.com\/fr\/?s={search_term_string}"},"query-input":{"@type":"PropertyValueSpecification","valueRequired":true,"valueName":"search_term_string"}}],"inLanguage":"fr-CA"},{"@type":"Organization","@id":"https:\/\/parachutevoltige.com\/fr\/#organization","name":"Voltige | \u00c9cole de parachutisme","url":"https:\/\/parachutevoltige.com\/fr\/","logo":{"@type":"ImageObject","inLanguage":"fr-CA","@id":"https:\/\/parachutevoltige.com\/fr\/#\/schema\/logo\/image\/","url":"https:\/\/parachutevoltige.com\/wp-content\/uploads\/2019\/05\/Voltige_logo.png","contentUrl":"https:\/\/parachutevoltige.com\/wp-content\/uploads\/2019\/05\/Voltige_logo.png","width":462,"height":132,"caption":"Voltige | \u00c9cole de parachutisme"},"image":{"@id":"https:\/\/parachutevoltige.com\/fr\/#\/schema\/logo\/image\/"},"sameAs":["https:\/\/www.facebook.com\/ParachuteVoltige\/"]}]}},"_links":{"self":[{"href":"https:\/\/parachutevoltige.com\/fr\/wp-json\/wp\/v2\/product\/200185","targetHints":{"allow":["GET"]}}],"collection":[{"href":"https:\/\/parachutevoltige.com\/fr\/wp-json\/wp\/v2\/product"}],"about":[{"href":"https:\/\/parachutevoltige.com\/fr\/wp-json\/wp\/v2\/types\/product"}],"wp:featuredmedia":[{"embeddable":true,"href":"https:\/\/parachutevoltige.com\/fr\/wp-json\/wp\/v2\/media\/199921"}],"wp:attachment":[{"href":"https:\/\/parachutevoltige.com\/fr\/wp-json\/wp\/v2\/media?parent=200185"}],"wp:term":[{"taxonomy":"product_brand","embeddable":true,"href":"https:\/\/parachutevoltige.com\/fr\/wp-json\/wp\/v2\/product_brand?post=200185"},{"taxonomy":"product_cat","embeddable":true,"href":"https:\/\/parachutevoltige.com\/fr\/wp-json\/wp\/v2\/product_cat?post=200185"},{"taxonomy":"product_tag","embeddable":true,"href":"https:\/\/parachutevoltige.com\/fr\/wp-json\/wp\/v2\/product_tag?post=200185"}],"curies":[{"name":"wp","href":"https:\/\/api.w.org\/{rel}","templated":true}]}}