{"id":263,"date":"2019-03-11T09:52:37","date_gmt":"2019-03-11T13:52:37","guid":{"rendered":"https:\/\/parachutevoltige.com\/?post_type=product&#038;p=263"},"modified":"2024-03-22T13:29:35","modified_gmt":"2024-03-22T17:29:35","slug":"carte-cadeau","status":"publish","type":"product","link":"https:\/\/parachutevoltige.com\/fr\/produit\/carte-cadeau\/","title":{"rendered":"Carte-cadeau"},"content":{"rendered":"","protected":false},"excerpt":{"rendered":"<p>Vous ne savez pas quel type de saut choisir? Offrez une carte-cadeau Voltige en argent et vos proches pourront faire leur choix. C&rsquo;est aussi le cadeau id\u00e9al \u00e0 offrir \u00e0 un parachutiste certifi\u00e9. Le montant que vous aurez choisi sera taxes comprises. <span style=\"color: #000000;\">( Ex: $43,49 + taxes = $50,00)<\/span><\/p>\n","protected":false},"featured_media":148780,"template":"","meta":{"_acf_changed":false,"_exactmetrics_skip_tracking":false,"_exactmetrics_sitenote_active":false,"_exactmetrics_sitenote_note":"","_exactmetrics_sitenote_category":0,"ngg_post_thumbnail":0},"product_brand":[],"product_cat":[28],"product_tag":[],"class_list":{"0":"post-263","1":"product","2":"type-product","3":"status-publish","4":"has-post-thumbnail","6":"product_cat-carte-cadeau","8":"first","9":"instock","10":"featured","11":"taxable","12":"shipping-taxable","13":"purchasable","14":"product-type-variable","15":"has-default-attributes"},"exclude_global_add_ons":false,"addons":[{"name":"Type d'achat","type":"multiple_choice","position":0,"required":true,"title_format":"hide","default":"","description_enable":false,"description":"","placeholder_enable":false,"placeholder":"","display":"select","restrictions_type":"any_text","adjust_price":false,"price":"","price_type":"flat_fee","restrictions":false,"min":"0","max":"0","options":[{"label":"Je m'ach\u00e8te un saut","price":"","price_type":"flat_fee","image":0,"visibility":true},{"label":"Offrir en cadeau","price":"","price_type":"flat_fee","image":0,"visibility":true}],"id":1697038002},{"name":"Offrir \u00e0","type":"custom_text","position":1,"required":false,"title_format":"hide","default":"","description_enable":false,"description":"","placeholder_enable":false,"placeholder":"","display":"select","restrictions_type":"any_text","adjust_price":false,"price":"","price_type":"flat_fee","restrictions":false,"min":"0","max":"0","options":[],"id":1697038004}],"acf":[],"yoast_head":"<!-- This site is optimized with the Yoast SEO plugin v26.8 - https:\/\/yoast.com\/product\/yoast-seo-wordpress\/ -->\n<title>Cadeau \u00e0 offrir | Carte-cadeau | Voltige parachute<\/title>\n<meta name=\"description\" content=\"Vous ne savez pas quel type de saut choisir? Offrez une carte-cadeau Voltige en argent et vos proches pourront faire leur choix.\" \/>\n<meta name=\"robots\" content=\"index, follow, max-snippet:-1, max-image-preview:large, max-video-preview:-1\" \/>\n<link rel=\"canonical\" href=\"https:\/\/parachutevoltige.com\/fr\/produit\/carte-cadeau\/\" \/>\n<meta property=\"og:locale\" content=\"fr_CA\" \/>\n<meta property=\"og:type\" content=\"article\" \/>\n<meta property=\"og:title\" content=\"Cadeau \u00e0 offrir | Carte-cadeau | Voltige parachute\" \/>\n<meta property=\"og:description\" content=\"Vous ne savez pas quel type de saut choisir? Offrez une carte-cadeau Voltige en argent et vos proches pourront faire leur choix.\" \/>\n<meta property=\"og:url\" content=\"https:\/\/parachutevoltige.com\/fr\/produit\/carte-cadeau\/\" \/>\n<meta property=\"og:site_name\" content=\"Parachute Voltige\" \/>\n<meta property=\"article:publisher\" content=\"https:\/\/www.facebook.com\/ParachuteVoltige\/\" \/>\n<meta property=\"article:modified_time\" content=\"2024-03-22T17:29:35+00:00\" \/>\n<meta property=\"og:image\" content=\"https:\/\/parachutevoltige.com\/wp-content\/uploads\/2019\/03\/carte-cadeau-Voltige-web-copie-e1710787589135-1024x748.png\" \/>\n\t<meta property=\"og:image:width\" content=\"1024\" \/>\n\t<meta property=\"og:image:height\" content=\"748\" \/>\n\t<meta property=\"og:image:type\" content=\"image\/png\" \/>\n<meta name=\"twitter:card\" content=\"summary_large_image\" \/>\n<meta name=\"twitter:label1\" content=\"Estimation du temps de lecture\" \/>\n\t<meta name=\"twitter:data1\" content=\"1 minute\" \/>\n<script type=\"application\/ld+json\" class=\"yoast-schema-graph\">{\"@context\":\"https:\/\/schema.org\",\"@graph\":[{\"@type\":\"WebPage\",\"@id\":\"https:\/\/parachutevoltige.com\/fr\/produit\/carte-cadeau\/\",\"url\":\"https:\/\/parachutevoltige.com\/fr\/produit\/carte-cadeau\/\",\"name\":\"Cadeau \u00e0 offrir | Carte-cadeau | Voltige parachute\",\"isPartOf\":{\"@id\":\"https:\/\/parachutevoltige.com\/fr\/#website\"},\"primaryImageOfPage\":{\"@id\":\"https:\/\/parachutevoltige.com\/fr\/produit\/carte-cadeau\/#primaryimage\"},\"image\":{\"@id\":\"https:\/\/parachutevoltige.com\/fr\/produit\/carte-cadeau\/#primaryimage\"},\"thumbnailUrl\":\"https:\/\/parachutevoltige.com\/wp-content\/uploads\/2019\/03\/carte-cadeau-Voltige-web-copie-e1710787589135.png\",\"datePublished\":\"2019-03-11T13:52:37+00:00\",\"dateModified\":\"2024-03-22T17:29:35+00:00\",\"description\":\"Vous ne savez pas quel type de saut choisir? Offrez une carte-cadeau Voltige en argent et vos proches pourront faire leur choix.\",\"breadcrumb\":{\"@id\":\"https:\/\/parachutevoltige.com\/fr\/produit\/carte-cadeau\/#breadcrumb\"},\"inLanguage\":\"fr-CA\",\"potentialAction\":[{\"@type\":\"ReadAction\",\"target\":[\"https:\/\/parachutevoltige.com\/fr\/produit\/carte-cadeau\/\"]}]},{\"@type\":\"ImageObject\",\"inLanguage\":\"fr-CA\",\"@id\":\"https:\/\/parachutevoltige.com\/fr\/produit\/carte-cadeau\/#primaryimage\",\"url\":\"https:\/\/parachutevoltige.com\/wp-content\/uploads\/2019\/03\/carte-cadeau-Voltige-web-copie-e1710787589135.png\",\"contentUrl\":\"https:\/\/parachutevoltige.com\/wp-content\/uploads\/2019\/03\/carte-cadeau-Voltige-web-copie-e1710787589135.png\",\"width\":5400,\"height\":3942},{\"@type\":\"BreadcrumbList\",\"@id\":\"https:\/\/parachutevoltige.com\/fr\/produit\/carte-cadeau\/#breadcrumb\",\"itemListElement\":[{\"@type\":\"ListItem\",\"position\":1,\"name\":\"Home\",\"item\":\"https:\/\/parachutevoltige.com\/fr\/\"},{\"@type\":\"ListItem\",\"position\":2,\"name\":\"BOUTIQUE EN LIGNE\",\"item\":\"https:\/\/parachutevoltige.com\/fr\/boutique\/\"},{\"@type\":\"ListItem\",\"position\":3,\"name\":\"Carte-cadeau\"}]},{\"@type\":\"WebSite\",\"@id\":\"https:\/\/parachutevoltige.com\/fr\/#website\",\"url\":\"https:\/\/parachutevoltige.com\/fr\/\",\"name\":\"Parachute Voltige\",\"description\":\"\",\"publisher\":{\"@id\":\"https:\/\/parachutevoltige.com\/fr\/#organization\"},\"potentialAction\":[{\"@type\":\"SearchAction\",\"target\":{\"@type\":\"EntryPoint\",\"urlTemplate\":\"https:\/\/parachutevoltige.com\/fr\/?s={search_term_string}\"},\"query-input\":{\"@type\":\"PropertyValueSpecification\",\"valueRequired\":true,\"valueName\":\"search_term_string\"}}],\"inLanguage\":\"fr-CA\"},{\"@type\":\"Organization\",\"@id\":\"https:\/\/parachutevoltige.com\/fr\/#organization\",\"name\":\"Voltige | \u00c9cole de parachutisme\",\"url\":\"https:\/\/parachutevoltige.com\/fr\/\",\"logo\":{\"@type\":\"ImageObject\",\"inLanguage\":\"fr-CA\",\"@id\":\"https:\/\/parachutevoltige.com\/fr\/#\/schema\/logo\/image\/\",\"url\":\"https:\/\/parachutevoltige.com\/wp-content\/uploads\/2019\/05\/Voltige_logo.png\",\"contentUrl\":\"https:\/\/parachutevoltige.com\/wp-content\/uploads\/2019\/05\/Voltige_logo.png\",\"width\":462,\"height\":132,\"caption\":\"Voltige | \u00c9cole de parachutisme\"},\"image\":{\"@id\":\"https:\/\/parachutevoltige.com\/fr\/#\/schema\/logo\/image\/\"},\"sameAs\":[\"https:\/\/www.facebook.com\/ParachuteVoltige\/\"]}]}<\/script>\n<!-- \/ Yoast SEO plugin. -->","yoast_head_json":{"title":"Cadeau \u00e0 offrir | Carte-cadeau | Voltige parachute","description":"Vous ne savez pas quel type de saut choisir? Offrez une carte-cadeau Voltige en argent et vos proches pourront faire leur choix.","robots":{"index":"index","follow":"follow","max-snippet":"max-snippet:-1","max-image-preview":"max-image-preview:large","max-video-preview":"max-video-preview:-1"},"canonical":"https:\/\/parachutevoltige.com\/fr\/produit\/carte-cadeau\/","og_locale":"fr_CA","og_type":"article","og_title":"Cadeau \u00e0 offrir | Carte-cadeau | Voltige parachute","og_description":"Vous ne savez pas quel type de saut choisir? Offrez une carte-cadeau Voltige en argent et vos proches pourront faire leur choix.","og_url":"https:\/\/parachutevoltige.com\/fr\/produit\/carte-cadeau\/","og_site_name":"Parachute Voltige","article_publisher":"https:\/\/www.facebook.com\/ParachuteVoltige\/","article_modified_time":"2024-03-22T17:29:35+00:00","og_image":[{"width":1024,"height":748,"url":"https:\/\/parachutevoltige.com\/wp-content\/uploads\/2019\/03\/carte-cadeau-Voltige-web-copie-e1710787589135-1024x748.png","type":"image\/png"}],"twitter_card":"summary_large_image","twitter_misc":{"Estimation du temps de lecture":"1 minute"},"schema":{"@context":"https:\/\/schema.org","@graph":[{"@type":"WebPage","@id":"https:\/\/parachutevoltige.com\/fr\/produit\/carte-cadeau\/","url":"https:\/\/parachutevoltige.com\/fr\/produit\/carte-cadeau\/","name":"Cadeau \u00e0 offrir | Carte-cadeau | Voltige parachute","isPartOf":{"@id":"https:\/\/parachutevoltige.com\/fr\/#website"},"primaryImageOfPage":{"@id":"https:\/\/parachutevoltige.com\/fr\/produit\/carte-cadeau\/#primaryimage"},"image":{"@id":"https:\/\/parachutevoltige.com\/fr\/produit\/carte-cadeau\/#primaryimage"},"thumbnailUrl":"https:\/\/parachutevoltige.com\/wp-content\/uploads\/2019\/03\/carte-cadeau-Voltige-web-copie-e1710787589135.png","datePublished":"2019-03-11T13:52:37+00:00","dateModified":"2024-03-22T17:29:35+00:00","description":"Vous ne savez pas quel type de saut choisir? Offrez une carte-cadeau Voltige en argent et vos proches pourront faire leur choix.","breadcrumb":{"@id":"https:\/\/parachutevoltige.com\/fr\/produit\/carte-cadeau\/#breadcrumb"},"inLanguage":"fr-CA","potentialAction":[{"@type":"ReadAction","target":["https:\/\/parachutevoltige.com\/fr\/produit\/carte-cadeau\/"]}]},{"@type":"ImageObject","inLanguage":"fr-CA","@id":"https:\/\/parachutevoltige.com\/fr\/produit\/carte-cadeau\/#primaryimage","url":"https:\/\/parachutevoltige.com\/wp-content\/uploads\/2019\/03\/carte-cadeau-Voltige-web-copie-e1710787589135.png","contentUrl":"https:\/\/parachutevoltige.com\/wp-content\/uploads\/2019\/03\/carte-cadeau-Voltige-web-copie-e1710787589135.png","width":5400,"height":3942},{"@type":"BreadcrumbList","@id":"https:\/\/parachutevoltige.com\/fr\/produit\/carte-cadeau\/#breadcrumb","itemListElement":[{"@type":"ListItem","position":1,"name":"Home","item":"https:\/\/parachutevoltige.com\/fr\/"},{"@type":"ListItem","position":2,"name":"BOUTIQUE EN LIGNE","item":"https:\/\/parachutevoltige.com\/fr\/boutique\/"},{"@type":"ListItem","position":3,"name":"Carte-cadeau"}]},{"@type":"WebSite","@id":"https:\/\/parachutevoltige.com\/fr\/#website","url":"https:\/\/parachutevoltige.com\/fr\/","name":"Parachute Voltige","description":"","publisher":{"@id":"https:\/\/parachutevoltige.com\/fr\/#organization"},"potentialAction":[{"@type":"SearchAction","target":{"@type":"EntryPoint","urlTemplate":"https:\/\/parachutevoltige.com\/fr\/?s={search_term_string}"},"query-input":{"@type":"PropertyValueSpecification","valueRequired":true,"valueName":"search_term_string"}}],"inLanguage":"fr-CA"},{"@type":"Organization","@id":"https:\/\/parachutevoltige.com\/fr\/#organization","name":"Voltige | \u00c9cole de parachutisme","url":"https:\/\/parachutevoltige.com\/fr\/","logo":{"@type":"ImageObject","inLanguage":"fr-CA","@id":"https:\/\/parachutevoltige.com\/fr\/#\/schema\/logo\/image\/","url":"https:\/\/parachutevoltige.com\/wp-content\/uploads\/2019\/05\/Voltige_logo.png","contentUrl":"https:\/\/parachutevoltige.com\/wp-content\/uploads\/2019\/05\/Voltige_logo.png","width":462,"height":132,"caption":"Voltige | \u00c9cole de parachutisme"},"image":{"@id":"https:\/\/parachutevoltige.com\/fr\/#\/schema\/logo\/image\/"},"sameAs":["https:\/\/www.facebook.com\/ParachuteVoltige\/"]}]}},"_links":{"self":[{"href":"https:\/\/parachutevoltige.com\/fr\/wp-json\/wp\/v2\/product\/263","targetHints":{"allow":["GET"]}}],"collection":[{"href":"https:\/\/parachutevoltige.com\/fr\/wp-json\/wp\/v2\/product"}],"about":[{"href":"https:\/\/parachutevoltige.com\/fr\/wp-json\/wp\/v2\/types\/product"}],"wp:featuredmedia":[{"embeddable":true,"href":"https:\/\/parachutevoltige.com\/fr\/wp-json\/wp\/v2\/media\/148780"}],"wp:attachment":[{"href":"https:\/\/parachutevoltige.com\/fr\/wp-json\/wp\/v2\/media?parent=263"}],"wp:term":[{"taxonomy":"product_brand","embeddable":true,"href":"https:\/\/parachutevoltige.com\/fr\/wp-json\/wp\/v2\/product_brand?post=263"},{"taxonomy":"product_cat","embeddable":true,"href":"https:\/\/parachutevoltige.com\/fr\/wp-json\/wp\/v2\/product_cat?post=263"},{"taxonomy":"product_tag","embeddable":true,"href":"https:\/\/parachutevoltige.com\/fr\/wp-json\/wp\/v2\/product_tag?post=263"}],"curies":[{"name":"wp","href":"https:\/\/api.w.org\/{rel}","templated":true}]}}