{"id":35,"date":"2019-03-05T09:17:58","date_gmt":"2019-03-05T14:17:58","guid":{"rendered":"https:\/\/parachutevoltige.com\/?post_type=product&#038;p=35"},"modified":"2024-11-28T09:04:22","modified_gmt":"2024-11-28T14:04:22","slug":"video-et-photos-en-chute-libre","status":"publish","type":"product","link":"https:\/\/parachutevoltige.com\/fr\/produit\/video-et-photos-en-chute-libre\/","title":{"rendered":"Vid\u00e9o et photos EXTERNE en chute libre"},"content":{"rendered":"","protected":false},"excerpt":{"rendered":"<div>\n<p>Le coffret souvenir Pro vous permet d\u2019immortaliser ce moment unique, l\u2019<strong>exp\u00e9rience d\u2019une vie<\/strong>! En choisissant cette option, vous pourrez&nbsp;<strong>voir et revoir votre saut en tandem<\/strong>&nbsp;autant de fois que vous le d\u00e9sirez. Un cameraman exp\u00e9riment\u00e9 vous filmera au sol, dans l\u2019avion et en chute libre. Il prendra \u00e9galement des photos et des entrevues \u00e0 chacune des \u00e9tapes de votre saut.<\/p>\n<\/div>\n<div>\n<p>Le coffret souvenir Pro comprend une<strong>&nbsp;vid\u00e9o compl\u00e8te de votre saut en parachute<\/strong>&nbsp;qui est professionnellement mont\u00e9e avec des musiques libres de droits. Il comprend \u00e9galement plusieurs photos de grande qualit\u00e9 au sol et pendant la chute libre. Le tout vous sera envoy\u00e9 directement par courriel, pr\u00eat \u00e0 \u00eatre t\u00e9l\u00e9charg\u00e9 et partag\u00e9 sur les r\u00e9seaux sociaux. Nous vous garantissons que vous revivrez imm\u00e9diatement toute l\u2019intensit\u00e9 et l\u2019<strong>adr\u00e9naline<\/strong>&nbsp;de votre exp\u00e9rience du parachutisme!<\/p>\n<\/div>\n<p>Dans le cas d\u2019une d\u00e9fectuosit\u00e9 reli\u00e9e \u00e0 la vid\u00e9o, les frais du coffret souvenir seront rembours\u00e9s. Cependant, les frais associ\u00e9s au saut tandem ne sont pas remboursables.<\/p>\n<p>Vous recevrez un lien par courriel pour t\u00e9l\u00e9charger vos vid\u00e9os et photos.&nbsp;<\/p>\n<p>&nbsp;<\/p>\n","protected":false},"featured_media":3078,"template":"","meta":{"_acf_changed":false,"_exactmetrics_skip_tracking":false,"_exactmetrics_sitenote_active":false,"_exactmetrics_sitenote_note":"","_exactmetrics_sitenote_category":0,"ngg_post_thumbnail":0},"product_brand":[],"product_cat":[144,24],"product_tag":[],"class_list":{"0":"post-35","1":"product","2":"type-product","3":"status-publish","4":"has-post-thumbnail","6":"product_cat-promotions-sauts","7":"product_cat-options","9":"first","10":"instock","11":"taxable","12":"shipping-taxable","13":"purchasable","14":"product-type-variable","15":"has-default-attributes"},"exclude_global_add_ons":false,"addons":[{"name":"Type d'achat","type":"multiple_choice","position":0,"required":true,"title_format":"hide","default":"","description_enable":false,"description":"","placeholder_enable":false,"placeholder":"","display":"select","restrictions_type":"any_text","adjust_price":false,"price":"","price_type":"flat_fee","restrictions":false,"min":"0","max":"0","options":[{"label":"J'ach\u00e8te un saut pour moi","price":"","price_type":"flat_fee","image":0,"visibility":true},{"label":"J'ach\u00e8te un saut \u00e0 offrir \u00e0 une autre personne","price":"","price_type":"flat_fee","image":0,"visibility":true}],"id":1697018937},{"name":"Offrir \u00e0","type":"custom_text","position":1,"required":false,"title_format":"hide","default":"","description_enable":false,"description":"","placeholder_enable":false,"placeholder":"","display":"select","restrictions_type":"any_text","adjust_price":false,"price":"","price_type":"flat_fee","restrictions":false,"min":"0","max":"0","options":[],"id":1697018938}],"acf":[],"yoast_head":"<!-- This site is optimized with the Yoast SEO plugin v26.8 - https:\/\/yoast.com\/product\/yoast-seo-wordpress\/ -->\n<title>Obtenez votre vid\u00e9o et photos en chute libre | Voltige<\/title>\n<meta name=\"description\" content=\"Le coffret souvenir Pro vous permet d\u2019immortaliser ce moment unique, l\u2019exp\u00e9rience de votre vie.Vous pourrez voir et revoir votre saut en tandem.\" \/>\n<meta name=\"robots\" content=\"index, follow, max-snippet:-1, max-image-preview:large, max-video-preview:-1\" \/>\n<link rel=\"canonical\" href=\"https:\/\/parachutevoltige.com\/fr\/produit\/video-et-photos-en-chute-libre\/\" \/>\n<meta property=\"og:locale\" content=\"fr_CA\" \/>\n<meta property=\"og:type\" content=\"article\" \/>\n<meta property=\"og:title\" content=\"Obtenez votre vid\u00e9o et photos en chute libre | Voltige\" \/>\n<meta property=\"og:description\" content=\"Le coffret souvenir Pro vous permet d\u2019immortaliser ce moment unique, l\u2019exp\u00e9rience de votre vie.Vous pourrez voir et revoir votre saut en tandem.\" \/>\n<meta property=\"og:url\" content=\"https:\/\/parachutevoltige.com\/fr\/produit\/video-et-photos-en-chute-libre\/\" \/>\n<meta property=\"og:site_name\" content=\"Parachute Voltige\" \/>\n<meta property=\"article:publisher\" content=\"https:\/\/www.facebook.com\/ParachuteVoltige\/\" \/>\n<meta property=\"article:modified_time\" content=\"2024-11-28T14:04:22+00:00\" \/>\n<meta property=\"og:image\" content=\"https:\/\/parachutevoltige.com\/wp-content\/uploads\/2019\/03\/Cameraman.jpg\" \/>\n\t<meta property=\"og:image:width\" content=\"1240\" \/>\n\t<meta property=\"og:image:height\" content=\"1240\" \/>\n\t<meta property=\"og:image:type\" content=\"image\/jpeg\" \/>\n<meta name=\"twitter:card\" content=\"summary_large_image\" \/>\n<meta name=\"twitter:label1\" content=\"Estimation du temps de lecture\" \/>\n\t<meta name=\"twitter:data1\" content=\"1 minute\" \/>\n<script type=\"application\/ld+json\" class=\"yoast-schema-graph\">{\"@context\":\"https:\/\/schema.org\",\"@graph\":[{\"@type\":\"WebPage\",\"@id\":\"https:\/\/parachutevoltige.com\/fr\/produit\/video-et-photos-en-chute-libre\/\",\"url\":\"https:\/\/parachutevoltige.com\/fr\/produit\/video-et-photos-en-chute-libre\/\",\"name\":\"Obtenez votre vid\u00e9o et photos en chute libre | Voltige\",\"isPartOf\":{\"@id\":\"https:\/\/parachutevoltige.com\/fr\/#website\"},\"primaryImageOfPage\":{\"@id\":\"https:\/\/parachutevoltige.com\/fr\/produit\/video-et-photos-en-chute-libre\/#primaryimage\"},\"image\":{\"@id\":\"https:\/\/parachutevoltige.com\/fr\/produit\/video-et-photos-en-chute-libre\/#primaryimage\"},\"thumbnailUrl\":\"https:\/\/parachutevoltige.com\/wp-content\/uploads\/2019\/03\/Cameraman.jpg\",\"datePublished\":\"2019-03-05T14:17:58+00:00\",\"dateModified\":\"2024-11-28T14:04:22+00:00\",\"description\":\"Le coffret souvenir Pro vous permet d\u2019immortaliser ce moment unique, l\u2019exp\u00e9rience de votre vie.Vous pourrez voir et revoir votre saut en tandem.\",\"breadcrumb\":{\"@id\":\"https:\/\/parachutevoltige.com\/fr\/produit\/video-et-photos-en-chute-libre\/#breadcrumb\"},\"inLanguage\":\"fr-CA\",\"potentialAction\":[{\"@type\":\"ReadAction\",\"target\":[\"https:\/\/parachutevoltige.com\/fr\/produit\/video-et-photos-en-chute-libre\/\"]}]},{\"@type\":\"ImageObject\",\"inLanguage\":\"fr-CA\",\"@id\":\"https:\/\/parachutevoltige.com\/fr\/produit\/video-et-photos-en-chute-libre\/#primaryimage\",\"url\":\"https:\/\/parachutevoltige.com\/wp-content\/uploads\/2019\/03\/Cameraman.jpg\",\"contentUrl\":\"https:\/\/parachutevoltige.com\/wp-content\/uploads\/2019\/03\/Cameraman.jpg\",\"width\":1240,\"height\":1240},{\"@type\":\"BreadcrumbList\",\"@id\":\"https:\/\/parachutevoltige.com\/fr\/produit\/video-et-photos-en-chute-libre\/#breadcrumb\",\"itemListElement\":[{\"@type\":\"ListItem\",\"position\":1,\"name\":\"Home\",\"item\":\"https:\/\/parachutevoltige.com\/fr\/\"},{\"@type\":\"ListItem\",\"position\":2,\"name\":\"BOUTIQUE EN LIGNE\",\"item\":\"https:\/\/parachutevoltige.com\/fr\/boutique\/\"},{\"@type\":\"ListItem\",\"position\":3,\"name\":\"Vid\u00e9o et photos EXTERNE en chute libre\"}]},{\"@type\":\"WebSite\",\"@id\":\"https:\/\/parachutevoltige.com\/fr\/#website\",\"url\":\"https:\/\/parachutevoltige.com\/fr\/\",\"name\":\"Parachute Voltige\",\"description\":\"\",\"publisher\":{\"@id\":\"https:\/\/parachutevoltige.com\/fr\/#organization\"},\"potentialAction\":[{\"@type\":\"SearchAction\",\"target\":{\"@type\":\"EntryPoint\",\"urlTemplate\":\"https:\/\/parachutevoltige.com\/fr\/?s={search_term_string}\"},\"query-input\":{\"@type\":\"PropertyValueSpecification\",\"valueRequired\":true,\"valueName\":\"search_term_string\"}}],\"inLanguage\":\"fr-CA\"},{\"@type\":\"Organization\",\"@id\":\"https:\/\/parachutevoltige.com\/fr\/#organization\",\"name\":\"Voltige | \u00c9cole de parachutisme\",\"url\":\"https:\/\/parachutevoltige.com\/fr\/\",\"logo\":{\"@type\":\"ImageObject\",\"inLanguage\":\"fr-CA\",\"@id\":\"https:\/\/parachutevoltige.com\/fr\/#\/schema\/logo\/image\/\",\"url\":\"https:\/\/parachutevoltige.com\/wp-content\/uploads\/2019\/05\/Voltige_logo.png\",\"contentUrl\":\"https:\/\/parachutevoltige.com\/wp-content\/uploads\/2019\/05\/Voltige_logo.png\",\"width\":462,\"height\":132,\"caption\":\"Voltige | \u00c9cole de parachutisme\"},\"image\":{\"@id\":\"https:\/\/parachutevoltige.com\/fr\/#\/schema\/logo\/image\/\"},\"sameAs\":[\"https:\/\/www.facebook.com\/ParachuteVoltige\/\"]}]}<\/script>\n<!-- \/ Yoast SEO plugin. -->","yoast_head_json":{"title":"Obtenez votre vid\u00e9o et photos en chute libre | Voltige","description":"Le coffret souvenir Pro vous permet d\u2019immortaliser ce moment unique, l\u2019exp\u00e9rience de votre vie.Vous pourrez voir et revoir votre saut en tandem.","robots":{"index":"index","follow":"follow","max-snippet":"max-snippet:-1","max-image-preview":"max-image-preview:large","max-video-preview":"max-video-preview:-1"},"canonical":"https:\/\/parachutevoltige.com\/fr\/produit\/video-et-photos-en-chute-libre\/","og_locale":"fr_CA","og_type":"article","og_title":"Obtenez votre vid\u00e9o et photos en chute libre | Voltige","og_description":"Le coffret souvenir Pro vous permet d\u2019immortaliser ce moment unique, l\u2019exp\u00e9rience de votre vie.Vous pourrez voir et revoir votre saut en tandem.","og_url":"https:\/\/parachutevoltige.com\/fr\/produit\/video-et-photos-en-chute-libre\/","og_site_name":"Parachute Voltige","article_publisher":"https:\/\/www.facebook.com\/ParachuteVoltige\/","article_modified_time":"2024-11-28T14:04:22+00:00","og_image":[{"width":1240,"height":1240,"url":"https:\/\/parachutevoltige.com\/wp-content\/uploads\/2019\/03\/Cameraman.jpg","type":"image\/jpeg"}],"twitter_card":"summary_large_image","twitter_misc":{"Estimation du temps de lecture":"1 minute"},"schema":{"@context":"https:\/\/schema.org","@graph":[{"@type":"WebPage","@id":"https:\/\/parachutevoltige.com\/fr\/produit\/video-et-photos-en-chute-libre\/","url":"https:\/\/parachutevoltige.com\/fr\/produit\/video-et-photos-en-chute-libre\/","name":"Obtenez votre vid\u00e9o et photos en chute libre | Voltige","isPartOf":{"@id":"https:\/\/parachutevoltige.com\/fr\/#website"},"primaryImageOfPage":{"@id":"https:\/\/parachutevoltige.com\/fr\/produit\/video-et-photos-en-chute-libre\/#primaryimage"},"image":{"@id":"https:\/\/parachutevoltige.com\/fr\/produit\/video-et-photos-en-chute-libre\/#primaryimage"},"thumbnailUrl":"https:\/\/parachutevoltige.com\/wp-content\/uploads\/2019\/03\/Cameraman.jpg","datePublished":"2019-03-05T14:17:58+00:00","dateModified":"2024-11-28T14:04:22+00:00","description":"Le coffret souvenir Pro vous permet d\u2019immortaliser ce moment unique, l\u2019exp\u00e9rience de votre vie.Vous pourrez voir et revoir votre saut en tandem.","breadcrumb":{"@id":"https:\/\/parachutevoltige.com\/fr\/produit\/video-et-photos-en-chute-libre\/#breadcrumb"},"inLanguage":"fr-CA","potentialAction":[{"@type":"ReadAction","target":["https:\/\/parachutevoltige.com\/fr\/produit\/video-et-photos-en-chute-libre\/"]}]},{"@type":"ImageObject","inLanguage":"fr-CA","@id":"https:\/\/parachutevoltige.com\/fr\/produit\/video-et-photos-en-chute-libre\/#primaryimage","url":"https:\/\/parachutevoltige.com\/wp-content\/uploads\/2019\/03\/Cameraman.jpg","contentUrl":"https:\/\/parachutevoltige.com\/wp-content\/uploads\/2019\/03\/Cameraman.jpg","width":1240,"height":1240},{"@type":"BreadcrumbList","@id":"https:\/\/parachutevoltige.com\/fr\/produit\/video-et-photos-en-chute-libre\/#breadcrumb","itemListElement":[{"@type":"ListItem","position":1,"name":"Home","item":"https:\/\/parachutevoltige.com\/fr\/"},{"@type":"ListItem","position":2,"name":"BOUTIQUE EN LIGNE","item":"https:\/\/parachutevoltige.com\/fr\/boutique\/"},{"@type":"ListItem","position":3,"name":"Vid\u00e9o et photos EXTERNE en chute libre"}]},{"@type":"WebSite","@id":"https:\/\/parachutevoltige.com\/fr\/#website","url":"https:\/\/parachutevoltige.com\/fr\/","name":"Parachute Voltige","description":"","publisher":{"@id":"https:\/\/parachutevoltige.com\/fr\/#organization"},"potentialAction":[{"@type":"SearchAction","target":{"@type":"EntryPoint","urlTemplate":"https:\/\/parachutevoltige.com\/fr\/?s={search_term_string}"},"query-input":{"@type":"PropertyValueSpecification","valueRequired":true,"valueName":"search_term_string"}}],"inLanguage":"fr-CA"},{"@type":"Organization","@id":"https:\/\/parachutevoltige.com\/fr\/#organization","name":"Voltige | \u00c9cole de parachutisme","url":"https:\/\/parachutevoltige.com\/fr\/","logo":{"@type":"ImageObject","inLanguage":"fr-CA","@id":"https:\/\/parachutevoltige.com\/fr\/#\/schema\/logo\/image\/","url":"https:\/\/parachutevoltige.com\/wp-content\/uploads\/2019\/05\/Voltige_logo.png","contentUrl":"https:\/\/parachutevoltige.com\/wp-content\/uploads\/2019\/05\/Voltige_logo.png","width":462,"height":132,"caption":"Voltige | \u00c9cole de parachutisme"},"image":{"@id":"https:\/\/parachutevoltige.com\/fr\/#\/schema\/logo\/image\/"},"sameAs":["https:\/\/www.facebook.com\/ParachuteVoltige\/"]}]}},"_links":{"self":[{"href":"https:\/\/parachutevoltige.com\/fr\/wp-json\/wp\/v2\/product\/35","targetHints":{"allow":["GET"]}}],"collection":[{"href":"https:\/\/parachutevoltige.com\/fr\/wp-json\/wp\/v2\/product"}],"about":[{"href":"https:\/\/parachutevoltige.com\/fr\/wp-json\/wp\/v2\/types\/product"}],"wp:featuredmedia":[{"embeddable":true,"href":"https:\/\/parachutevoltige.com\/fr\/wp-json\/wp\/v2\/media\/3078"}],"wp:attachment":[{"href":"https:\/\/parachutevoltige.com\/fr\/wp-json\/wp\/v2\/media?parent=35"}],"wp:term":[{"taxonomy":"product_brand","embeddable":true,"href":"https:\/\/parachutevoltige.com\/fr\/wp-json\/wp\/v2\/product_brand?post=35"},{"taxonomy":"product_cat","embeddable":true,"href":"https:\/\/parachutevoltige.com\/fr\/wp-json\/wp\/v2\/product_cat?post=35"},{"taxonomy":"product_tag","embeddable":true,"href":"https:\/\/parachutevoltige.com\/fr\/wp-json\/wp\/v2\/product_tag?post=35"}],"curies":[{"name":"wp","href":"https:\/\/api.w.org\/{rel}","templated":true}]}}